{"id":156435,"date":"2023-07-26T19:43:34","date_gmt":"2023-07-26T19:43:34","guid":{"rendered":"https:\/\/caplugs.eu\/product\/fasce-di-protezione-per-tubi-safe-spiral-duo\/"},"modified":"2023-12-18T12:22:47","modified_gmt":"2023-12-18T12:22:47","slug":"fasce-di-protezione-per-tubi-safe-spiral-duo","status":"publish","type":"product","link":"https:\/\/caplugs.eu\/it\/prodotto\/fasce-di-protezione-per-tubi-safe-spiral-duo\/","title":{"rendered":"Fasce di protezione per tubi Safe-Spiral DUO"},"content":{"rendered":"<p>[et_pb_section fb_built=&#8221;1&#8243; _builder_version=&#8221;4.21.0&#8243; min_height=&#8221;810.4px&#8221; custom_padding=&#8221;0px||0px||false|false&#8221; global_colors_info=&#8221;{}&#8221;][et_pb_row _builder_version=&#8221;4.16&#8243; background_size=&#8221;initial&#8221; background_position=&#8221;top_left&#8221; background_repeat=&#8221;repeat&#8221; width=&#8221;100%&#8221; custom_padding=&#8221;0px||0px||false|false&#8221; global_colors_info=&#8221;{}&#8221;][et_pb_column type=&#8221;4_4&#8243; _builder_version=&#8221;4.16&#8243; custom_padding=&#8221;|||&#8221; global_colors_info=&#8221;{}&#8221; custom_padding__hover=&#8221;|||&#8221;][et_pb_wc_cart_notice _builder_version=&#8221;4.16&#8243; global_colors_info=&#8221;{}&#8221;][\/et_pb_wc_cart_notice][\/et_pb_column][\/et_pb_row][et_pb_row column_structure=&#8221;2_5,3_5&#8243; _builder_version=&#8221;4.21.0&#8243; background_size=&#8221;initial&#8221; background_position=&#8221;top_left&#8221; background_repeat=&#8221;repeat&#8221; width=&#8221;100%&#8221; custom_padding=&#8221;0px||||false|false&#8221; global_colors_info=&#8221;{}&#8221;][et_pb_column type=&#8221;2_5&#8243; _builder_version=&#8221;4.16&#8243; custom_padding=&#8221;|||&#8221; global_colors_info=&#8221;{}&#8221; custom_padding__hover=&#8221;|||&#8221;][et_pb_wc_images _builder_version=&#8221;4.21.0&#8243; sticky_position=&#8221;top&#8221; sticky_offset_top=&#8221;5px&#8221; sticky_limit_bottom=&#8221;section&#8221; sticky_position_tablet=&#8221;none&#8221; sticky_position_phone=&#8221;none&#8221; sticky_position_last_edited=&#8221;on|desktop&#8221; global_colors_info=&#8221;{}&#8221;][\/et_pb_wc_images][\/et_pb_column][et_pb_column type=&#8221;3_5&#8243; _builder_version=&#8221;4.16&#8243; custom_padding=&#8221;|||&#8221; global_colors_info=&#8221;{}&#8221; custom_padding__hover=&#8221;|||&#8221;][et_pb_wc_breadcrumb _builder_version=&#8221;4.16&#8243; global_colors_info=&#8221;{}&#8221;][\/et_pb_wc_breadcrumb][et_pb_wc_title _builder_version=&#8221;4.21.0&#8243; header_font=&#8221;|700|||||||&#8221; custom_margin=&#8221;-16px||||false|false&#8221; global_colors_info=&#8221;{}&#8221;][\/et_pb_wc_title][et_pb_wc_rating _builder_version=&#8221;4.16&#8243; global_colors_info=&#8221;{}&#8221;][\/et_pb_wc_rating][et_pb_wc_price _builder_version=&#8221;4.16&#8243; global_colors_info=&#8221;{}&#8221;][\/et_pb_wc_price][et_pb_wc_description _builder_version=&#8221;4.21.0&#8243; body_font=&#8221;|300|||||||&#8221; body_font_size=&#8221;16px&#8221; custom_margin=&#8221;-12px||||false|false&#8221; global_colors_info=&#8221;{}&#8221;][\/et_pb_wc_description][et_pb_button button_url=&#8221;@ET-DC@eyJkeW5hbWljIjp0cnVlLCJjb250ZW50IjoicG9zdF9saW5rX3VybF9wYWdlIiwic2V0dGluZ3MiOnsicG9zdF9pZCI6IjExODQxIn19@&#8221; button_text=&#8221;Richiesta di preventivo&#8221; _builder_version=&#8221;4.22.1&#8243; _dynamic_attributes=&#8221;button_url&#8221; _module_preset=&#8221;default&#8221; custom_margin=&#8221;-24px||||false|false&#8221; hover_enabled=&#8221;0&#8243; global_colors_info=&#8221;{}&#8221; sticky_enabled=&#8221;0&#8243;][\/et_pb_button][et_pb_image src=&#8221;https:\/\/caplugs.eu\/wp-content\/uploads\/2023\/07\/Scherm\u00adafbeelding-2023-07-26-om-21.43.18.png&#8221; title_text=&#8221;Schermafbeelding 2023-07-26 om 21.43.18&#8243; show_in_lightbox=&#8221;on&#8221; force_fullwidth=&#8221;on&#8221; _builder_version=&#8221;4.21.0&#8243; _module_preset=&#8221;default&#8221; custom_css_main_element=&#8221;cursor: pointer;&#8221; global_colors_info=&#8221;{}&#8221;][\/et_pb_image][et_pb_wc_add_to_cart _builder_version=&#8221;4.16&#8243; global_colors_info=&#8221;{}&#8221;][\/et_pb_wc_add_to_cart][et_pb_wc_meta _builder_version=&#8221;4.16&#8243; global_colors_info=&#8221;{}&#8221;][\/et_pb_wc_meta][\/et_pb_column][\/et_pb_row][\/et_pb_section]<\/p>\n","protected":false},"excerpt":{"rendered":"<h3>Un involucro di tubo flessibile a spirale a due colori<\/h3>\n<p>Safe-Spiral DUO \u00e8 un prodotto distintivo per la protezione dei tubi flessibili a spirale con un design a due colori che facilita la rapida identificazione dei tubi, soprattutto quando il tempo \u00e8 fondamentale. Disponibile con il vostro design aziendale, per consentire alla vostra azienda di distinguersi e creare consapevolezza del marchio. Queste protezioni per tubi in plastica sono utilizzate in vari settori, tra cui edilizia, agricoltura, trasporti, industria mineraria e forestale.<\/p>\n<ul>\n<li>Realizzato in polietilene ad alta densit\u00e0 (HDPE), per una maggiore durata e longevit\u00e0.<\/li>\n<li>Versione bicolore di Safe-Spiral.<\/li>\n<li>Grazie al taglio a spirale, l&#8217;avvolgitubo \u00e8 estremamente flessibile e facile da installare.<\/li>\n<li>Prodotto per doppia estrusione.<\/li>\n<li>Proteggono i tubi idraulici e pneumatici dall&#8217;abrasione, dai colpi e dall&#8217;usura generale.<\/li>\n<li>Vantaggio economico perch\u00e9 i tubi durano pi\u00f9 a lungo e il numero di ritardi di lavoro causati dalla rottura dei tubi diminuisce.<\/li>\n<li>Tollera il gelo e il calore da -50\u00b0C a +80\u00b0C (in continuo) e +100\u00b0C (a breve termine) ed \u00e8 resistente ad acidi, oli e solventi.<\/li>\n<li>Contiene un additivo antistatico.<\/li>\n<li>Adatto all&#8217;uso con apparecchiature che operano in intervalli di temperatura estremi.<\/li>\n<li>Grazie al doppio colore, l&#8217;avvolgitubo a spirale \u00e8 ideale per i settori in cui \u00e8 necessaria una rapida identificazione del tubo per evitare costosi errori.<\/li>\n<li>Nero con qualsiasi altro colore.<\/li>\n<\/ul>\n<p><strong>Nota:<\/strong> Safe-Spiral DUO non \u00e8 un articolo a magazzino, ma viene prodotto su ordinazione. La quantit\u00e0 minima ordinabile \u00e8 di 500 m per combinazione di colori.<\/p>\n<ul>\n<li><strong>Materiale:<\/strong> Polietilene ad alta densit\u00e0 (HDPE)<\/li>\n<li><strong>Colore:<\/strong> nero con qualsiasi altro colore<\/li>\n<li><strong>Dimensioni:<\/strong> Disponibile con diametri esterni (OD) da 16 mm a 110 mm.<\/li>\n<\/ul>\n<p>Avete requisiti specifici per un prodotto di protezione per tubi? Contattate il nostro team o richiedete un preventivo.<\/p>\n","protected":false},"featured_media":66096,"template":"","meta":{"_et_pb_use_builder":"on","_et_pb_old_content":"","_et_gb_content_width":"","om_disable_all_campaigns":false},"product_brand":[],"product_cat":[592,563,564,566],"product_tag":[],"class_list":{"0":"post-156435","1":"product","2":"type-product","3":"status-publish","4":"has-post-thumbnail","6":"product_cat-avvolgitubo-a-spirale-duo-colour","7":"product_cat-protezione-del-tubo-flessibile","8":"product_cat-safeplast-it","9":"product_cat-spirali","11":"first","12":"instock","13":"taxable","14":"shipping-taxable","15":"product-type-simple"},"_links":{"self":[{"href":"https:\/\/caplugs.eu\/it\/wp-json\/wp\/v2\/product\/156435","targetHints":{"allow":["GET"]}}],"collection":[{"href":"https:\/\/caplugs.eu\/it\/wp-json\/wp\/v2\/product"}],"about":[{"href":"https:\/\/caplugs.eu\/it\/wp-json\/wp\/v2\/types\/product"}],"wp:featuredmedia":[{"embeddable":true,"href":"https:\/\/caplugs.eu\/it\/wp-json\/wp\/v2\/media\/66096"}],"wp:attachment":[{"href":"https:\/\/caplugs.eu\/it\/wp-json\/wp\/v2\/media?parent=156435"}],"wp:term":[{"taxonomy":"product_brand","embeddable":true,"href":"https:\/\/caplugs.eu\/it\/wp-json\/wp\/v2\/product_brand?post=156435"},{"taxonomy":"product_cat","embeddable":true,"href":"https:\/\/caplugs.eu\/it\/wp-json\/wp\/v2\/product_cat?post=156435"},{"taxonomy":"product_tag","embeddable":true,"href":"https:\/\/caplugs.eu\/it\/wp-json\/wp\/v2\/product_tag?post=156435"}],"curies":[{"name":"wp","href":"https:\/\/api.w.org\/{rel}","templated":true}]}}