{"id":150691,"date":"2023-07-26T19:48:02","date_gmt":"2023-07-26T19:48:02","guid":{"rendered":"https:\/\/caplugs.eu\/product\/fasce-di-protezione-per-tubi-safe-spiral-eco\/"},"modified":"2023-12-18T12:18:24","modified_gmt":"2023-12-18T12:18:24","slug":"fasce-di-protezione-per-tubi-safe-spiral-eco","status":"publish","type":"product","link":"https:\/\/caplugs.eu\/it\/prodotto\/fasce-di-protezione-per-tubi-safe-spiral-eco\/","title":{"rendered":"Fasce di protezione per tubi Safe-Spiral eco"},"content":{"rendered":"<p>[et_pb_section fb_built=&#8221;1&#8243; _builder_version=&#8221;4.21.0&#8243; min_height=&#8221;810.4px&#8221; custom_padding=&#8221;0px||0px||false|false&#8221; global_colors_info=&#8221;{}&#8221;][et_pb_row _builder_version=&#8221;4.16&#8243; background_size=&#8221;initial&#8221; background_position=&#8221;top_left&#8221; background_repeat=&#8221;repeat&#8221; width=&#8221;100%&#8221; custom_padding=&#8221;0px||0px||false|false&#8221; global_colors_info=&#8221;{}&#8221;][et_pb_column type=&#8221;4_4&#8243; _builder_version=&#8221;4.16&#8243; custom_padding=&#8221;|||&#8221; global_colors_info=&#8221;{}&#8221; custom_padding__hover=&#8221;|||&#8221;][et_pb_wc_cart_notice _builder_version=&#8221;4.16&#8243; global_colors_info=&#8221;{}&#8221;][\/et_pb_wc_cart_notice][\/et_pb_column][\/et_pb_row][et_pb_row column_structure=&#8221;2_5,3_5&#8243; _builder_version=&#8221;4.21.0&#8243; background_size=&#8221;initial&#8221; background_position=&#8221;top_left&#8221; background_repeat=&#8221;repeat&#8221; width=&#8221;100%&#8221; custom_padding=&#8221;0px||||false|false&#8221; global_colors_info=&#8221;{}&#8221;][et_pb_column type=&#8221;2_5&#8243; _builder_version=&#8221;4.16&#8243; custom_padding=&#8221;|||&#8221; global_colors_info=&#8221;{}&#8221; custom_padding__hover=&#8221;|||&#8221;][et_pb_wc_images _builder_version=&#8221;4.21.0&#8243; sticky_position=&#8221;top&#8221; sticky_offset_top=&#8221;5px&#8221; sticky_limit_bottom=&#8221;section&#8221; sticky_position_tablet=&#8221;none&#8221; sticky_position_phone=&#8221;none&#8221; sticky_position_last_edited=&#8221;on|desktop&#8221; global_colors_info=&#8221;{}&#8221;][\/et_pb_wc_images][\/et_pb_column][et_pb_column type=&#8221;3_5&#8243; _builder_version=&#8221;4.16&#8243; custom_padding=&#8221;|||&#8221; global_colors_info=&#8221;{}&#8221; custom_padding__hover=&#8221;|||&#8221;][et_pb_wc_breadcrumb _builder_version=&#8221;4.16&#8243; global_colors_info=&#8221;{}&#8221;][\/et_pb_wc_breadcrumb][et_pb_wc_title _builder_version=&#8221;4.21.0&#8243; header_font=&#8221;|700|||||||&#8221; custom_margin=&#8221;-16px||||false|false&#8221; global_colors_info=&#8221;{}&#8221;][\/et_pb_wc_title][et_pb_wc_rating _builder_version=&#8221;4.16&#8243; global_colors_info=&#8221;{}&#8221;][\/et_pb_wc_rating][et_pb_wc_price _builder_version=&#8221;4.16&#8243; global_colors_info=&#8221;{}&#8221;][\/et_pb_wc_price][et_pb_wc_description _builder_version=&#8221;4.21.0&#8243; body_font=&#8221;|300|||||||&#8221; body_font_size=&#8221;16px&#8221; custom_margin=&#8221;-12px||||false|false&#8221; global_colors_info=&#8221;{}&#8221;][\/et_pb_wc_description][et_pb_button button_url=&#8221;@ET-DC@eyJkeW5hbWljIjp0cnVlLCJjb250ZW50IjoicG9zdF9saW5rX3VybF9wYWdlIiwic2V0dGluZ3MiOnsicG9zdF9pZCI6IjExODQxIn19@&#8221; button_text=&#8221;Richiesta di preventivo&#8221; _builder_version=&#8221;4.22.1&#8243; _dynamic_attributes=&#8221;button_url&#8221; _module_preset=&#8221;default&#8221; custom_margin=&#8221;-24px||||false|false&#8221; global_colors_info=&#8221;{}&#8221;][\/et_pb_button][et_pb_image src=&#8221;https:\/\/caplugs.eu\/wp-content\/uploads\/2023\/07\/Scherm\u00adafbeelding-2023-07-26-om-21.48.35.png&#8221; title_text=&#8221;Schermafbeelding 2023-07-26 om 21.48.35&#8243; show_in_lightbox=&#8221;on&#8221; force_fullwidth=&#8221;on&#8221; _builder_version=&#8221;4.21.0&#8243; _module_preset=&#8221;default&#8221; custom_css_main_element=&#8221;cursor: pointer;&#8221; global_colors_info=&#8221;{}&#8221;][\/et_pb_image][et_pb_wc_add_to_cart _builder_version=&#8221;4.16&#8243; global_colors_info=&#8221;{}&#8221;][\/et_pb_wc_add_to_cart][et_pb_wc_meta _builder_version=&#8221;4.16&#8243; global_colors_info=&#8221;{}&#8221;][\/et_pb_wc_meta][\/et_pb_column][\/et_pb_row][\/et_pb_section]<\/p>\n","protected":false},"excerpt":{"rendered":"<h3>Un involucro per tubi flessibili a spirale realizzato in polietilene ad alta densit\u00e0 (HDPE) riciclato al 100%.<\/h3>\n<p>Safe-Spiral eco \u00e8 una soluzione innovativa di protezione dei tubi flessibili per le aziende attente all&#8217;ambiente che cercano di conciliare affidabilit\u00e0 e durata con la sostenibilit\u00e0. Realizzata in polietilene ad alta densit\u00e0 riciclato al 100%, questa spirale di protezione dei tubi \u00e8 un&#8217;alternativa ecologica alle soluzioni di protezione tradizionali. Ideale per diversi settori, tra cui agricoltura, edilizia, trasporti e produzione.<\/p>\n<ul>\n<li>Realizzato in polietilene ad alta densit\u00e0 (HDPE) riciclato al 100%, \u00e8 un involucro di protezione per tubi flessibile sostenibile e resistente.<\/li>\n<li>Questo tubo flessibile \u00e8 riciclabile, in quanto non contiene materiali nocivi.<\/li>\n<li>Grazie al taglio a spirale, l&#8217;avvolgitubo \u00e8 estremamente flessibile e facile da installare.<\/li>\n<li>Riduce il rischio di interruzione del lavoro a causa di un guasto al tubo.<\/li>\n<li>Prolunga la durata dei tubi flessibili.<\/li>\n<li>Adatto all&#8217;uso con apparecchiature che operano in intervalli di temperatura estremi.<\/li>\n<li>Ideale per le iniziative ecologiche e le organizzazioni che desiderano ridurre la propria impronta di carbonio.<\/li>\n<li>In agricoltura, il prodotto pu\u00f2 essere utilizzato come protezione dei tubi dei macchinari.<\/li>\n<li>Nel settore dei trasporti, il prodotto \u00e8 ideale come involucro di protezione per tubi idraulici.<\/li>\n<li>Forniscono la protezione necessaria ai tubi contro l&#8217;usura meccanica in ambienti di produzione.<\/li>\n<li>Temperatura di servizio da -40\u00b0C a +80\u00b0C (continua).<\/li>\n<li>Il colore standard \u00e8 il nero.<\/li>\n<\/ul>\n<p><strong>Nota:<\/strong> Safe-Spiral eco \u00e8 generalmente prodotto nelle stesse misure e dimensioni dei nostri Safe-Spiral standard, ma la gamma di tolleranze per le dimensioni \u00e8 pi\u00f9 ampia. Tutti i formati sono disponibili in rotoli o in lunghezze pretagliate. La lunghezza del rotolo dipende dalle dimensioni del tubo. La lunghezza massima pretagliata per tutti i diametri \u00e8 di 6.000 mm e si applica una quantit\u00e0 minima d&#8217;ordine (MOQ). Tutte le lunghezze pretagliate sono dotate di un&#8217;estremit\u00e0 arrotondata e di un foro per l&#8217;estensione e il fissaggio. Questo prodotto \u00e8 disponibile in altri colori su richiesta.<\/p>\n<ul>\n<li><strong>Materiale:<\/strong> 100% polietilene riciclato ad alta densit\u00e0 (HDPE)<\/li>\n<li><strong>Colore:<\/strong> nero<\/li>\n<li><strong>Dimensioni:<\/strong> Diametri esterni (OD) da 12 mm a 110 mm<\/li>\n<\/ul>\n<p>Avete requisiti specifici per un prodotto di protezione per tubi? Contattate il nostro team o richiedete un preventivo.<\/p>\n","protected":false},"featured_media":66144,"template":"","meta":{"_et_pb_use_builder":"on","_et_pb_old_content":"","_et_gb_content_width":"","om_disable_all_campaigns":false},"product_brand":[],"product_cat":[593,563,564,566],"product_tag":[],"class_list":{"0":"post-150691","1":"product","2":"type-product","3":"status-publish","4":"has-post-thumbnail","6":"product_cat-avvolgimenti-di-tubo-a-spirale-riciclato","7":"product_cat-protezione-del-tubo-flessibile","8":"product_cat-safeplast-it","9":"product_cat-spirali","11":"first","12":"instock","13":"taxable","14":"shipping-taxable","15":"product-type-simple"},"_links":{"self":[{"href":"https:\/\/caplugs.eu\/it\/wp-json\/wp\/v2\/product\/150691","targetHints":{"allow":["GET"]}}],"collection":[{"href":"https:\/\/caplugs.eu\/it\/wp-json\/wp\/v2\/product"}],"about":[{"href":"https:\/\/caplugs.eu\/it\/wp-json\/wp\/v2\/types\/product"}],"wp:featuredmedia":[{"embeddable":true,"href":"https:\/\/caplugs.eu\/it\/wp-json\/wp\/v2\/media\/66144"}],"wp:attachment":[{"href":"https:\/\/caplugs.eu\/it\/wp-json\/wp\/v2\/media?parent=150691"}],"wp:term":[{"taxonomy":"product_brand","embeddable":true,"href":"https:\/\/caplugs.eu\/it\/wp-json\/wp\/v2\/product_brand?post=150691"},{"taxonomy":"product_cat","embeddable":true,"href":"https:\/\/caplugs.eu\/it\/wp-json\/wp\/v2\/product_cat?post=150691"},{"taxonomy":"product_tag","embeddable":true,"href":"https:\/\/caplugs.eu\/it\/wp-json\/wp\/v2\/product_tag?post=150691"}],"curies":[{"name":"wp","href":"https:\/\/api.w.org\/{rel}","templated":true}]}}