{"id":143825,"date":"2023-07-27T20:02:58","date_gmt":"2023-07-27T20:02:58","guid":{"rendered":"https:\/\/caplugs.eu\/product\/tappi-protettivi-in-plastica\/"},"modified":"2023-12-18T12:12:16","modified_gmt":"2023-12-18T12:12:16","slug":"tappi-protettivi-in-plastica","status":"publish","type":"product","link":"https:\/\/caplugs.eu\/it\/prodotto\/tappi-protettivi-in-plastica\/","title":{"rendered":"Tappi protettivi in plastica"},"content":{"rendered":"<p>[et_pb_section fb_built=&#8221;1&#8243; _builder_version=&#8221;4.21.0&#8243; min_height=&#8221;810.4px&#8221; custom_padding=&#8221;0px||0px||false|false&#8221; global_colors_info=&#8221;{}&#8221;][et_pb_row _builder_version=&#8221;4.16&#8243; background_size=&#8221;initial&#8221; background_position=&#8221;top_left&#8221; background_repeat=&#8221;repeat&#8221; width=&#8221;100%&#8221; custom_padding=&#8221;0px||0px||false|false&#8221; global_colors_info=&#8221;{}&#8221;][et_pb_column type=&#8221;4_4&#8243; _builder_version=&#8221;4.16&#8243; custom_padding=&#8221;|||&#8221; global_colors_info=&#8221;{}&#8221; custom_padding__hover=&#8221;|||&#8221;][et_pb_wc_cart_notice _builder_version=&#8221;4.16&#8243; global_colors_info=&#8221;{}&#8221;][\/et_pb_wc_cart_notice][\/et_pb_column][\/et_pb_row][et_pb_row column_structure=&#8221;2_5,3_5&#8243; _builder_version=&#8221;4.21.0&#8243; background_size=&#8221;initial&#8221; background_position=&#8221;top_left&#8221; background_repeat=&#8221;repeat&#8221; width=&#8221;100%&#8221; custom_padding=&#8221;0px||||false|false&#8221; global_colors_info=&#8221;{}&#8221;][et_pb_column type=&#8221;2_5&#8243; _builder_version=&#8221;4.16&#8243; custom_padding=&#8221;|||&#8221; global_colors_info=&#8221;{}&#8221; custom_padding__hover=&#8221;|||&#8221;][et_pb_wc_images _builder_version=&#8221;4.21.0&#8243; sticky_position=&#8221;top&#8221; sticky_offset_top=&#8221;5px&#8221; sticky_limit_bottom=&#8221;section&#8221; sticky_position_tablet=&#8221;none&#8221; sticky_position_phone=&#8221;none&#8221; sticky_position_last_edited=&#8221;on|desktop&#8221; global_colors_info=&#8221;{}&#8221;][\/et_pb_wc_images][\/et_pb_column][et_pb_column type=&#8221;3_5&#8243; _builder_version=&#8221;4.16&#8243; custom_padding=&#8221;|||&#8221; global_colors_info=&#8221;{}&#8221; custom_padding__hover=&#8221;|||&#8221;][et_pb_wc_breadcrumb _builder_version=&#8221;4.16&#8243; global_colors_info=&#8221;{}&#8221;][\/et_pb_wc_breadcrumb][et_pb_wc_title _builder_version=&#8221;4.21.0&#8243; header_font=&#8221;|700|||||||&#8221; custom_margin=&#8221;-16px||||false|false&#8221; global_colors_info=&#8221;{}&#8221;][\/et_pb_wc_title][et_pb_wc_rating _builder_version=&#8221;4.16&#8243; global_colors_info=&#8221;{}&#8221;][\/et_pb_wc_rating][et_pb_wc_price _builder_version=&#8221;4.16&#8243; global_colors_info=&#8221;{}&#8221;][\/et_pb_wc_price][et_pb_wc_description _builder_version=&#8221;4.21.0&#8243; body_font=&#8221;|300|||||||&#8221; body_font_size=&#8221;16px&#8221; custom_margin=&#8221;-12px||||false|false&#8221; global_colors_info=&#8221;{}&#8221;][\/et_pb_wc_description][et_pb_button button_url=&#8221;@ET-DC@eyJkeW5hbWljIjp0cnVlLCJjb250ZW50IjoicG9zdF9saW5rX3VybF9wYWdlIiwic2V0dGluZ3MiOnsicG9zdF9pZCI6IjExODQxIn19@&#8221; button_text=&#8221;Richiesta di preventivo&#8221; _builder_version=&#8221;4.22.1&#8243; _dynamic_attributes=&#8221;button_url&#8221; _module_preset=&#8221;default&#8221; custom_margin=&#8221;-24px||||false|false&#8221; hover_enabled=&#8221;0&#8243; global_colors_info=&#8221;{}&#8221; sticky_enabled=&#8221;0&#8243;][\/et_pb_button][et_pb_image src=&#8221;https:\/\/caplugs.eu\/wp-content\/uploads\/2023\/07\/Scherm\u00adafbeelding-2023-07-27-om-22.04.55.png&#8221; title_text=&#8221;Schermafbeelding 2023-07-27 om 22.04.55&#8243; show_in_lightbox=&#8221;on&#8221; force_fullwidth=&#8221;on&#8221; _builder_version=&#8221;4.21.0&#8243; _module_preset=&#8221;default&#8221; custom_css_main_element=&#8221;cursor: pointer;&#8221; global_colors_info=&#8221;{}&#8221;][\/et_pb_image][et_pb_image src=&#8221;https:\/\/caplugs.eu\/wp-content\/uploads\/2023\/07\/Scherm\u00adafbeelding-2023-07-27-om-22.05.15.png&#8221; title_text=&#8221;Schermafbeelding 2023-07-27 om 22.05.15&#8243; show_in_lightbox=&#8221;on&#8221; force_fullwidth=&#8221;on&#8221; _builder_version=&#8221;4.21.0&#8243; _module_preset=&#8221;default&#8221; custom_css_main_element=&#8221;cursor: pointer;&#8221; global_colors_info=&#8221;{}&#8221;][\/et_pb_image][et_pb_wc_add_to_cart _builder_version=&#8221;4.16&#8243; global_colors_info=&#8221;{}&#8221;][\/et_pb_wc_add_to_cart][et_pb_wc_meta _builder_version=&#8221;4.16&#8243; global_colors_info=&#8221;{}&#8221;][\/et_pb_wc_meta][\/et_pb_column][\/et_pb_row][\/et_pb_section]<\/p>\n","protected":false},"excerpt":{"rendered":"<h3>Tappi in plastica per la protezione delle filettature dei tubi ISO228 e DIN 2999<\/h3>\n<p>Il tappo di protezione \u00e8 un tappo in plastica di alta qualit\u00e0 adatto a un&#8217;ampia gamma di applicazioni, tra cui come tappo per l&#8217;estremit\u00e0 del tubo, tappo per bulloni filettati e protezione per il raccordo del tubo. I tappi, realizzati in plastica di alta qualit\u00e0, non sono solo barriere protettive, ma anche strumenti che migliorano l&#8217;efficienza del processo di assemblaggio e prolungano la durata dei componenti filettati.<\/p>\n<ul>\n<li>Realizzati in plastica elastica di alta qualit\u00e0, i tappi di plastica offrono una vestibilit\u00e0 aderente, garantendo una protezione ottimale.<\/li>\n<li>I tappi sono progettati per applicazioni esterne, garantendo durata e resistenza ai fattori ambientali.<\/li>\n<li>Disponibile con filettature ISO228 e DIN 2999, offre un&#8217;ampia gamma di possibilit\u00e0 di applicazione.<\/li>\n<li>Utilizzati come tappi per le estremit\u00e0 dei tubi per impedire l&#8217;ingresso di contaminanti nel tubo.<\/li>\n<li>Protezione efficace dei bulloni filettati dai danni fisici e dai fattori ambientali.<\/li>\n<li>Migliora la sicurezza dei lavoratori.<\/li>\n<li>Protegge i raccordi dei tubi flessibili da potenziali danni durante lo stoccaggio o il trasporto.<\/li>\n<li>Disponibile nel colore rosso, per garantire la visibilit\u00e0.<\/li>\n<\/ul>\n<p><strong>Nota:<\/strong> questo prodotto \u00e8 disponibile in altri colori su richiesta.<\/p>\n<ul>\n<li><strong>Materiale:<\/strong> Polietilene a bassa densit\u00e0 (LDPE)<\/li>\n<li><strong>Colore:<\/strong> Rosso<\/li>\n<li><strong>Dimensioni:<\/strong> mm<\/li>\n<\/ul>\n<p>Avete requisiti specifici per un prodotto in plastica non filettato? Contattate il nostro team o richiedete un preventivo.<\/p>\n","protected":false},"featured_media":66561,"template":"","meta":{"_et_pb_use_builder":"on","_et_pb_old_content":"","_et_gb_content_width":"","om_disable_all_campaigns":false},"product_brand":[],"product_cat":[526,551],"product_tag":[],"class_list":{"0":"post-143825","1":"product","2":"type-product","3":"status-publish","4":"has-post-thumbnail","6":"product_cat-kiba-it","7":"product_cat-tappi-in-plastica-non-filettati","9":"first","10":"instock","11":"taxable","12":"shipping-taxable","13":"product-type-simple"},"_links":{"self":[{"href":"https:\/\/caplugs.eu\/it\/wp-json\/wp\/v2\/product\/143825","targetHints":{"allow":["GET"]}}],"collection":[{"href":"https:\/\/caplugs.eu\/it\/wp-json\/wp\/v2\/product"}],"about":[{"href":"https:\/\/caplugs.eu\/it\/wp-json\/wp\/v2\/types\/product"}],"wp:featuredmedia":[{"embeddable":true,"href":"https:\/\/caplugs.eu\/it\/wp-json\/wp\/v2\/media\/66561"}],"wp:attachment":[{"href":"https:\/\/caplugs.eu\/it\/wp-json\/wp\/v2\/media?parent=143825"}],"wp:term":[{"taxonomy":"product_brand","embeddable":true,"href":"https:\/\/caplugs.eu\/it\/wp-json\/wp\/v2\/product_brand?post=143825"},{"taxonomy":"product_cat","embeddable":true,"href":"https:\/\/caplugs.eu\/it\/wp-json\/wp\/v2\/product_cat?post=143825"},{"taxonomy":"product_tag","embeddable":true,"href":"https:\/\/caplugs.eu\/it\/wp-json\/wp\/v2\/product_tag?post=143825"}],"curies":[{"name":"wp","href":"https:\/\/api.w.org\/{rel}","templated":true}]}}