{"id":143255,"date":"2023-08-03T06:03:44","date_gmt":"2023-08-03T06:03:44","guid":{"rendered":"https:\/\/caplugs.eu\/product\/striscia-sicura\/"},"modified":"2023-12-18T12:10:42","modified_gmt":"2023-12-18T12:10:42","slug":"striscia-sicura","status":"publish","type":"product","link":"https:\/\/caplugs.eu\/it\/prodotto\/striscia-sicura\/","title":{"rendered":"Striscia sicura"},"content":{"rendered":"<p>[et_pb_section fb_built=&#8221;1&#8243; _builder_version=&#8221;4.21.0&#8243; min_height=&#8221;810.4px&#8221; custom_padding=&#8221;0px||0px||false|false&#8221; global_colors_info=&#8221;{}&#8221;][et_pb_row _builder_version=&#8221;4.16&#8243; background_size=&#8221;initial&#8221; background_position=&#8221;top_left&#8221; background_repeat=&#8221;repeat&#8221; width=&#8221;100%&#8221; custom_padding=&#8221;0px||0px||false|false&#8221; global_colors_info=&#8221;{}&#8221;][et_pb_column type=&#8221;4_4&#8243; _builder_version=&#8221;4.16&#8243; custom_padding=&#8221;|||&#8221; global_colors_info=&#8221;{}&#8221; custom_padding__hover=&#8221;|||&#8221;][et_pb_wc_cart_notice _builder_version=&#8221;4.16&#8243; global_colors_info=&#8221;{}&#8221;][\/et_pb_wc_cart_notice][\/et_pb_column][\/et_pb_row][et_pb_row column_structure=&#8221;2_5,3_5&#8243; _builder_version=&#8221;4.21.0&#8243; background_size=&#8221;initial&#8221; background_position=&#8221;top_left&#8221; background_repeat=&#8221;repeat&#8221; width=&#8221;100%&#8221; custom_padding=&#8221;0px||||false|false&#8221; global_colors_info=&#8221;{}&#8221;][et_pb_column type=&#8221;2_5&#8243; _builder_version=&#8221;4.16&#8243; custom_padding=&#8221;|||&#8221; global_colors_info=&#8221;{}&#8221; custom_padding__hover=&#8221;|||&#8221;][et_pb_wc_images _builder_version=&#8221;4.21.0&#8243; sticky_position=&#8221;top&#8221; sticky_offset_top=&#8221;5px&#8221; sticky_limit_bottom=&#8221;section&#8221; sticky_position_tablet=&#8221;none&#8221; sticky_position_phone=&#8221;none&#8221; sticky_position_last_edited=&#8221;on|desktop&#8221; global_colors_info=&#8221;{}&#8221;][\/et_pb_wc_images][\/et_pb_column][et_pb_column type=&#8221;3_5&#8243; _builder_version=&#8221;4.16&#8243; custom_padding=&#8221;|||&#8221; global_colors_info=&#8221;{}&#8221; custom_padding__hover=&#8221;|||&#8221;][et_pb_wc_breadcrumb _builder_version=&#8221;4.16&#8243; global_colors_info=&#8221;{}&#8221;][\/et_pb_wc_breadcrumb][et_pb_wc_title _builder_version=&#8221;4.21.0&#8243; header_font=&#8221;|700|||||||&#8221; custom_margin=&#8221;-16px||||false|false&#8221; global_colors_info=&#8221;{}&#8221;][\/et_pb_wc_title][et_pb_wc_rating _builder_version=&#8221;4.16&#8243; global_colors_info=&#8221;{}&#8221;][\/et_pb_wc_rating][et_pb_wc_price _builder_version=&#8221;4.16&#8243; global_colors_info=&#8221;{}&#8221;][\/et_pb_wc_price][et_pb_wc_description _builder_version=&#8221;4.21.0&#8243; body_font=&#8221;|300|||||||&#8221; body_font_size=&#8221;16px&#8221; custom_margin=&#8221;-12px||||false|false&#8221; global_colors_info=&#8221;{}&#8221;][\/et_pb_wc_description][et_pb_button button_url=&#8221;@ET-DC@eyJkeW5hbWljIjp0cnVlLCJjb250ZW50IjoicG9zdF9saW5rX3VybF9wYWdlIiwic2V0dGluZ3MiOnsicG9zdF9pZCI6IjExODQxIn19@&#8221; button_text=&#8221;Richiesta di preventivo&#8221; _builder_version=&#8221;4.22.1&#8243; _dynamic_attributes=&#8221;button_url&#8221; _module_preset=&#8221;default&#8221; custom_margin=&#8221;-24px||||false|false&#8221; hover_enabled=&#8221;0&#8243; global_colors_info=&#8221;{}&#8221; sticky_enabled=&#8221;0&#8243;][\/et_pb_button][et_pb_image src=&#8221;https:\/\/caplugs.eu\/wp-content\/uploads\/2023\/08\/Scherm\u00adafbeelding-2023-08-03-om-08.04.57.png&#8221; title_text=&#8221;Schermafbeelding 2023-08-03 om 08.04.57&#8243; show_in_lightbox=&#8221;on&#8221; force_fullwidth=&#8221;on&#8221; _builder_version=&#8221;4.21.0&#8243; _module_preset=&#8221;default&#8221; custom_css_main_element=&#8221;cursor: pointer;&#8221; global_colors_info=&#8221;{}&#8221;][\/et_pb_image][et_pb_wc_add_to_cart _builder_version=&#8221;4.16&#8243; global_colors_info=&#8221;{}&#8221;][\/et_pb_wc_add_to_cart][et_pb_wc_meta _builder_version=&#8221;4.16&#8243; global_colors_info=&#8221;{}&#8221;][\/et_pb_wc_meta][\/et_pb_column][\/et_pb_row][\/et_pb_section]<\/p>\n","protected":false},"excerpt":{"rendered":"<h3>Facilita la movimentazione di tubi lunghi e pesanti<\/h3>\n<p>La striscia Safe-Strip rende pi\u00f9 facile e sicura la movimentazione di tubi lunghi e\/o pesanti, raggruppandoli insieme. Il prodotto \u00e8 vantaggioso quando si montano le spirali su un fascio di tubi, in quanto velocizza il processo quando i tubi sono legati insieme. Le cinghie di legatura Safe-Strip sono comode per i fasci di tubi multipli e possono essere utilizzate pi\u00f9 volte.<\/p>\n<ul>\n<li>Realizzato in polipropilene (PP) resistente.<\/li>\n<li>Il testo Safe-Strip \u00e8 tessuto con filato blu.<\/li>\n<li>Le strisce Safe-Strips sono disponibili con chiusura a marchio Velcro\u00ae o con fibbia a sgancio rapido.<\/li>\n<li>Carico di rottura medio di 3.200N.<\/li>\n<li>Intervallo di temperatura da -40\u00b0C a +80\u00b0C.<\/li>\n<li>Su richiesta sono disponibili lunghezze su misura.<\/li>\n<li>La personalizzazione \u00e8 disponibile su richiesta, ad esempio con il nome del cliente, il logo e\/o il colore del marchio.<\/li>\n<li>Disponibile in diverse varianti, con o senza chiusure in velcro, occhielli di montaggio o fibbia a sgancio rapido.<\/li>\n<li>Il colore standard \u00e8 con testo blu.<\/li>\n<\/ul>\n<p><strong>Le tre varianti di Safe-Strips:<\/strong><\/p>\n<ul>\n<li>Safe-Strip 1: con chiusure in Velcro\u00ae e un occhiello di montaggio.<\/li>\n<li>Safe-Strip 2: con chiusure in Velcro\u00ae senza occhiello di montaggio.<\/li>\n<li>Safe-Strip 3: con fibbia in acciaio inossidabile a sgancio rapido.<\/li>\n<\/ul>\n<p>Le versioni Safe-Strip 1 e Safe-Strip 2 con chiusure in Velcro\u00ae sono dotate di una struttura in acciaio inox.<br \/>\nfibbia in acciaio. La larghezza della fascia \u00e8 di 40 mm. L&#8217;unit\u00e0 di vendita di questi prodotti \u00e8<br \/>\n10pz\/dimensioni.<\/p>\n<p>La versione Safe-Strip 2 \u00e8 dotata di una fibbia a sgancio rapido. La larghezza della fascia \u00e8 di 25 mm.<br \/>\nLe cinghie beneficiano di un bordo affusolato, che rende possibile l&#8217;infilaggio nella fibbia.<br \/>\npi\u00f9 facile. C&#8217;\u00e8 anche un occhiello per tenere l&#8217;estremit\u00e0 della banda. L&#8217;unit\u00e0 di vendita per Safe-Strip con un<br \/>\nLa fibbia a sgancio rapido \u00e8 di 25 pezzi per taglia.<\/p>\n<p><strong>Nota:<\/strong> le fascette di plastica non devono essere utilizzate per raggruppare i tubi idraulici perch\u00e9<br \/>\npu\u00f2 usurare la superficie del tubo.<\/p>\n<ul>\n<li><strong>Materiale:<\/strong> Polipropilene (PP)<\/li>\n<li><strong>Colore:<\/strong> nero con testo blu<\/li>\n<li><strong>Dimensioni:<\/strong> Safe-Strip con chiusure in Velcro\u00ae: 40 mm; Safe-Strip con sgancio rapido<br \/>\nfibbia: 25 mm<\/li>\n<\/ul>\n<p>Avete requisiti specifici per un prodotto di protezione per tubi? Contattate il nostro team o richiedete un preventivo.<\/p>\n","protected":false},"featured_media":66954,"template":"","meta":{"_et_pb_use_builder":"on","_et_pb_old_content":"","_et_gb_content_width":"","om_disable_all_campaigns":false},"product_brand":[],"product_cat":[563,564,565],"product_tag":[],"class_list":{"0":"post-143255","1":"product","2":"type-product","3":"status-publish","4":"has-post-thumbnail","6":"product_cat-protezione-del-tubo-flessibile","7":"product_cat-safeplast-it","8":"product_cat-strisce","10":"first","11":"instock","12":"taxable","13":"shipping-taxable","14":"product-type-simple"},"_links":{"self":[{"href":"https:\/\/caplugs.eu\/it\/wp-json\/wp\/v2\/product\/143255","targetHints":{"allow":["GET"]}}],"collection":[{"href":"https:\/\/caplugs.eu\/it\/wp-json\/wp\/v2\/product"}],"about":[{"href":"https:\/\/caplugs.eu\/it\/wp-json\/wp\/v2\/types\/product"}],"wp:featuredmedia":[{"embeddable":true,"href":"https:\/\/caplugs.eu\/it\/wp-json\/wp\/v2\/media\/66954"}],"wp:attachment":[{"href":"https:\/\/caplugs.eu\/it\/wp-json\/wp\/v2\/media?parent=143255"}],"wp:term":[{"taxonomy":"product_brand","embeddable":true,"href":"https:\/\/caplugs.eu\/it\/wp-json\/wp\/v2\/product_brand?post=143255"},{"taxonomy":"product_cat","embeddable":true,"href":"https:\/\/caplugs.eu\/it\/wp-json\/wp\/v2\/product_cat?post=143255"},{"taxonomy":"product_tag","embeddable":true,"href":"https:\/\/caplugs.eu\/it\/wp-json\/wp\/v2\/product_tag?post=143255"}],"curies":[{"name":"wp","href":"https:\/\/api.w.org\/{rel}","templated":true}]}}