{"id":143210,"date":"2023-08-04T10:43:01","date_gmt":"2023-08-04T10:43:01","guid":{"rendered":"https:\/\/caplugs.eu\/product\/avvolgimenti-per-tubi-flessibili-a-spirale-fire-resistant-anti-static-fras-pigs-tail\/"},"modified":"2026-04-15T12:01:05","modified_gmt":"2026-04-15T12:01:05","slug":"avvolgimenti-per-tubi-flessibili-a-spirale-fire-resistant-anti-static-fras-pigs-tail","status":"publish","type":"product","link":"https:\/\/caplugs.eu\/it\/prodotto\/avvolgimenti-per-tubi-flessibili-a-spirale-fire-resistant-anti-static-fras-pigs-tail\/","title":{"rendered":"Avvolgimenti per tubi flessibili a spirale Fire Resistant Anti-Static (FRAS) Pig&#8217;s Tail\u2122"},"content":{"rendered":"<p>[et_pb_section fb_built=&#8221;1&#8243; _builder_version=&#8221;4.21.0&#8243; min_height=&#8221;810.4px&#8221; custom_padding=&#8221;0px||0px||false|false&#8221; global_colors_info=&#8221;{}&#8221;][et_pb_row _builder_version=&#8221;4.16&#8243; background_size=&#8221;initial&#8221; background_position=&#8221;top_left&#8221; background_repeat=&#8221;repeat&#8221; width=&#8221;100%&#8221; custom_padding=&#8221;0px||0px||false|false&#8221; global_colors_info=&#8221;{}&#8221;][et_pb_column type=&#8221;4_4&#8243; _builder_version=&#8221;4.16&#8243; custom_padding=&#8221;|||&#8221; global_colors_info=&#8221;{}&#8221; custom_padding__hover=&#8221;|||&#8221;][et_pb_wc_cart_notice _builder_version=&#8221;4.16&#8243; global_colors_info=&#8221;{}&#8221;][\/et_pb_wc_cart_notice][\/et_pb_column][\/et_pb_row][et_pb_row column_structure=&#8221;2_5,3_5&#8243; _builder_version=&#8221;4.21.0&#8243; background_size=&#8221;initial&#8221; background_position=&#8221;top_left&#8221; background_repeat=&#8221;repeat&#8221; width=&#8221;100%&#8221; custom_padding=&#8221;0px||||false|false&#8221; global_colors_info=&#8221;{}&#8221;][et_pb_column type=&#8221;2_5&#8243; _builder_version=&#8221;4.16&#8243; custom_padding=&#8221;|||&#8221; global_colors_info=&#8221;{}&#8221; custom_padding__hover=&#8221;|||&#8221;][et_pb_wc_images _builder_version=&#8221;4.21.0&#8243; sticky_position=&#8221;top&#8221; sticky_offset_top=&#8221;5px&#8221; sticky_limit_bottom=&#8221;section&#8221; sticky_position_tablet=&#8221;none&#8221; sticky_position_phone=&#8221;none&#8221; sticky_position_last_edited=&#8221;on|desktop&#8221; global_colors_info=&#8221;{}&#8221;][\/et_pb_wc_images][\/et_pb_column][et_pb_column type=&#8221;3_5&#8243; _builder_version=&#8221;4.16&#8243; custom_padding=&#8221;|||&#8221; global_colors_info=&#8221;{}&#8221; custom_padding__hover=&#8221;|||&#8221;][et_pb_wc_breadcrumb _builder_version=&#8221;4.16&#8243; global_colors_info=&#8221;{}&#8221;][\/et_pb_wc_breadcrumb][et_pb_wc_title _builder_version=&#8221;4.21.0&#8243; header_font=&#8221;|700|||||||&#8221; custom_margin=&#8221;-16px||||false|false&#8221; global_colors_info=&#8221;{}&#8221;][\/et_pb_wc_title][et_pb_wc_rating _builder_version=&#8221;4.16&#8243; global_colors_info=&#8221;{}&#8221;][\/et_pb_wc_rating][et_pb_wc_price _builder_version=&#8221;4.16&#8243; global_colors_info=&#8221;{}&#8221;][\/et_pb_wc_price][et_pb_wc_description _builder_version=&#8221;4.21.0&#8243; body_font=&#8221;|300|||||||&#8221; body_font_size=&#8221;16px&#8221; custom_margin=&#8221;-12px||||false|false&#8221; global_colors_info=&#8221;{}&#8221;][\/et_pb_wc_description][et_pb_button button_url=&#8221;@ET-DC@eyJkeW5hbWljIjp0cnVlLCJjb250ZW50IjoicG9zdF9saW5rX3VybF9wYWdlIiwic2V0dGluZ3MiOnsicG9zdF9pZCI6IjExODQxIn19@&#8221; button_text=&#8221;Richiesta di preventivo&#8221; _builder_version=&#8221;4.22.1&#8243; _dynamic_attributes=&#8221;button_url&#8221; _module_preset=&#8221;default&#8221; custom_margin=&#8221;-24px||||false|false&#8221; global_colors_info=&#8221;{}&#8221;][\/et_pb_button][et_pb_image src=&#8221;https:\/\/caplugs.eu\/wp-content\/uploads\/2023\/08\/Scherm\u00adafbeelding-2023-08-04-om-12.43.42.png&#8221; title_text=&#8221;Schermafbeelding 2023-08-04 om 12.43.42&#8243; show_in_lightbox=&#8221;on&#8221; force_fullwidth=&#8221;on&#8221; _builder_version=&#8221;4.21.0&#8243; _module_preset=&#8221;default&#8221; custom_css_main_element=&#8221;cursor: pointer;&#8221; global_colors_info=&#8221;{}&#8221;][\/et_pb_image][et_pb_wc_add_to_cart _builder_version=&#8221;4.16&#8243; global_colors_info=&#8221;{}&#8221;][\/et_pb_wc_add_to_cart][et_pb_wc_meta _builder_version=&#8221;4.16&#8243; global_colors_info=&#8221;{}&#8221;][\/et_pb_wc_meta][\/et_pb_column][\/et_pb_row][\/et_pb_section]<\/p>\n","protected":false},"excerpt":{"rendered":"<h3>Un involucro di tubo flessibile a spirale ignifugo<\/h3>\n<p>L&#8217;involucro spinale Fire Resistant Anti-Static (FRAS) Pig&#8217;s Tail\u2122 \u00e8 progettato per prevenire i danni da scariche elettrostatiche o da incendio in ambienti critici. Il prodotto \u00e8 realizzato con una miscela unica di materiali che resistono al fuoco e impediscono l&#8217;accumulo di elettricit\u00e0 statica. Questo involucro a spirale viene utilizzato in vari settori, tra cui quello minerario, della saldatura, della perforazione e del tunnelling, dell&#8217;estrazione, della produzione, della nautica e dei macchinari per impianti.<\/p>\n<ul>\n<li>Realizzato in polietilene a bassa densit\u00e0 (LDPE) per garantire robustezza e durata.<\/li>\n<li>Il materiale antistatico resistente al fuoco (FRAS) impedisce fiamme e scintille accidentali in ambienti critici.<\/li>\n<li>Il nerofumo conduttivo assicura la conduttivit\u00e0, evitando l&#8217;accumulo di elettricit\u00e0 statica.<\/li>\n<li>Ha una bassa resistenza elettrica per impedire a tubi e fasci di cavi di accumulare una carica elettrica.<\/li>\n<li>Rigorosamente testato e conforme agli standard AS 2600, AS 1180.10B, AS 1180.13A e agli standard MSHA (Mine Safety and Health) # IC-264\/0 &#8211; certificato e approvato per l&#8217;uso sicuro in miniere e applicazioni sotterranee.<\/li>\n<li>L&#8217;avvolgimento a spirale offre flessibilit\u00e0, consentendo una posa efficiente dei cavi in spazi e angoli ristretti.<\/li>\n<li>Consente di raggruppare tubi multipli o singoli a seconda delle esigenze.<\/li>\n<li>L&#8217;involucro di tubo flessibile a spirale antistatico resistente al fuoco (FRAS) \u00e8 ideale per le operazioni di estrazione mineraria, ad alto rischio di incendio e di elettricit\u00e0 statica.<\/li>\n<li>Assicura la protezione da fiamme e scintille accidentali durante le operazioni di saldatura.<\/li>\n<li>In ambienti in cui l&#8217;accumulo di cariche elettrostatiche pu\u00f2 essere pericoloso, questo tubo flessibile a spirale offre una protezione, ad esempio nella perforazione e nella costruzione di gallerie.<\/li>\n<li>Utilizzato in vari processi produttivi in cui i tubi devono essere protetti da incendi e scariche elettrostatiche.<\/li>\n<li>Garantisce la sicurezza dei tubi flessibili nelle applicazioni automobilistiche, in particolare durante la produzione e la manutenzione.<\/li>\n<li>Fornisce protezione ai tubi flessibili utilizzati in ambienti marini, dove il rischio di accumulo statico pu\u00f2 essere dannoso.<\/li>\n<li>Garantisce inoltre la longevit\u00e0 e la sicurezza dei tubi flessibili utilizzati nei macchinari pesanti.<\/li>\n<li>Disponibile nel colore nero.<\/li>\n<\/ul>\n<p>&nbsp;<\/p>\n<ul>\n<li><strong>Materiale:<\/strong> Polietilene a bassa densit\u00e0 (LDPE)<\/li>\n<li><strong>Colore:<\/strong> nero<\/li>\n<li><strong>Dimensioni:<\/strong> Disponibile con diametri esterni (OD) da 12 mm a 110 mm.<\/li>\n<\/ul>\n<p>Avete requisiti specifici per un prodotto di protezione per tubi? Contattate il nostro team o richiedete un preventivo.<\/p>\n","protected":false},"featured_media":57747,"template":"","meta":{"_et_pb_use_builder":"on","_et_pb_old_content":"","_et_gb_content_width":"","om_disable_all_campaigns":false},"product_brand":[],"product_cat":[569,563,566],"product_tag":[],"class_list":{"0":"post-143210","1":"product","2":"type-product","3":"status-publish","4":"has-post-thumbnail","6":"product_cat-altri-avvolgimenti-di-tubi-a-spirale","7":"product_cat-protezione-del-tubo-flessibile","8":"product_cat-spirali","10":"first","11":"instock","12":"taxable","13":"shipping-taxable","14":"product-type-simple"},"_links":{"self":[{"href":"https:\/\/caplugs.eu\/it\/wp-json\/wp\/v2\/product\/143210","targetHints":{"allow":["GET"]}}],"collection":[{"href":"https:\/\/caplugs.eu\/it\/wp-json\/wp\/v2\/product"}],"about":[{"href":"https:\/\/caplugs.eu\/it\/wp-json\/wp\/v2\/types\/product"}],"wp:featuredmedia":[{"embeddable":true,"href":"https:\/\/caplugs.eu\/it\/wp-json\/wp\/v2\/media\/57747"}],"wp:attachment":[{"href":"https:\/\/caplugs.eu\/it\/wp-json\/wp\/v2\/media?parent=143210"}],"wp:term":[{"taxonomy":"product_brand","embeddable":true,"href":"https:\/\/caplugs.eu\/it\/wp-json\/wp\/v2\/product_brand?post=143210"},{"taxonomy":"product_cat","embeddable":true,"href":"https:\/\/caplugs.eu\/it\/wp-json\/wp\/v2\/product_cat?post=143210"},{"taxonomy":"product_tag","embeddable":true,"href":"https:\/\/caplugs.eu\/it\/wp-json\/wp\/v2\/product_tag?post=143210"}],"curies":[{"name":"wp","href":"https:\/\/api.w.org\/{rel}","templated":true}]}}