{"id":143207,"date":"2023-08-04T11:03:04","date_gmt":"2023-08-04T11:03:04","guid":{"rendered":"https:\/\/caplugs.eu\/product\/protezione-a-spirale-metallica\/"},"modified":"2023-12-18T12:09:49","modified_gmt":"2023-12-18T12:09:49","slug":"protezione-a-spirale-metallica","status":"publish","type":"product","link":"https:\/\/caplugs.eu\/it\/prodotto\/protezione-a-spirale-metallica\/","title":{"rendered":"Protezione a spirale metallica"},"content":{"rendered":"<p>[et_pb_section fb_built=&#8221;1&#8243; _builder_version=&#8221;4.21.0&#8243; min_height=&#8221;810.4px&#8221; custom_padding=&#8221;0px||0px||false|false&#8221; global_colors_info=&#8221;{}&#8221;][et_pb_row _builder_version=&#8221;4.16&#8243; background_size=&#8221;initial&#8221; background_position=&#8221;top_left&#8221; background_repeat=&#8221;repeat&#8221; width=&#8221;100%&#8221; custom_padding=&#8221;0px||0px||false|false&#8221; global_colors_info=&#8221;{}&#8221;][et_pb_column type=&#8221;4_4&#8243; _builder_version=&#8221;4.16&#8243; custom_padding=&#8221;|||&#8221; global_colors_info=&#8221;{}&#8221; custom_padding__hover=&#8221;|||&#8221;][et_pb_wc_cart_notice _builder_version=&#8221;4.16&#8243; global_colors_info=&#8221;{}&#8221;][\/et_pb_wc_cart_notice][\/et_pb_column][\/et_pb_row][et_pb_row column_structure=&#8221;2_5,3_5&#8243; _builder_version=&#8221;4.21.0&#8243; background_size=&#8221;initial&#8221; background_position=&#8221;top_left&#8221; background_repeat=&#8221;repeat&#8221; width=&#8221;100%&#8221; custom_padding=&#8221;0px||||false|false&#8221; global_colors_info=&#8221;{}&#8221;][et_pb_column type=&#8221;2_5&#8243; _builder_version=&#8221;4.16&#8243; custom_padding=&#8221;|||&#8221; global_colors_info=&#8221;{}&#8221; custom_padding__hover=&#8221;|||&#8221;][et_pb_wc_images _builder_version=&#8221;4.21.0&#8243; sticky_position=&#8221;top&#8221; sticky_offset_top=&#8221;5px&#8221; sticky_limit_bottom=&#8221;section&#8221; sticky_position_tablet=&#8221;none&#8221; sticky_position_phone=&#8221;none&#8221; sticky_position_last_edited=&#8221;on|desktop&#8221; global_colors_info=&#8221;{}&#8221;][\/et_pb_wc_images][\/et_pb_column][et_pb_column type=&#8221;3_5&#8243; _builder_version=&#8221;4.16&#8243; custom_padding=&#8221;|||&#8221; global_colors_info=&#8221;{}&#8221; custom_padding__hover=&#8221;|||&#8221;][et_pb_wc_breadcrumb _builder_version=&#8221;4.16&#8243; global_colors_info=&#8221;{}&#8221;][\/et_pb_wc_breadcrumb][et_pb_wc_title _builder_version=&#8221;4.21.0&#8243; header_font=&#8221;|700|||||||&#8221; custom_margin=&#8221;-16px||||false|false&#8221; global_colors_info=&#8221;{}&#8221;][\/et_pb_wc_title][et_pb_wc_rating _builder_version=&#8221;4.16&#8243; global_colors_info=&#8221;{}&#8221;][\/et_pb_wc_rating][et_pb_wc_price _builder_version=&#8221;4.16&#8243; global_colors_info=&#8221;{}&#8221;][\/et_pb_wc_price][et_pb_wc_description _builder_version=&#8221;4.21.0&#8243; body_font=&#8221;|300|||||||&#8221; body_font_size=&#8221;16px&#8221; custom_margin=&#8221;-12px||||false|false&#8221; global_colors_info=&#8221;{}&#8221;][\/et_pb_wc_description][et_pb_button button_url=&#8221;@ET-DC@eyJkeW5hbWljIjp0cnVlLCJjb250ZW50IjoicG9zdF9saW5rX3VybF9wYWdlIiwic2V0dGluZ3MiOnsicG9zdF9pZCI6IjExODQxIn19@&#8221; button_text=&#8221;Richiesta di preventivo&#8221; _builder_version=&#8221;4.21.0&#8243; _dynamic_attributes=&#8221;button_url&#8221; _module_preset=&#8221;default&#8221; custom_margin=&#8221;-24px||||false|false&#8221; global_colors_info=&#8221;{}&#8221;][\/et_pb_button][et_pb_image title_text=&#8221;Schermafbeelding 2023-08-04 om 13.01.43&#8243; show_in_lightbox=&#8221;on&#8221; force_fullwidth=&#8221;on&#8221; _builder_version=&#8221;4.21.0&#8243; _module_preset=&#8221;default&#8221; hover_enabled=&#8221;0&#8243; custom_css_main_element=&#8221;cursor: pointer;&#8221; global_colors_info=&#8221;{}&#8221; sticky_enabled=&#8221;0&#8243;][\/et_pb_image][et_pb_wc_add_to_cart _builder_version=&#8221;4.16&#8243; global_colors_info=&#8221;{}&#8221;][\/et_pb_wc_add_to_cart][et_pb_wc_meta _builder_version=&#8221;4.16&#8243; global_colors_info=&#8221;{}&#8221;][\/et_pb_wc_meta][\/et_pb_column][\/et_pb_row][\/et_pb_section]<\/p>\n","protected":false},"excerpt":{"rendered":"<p>I manicotti laterali antiabrasione possono essere utilizzati per avvolgere o raggruppare tubi e cavi. La chiusura a gancio e ad anello di alta qualit\u00e0 consente di riutilizzare pi\u00f9 volte il manicotto laterale. Ci\u00f2 contribuisce a ridurre i costi, poich\u00e9 il manicotto laterale pu\u00f2 essere facilmente rimosso in qualsiasi momento, anche senza scollegare tubi o cavi, rendendolo ideale per le esigenze di manutenzione.<\/p>\n<p>La manica laterale non si sfilaccia quando si taglia alla lunghezza desiderata.<\/p>\n<p>&nbsp;<\/p>\n<h3>Caratteristiche tecniche del manicotto laterale<\/h3>\n<p>&#8211; Rivestimento in poliammide e PU<br \/>\n&#8211; Bassa adesione allo sporco<br \/>\n&#8211; Resistente alla maggior parte dei solventi, degli oli, degli acidi e degli alcali.<br \/>\n&#8211; Temperatura di lavoro: da -20\u00b0C a 200\u00b0C<br \/>\n&#8211; Lunghezza standard 50 m<br \/>\n&#8211; Soddisfa i requisiti della norma EN\/ISO 3457<\/p>\n<p>Disponibile anche con occhielli invece che con ganci e passanti.<\/p>\n<p>&nbsp;<\/p>\n","protected":false},"featured_media":57633,"template":"","meta":{"_et_pb_use_builder":"on","_et_pb_old_content":"","_et_gb_content_width":"","om_disable_all_campaigns":false},"product_brand":[],"product_cat":[571,563],"product_tag":[],"class_list":{"0":"post-143207","1":"product","2":"type-product","3":"status-publish","4":"has-post-thumbnail","6":"product_cat-manicotti-e-fasce","7":"product_cat-protezione-del-tubo-flessibile","9":"first","10":"instock","11":"taxable","12":"shipping-taxable","13":"product-type-simple"},"_links":{"self":[{"href":"https:\/\/caplugs.eu\/it\/wp-json\/wp\/v2\/product\/143207","targetHints":{"allow":["GET"]}}],"collection":[{"href":"https:\/\/caplugs.eu\/it\/wp-json\/wp\/v2\/product"}],"about":[{"href":"https:\/\/caplugs.eu\/it\/wp-json\/wp\/v2\/types\/product"}],"wp:featuredmedia":[{"embeddable":true,"href":"https:\/\/caplugs.eu\/it\/wp-json\/wp\/v2\/media\/57633"}],"wp:attachment":[{"href":"https:\/\/caplugs.eu\/it\/wp-json\/wp\/v2\/media?parent=143207"}],"wp:term":[{"taxonomy":"product_brand","embeddable":true,"href":"https:\/\/caplugs.eu\/it\/wp-json\/wp\/v2\/product_brand?post=143207"},{"taxonomy":"product_cat","embeddable":true,"href":"https:\/\/caplugs.eu\/it\/wp-json\/wp\/v2\/product_cat?post=143207"},{"taxonomy":"product_tag","embeddable":true,"href":"https:\/\/caplugs.eu\/it\/wp-json\/wp\/v2\/product_tag?post=143207"}],"curies":[{"name":"wp","href":"https:\/\/api.w.org\/{rel}","templated":true}]}}