{"id":72486,"date":"2020-10-05T18:56:44","date_gmt":"2020-10-05T18:56:44","guid":{"rendered":"https:\/\/caplugs.eu\/prodotti-speciali\/prototipazione-in-vinile\/"},"modified":"2023-12-18T09:48:59","modified_gmt":"2023-12-18T09:48:59","slug":"prototipazione-in-vinile","status":"publish","type":"page","link":"https:\/\/caplugs.eu\/it\/prodotti-speciali\/prototipazione-in-vinile\/","title":{"rendered":"Prototipazione in vinile"},"content":{"rendered":"<p>[et_pb_section fb_built=&#8221;1&#8243; _builder_version=&#8221;4.17.6&#8243; _module_preset=&#8221;default&#8221; background_enable_image=&#8221;off&#8221; background_size=&#8221;contain&#8221; background_position=&#8221;bottom_center&#8221; custom_padding=&#8221;40px||0px||false|false&#8221; global_colors_info=&#8221;{}&#8221;][et_pb_row column_structure=&#8221;1_2,1_2&#8243; make_equal=&#8221;on&#8221; _builder_version=&#8221;4.21.0&#8243; _module_preset=&#8221;default&#8221; custom_css_main_element=&#8221;align-items:center;&#8221; locked=&#8221;off&#8221; global_colors_info=&#8221;{}&#8221;][et_pb_column type=&#8221;1_2&#8243; _builder_version=&#8221;4.21.0&#8243; _module_preset=&#8221;default&#8221; global_colors_info=&#8221;{}&#8221;][et_pb_text _builder_version=&#8221;4.22.1&#8243; _module_preset=&#8221;default&#8221; text_font=&#8221;|300|||||||&#8221; text_text_color=&#8221;#000000&#8243; text_font_size=&#8221;16px&#8221; header_font_size=&#8221;32px&#8221; header_line_height=&#8221;1.2em&#8221; hover_enabled=&#8221;0&#8243; global_colors_info=&#8221;{}&#8221; sticky_enabled=&#8221;0&#8243;]<\/p>\n<header>\n<h1>Prototipazione e design in vinile<\/h1>\n<\/header>\n<p>Il primo passo verso una soluzione di protezione del prodotto personalizzata \u00e8 il processo di progettazione e prototipazione in vinile.<\/p>\n<p>Caplugs ha una vasta esperienza nella progettazione e produzione di stampi ad immersione. Ecco cosa aspettarsi dal processo, dalla progettazione al prototipo in vinile completato.<\/p>\n<p>Lo stampaggio per immersione \u00e8 un processo di formatura in cui uno stampo viene immerso in un materiale liquido per creare un prodotto privo di giunture. I clienti di Caplugs beneficiano di una riduzione dei costi di produzione grazie alla facilit\u00e0 di produzione dello stampo e possono accelerare il processo dalla progettazione al prodotto finito, che \u00e8 significativamente pi\u00f9 rapido rispetto, ad esempio, allo stampaggio a iniezione.[\/et_pb_text][\/et_pb_column][et_pb_column type=&#8221;1_2&#8243; _builder_version=&#8221;4.21.0&#8243; _module_preset=&#8221;default&#8221; global_colors_info=&#8221;{}&#8221;][et_pb_image src=&#8221;https:\/\/caplugs.eu\/wp-content\/uploads\/2023\/08\/Caplugs-V2-12.jpg&#8221; title_text=&#8221;Caplugs V2-12&#8243; _builder_version=&#8221;4.21.0&#8243; _module_preset=&#8221;default&#8221; border_radii=&#8221;on|6px|6px|6px|6px&#8221; global_colors_info=&#8221;{}&#8221;][\/et_pb_image][\/et_pb_column][\/et_pb_row][et_pb_row _builder_version=&#8221;4.16&#8243; _module_preset=&#8221;default&#8221; locked=&#8221;off&#8221; global_colors_info=&#8221;{}&#8221;][et_pb_column type=&#8221;4_4&#8243; _builder_version=&#8221;4.16&#8243; _module_preset=&#8221;default&#8221; global_colors_info=&#8221;{}&#8221;][et_pb_text _builder_version=&#8221;4.22.1&#8243; _module_preset=&#8221;default&#8221; text_font=&#8221;|300|||||||&#8221; text_text_color=&#8221;#000000&#8243; text_font_size=&#8221;16px&#8221; header_2_line_height=&#8221;1.3em&#8221; hover_enabled=&#8221;0&#8243; global_colors_info=&#8221;{}&#8221; sticky_enabled=&#8221;0&#8243;]<\/p>\n<h2>Design<\/h2>\n<p>Il primo passo per la progettazione di un prototipo in vinile \u00e8 la determinazione di ci\u00f2 che deve essere protetto. I tecnici Caplugs possono quindi valutare se l&#8217;immersione in plastisol \u00e8 il metodo migliore per l&#8217;applicazione. Per farlo, devono innanzitutto porsi una serie di domande critiche, tra cui:<\/p>\n<ul>\n<li>Qual \u00e8 la durezza Shore richiesta?<\/li>\n<li>Il prodotto deve essere resistente alle alte temperature?<\/li>\n<li>Qual \u00e8 lo spessore delle pareti richiesto per il vinile?<\/li>\n<\/ul>\n<p>Una volta determinate le caratteristiche e le dimensioni del prodotto, gli ingegneri possono iniziare a lavorare alla progettazione. A tal fine, utilizzano i formati PDF dei file STEP, che forniscono informazioni essenziali sul prodotto da proteggere, per determinare i requisiti di personalizzazione come le dimensioni e la profondit\u00e0. Il programma utilizza questo documento per calcolare automaticamente il diametro del tetto e il prezzo.[\/et_pb_text][\/et_pb_column][\/et_pb_row][et_pb_row _builder_version=&#8221;4.16&#8243; _module_preset=&#8221;default&#8221; global_colors_info=&#8221;{}&#8221;][et_pb_column type=&#8221;4_4&#8243; _builder_version=&#8221;4.16&#8243; _module_preset=&#8221;default&#8221; global_colors_info=&#8221;{}&#8221;][et_pb_slider _builder_version=&#8221;4.16&#8243; _module_preset=&#8221;default&#8221; height=&#8221;416px&#8221; custom_margin=&#8221;|15%||15%|false|true&#8221; global_colors_info=&#8221;{}&#8221;][et_pb_slide _builder_version=&#8221;4.16&#8243; _module_preset=&#8221;default&#8221; background_image=&#8221;https:\/\/caplugs.eu\/wp-content\/uploads\/2020\/10\/custom-vinyl-parts-protoyping.jpg&#8221; background_enable_image=&#8221;on&#8221; global_colors_info=&#8221;{}&#8221; sticky_transition=&#8221;on&#8221;][\/et_pb_slide][et_pb_slide _builder_version=&#8221;4.16&#8243; _module_preset=&#8221;default&#8221; background_image=&#8221;https:\/\/caplugs.eu\/wp-content\/uploads\/2020\/10\/cncmachine.jpg&#8221; background_enable_image=&#8221;on&#8221; global_colors_info=&#8221;{}&#8221; sticky_transition=&#8221;on&#8221;][\/et_pb_slide][\/et_pb_slider][\/et_pb_column][\/et_pb_row][et_pb_row column_structure=&#8221;2_5,3_5&#8243; make_equal=&#8221;on&#8221; _builder_version=&#8221;4.21.0&#8243; _module_preset=&#8221;default&#8221; custom_css_main_element=&#8221;align-items:center;&#8221; locked=&#8221;off&#8221; global_colors_info=&#8221;{}&#8221;][et_pb_column type=&#8221;2_5&#8243; _builder_version=&#8221;4.21.0&#8243; _module_preset=&#8221;default&#8221; global_colors_info=&#8221;{}&#8221;][et_pb_image src=&#8221;https:\/\/caplugs.eu\/wp-content\/uploads\/2023\/08\/custom-vinyl-parts-42.jpg&#8221; title_text=&#8221;parti in vinile personalizzate-42&#8243; _builder_version=&#8221;4.21.0&#8243; _module_preset=&#8221;default&#8221; global_colors_info=&#8221;{}&#8221;][\/et_pb_image][\/et_pb_column][et_pb_column type=&#8221;3_5&#8243; _builder_version=&#8221;4.21.0&#8243; _module_preset=&#8221;default&#8221; global_colors_info=&#8221;{}&#8221;][et_pb_text _builder_version=&#8221;4.22.1&#8243; _module_preset=&#8221;default&#8221; text_font=&#8221;|300|||||||&#8221; text_text_color=&#8221;#000000&#8243; text_font_size=&#8221;16px&#8221; header_font_size=&#8221;32px&#8221; header_line_height=&#8221;1.2em&#8221; header_2_line_height=&#8221;1.3em&#8221; hover_enabled=&#8221;0&#8243; global_colors_info=&#8221;{}&#8221; sticky_enabled=&#8221;0&#8243;]<\/p>\n<header>\n<h2>Linee guida<\/h2>\n<p>Come per tutti i processi, nella progettazione degli stampi per lo stampaggio ad immersione \u00e8 necessario osservare delle linee guida. Gli stampi per immersione sono solitamente in alluminio e vengono riscaldati prima di essere immersi in PVC-plastisol liquido. In questo modo il composto vinilico si indurisce.<\/p>\n<p>\u00c8 possibile produrre internamente stampi semplici e complessi su macchine CNC completamente automatizzate. Caplugs offre un servizio rapido ed efficiente da strutture produttive professionali e ben attrezzate.<\/p>\n<p>In genere si aggiungono arrotondamenti al disegno dello stampo per evitare che il prodotto si attacchi allo stampo e si aggiungono angoli di rilascio per evitare sacche d&#8217;aria. Queste caratteristiche di produzione avanzate contribuiscono a garantire un prodotto uniforme e di alta qualit\u00e0.<\/p>\n<\/header>\n<p>[\/et_pb_text][\/et_pb_column][\/et_pb_row][et_pb_row column_structure=&#8221;3_5,2_5&#8243; make_equal=&#8221;on&#8221; _builder_version=&#8221;4.21.0&#8243; _module_preset=&#8221;default&#8221; custom_css_main_element=&#8221;align-items:center;&#8221; locked=&#8221;off&#8221; global_colors_info=&#8221;{}&#8221;][et_pb_column type=&#8221;3_5&#8243; _builder_version=&#8221;4.21.0&#8243; _module_preset=&#8221;default&#8221; global_colors_info=&#8221;{}&#8221;][et_pb_text _builder_version=&#8221;4.22.1&#8243; _module_preset=&#8221;default&#8221; text_font=&#8221;|300|||||||&#8221; text_text_color=&#8221;#000000&#8243; text_font_size=&#8221;16px&#8221; header_font_size=&#8221;32px&#8221; header_line_height=&#8221;1.2em&#8221; header_2_line_height=&#8221;1.3em&#8221; hover_enabled=&#8221;0&#8243; global_colors_info=&#8221;{}&#8221; sticky_enabled=&#8221;0&#8243;]<\/p>\n<header>\n<h2>Impostazione del prototipo<\/h2>\n<p>Quando il progetto \u00e8 ultimato e il cliente ha approvato i disegni, viene creato il prototipo. Si determina quindi l&#8217;applicazione e il metodo di produzione. A volte un prodotto \u00e8 pi\u00f9 lungo, pi\u00f9 largo o pi\u00f9 grande della macchina e del forno. In questo caso, \u00e8 necessaria una personalizzazione e si devono applicare ganci speciali al processo di stampaggio ad immersione. \u00c8 inoltre necessario verificare il numero di componenti che possono essere inseriti in un rack, il peso dei singoli componenti e se la parte superiore del tappo deve essere tagliata o forata. Se il prodotto ha una copertura in vinile, \u00e8 necessario ordinare uno stampo.<\/p>\n<\/header>\n<p>[\/et_pb_text][\/et_pb_column][et_pb_column type=&#8221;2_5&#8243; _builder_version=&#8221;4.21.0&#8243; _module_preset=&#8221;default&#8221; global_colors_info=&#8221;{}&#8221;][et_pb_image src=&#8221;https:\/\/caplugs.eu\/wp-content\/uploads\/2023\/08\/custom-vinyl-parts-22.jpg&#8221; title_text=&#8221;parti in vinile personalizzate-22&#8243; _builder_version=&#8221;4.21.0&#8243; _module_preset=&#8221;default&#8221; border_radii=&#8221;on|6px|6px|6px|6px&#8221; global_colors_info=&#8221;{}&#8221;][\/et_pb_image][\/et_pb_column][\/et_pb_row][et_pb_row column_structure=&#8221;2_5,3_5&#8243; make_equal=&#8221;on&#8221; _builder_version=&#8221;4.21.0&#8243; _module_preset=&#8221;default&#8221; custom_css_main_element=&#8221;align-items:center;&#8221; locked=&#8221;off&#8221; global_colors_info=&#8221;{}&#8221;][et_pb_column type=&#8221;2_5&#8243; _builder_version=&#8221;4.21.0&#8243; _module_preset=&#8221;default&#8221; global_colors_info=&#8221;{}&#8221;][et_pb_image src=&#8221;https:\/\/caplugs.eu\/wp-content\/uploads\/2023\/08\/custom-vinyl-parts-12.jpg&#8221; title_text=&#8221;parti in vinile personalizzate-12&#8243; _builder_version=&#8221;4.21.0&#8243; _module_preset=&#8221;default&#8221; global_colors_info=&#8221;{}&#8221;][\/et_pb_image][\/et_pb_column][et_pb_column type=&#8221;3_5&#8243; _builder_version=&#8221;4.21.0&#8243; _module_preset=&#8221;default&#8221; global_colors_info=&#8221;{}&#8221;][et_pb_text _builder_version=&#8221;4.22.1&#8243; _module_preset=&#8221;default&#8221; text_font=&#8221;|300|||||||&#8221; text_text_color=&#8221;#000000&#8243; text_font_size=&#8221;16px&#8221; header_font_size=&#8221;32px&#8221; header_line_height=&#8221;1.2em&#8221; header_2_line_height=&#8221;1.3em&#8221; hover_enabled=&#8221;0&#8243; global_colors_info=&#8221;{}&#8221; sticky_enabled=&#8221;0&#8243;]<\/p>\n<header>\n<h2>Campioni di prodotto<\/h2>\n<p>Non ci vuole molto per realizzare uno stampo prototipo e diversi campioni di prodotto. Dopo circa quattro settimane, i primi campioni sono pronti. Se \u00e8 necessario modificare il progetto, \u00e8 possibile farlo rapidamente nella fase di prototipo e nei tempi concordati. Una volta approvati i campioni, l&#8217;articolo viene inserito nel sistema insieme all&#8217;ordine. Infine, viene effettuato un controllo per verificare che i prodotti rientrino nell&#8217;imballaggio per la spedizione. Il tempo di consegna \u00e8 in genere di circa sei settimane dall&#8217;accordo del cliente sul prezzo (compreso il prezzo unitario, il prezzo degli utensili e il prezzo dello stampo) fino alla ricezione dell&#8217;ordine.<\/p>\n<p>Il passo successivo nel nostro percorso di creazione di un prodotto di protezione personalizzato \u00e8 la scelta dei materiali per lo stampaggio a immersione.<br \/>\n<\/header>\n<p>[\/et_pb_text][\/et_pb_column][\/et_pb_row][\/et_pb_section]<\/p>\n","protected":false},"excerpt":{"rendered":"<p>Prototipazione e design in vinile Il primo passo verso una soluzione di protezione del prodotto personalizzata \u00e8 il processo di progettazione e prototipazione in vinile. Caplugs ha una vasta esperienza nella progettazione e produzione di stampi ad immersione. Ecco cosa aspettarsi dal processo, dalla progettazione al prototipo in vinile completato. Lo stampaggio per immersione \u00e8 [&hellip;]<\/p>\n","protected":false},"author":6,"featured_media":0,"parent":72369,"menu_order":0,"comment_status":"closed","ping_status":"closed","template":"","meta":{"_et_pb_use_builder":"on","_et_pb_old_content":"","_et_gb_content_width":"","om_disable_all_campaigns":false,"footnotes":""},"class_list":["post-72486","page","type-page","status-publish","hentry"],"_links":{"self":[{"href":"https:\/\/caplugs.eu\/it\/wp-json\/wp\/v2\/pages\/72486","targetHints":{"allow":["GET"]}}],"collection":[{"href":"https:\/\/caplugs.eu\/it\/wp-json\/wp\/v2\/pages"}],"about":[{"href":"https:\/\/caplugs.eu\/it\/wp-json\/wp\/v2\/types\/page"}],"author":[{"embeddable":true,"href":"https:\/\/caplugs.eu\/it\/wp-json\/wp\/v2\/users\/6"}],"replies":[{"embeddable":true,"href":"https:\/\/caplugs.eu\/it\/wp-json\/wp\/v2\/comments?post=72486"}],"version-history":[{"count":0,"href":"https:\/\/caplugs.eu\/it\/wp-json\/wp\/v2\/pages\/72486\/revisions"}],"up":[{"embeddable":true,"href":"https:\/\/caplugs.eu\/it\/wp-json\/wp\/v2\/pages\/72369"}],"wp:attachment":[{"href":"https:\/\/caplugs.eu\/it\/wp-json\/wp\/v2\/media?parent=72486"}],"curies":[{"name":"wp","href":"https:\/\/api.w.org\/{rel}","templated":true}]}}