{"id":72483,"date":"2020-10-09T19:51:13","date_gmt":"2020-10-09T19:51:13","guid":{"rendered":"https:\/\/caplugs.eu\/prodotti-speciali\/produzione\/"},"modified":"2023-12-18T09:48:35","modified_gmt":"2023-12-18T09:48:35","slug":"produzione","status":"publish","type":"page","link":"https:\/\/caplugs.eu\/it\/prodotti-speciali\/produzione\/","title":{"rendered":"Produzione"},"content":{"rendered":"<p>[et_pb_section fb_built=&#8221;1&#8243; _builder_version=&#8221;4.17.6&#8243; _module_preset=&#8221;default&#8221; background_enable_image=&#8221;off&#8221; background_size=&#8221;contain&#8221; background_position=&#8221;bottom_center&#8221; custom_padding=&#8221;40px||0px||false|false&#8221; global_colors_info=&#8221;{}&#8221;][et_pb_row column_structure=&#8221;1_2,1_2&#8243; make_equal=&#8221;on&#8221; _builder_version=&#8221;4.21.0&#8243; _module_preset=&#8221;default&#8221; custom_css_main_element=&#8221;align-items:center;&#8221; locked=&#8221;off&#8221; global_colors_info=&#8221;{}&#8221;][et_pb_column type=&#8221;1_2&#8243; _builder_version=&#8221;4.21.0&#8243; _module_preset=&#8221;default&#8221; global_colors_info=&#8221;{}&#8221;][et_pb_text _builder_version=&#8221;4.22.1&#8243; _module_preset=&#8221;default&#8221; text_font=&#8221;|300|||||||&#8221; text_text_color=&#8221;#000000&#8243; text_font_size=&#8221;16px&#8221; header_font_size=&#8221;32px&#8221; header_line_height=&#8221;1.2em&#8221; hover_enabled=&#8221;0&#8243; global_colors_info=&#8221;{}&#8221; sticky_enabled=&#8221;0&#8243;]<\/p>\n<header>\n<h1>Produzione di stampaggio a immersione in vinile<\/h1>\n<\/header>\n<p>Una volta completata la fase di progettazione e una volta che il cliente ha approvato il prototipo del prodotto e selezionato i materiali, pu\u00f2 iniziare la produzione. Ecco come funziona per il rivestimento e lo stampaggio ad immersione.[\/et_pb_text][\/et_pb_column][et_pb_column type=&#8221;1_2&#8243; _builder_version=&#8221;4.21.0&#8243; _module_preset=&#8221;default&#8221; global_colors_info=&#8221;{}&#8221;][et_pb_image src=&#8221;https:\/\/caplugs.eu\/wp-content\/uploads\/2023\/08\/Caplugs-NLBE-V1-47-13.jpg&#8221; title_text=&#8221;Caplugs NL&amp;BE V1-47 (1)3&#8243; _builder_version=&#8221;4.21.0&#8243; _module_preset=&#8221;default&#8221; border_radii=&#8221;on|6px|6px|6px|6px&#8221; global_colors_info=&#8221;{}&#8221;][\/et_pb_image][\/et_pb_column][\/et_pb_row][et_pb_row column_structure=&#8221;1_2,1_2&#8243; make_equal=&#8221;on&#8221; _builder_version=&#8221;4.21.0&#8243; _module_preset=&#8221;default&#8221; custom_css_main_element=&#8221;align-items:center;&#8221; locked=&#8221;off&#8221; global_colors_info=&#8221;{}&#8221;][et_pb_column type=&#8221;1_2&#8243; _builder_version=&#8221;4.21.0&#8243; _module_preset=&#8221;default&#8221; global_colors_info=&#8221;{}&#8221;][et_pb_image src=&#8221;https:\/\/caplugs.eu\/wp-content\/uploads\/2023\/08\/Caplugs-NLBE-V1-34-12.jpg&#8221; title_text=&#8221;Caplugs NL&amp;BE V1-34 (1)2&#8243; _builder_version=&#8221;4.21.0&#8243; _module_preset=&#8221;default&#8221; border_radii=&#8221;on|6px|6px|6px|6px&#8221; global_colors_info=&#8221;{}&#8221;][\/et_pb_image][\/et_pb_column][et_pb_column type=&#8221;1_2&#8243; _builder_version=&#8221;4.21.0&#8243; _module_preset=&#8221;default&#8221; global_colors_info=&#8221;{}&#8221;][et_pb_text _builder_version=&#8221;4.22.1&#8243; _module_preset=&#8221;default&#8221; text_font=&#8221;|300|||||||&#8221; text_text_color=&#8221;#000000&#8243; text_font_size=&#8221;16px&#8221; header_font_size=&#8221;32px&#8221; header_line_height=&#8221;1.2em&#8221; header_2_line_height=&#8221;1.3em&#8221; hover_enabled=&#8221;0&#8243; global_colors_info=&#8221;{}&#8221; sticky_enabled=&#8221;0&#8243;]<\/p>\n<header>\n<h2>Stampaggio a immersione in vinile<\/h2>\n<p>Nello stampaggio ad immersione del vinile, il PVC liquido viene versato in grandi contenitori riscaldati. Gli stampi in alluminio vengono preriscaldati e poi immersi nella massa liquida. Il PVC aderisce allo stampo di immersione e lascia un sottile strato di materiale sullo stampo; il calore dello stampo e il tempo di immersione determinano lo spessore del plastisol. Lo stampo viene quindi riscaldato, facendo fondere e poi indurire il plastisol. Successivamente, il vinile formato pu\u00f2 essere rimosso dallo stampo con aria compressa. I tappi e le capsule in vinile sono flessibili, quindi anche le forme pi\u00f9 complesse possono essere facilmente rimosse dagli stampi di immersione.<\/p>\n<\/header>\n<p>[\/et_pb_text][\/et_pb_column][\/et_pb_row][et_pb_row column_structure=&#8221;1_2,1_2&#8243; make_equal=&#8221;on&#8221; _builder_version=&#8221;4.21.0&#8243; _module_preset=&#8221;default&#8221; custom_css_main_element=&#8221;align-items:center;&#8221; locked=&#8221;off&#8221; global_colors_info=&#8221;{}&#8221;][et_pb_column type=&#8221;1_2&#8243; _builder_version=&#8221;4.21.0&#8243; _module_preset=&#8221;default&#8221; global_colors_info=&#8221;{}&#8221;][et_pb_text _builder_version=&#8221;4.22.1&#8243; _module_preset=&#8221;default&#8221; text_font=&#8221;|300|||||||&#8221; text_text_color=&#8221;#000000&#8243; text_font_size=&#8221;16px&#8221; header_font_size=&#8221;32px&#8221; header_line_height=&#8221;1.2em&#8221; header_2_line_height=&#8221;1.3em&#8221; hover_enabled=&#8221;0&#8243; global_colors_info=&#8221;{}&#8221; sticky_enabled=&#8221;0&#8243;]<\/p>\n<header>\n<h2>Rivestimento in vinile per immersione<\/h2>\n<p>Con il rivestimento vinilico per immersione, invece di immergere uno stampo nel plastisol, il prodotto fornito viene immerso interamente nella massa liquida e poi polimerizzato con il calore. Il rivestimento per immersione viene utilizzato principalmente per proteggere materiali come griglie e scaffali in filo metallico, ma anche per oggetti come le impugnature degli utensili.<\/p>\n<\/header>\n<p>[\/et_pb_text][\/et_pb_column][et_pb_column type=&#8221;1_2&#8243; _builder_version=&#8221;4.21.0&#8243; _module_preset=&#8221;default&#8221; global_colors_info=&#8221;{}&#8221;][et_pb_image src=&#8221;https:\/\/caplugs.eu\/wp-content\/uploads\/2023\/08\/Caplugs-NLBE-V1-492.jpg&#8221; title_text=&#8221;Tappi NL&amp;BE V1-492&#8243; _builder_version=&#8221;4.21.0&#8243; _module_preset=&#8221;default&#8221; border_radii=&#8221;on|6px|6px|6px|6px&#8221; global_colors_info=&#8221;{}&#8221;][\/et_pb_image][\/et_pb_column][\/et_pb_row][et_pb_row column_structure=&#8221;1_2,1_2&#8243; _builder_version=&#8221;4.21.0&#8243; _module_preset=&#8221;default&#8221; locked=&#8221;off&#8221; global_colors_info=&#8221;{}&#8221;][et_pb_column type=&#8221;1_2&#8243; _builder_version=&#8221;4.21.0&#8243; _module_preset=&#8221;default&#8221; global_colors_info=&#8221;{}&#8221;][et_pb_text _builder_version=&#8221;4.22.1&#8243; _module_preset=&#8221;default&#8221; text_font=&#8221;|300|||||||&#8221; text_text_color=&#8221;#000000&#8243; text_font_size=&#8221;16px&#8221; header_font_size=&#8221;32px&#8221; header_line_height=&#8221;1.2em&#8221; header_2_line_height=&#8221;1.3em&#8221; hover_enabled=&#8221;0&#8243; locked=&#8221;off&#8221; global_colors_info=&#8221;{}&#8221; sticky_enabled=&#8221;0&#8243;]<\/p>\n<header>\n<h2>Prezzi dei prodotti per stampaggio ad immersione<\/h2>\n<p>Il costo di produzione iniziale \u00e8 di solito significativamente inferiore al costo di progettazione di un prototipo. Questo perch\u00e9 le impostazioni del processo di stampaggio ad immersione, tra cui la velocit\u00e0 di immersione, il tempo di immersione e la temperatura dei forni, vengono determinate durante il processo di prototipazione. Quando si producono grandi quantit\u00e0 di prodotti, \u00e8 necessario calcolare il rapporto ideale tra il numero di stampi e il numero di immersioni necessarie per aumentare l&#8217;efficienza del processo di immersione.<\/p>\n<\/header>\n<p>[\/et_pb_text][\/et_pb_column][et_pb_column type=&#8221;1_2&#8243; _builder_version=&#8221;4.21.0&#8243; _module_preset=&#8221;default&#8221; global_colors_info=&#8221;{}&#8221;][et_pb_text _builder_version=&#8221;4.22.1&#8243; _module_preset=&#8221;default&#8221; text_font=&#8221;|300|||||||&#8221; text_text_color=&#8221;#000000&#8243; text_font_size=&#8221;16px&#8221; header_font_size=&#8221;32px&#8221; header_line_height=&#8221;1.2em&#8221; header_2_line_height=&#8221;1.3em&#8221; hover_enabled=&#8221;0&#8243; locked=&#8221;off&#8221; global_colors_info=&#8221;{}&#8221; sticky_enabled=&#8221;0&#8243;]<\/p>\n<header>\n<h2>Vantaggi del processo di stampaggio ad immersione<\/h2>\n<p>Lo stampaggio ad immersione in vinile e il rivestimento ad immersione in vinile eliminano cuciture e irregolarit\u00e0. Inoltre, lo stampaggio ad immersione \u00e8 un processo estremamente preciso, poich\u00e9 il plastisol aderisce esattamente ai dettagli dello stampo. Infine, le possibilit\u00e0 sono infinite per quanto riguarda i colori, le texture, lo spessore e la finitura finale del prodotto, da lucida a opaca. \u00c8 incredibile quali forme si possano realizzare con il processo di immersione del vinile.<\/p>\n<p>Il prodotto \u00e8 ora pronto per la fase finale del processo di stampaggio ad immersione del vinile.<\/p>\n<\/header>\n<p>[\/et_pb_text][\/et_pb_column][\/et_pb_row][\/et_pb_section]<\/p>\n","protected":false},"excerpt":{"rendered":"<p>Produzione di stampaggio a immersione in vinile Una volta completata la fase di progettazione e una volta che il cliente ha approvato il prototipo del prodotto e selezionato i materiali, pu\u00f2 iniziare la produzione. Ecco come funziona per il rivestimento e lo stampaggio ad immersione. Stampaggio a immersione in vinile Nello stampaggio ad immersione del [&hellip;]<\/p>\n","protected":false},"author":6,"featured_media":0,"parent":72369,"menu_order":0,"comment_status":"closed","ping_status":"closed","template":"","meta":{"_et_pb_use_builder":"on","_et_pb_old_content":"","_et_gb_content_width":"","om_disable_all_campaigns":false,"footnotes":""},"class_list":["post-72483","page","type-page","status-publish","hentry"],"_links":{"self":[{"href":"https:\/\/caplugs.eu\/it\/wp-json\/wp\/v2\/pages\/72483","targetHints":{"allow":["GET"]}}],"collection":[{"href":"https:\/\/caplugs.eu\/it\/wp-json\/wp\/v2\/pages"}],"about":[{"href":"https:\/\/caplugs.eu\/it\/wp-json\/wp\/v2\/types\/page"}],"author":[{"embeddable":true,"href":"https:\/\/caplugs.eu\/it\/wp-json\/wp\/v2\/users\/6"}],"replies":[{"embeddable":true,"href":"https:\/\/caplugs.eu\/it\/wp-json\/wp\/v2\/comments?post=72483"}],"version-history":[{"count":0,"href":"https:\/\/caplugs.eu\/it\/wp-json\/wp\/v2\/pages\/72483\/revisions"}],"up":[{"embeddable":true,"href":"https:\/\/caplugs.eu\/it\/wp-json\/wp\/v2\/pages\/72369"}],"wp:attachment":[{"href":"https:\/\/caplugs.eu\/it\/wp-json\/wp\/v2\/media?parent=72483"}],"curies":[{"name":"wp","href":"https:\/\/api.w.org\/{rel}","templated":true}]}}