{"id":163148,"date":"2020-10-19T18:29:07","date_gmt":"2020-10-19T18:29:07","guid":{"rendered":"https:\/\/caplugs.eu\/product\/rechteckige-vinyl-endkappen-und-griffe-gelb\/"},"modified":"2024-01-03T06:47:54","modified_gmt":"2024-01-03T06:47:54","slug":"rechteckige-vinyl-endkappen-und-griffe-gelb","status":"publish","type":"product","link":"https:\/\/caplugs.eu\/de\/produkt\/rechteckige-vinyl-endkappen-und-griffe-gelb\/","title":{"rendered":"Rechteckige Vinyl-Endkappen und Griffe &#8211; gelb"},"content":{"rendered":"<p>[et_pb_section fb_built=&#8220;1&#8243; _builder_version=&#8220;4.19.1&#8243; min_height=&#8220;810.4px&#8220; custom_padding=&#8220;0px||0px||false|false&#8220; global_colors_info=&#8220;{}&#8220;][et_pb_row _builder_version=&#8220;4.16&#8243; background_size=&#8220;initial&#8220; background_position=&#8220;top_left&#8220; background_repeat=&#8220;repeat&#8220; width=&#8220;100%&#8220; custom_padding=&#8220;0px||0px||false|false&#8220; global_colors_info=&#8220;{}&#8220;][et_pb_column type=&#8220;4_4&#8243; _builder_version=&#8220;4.16&#8243; custom_padding=&#8220;|||&#8220; global_colors_info=&#8220;{}&#8220; custom_padding__hover=&#8220;|||&#8220;][et_pb_wc_breadcrumb _builder_version=&#8220;4.16&#8243; global_colors_info=&#8220;{}&#8220;][\/et_pb_wc_breadcrumb][et_pb_wc_cart_notice _builder_version=&#8220;4.16&#8243; global_colors_info=&#8220;{}&#8220;][\/et_pb_wc_cart_notice][\/et_pb_column][\/et_pb_row][et_pb_row column_structure=&#8220;1_2,1_2&#8243; _builder_version=&#8220;4.16&#8243; background_size=&#8220;initial&#8220; background_position=&#8220;top_left&#8220; background_repeat=&#8220;repeat&#8220; width=&#8220;100%&#8220; custom_padding=&#8220;0px||||false|false&#8220; global_colors_info=&#8220;{}&#8220;][et_pb_column type=&#8220;1_2&#8243; _builder_version=&#8220;4.16&#8243; custom_padding=&#8220;|||&#8220; global_colors_info=&#8220;{}&#8220; custom_padding__hover=&#8220;|||&#8220;][et_pb_wc_images _builder_version=&#8220;4.16&#8243; global_colors_info=&#8220;{}&#8220;][\/et_pb_wc_images][\/et_pb_column][et_pb_column type=&#8220;1_2&#8243; _builder_version=&#8220;4.16&#8243; custom_padding=&#8220;|||&#8220; global_colors_info=&#8220;{}&#8220; custom_padding__hover=&#8220;|||&#8220;][et_pb_wc_title _builder_version=&#8220;4.16&#8243; global_colors_info=&#8220;{}&#8220;][\/et_pb_wc_title][et_pb_wc_rating _builder_version=&#8220;4.16&#8243; global_colors_info=&#8220;{}&#8220;][\/et_pb_wc_rating][et_pb_wc_price _builder_version=&#8220;4.16&#8243; global_colors_info=&#8220;{}&#8220;][\/et_pb_wc_price][et_pb_wc_description _builder_version=&#8220;4.16&#8243; global_colors_info=&#8220;{}&#8220;][\/et_pb_wc_description][et_pb_button button_url=&#8220;@ET-DC@eyJkeW5hbWljIjp0cnVlLCJjb250ZW50IjoicG9zdF9saW5rX3VybF9wYWdlIiwic2V0dGluZ3MiOnsicG9zdF9pZCI6IjExODQxIn19@&#8220; button_text=&#8220;Angebot anfordern&#8220; _builder_version=&#8220;4.22.1&#8243; _dynamic_attributes=&#8220;button_url&#8220; _module_preset=&#8220;default&#8220; custom_margin=&#8220;0px||||false|false&#8220; hover_enabled=&#8220;0&#8243; locked=&#8220;off&#8220; global_colors_info=&#8220;{}&#8220; sticky_enabled=&#8220;0&#8243;][\/et_pb_button][et_pb_wc_add_to_cart _builder_version=&#8220;4.16&#8243; global_colors_info=&#8220;{}&#8220;][\/et_pb_wc_add_to_cart][et_pb_wc_meta _builder_version=&#8220;4.16&#8243; global_colors_info=&#8220;{}&#8220;][\/et_pb_wc_meta][\/et_pb_column][\/et_pb_row][\/et_pb_section]<\/p>\n","protected":false},"excerpt":{"rendered":"<h3>Eine flexible und vielseitige Vinylkappe mit einem flachen Ende<\/h3>\n<p>Die rechteckigen Endkappen und Griffe der VRF-Serie haben ein geschlossenes, flaches Ende, um Komponenten und Produkte vor Verschmutzung zu sch\u00fctzen. Die Vinylkappen werden in einer Reihe von Branchen und Anwendungen eingesetzt, unter anderem in den Bereichen erneuerbare Energien, Schifffahrt, Landwirtschaft, \u00f6ffentliche Infrastruktur und Automobilindustrie.<\/p>\n<ul>\n<li>Hergestellt aus hochwertigem Vinyl, f\u00fcr ein optimales Verh\u00e4ltnis von Flexibilit\u00e4t und Robustheit.<\/li>\n<li>Sorgen Sie f\u00fcr einen festen Sitz, damit sich das Produkt nicht leicht verschieben l\u00e4sst.<\/li>\n<li>Durch die Flexibilit\u00e4t des Vinyls passt sich die Kappe eng an das Bauteil an, so dass kleinere Abweichungen in der Gr\u00f6\u00dfe ausgeglichen werden k\u00f6nnen.<\/li>\n<li>Die Vinylkappen sch\u00fctzen das Produkt vor Sch\u00e4den durch Feuchtigkeit und Staub, die die Lebensdauer des Produkts verk\u00fcrzen k\u00f6nnten.<\/li>\n<li>Betriebstemperatur von -32 bis 176\u00b0C (-26 bis 350\u00b0F).<\/li>\n<li>Kann mit einem Firmennamen oder Logo personalisiert werden.<\/li>\n<li>Die Vinylkappen k\u00f6nnen als Griff f\u00fcr verschiedene Werkzeuge und Ger\u00e4te verwendet werden und bieten einen bequemen Halt und verhindern ein Abrutschen.<\/li>\n<li>Als Abdeckungen w\u00e4hrend des Lackier- oder Beschichtungsprozesses verhindern die Vinylkappen, dass die Farbe bestimmte Bereiche bedeckt.<\/li>\n<li>Als Vinyl-Endkappen f\u00fcr Rohre, Stangen und andere l\u00e4ngliche Strukturen bieten die Kappen Schutz vor \u00e4u\u00dferen Einfl\u00fcssen.<\/li>\n<li>Die VRF-Serie kann auch als Abdeckungen f\u00fcr elektrostatische Entladungen (ESD) verwendet werden, um empfindliche elektronische Komponenten vor statischer Elektrizit\u00e4t zu sch\u00fctzen.<\/li>\n<li>Die Standardfarbe ist gelb, wodurch sie in verschiedenen Umgebungen leicht zu erkennen ist.<\/li>\n<\/ul>\n<p><strong>Hinweis:<\/strong> Dieses Produkt ist auf Anfrage in weiteren Farben erh\u00e4ltlich.<\/p>\n<ul>\n<li><strong>Material:<\/strong> Vinyl<\/li>\n<li><strong>Farbe:<\/strong> Gelb<\/li>\n<li><strong>Abmessungen:<\/strong> mm<\/li>\n<\/ul>\n<p>Haben Sie besondere Anforderungen an ein Vinylkappenprodukt? Nehmen Sie Kontakt mit unserem Team auf oder fordern Sie ein Angebot an.<\/p>\n","protected":false},"featured_media":57674,"template":"","meta":{"_et_pb_use_builder":"on","_et_pb_old_content":"","_et_gb_content_width":"","om_disable_all_campaigns":false},"product_brand":[],"product_cat":[590,578],"product_tag":[],"class_list":{"0":"post-163148","1":"product","2":"type-product","3":"status-publish","4":"has-post-thumbnail","6":"product_cat-rechteckige-vinylkappen","7":"product_cat-vinyl-kappen","9":"first","10":"instock","11":"taxable","12":"shipping-taxable","13":"purchasable","14":"product-type-variable"},"_links":{"self":[{"href":"https:\/\/caplugs.eu\/de\/wp-json\/wp\/v2\/product\/163148","targetHints":{"allow":["GET"]}}],"collection":[{"href":"https:\/\/caplugs.eu\/de\/wp-json\/wp\/v2\/product"}],"about":[{"href":"https:\/\/caplugs.eu\/de\/wp-json\/wp\/v2\/types\/product"}],"wp:featuredmedia":[{"embeddable":true,"href":"https:\/\/caplugs.eu\/de\/wp-json\/wp\/v2\/media\/57674"}],"wp:attachment":[{"href":"https:\/\/caplugs.eu\/de\/wp-json\/wp\/v2\/media?parent=163148"}],"wp:term":[{"taxonomy":"product_brand","embeddable":true,"href":"https:\/\/caplugs.eu\/de\/wp-json\/wp\/v2\/product_brand?post=163148"},{"taxonomy":"product_cat","embeddable":true,"href":"https:\/\/caplugs.eu\/de\/wp-json\/wp\/v2\/product_cat?post=163148"},{"taxonomy":"product_tag","embeddable":true,"href":"https:\/\/caplugs.eu\/de\/wp-json\/wp\/v2\/product_tag?post=163148"}],"curies":[{"name":"wp","href":"https:\/\/api.w.org\/{rel}","templated":true}]}}