{"id":162486,"date":"2023-07-23T21:40:14","date_gmt":"2023-07-23T21:40:14","guid":{"rendered":"https:\/\/caplugs.eu\/product\/kap-808-gas-kunststoffkappe-mit-raendelgewinde\/"},"modified":"2023-12-18T13:20:37","modified_gmt":"2023-12-18T13:20:37","slug":"kap-808-gas-kunststoffkappe-mit-raendelgewinde","status":"publish","type":"product","link":"https:\/\/caplugs.eu\/de\/produkt\/kap-808-gas-kunststoffkappe-mit-raendelgewinde\/","title":{"rendered":"KAP 808-GAS Kunststoffkappe mit R\u00e4ndelgewinde"},"content":{"rendered":"<p>[et_pb_section fb_built=&#8220;1&#8243; _builder_version=&#8220;4.21.0&#8243; min_height=&#8220;810.4px&#8220; custom_padding=&#8220;0px||0px||false|false&#8220; global_colors_info=&#8220;{}&#8220;][et_pb_row _builder_version=&#8220;4.16&#8243; background_size=&#8220;initial&#8220; background_position=&#8220;top_left&#8220; background_repeat=&#8220;repeat&#8220; width=&#8220;100%&#8220; custom_padding=&#8220;0px||0px||false|false&#8220; global_colors_info=&#8220;{}&#8220;][et_pb_column type=&#8220;4_4&#8243; _builder_version=&#8220;4.16&#8243; custom_padding=&#8220;|||&#8220; global_colors_info=&#8220;{}&#8220; custom_padding__hover=&#8220;|||&#8220;][et_pb_wc_cart_notice _builder_version=&#8220;4.16&#8243; global_colors_info=&#8220;{}&#8220;][\/et_pb_wc_cart_notice][\/et_pb_column][\/et_pb_row][et_pb_row column_structure=&#8220;2_5,3_5&#8243; _builder_version=&#8220;4.21.0&#8243; background_size=&#8220;initial&#8220; background_position=&#8220;top_left&#8220; background_repeat=&#8220;repeat&#8220; width=&#8220;100%&#8220; custom_padding=&#8220;0px||||false|false&#8220; global_colors_info=&#8220;{}&#8220;][et_pb_column type=&#8220;2_5&#8243; _builder_version=&#8220;4.16&#8243; custom_padding=&#8220;|||&#8220; global_colors_info=&#8220;{}&#8220; custom_padding__hover=&#8220;|||&#8220;][et_pb_wc_images _builder_version=&#8220;4.21.0&#8243; sticky_position=&#8220;top&#8220; sticky_offset_top=&#8220;5px&#8220; sticky_limit_bottom=&#8220;section&#8220; sticky_position_tablet=&#8220;none&#8220; sticky_position_phone=&#8220;none&#8220; sticky_position_last_edited=&#8220;on|desktop&#8220; global_colors_info=&#8220;{}&#8220;][\/et_pb_wc_images][\/et_pb_column][et_pb_column type=&#8220;3_5&#8243; _builder_version=&#8220;4.16&#8243; custom_padding=&#8220;|||&#8220; global_colors_info=&#8220;{}&#8220; custom_padding__hover=&#8220;|||&#8220;][et_pb_wc_breadcrumb _builder_version=&#8220;4.16&#8243; global_colors_info=&#8220;{}&#8220;][\/et_pb_wc_breadcrumb][et_pb_wc_title _builder_version=&#8220;4.21.0&#8243; header_font=&#8220;|700|||||||&#8220; custom_margin=&#8220;-16px||||false|false&#8220; global_colors_info=&#8220;{}&#8220;][\/et_pb_wc_title][et_pb_wc_rating _builder_version=&#8220;4.16&#8243; global_colors_info=&#8220;{}&#8220;][\/et_pb_wc_rating][et_pb_wc_price _builder_version=&#8220;4.16&#8243; global_colors_info=&#8220;{}&#8220;][\/et_pb_wc_price][et_pb_wc_description _builder_version=&#8220;4.21.0&#8243; body_font=&#8220;|300|||||||&#8220; body_font_size=&#8220;16px&#8220; custom_margin=&#8220;-12px||||false|false&#8220; global_colors_info=&#8220;{}&#8220;][\/et_pb_wc_description][et_pb_button button_url=&#8220;@ET-DC@eyJkeW5hbWljIjp0cnVlLCJjb250ZW50IjoicG9zdF9saW5rX3VybF9wYWdlIiwic2V0dGluZ3MiOnsicG9zdF9pZCI6IjExODQxIn19@&#8220; button_text=&#8220;Angebot anfordern&#8220; _builder_version=&#8220;4.22.1&#8243; _dynamic_attributes=&#8220;button_url&#8220; _module_preset=&#8220;default&#8220; custom_margin=&#8220;-24px||||false|false&#8220; hover_enabled=&#8220;0&#8243; global_colors_info=&#8220;{}&#8220; sticky_enabled=&#8220;0&#8243;][\/et_pb_button][et_pb_image src=&#8220;https:\/\/caplugs.eu\/wp-content\/uploads\/2023\/07\/Scherm\u00adafbeelding-2023-07-23-om-23.41.20.png&#8220; title_text=&#8220;Schermafbeelding 2023-07-23 om 23.41.20&#8243; show_in_lightbox=&#8220;on&#8220; force_fullwidth=&#8220;on&#8220; _builder_version=&#8220;4.21.0&#8243; _module_preset=&#8220;default&#8220; custom_css_main_element=&#8220;cursor: pointer;&#8220; global_colors_info=&#8220;{}&#8220;][\/et_pb_image][et_pb_wc_add_to_cart _builder_version=&#8220;4.16&#8243; global_colors_info=&#8220;{}&#8220;][\/et_pb_wc_add_to_cart][et_pb_wc_meta _builder_version=&#8220;4.16&#8243; global_colors_info=&#8220;{}&#8220;][\/et_pb_wc_meta][\/et_pb_column][\/et_pb_row][\/et_pb_section]<\/p>\n","protected":false},"excerpt":{"rendered":"<h3>Eine ger\u00e4ndelte Gewindekappe aus Kunststoff mit polygonalen Rippen f\u00fcr Gasgewinde<\/h3>\n<p>Die KAP 808-GAS ist eine Kunststoff-Gewindekappe mit R\u00e4ndeln, die speziell f\u00fcr Gasgewinde entwickelt wurde. Es wird h\u00e4ufig in Branchen eingesetzt, die eine zuverl\u00e4ssige Dichtung f\u00fcr Gasanschl\u00fcsse ben\u00f6tigen, wie z. B. in der Industrie, in Labors und in der Fertigung.<\/p>\n<ul>\n<li>Hergestellt aus Polyamid (PA) 6, das f\u00fcr Langlebigkeit und eine zuverl\u00e4ssige Abdichtung sorgt.<\/li>\n<li>Das praktische polygonale Rippendesign erleichtert die Montage und Demontage auch mit Handschuhen.<\/li>\n<li>Gew\u00e4hrleistet die Systemintegrit\u00e4t, indem es eine sichere Verbindung bei Gasgewindeanwendungen bietet.<\/li>\n<li>Bietet die Wartung von Verbindungen in industriellen Umgebungen, Labors und Produktionsst\u00e4tten an.<\/li>\n<li>Bietet Schutz f\u00fcr das Gassystem und sichert die Integrit\u00e4t Ihrer Anschl\u00fcsse.<\/li>\n<li>Die ger\u00e4ndelte Gewindekappe hat eine unverwechselbare gelbe Farbe, wodurch sie in verschiedenen Umgebungen leicht zu erkennen ist.<\/li>\n<\/ul>\n<p><strong>Hinweis:<\/strong> Dieses Produkt ist auf Anfrage in weiteren Farben erh\u00e4ltlich.<\/p>\n<ul>\n<li><strong>Material:<\/strong> Polyamid (PA) 6<\/li>\n<li><strong>Farbe:<\/strong> Gelb<\/li>\n<li><strong>Abmessungen:<\/strong> mm<\/li>\n<\/ul>\n<p>Haben Sie spezielle Anforderungen an ein Kunststoffprodukt mit Gewinde? Nehmen Sie Kontakt mit unserem Team auf oder fordern Sie ein Angebot an.<\/p>\n","protected":false},"featured_media":64419,"template":"","meta":{"_et_pb_use_builder":"on","_et_pb_old_content":"","_et_gb_content_width":"","om_disable_all_campaigns":false},"product_brand":[],"product_cat":[555,606,605],"product_tag":[],"class_list":{"0":"post-162486","1":"product","2":"type-product","3":"status-publish","4":"has-post-thumbnail","6":"product_cat-gewindekappen-aus-kunststoff","7":"product_cat-plastikkappen","8":"product_cat-polykap-de","10":"first","11":"instock","12":"taxable","13":"shipping-taxable","14":"product-type-simple"},"_links":{"self":[{"href":"https:\/\/caplugs.eu\/de\/wp-json\/wp\/v2\/product\/162486","targetHints":{"allow":["GET"]}}],"collection":[{"href":"https:\/\/caplugs.eu\/de\/wp-json\/wp\/v2\/product"}],"about":[{"href":"https:\/\/caplugs.eu\/de\/wp-json\/wp\/v2\/types\/product"}],"wp:featuredmedia":[{"embeddable":true,"href":"https:\/\/caplugs.eu\/de\/wp-json\/wp\/v2\/media\/64419"}],"wp:attachment":[{"href":"https:\/\/caplugs.eu\/de\/wp-json\/wp\/v2\/media?parent=162486"}],"wp:term":[{"taxonomy":"product_brand","embeddable":true,"href":"https:\/\/caplugs.eu\/de\/wp-json\/wp\/v2\/product_brand?post=162486"},{"taxonomy":"product_cat","embeddable":true,"href":"https:\/\/caplugs.eu\/de\/wp-json\/wp\/v2\/product_cat?post=162486"},{"taxonomy":"product_tag","embeddable":true,"href":"https:\/\/caplugs.eu\/de\/wp-json\/wp\/v2\/product_tag?post=162486"}],"curies":[{"name":"wp","href":"https:\/\/api.w.org\/{rel}","templated":true}]}}