{"id":162264,"date":"2023-07-24T18:57:19","date_gmt":"2023-07-24T18:57:19","guid":{"rendered":"https:\/\/caplugs.eu\/product\/kap-510-9003-druckstopfen-aus-kunststoff\/"},"modified":"2023-12-18T12:41:07","modified_gmt":"2023-12-18T12:41:07","slug":"kap-510-9003-druckstopfen-aus-kunststoff","status":"publish","type":"product","link":"https:\/\/caplugs.eu\/de\/produkt\/kap-510-9003-druckstopfen-aus-kunststoff\/","title":{"rendered":"KAP 510-9003 Druckstopfen aus Kunststoff"},"content":{"rendered":"<p>[et_pb_section fb_built=&#8220;1&#8243; _builder_version=&#8220;4.21.0&#8243; min_height=&#8220;810.4px&#8220; custom_padding=&#8220;0px||0px||false|false&#8220; global_colors_info=&#8220;{}&#8220;][et_pb_row _builder_version=&#8220;4.16&#8243; background_size=&#8220;initial&#8220; background_position=&#8220;top_left&#8220; background_repeat=&#8220;repeat&#8220; width=&#8220;100%&#8220; custom_padding=&#8220;0px||0px||false|false&#8220; global_colors_info=&#8220;{}&#8220;][et_pb_column type=&#8220;4_4&#8243; _builder_version=&#8220;4.16&#8243; custom_padding=&#8220;|||&#8220; global_colors_info=&#8220;{}&#8220; custom_padding__hover=&#8220;|||&#8220;][et_pb_wc_cart_notice _builder_version=&#8220;4.16&#8243; global_colors_info=&#8220;{}&#8220;][\/et_pb_wc_cart_notice][\/et_pb_column][\/et_pb_row][et_pb_row column_structure=&#8220;2_5,3_5&#8243; _builder_version=&#8220;4.21.0&#8243; background_size=&#8220;initial&#8220; background_position=&#8220;top_left&#8220; background_repeat=&#8220;repeat&#8220; width=&#8220;100%&#8220; custom_padding=&#8220;0px||||false|false&#8220; global_colors_info=&#8220;{}&#8220;][et_pb_column type=&#8220;2_5&#8243; _builder_version=&#8220;4.16&#8243; custom_padding=&#8220;|||&#8220; global_colors_info=&#8220;{}&#8220; custom_padding__hover=&#8220;|||&#8220;][et_pb_wc_images _builder_version=&#8220;4.21.0&#8243; sticky_position=&#8220;top&#8220; sticky_offset_top=&#8220;5px&#8220; sticky_limit_bottom=&#8220;section&#8220; sticky_position_tablet=&#8220;none&#8220; sticky_position_phone=&#8220;none&#8220; sticky_position_last_edited=&#8220;on|desktop&#8220; global_colors_info=&#8220;{}&#8220;][\/et_pb_wc_images][\/et_pb_column][et_pb_column type=&#8220;3_5&#8243; _builder_version=&#8220;4.16&#8243; custom_padding=&#8220;|||&#8220; global_colors_info=&#8220;{}&#8220; custom_padding__hover=&#8220;|||&#8220;][et_pb_wc_breadcrumb _builder_version=&#8220;4.16&#8243; global_colors_info=&#8220;{}&#8220;][\/et_pb_wc_breadcrumb][et_pb_wc_title _builder_version=&#8220;4.21.0&#8243; header_font=&#8220;|700|||||||&#8220; custom_margin=&#8220;-16px||||false|false&#8220; global_colors_info=&#8220;{}&#8220;][\/et_pb_wc_title][et_pb_wc_rating _builder_version=&#8220;4.16&#8243; global_colors_info=&#8220;{}&#8220;][\/et_pb_wc_rating][et_pb_wc_price _builder_version=&#8220;4.16&#8243; global_colors_info=&#8220;{}&#8220;][\/et_pb_wc_price][et_pb_wc_description _builder_version=&#8220;4.21.0&#8243; body_font=&#8220;|300|||||||&#8220; body_font_size=&#8220;16px&#8220; custom_margin=&#8220;-12px||||false|false&#8220; global_colors_info=&#8220;{}&#8220;][\/et_pb_wc_description][et_pb_button button_url=&#8220;@ET-DC@eyJkeW5hbWljIjp0cnVlLCJjb250ZW50IjoicG9zdF9saW5rX3VybF9wYWdlIiwic2V0dGluZ3MiOnsicG9zdF9pZCI6IjExODQxIn19@&#8220; button_text=&#8220;Angebot anfordern&#8220; _builder_version=&#8220;4.22.1&#8243; _dynamic_attributes=&#8220;button_url&#8220; _module_preset=&#8220;default&#8220; custom_margin=&#8220;-24px||||false|false&#8220; hover_enabled=&#8220;0&#8243; global_colors_info=&#8220;{}&#8220; sticky_enabled=&#8220;0&#8243;][\/et_pb_button][et_pb_image src=&#8220;https:\/\/caplugs.eu\/wp-content\/uploads\/2023\/07\/SCR-20230724-sepi.png&#8220; title_text=&#8220;SCR-20230724-sepi&#8220; show_in_lightbox=&#8220;on&#8220; force_fullwidth=&#8220;on&#8220; _builder_version=&#8220;4.21.0&#8243; _module_preset=&#8220;default&#8220; custom_css_main_element=&#8220;cursor: pointer;&#8220; global_colors_info=&#8220;{}&#8220;][\/et_pb_image][et_pb_wc_add_to_cart _builder_version=&#8220;4.16&#8243; global_colors_info=&#8220;{}&#8220;][\/et_pb_wc_add_to_cart][et_pb_wc_meta _builder_version=&#8220;4.16&#8243; global_colors_info=&#8220;{}&#8220;][\/et_pb_wc_meta][\/et_pb_column][\/et_pb_row][\/et_pb_section]<\/p>\n","protected":false},"excerpt":{"rendered":"<h3>Ein runder Druckstopfen aus Kunststoff mit normalem, flachem Kopf und Rippen<\/h3>\n<p>Die KAP 510-9003 ist eine robuste Druckkappe mit flachem Kopf und Rippen. Es wird in Branchen eingesetzt, die einen zuverl\u00e4ssigen Schutz f\u00fcr Komponenten unter wechselnden Druckbedingungen ben\u00f6tigen, z. B. in der \u00d6l- und Gasindustrie, im Automobilbau, in der Schifffahrt, im Bauwesen und in der Landwirtschaft.<\/p>\n<ul>\n<li>Hergestellt aus Polyethylen niedriger Dichte (LDPE) f\u00fcr Langlebigkeit und Widerstandsf\u00e4higkeit.<\/li>\n<li>Eine Druckkappe, die Komponenten vor Druckschwankungen sch\u00fctzt.<\/li>\n<li>Der flache Kopf erm\u00f6glicht ein einfaches Anbringen und Entfernen und rationalisiert die Prozesse.<\/li>\n<li>Die Rippen sorgen f\u00fcr einen festen Sitz und verhindern ein versehentliches Verrutschen.<\/li>\n<li>Diese Kappe kann w\u00e4hrend der Extraktions- und Raffinationsphase verwendet werden und sch\u00fctzt die Komponenten vor Druckschwankungen.<\/li>\n<li>Es dient als Schutzbarriere f\u00fcr Automobilteile, insbesondere f\u00fcr Hydrauliksysteme, w\u00e4hrend des Herstellungs- und Pr\u00fcfprozesses.<\/li>\n<li>Wird in Meeresumgebungen zum Schutz vor Unterwasserdruckkr\u00e4ften verwendet.<\/li>\n<li>Sie bietet Schutz f\u00fcr Komponenten schwerer Maschinen, insbesondere w\u00e4hrend des Transports oder bei Stillstandszeiten.<\/li>\n<li>Erh\u00e4ltlich in der Farbe Wei\u00df.<\/li>\n<\/ul>\n<p><strong>Hinweis:<\/strong> Dieses Produkt ist auf Anfrage in weiteren Farben erh\u00e4ltlich.<\/p>\n<ul>\n<li><strong>Material:<\/strong> Polyethylen niedriger Dichte (LDPE)<\/li>\n<li><strong>Farbe:<\/strong> Wei\u00df<\/li>\n<li><strong>Abmessungen:<\/strong> mm<\/li>\n<\/ul>\n<p>Haben Sie spezielle Anforderungen an einen Kunststoff-Druckverschluss oder -Stopfen? Nehmen Sie Kontakt mit unserem Team auf oder fordern Sie ein Angebot an.<\/p>\n","protected":false},"featured_media":64719,"template":"","meta":{"_et_pb_use_builder":"on","_et_pb_old_content":"","_et_gb_content_width":"","om_disable_all_campaigns":false},"product_brand":[],"product_cat":[607,606,605],"product_tag":[],"class_list":{"0":"post-162264","1":"product","2":"type-product","3":"status-publish","4":"has-post-thumbnail","6":"product_cat-kunststoff-druckkappen","7":"product_cat-plastikkappen","8":"product_cat-polykap-de","10":"first","11":"instock","12":"taxable","13":"shipping-taxable","14":"product-type-simple"},"_links":{"self":[{"href":"https:\/\/caplugs.eu\/de\/wp-json\/wp\/v2\/product\/162264","targetHints":{"allow":["GET"]}}],"collection":[{"href":"https:\/\/caplugs.eu\/de\/wp-json\/wp\/v2\/product"}],"about":[{"href":"https:\/\/caplugs.eu\/de\/wp-json\/wp\/v2\/types\/product"}],"wp:featuredmedia":[{"embeddable":true,"href":"https:\/\/caplugs.eu\/de\/wp-json\/wp\/v2\/media\/64719"}],"wp:attachment":[{"href":"https:\/\/caplugs.eu\/de\/wp-json\/wp\/v2\/media?parent=162264"}],"wp:term":[{"taxonomy":"product_brand","embeddable":true,"href":"https:\/\/caplugs.eu\/de\/wp-json\/wp\/v2\/product_brand?post=162264"},{"taxonomy":"product_cat","embeddable":true,"href":"https:\/\/caplugs.eu\/de\/wp-json\/wp\/v2\/product_cat?post=162264"},{"taxonomy":"product_tag","embeddable":true,"href":"https:\/\/caplugs.eu\/de\/wp-json\/wp\/v2\/product_tag?post=162264"}],"curies":[{"name":"wp","href":"https:\/\/api.w.org\/{rel}","templated":true}]}}