{"id":161994,"date":"2023-07-26T19:19:11","date_gmt":"2023-07-26T19:19:11","guid":{"rendered":"https:\/\/caplugs.eu\/product\/safe-spiral-schutzschlauchumhuellungen\/"},"modified":"2023-12-18T12:27:19","modified_gmt":"2023-12-18T12:27:19","slug":"safe-spiral-schutzschlauchumhuellungen","status":"publish","type":"product","link":"https:\/\/caplugs.eu\/de\/produkt\/safe-spiral-schutzschlauchumhuellungen\/","title":{"rendered":"Safe-Spiral-Schutzschlauchumh\u00fcllungen"},"content":{"rendered":"<p>[et_pb_section fb_built=&#8220;1&#8243; _builder_version=&#8220;4.21.0&#8243; min_height=&#8220;810.4px&#8220; custom_padding=&#8220;0px||0px||false|false&#8220; global_colors_info=&#8220;{}&#8220;][et_pb_row _builder_version=&#8220;4.16&#8243; background_size=&#8220;initial&#8220; background_position=&#8220;top_left&#8220; background_repeat=&#8220;repeat&#8220; width=&#8220;100%&#8220; custom_padding=&#8220;0px||0px||false|false&#8220; global_colors_info=&#8220;{}&#8220;][et_pb_column type=&#8220;4_4&#8243; _builder_version=&#8220;4.16&#8243; custom_padding=&#8220;|||&#8220; global_colors_info=&#8220;{}&#8220; custom_padding__hover=&#8220;|||&#8220;][et_pb_wc_cart_notice _builder_version=&#8220;4.16&#8243; global_colors_info=&#8220;{}&#8220;][\/et_pb_wc_cart_notice][\/et_pb_column][\/et_pb_row][et_pb_row column_structure=&#8220;2_5,3_5&#8243; _builder_version=&#8220;4.21.0&#8243; background_size=&#8220;initial&#8220; background_position=&#8220;top_left&#8220; background_repeat=&#8220;repeat&#8220; width=&#8220;100%&#8220; custom_padding=&#8220;0px||||false|false&#8220; global_colors_info=&#8220;{}&#8220;][et_pb_column type=&#8220;2_5&#8243; _builder_version=&#8220;4.16&#8243; custom_padding=&#8220;|||&#8220; global_colors_info=&#8220;{}&#8220; custom_padding__hover=&#8220;|||&#8220;][et_pb_wc_images _builder_version=&#8220;4.21.0&#8243; sticky_position=&#8220;top&#8220; sticky_offset_top=&#8220;5px&#8220; sticky_limit_bottom=&#8220;section&#8220; sticky_position_tablet=&#8220;none&#8220; sticky_position_phone=&#8220;none&#8220; sticky_position_last_edited=&#8220;on|desktop&#8220; global_colors_info=&#8220;{}&#8220;][\/et_pb_wc_images][\/et_pb_column][et_pb_column type=&#8220;3_5&#8243; _builder_version=&#8220;4.16&#8243; custom_padding=&#8220;|||&#8220; global_colors_info=&#8220;{}&#8220; custom_padding__hover=&#8220;|||&#8220;][et_pb_wc_breadcrumb _builder_version=&#8220;4.16&#8243; global_colors_info=&#8220;{}&#8220;][\/et_pb_wc_breadcrumb][et_pb_wc_title _builder_version=&#8220;4.21.0&#8243; header_font=&#8220;|700|||||||&#8220; custom_margin=&#8220;-16px||||false|false&#8220; global_colors_info=&#8220;{}&#8220;][\/et_pb_wc_title][et_pb_wc_rating _builder_version=&#8220;4.16&#8243; global_colors_info=&#8220;{}&#8220;][\/et_pb_wc_rating][et_pb_wc_price _builder_version=&#8220;4.16&#8243; global_colors_info=&#8220;{}&#8220;][\/et_pb_wc_price][et_pb_wc_description _builder_version=&#8220;4.21.0&#8243; body_font=&#8220;|300|||||||&#8220; body_font_size=&#8220;16px&#8220; custom_margin=&#8220;-12px||||false|false&#8220; global_colors_info=&#8220;{}&#8220;][\/et_pb_wc_description][et_pb_button button_url=&#8220;@ET-DC@eyJkeW5hbWljIjp0cnVlLCJjb250ZW50IjoicG9zdF9saW5rX3VybF9wYWdlIiwic2V0dGluZ3MiOnsicG9zdF9pZCI6IjExODQxIn19@&#8220; button_text=&#8220;Angebot anfordern&#8220; _builder_version=&#8220;4.22.1&#8243; _dynamic_attributes=&#8220;button_url&#8220; _module_preset=&#8220;default&#8220; custom_margin=&#8220;-24px||||false|false&#8220; hover_enabled=&#8220;0&#8243; global_colors_info=&#8220;{}&#8220; sticky_enabled=&#8220;0&#8243;][\/et_pb_button][et_pb_image src=&#8220;https:\/\/caplugs.eu\/wp-content\/uploads\/2023\/07\/Scherm\u00adafbeelding-2023-07-26-om-21.23.19.png&#8220; title_text=&#8220;Schermafbeelding 2023-07-26 om 21.23.19&#8243; show_in_lightbox=&#8220;on&#8220; force_fullwidth=&#8220;on&#8220; _builder_version=&#8220;4.21.0&#8243; _module_preset=&#8220;default&#8220; custom_css_main_element=&#8220;cursor: pointer;&#8220; global_colors_info=&#8220;{}&#8220;][\/et_pb_image][et_pb_wc_add_to_cart _builder_version=&#8220;4.16&#8243; global_colors_info=&#8220;{}&#8220;][\/et_pb_wc_add_to_cart][et_pb_wc_meta _builder_version=&#8220;4.16&#8243; global_colors_info=&#8220;{}&#8220;][\/et_pb_wc_meta][\/et_pb_column][\/et_pb_row][\/et_pb_section]<\/p>\n","protected":false},"excerpt":{"rendered":"<h3>Eine spiralf\u00f6rmige Schlauchschutzh\u00fclle<\/h3>\n<p>Safe-Spiral Schlauchumh\u00fcllungen helfen, teure Ausfallzeiten durch besch\u00e4digte Schl\u00e4uche oder Kabel zu vermeiden. Diese strapazierf\u00e4higen und langlebigen Schlauchumh\u00fcllungen werden im Extrusionsverfahren aus hochdichtem Polyethylen hergestellt, wodurch ein Produkt mit abgerundeten Kanten entsteht, das bei der Installation keine Sch\u00e4den verursacht. Geeignet f\u00fcr eine breite Palette von Branchen und Anwendungen.<\/p>\n<ul>\n<li>Hergestellt aus hochdichtem Polyethylen (HDPE), das eine hervorragende Abriebfestigkeit bietet.<\/li>\n<li>Sch\u00fctzen Sie Ihre Schl\u00e4uche vor Abrieb, St\u00f6\u00dfen und Witterungseinfl\u00fcssen.<\/li>\n<li>Sie sparen Geld, weil die Schl\u00e4uche l\u00e4nger halten und die Zahl der durch Schlauchbr\u00fcche verursachten Arbeitsverz\u00f6gerungen sinkt.<\/li>\n<li>Bunte Spiralschl\u00e4uche machen Ihre Schl\u00e4uche besser sichtbar und erh\u00f6hen die Sicherheit.<\/li>\n<li>B\u00fcndeln Sie Ihre Schl\u00e4uche, um die Sicherheit zu erh\u00f6hen und die Handhabung zu erleichtern.<\/li>\n<li>Sie sind sowohl frost- als auch hitzebest\u00e4ndig und resistent gegen S\u00e4uren, \u00d6le und L\u00f6sungsmittel.<\/li>\n<li>Enth\u00e4lt ein antistatisches Additiv.<\/li>\n<li>Kosteng\u00fcnstige Wahl f\u00fcr den Schutz von Schl\u00e4uchen und einfach zu installieren.<\/li>\n<li>Eine Gr\u00f6\u00dfe kann f\u00fcr einen gro\u00dfen Bereich von Schlauchgr\u00f6\u00dfen verwendet werden.<\/li>\n<li>Betriebstemperatur von -50\u00b0C bis +80\u00b0C (kontinuierlich) und +100\u00b0C (kurzzeitig).<\/li>\n<li>Mindestbestellmenge (MOQ) von 600 m pro Farbe, die verschiedene Gr\u00f6\u00dfen umfassen kann.<\/li>\n<li>Die Au\u00dfendurchmesser (OD) sind von 12 mm bis 140 mm erh\u00e4ltlich, was einem ungef\u00e4hren Einsatzbereich (Schlauch-AD) von 9 bis 155 mm entspricht. Mit dem Safe-Bundler-Werkzeug kann dieser Wert auf 180 bis 200 mm erh\u00f6ht werden.<\/li>\n<li>Alle Gr\u00f6\u00dfen sind in Rollen oder vorgeschnittenen L\u00e4ngen erh\u00e4ltlich. Die Rollenl\u00e4nge h\u00e4ngt von der Schlauchgr\u00f6\u00dfe ab. Die maximale Zuschnittl\u00e4nge f\u00fcr alle Durchmesser betr\u00e4gt 6.000 mm, und es gilt eine Mindestbestellmenge (MOQ).<\/li>\n<li>Alle vorgeschnittenen L\u00e4ngen sind mit einem abgerundeten Ende und einer Bohrung zum Verl\u00e4ngern und Befestigen versehen.<\/li>\n<li>Die Standardfarben sind Schwarz und Gelb.<\/li>\n<\/ul>\n<p><strong>Hinweis:<\/strong> Dieses Produkt ist auf Anfrage in weiteren Farben erh\u00e4ltlich.<\/p>\n<ul>\n<li><strong>Material:<\/strong> Polyethylen hoher Dichte (HDPE)<\/li>\n<li><strong>Farbe:<\/strong> Schwarz, gelb<\/li>\n<li><strong>Abmessungen:<\/strong> mm<\/li>\n<\/ul>\n<p>Haben Sie besondere Anforderungen an ein Vinylkappenprodukt? Nehmen Sie Kontakt mit unserem Team auf oder fordern Sie ein Angebot an.<\/p>\n","protected":false},"featured_media":65939,"template":"","meta":{"_et_pb_use_builder":"on","_et_pb_old_content":"","_et_gb_content_width":"","om_disable_all_campaigns":false},"product_brand":[],"product_cat":[553,552,558,604],"product_tag":[],"class_list":{"0":"post-161994","1":"product","2":"type-product","3":"status-publish","4":"has-post-thumbnail","6":"product_cat-safeplast-de","7":"product_cat-schlauchschutz","8":"product_cat-spiralen","9":"product_cat-standard-spiralen","11":"first","12":"instock","13":"taxable","14":"shipping-taxable","15":"product-type-simple"},"_links":{"self":[{"href":"https:\/\/caplugs.eu\/de\/wp-json\/wp\/v2\/product\/161994","targetHints":{"allow":["GET"]}}],"collection":[{"href":"https:\/\/caplugs.eu\/de\/wp-json\/wp\/v2\/product"}],"about":[{"href":"https:\/\/caplugs.eu\/de\/wp-json\/wp\/v2\/types\/product"}],"wp:featuredmedia":[{"embeddable":true,"href":"https:\/\/caplugs.eu\/de\/wp-json\/wp\/v2\/media\/65939"}],"wp:attachment":[{"href":"https:\/\/caplugs.eu\/de\/wp-json\/wp\/v2\/media?parent=161994"}],"wp:term":[{"taxonomy":"product_brand","embeddable":true,"href":"https:\/\/caplugs.eu\/de\/wp-json\/wp\/v2\/product_brand?post=161994"},{"taxonomy":"product_cat","embeddable":true,"href":"https:\/\/caplugs.eu\/de\/wp-json\/wp\/v2\/product_cat?post=161994"},{"taxonomy":"product_tag","embeddable":true,"href":"https:\/\/caplugs.eu\/de\/wp-json\/wp\/v2\/product_tag?post=161994"}],"curies":[{"name":"wp","href":"https:\/\/api.w.org\/{rel}","templated":true}]}}