{"id":158298,"date":"2023-08-02T21:35:46","date_gmt":"2023-08-02T21:35:46","guid":{"rendered":"https:\/\/caplugs.eu\/product\/flache-pull-tab-kappen-aus-vinyl-gelb\/"},"modified":"2023-12-18T12:24:27","modified_gmt":"2023-12-18T12:24:27","slug":"flache-pull-tab-kappen-aus-vinyl-gelb","status":"publish","type":"product","link":"https:\/\/caplugs.eu\/de\/produkt\/flache-pull-tab-kappen-aus-vinyl-gelb\/","title":{"rendered":"Flache Pull-Tab-Kappen aus Vinyl &#8211; gelb"},"content":{"rendered":"<p>[et_pb_section fb_built=&#8220;1&#8243; _builder_version=&#8220;4.16&#8243; custom_padding=&#8220;0px||||false|false&#8220; global_colors_info=&#8220;{}&#8220;][et_pb_row _builder_version=&#8220;4.16&#8243; background_size=&#8220;initial&#8220; background_position=&#8220;top_left&#8220; background_repeat=&#8220;repeat&#8220; width=&#8220;100%&#8220; custom_padding=&#8220;0px||0px||false|false&#8220; global_colors_info=&#8220;{}&#8220;][et_pb_column type=&#8220;4_4&#8243; _builder_version=&#8220;4.16&#8243; custom_padding=&#8220;|||&#8220; global_colors_info=&#8220;{}&#8220; custom_padding__hover=&#8220;|||&#8220;][et_pb_wc_breadcrumb _builder_version=&#8220;4.16&#8243; global_colors_info=&#8220;{}&#8220;][\/et_pb_wc_breadcrumb][et_pb_wc_cart_notice _builder_version=&#8220;4.16&#8243; global_colors_info=&#8220;{}&#8220;][\/et_pb_wc_cart_notice][\/et_pb_column][\/et_pb_row][et_pb_row column_structure=&#8220;1_2,1_2&#8243; _builder_version=&#8220;4.16&#8243; background_size=&#8220;initial&#8220; background_position=&#8220;top_left&#8220; background_repeat=&#8220;repeat&#8220; width=&#8220;100%&#8220; custom_padding=&#8220;0px||||false|false&#8220; global_colors_info=&#8220;{}&#8220;][et_pb_column type=&#8220;1_2&#8243; _builder_version=&#8220;4.16&#8243; custom_padding=&#8220;|||&#8220; global_colors_info=&#8220;{}&#8220; custom_padding__hover=&#8220;|||&#8220;][et_pb_wc_images _builder_version=&#8220;4.16&#8243; global_colors_info=&#8220;{}&#8220;][\/et_pb_wc_images][\/et_pb_column][et_pb_column type=&#8220;1_2&#8243; _builder_version=&#8220;4.16&#8243; custom_padding=&#8220;|||&#8220; global_colors_info=&#8220;{}&#8220; custom_padding__hover=&#8220;|||&#8220;][et_pb_wc_title _builder_version=&#8220;4.16&#8243; global_colors_info=&#8220;{}&#8220;][\/et_pb_wc_title][et_pb_wc_rating _builder_version=&#8220;4.16&#8243; global_colors_info=&#8220;{}&#8220;][\/et_pb_wc_rating][et_pb_wc_price _builder_version=&#8220;4.16&#8243; global_colors_info=&#8220;{}&#8220;][\/et_pb_wc_price][et_pb_wc_description _builder_version=&#8220;4.16&#8243; global_colors_info=&#8220;{}&#8220;][\/et_pb_wc_description][et_pb_button button_url=&#8220;@ET-DC@eyJkeW5hbWljIjp0cnVlLCJjb250ZW50IjoicG9zdF9saW5rX3VybF9wYWdlIiwic2V0dGluZ3MiOnsicG9zdF9pZCI6IjExODQxIn19@&#8220; button_text=&#8220;Angebot anfordern&#8220; _builder_version=&#8220;4.22.1&#8243; _dynamic_attributes=&#8220;button_url&#8220; _module_preset=&#8220;default&#8220; custom_margin=&#8220;0px||||false|false&#8220; hover_enabled=&#8220;0&#8243; locked=&#8220;off&#8220; global_colors_info=&#8220;{}&#8220; sticky_enabled=&#8220;0&#8243;][\/et_pb_button][et_pb_wc_add_to_cart _builder_version=&#8220;4.16&#8243; global_colors_info=&#8220;{}&#8220;][\/et_pb_wc_add_to_cart][et_pb_wc_meta _builder_version=&#8220;4.16&#8243; global_colors_info=&#8220;{}&#8220;][\/et_pb_wc_meta][\/et_pb_column][\/et_pb_row][\/et_pb_section]<\/p>\n","protected":false},"excerpt":{"rendered":"<h3>Eine Vinylkappe mit einer flachen Zuglasche zum einfachen Entfernen<\/h3>\n<p>Die Vinyl-Zuglaschenverschl\u00fcsse der VFC-Serie haben einen langen, flachen Griff, der ein einfaches Entfernen ohne Werkzeug erm\u00f6glicht. Sie werden in einer Reihe von Branchen und Anwendungen eingesetzt, unter anderem in der Automobil-, Fertigungs- und Bauindustrie.<\/p>\n<ul>\n<li>Hergestellt aus hochwertigem Vinyl, einem robusten und flexiblen Material.<\/li>\n<li>Der Benutzer kann die Vinylkappe am flachen Griff auf der Oberseite fassen und ohne Werkzeug abnehmen.<\/li>\n<li>Die Vinylkappen sch\u00fctzen die Komponenten vor Sch\u00e4den durch Feuchtigkeit oder Staub.<\/li>\n<li>Das robuste Vinylmaterial verhindert, dass die Kappen splittern, rei\u00dfen oder brechen.<\/li>\n<li>Die Vinyl-Zuglaschen aus der VFC-Serie werden h\u00e4ufig als Abdeckkappen bei Lackier- und Beschichtungsarbeiten verwendet.<\/li>\n<li>Werden in der Elektronikindustrie als Schutzkappen zur Abschirmung von Steckern oder Kabelenden verwendet.<\/li>\n<li>In der Bauindustrie werden die Vinylkappen als Stangenendkappen zum Schutz vor Rost oder Besch\u00e4digung verwendet.<\/li>\n<li>Betriebstemperatur von -32 bis 176\u00b0C (-26 bis 350\u00b0F).<\/li>\n<li>Die Standardfarbe ist gelb.<\/li>\n<\/ul>\n<p><strong>Hinweis:<\/strong> Die Kappen der VFC-Serie sind in verschiedenen H\u00e4rten, L\u00e4ngen, Wandst\u00e4rken und Farben erh\u00e4ltlich. Wir bieten auch Tampondruck an, um Logos, Namen oder Anweisungen auf den Kappen anzubringen. Erh\u00e4ltlich in Flex500\u2122 Hochtemperatur-Vinyl.<\/p>\n<ul>\n<li><strong>Material:<\/strong> Vinyl<\/li>\n<li><strong>Farbe:<\/strong> Gelb<\/li>\n<li><strong>Abmessungen:<\/strong> mm<\/li>\n<\/ul>\n<p>Haben Sie besondere Anforderungen an ein Vinylkappenprodukt? Nehmen Sie Kontakt mit unserem Team auf oder fordern Sie ein Angebot an.<\/p>\n","protected":false},"featured_media":66777,"template":"","meta":{"_et_pb_use_builder":"on","_et_pb_old_content":"","_et_gb_content_width":"","om_disable_all_campaigns":false},"product_brand":[],"product_cat":[587,578],"product_tag":[],"class_list":{"0":"post-158298","1":"product","2":"type-product","3":"status-publish","4":"has-post-thumbnail","6":"product_cat-pull-tab-vinyl-kappen","7":"product_cat-vinyl-kappen","9":"first","10":"instock","11":"taxable","12":"shipping-taxable","13":"purchasable","14":"product-type-variable"},"_links":{"self":[{"href":"https:\/\/caplugs.eu\/de\/wp-json\/wp\/v2\/product\/158298","targetHints":{"allow":["GET"]}}],"collection":[{"href":"https:\/\/caplugs.eu\/de\/wp-json\/wp\/v2\/product"}],"about":[{"href":"https:\/\/caplugs.eu\/de\/wp-json\/wp\/v2\/types\/product"}],"wp:featuredmedia":[{"embeddable":true,"href":"https:\/\/caplugs.eu\/de\/wp-json\/wp\/v2\/media\/66777"}],"wp:attachment":[{"href":"https:\/\/caplugs.eu\/de\/wp-json\/wp\/v2\/media?parent=158298"}],"wp:term":[{"taxonomy":"product_brand","embeddable":true,"href":"https:\/\/caplugs.eu\/de\/wp-json\/wp\/v2\/product_brand?post=158298"},{"taxonomy":"product_cat","embeddable":true,"href":"https:\/\/caplugs.eu\/de\/wp-json\/wp\/v2\/product_cat?post=158298"},{"taxonomy":"product_tag","embeddable":true,"href":"https:\/\/caplugs.eu\/de\/wp-json\/wp\/v2\/product_tag?post=158298"}],"curies":[{"name":"wp","href":"https:\/\/api.w.org\/{rel}","templated":true}]}}