{"id":157356,"date":"2023-07-27T19:12:48","date_gmt":"2023-07-27T19:12:48","guid":{"rendered":"https:\/\/caplugs.eu\/product\/safe-spiral-abra-schlauchschutzhuellen\/"},"modified":"2023-12-18T12:23:28","modified_gmt":"2023-12-18T12:23:28","slug":"safe-spiral-abra-schlauchschutzhuellen","status":"publish","type":"product","link":"https:\/\/caplugs.eu\/de\/produkt\/safe-spiral-abra-schlauchschutzhuellen\/","title":{"rendered":"Safe-Spiral ABRA-Schlauchschutzh\u00fcllen"},"content":{"rendered":"<p>[et_pb_section fb_built=&#8220;1&#8243; _builder_version=&#8220;4.21.0&#8243; min_height=&#8220;810.4px&#8220; custom_padding=&#8220;0px||0px||false|false&#8220; global_colors_info=&#8220;{}&#8220;][et_pb_row _builder_version=&#8220;4.16&#8243; background_size=&#8220;initial&#8220; background_position=&#8220;top_left&#8220; background_repeat=&#8220;repeat&#8220; width=&#8220;100%&#8220; custom_padding=&#8220;0px||0px||false|false&#8220; global_colors_info=&#8220;{}&#8220;][et_pb_column type=&#8220;4_4&#8243; _builder_version=&#8220;4.16&#8243; custom_padding=&#8220;|||&#8220; global_colors_info=&#8220;{}&#8220; custom_padding__hover=&#8220;|||&#8220;][et_pb_wc_cart_notice _builder_version=&#8220;4.16&#8243; global_colors_info=&#8220;{}&#8220;][\/et_pb_wc_cart_notice][\/et_pb_column][\/et_pb_row][et_pb_row column_structure=&#8220;2_5,3_5&#8243; _builder_version=&#8220;4.21.0&#8243; background_size=&#8220;initial&#8220; background_position=&#8220;top_left&#8220; background_repeat=&#8220;repeat&#8220; width=&#8220;100%&#8220; custom_padding=&#8220;0px||||false|false&#8220; global_colors_info=&#8220;{}&#8220;][et_pb_column type=&#8220;2_5&#8243; _builder_version=&#8220;4.16&#8243; custom_padding=&#8220;|||&#8220; global_colors_info=&#8220;{}&#8220; custom_padding__hover=&#8220;|||&#8220;][et_pb_wc_images _builder_version=&#8220;4.21.0&#8243; sticky_position=&#8220;top&#8220; sticky_offset_top=&#8220;5px&#8220; sticky_limit_bottom=&#8220;section&#8220; sticky_position_tablet=&#8220;none&#8220; sticky_position_phone=&#8220;none&#8220; sticky_position_last_edited=&#8220;on|desktop&#8220; global_colors_info=&#8220;{}&#8220;][\/et_pb_wc_images][\/et_pb_column][et_pb_column type=&#8220;3_5&#8243; _builder_version=&#8220;4.16&#8243; custom_padding=&#8220;|||&#8220; global_colors_info=&#8220;{}&#8220; custom_padding__hover=&#8220;|||&#8220;][et_pb_wc_breadcrumb _builder_version=&#8220;4.16&#8243; global_colors_info=&#8220;{}&#8220;][\/et_pb_wc_breadcrumb][et_pb_wc_title _builder_version=&#8220;4.21.0&#8243; header_font=&#8220;|700|||||||&#8220; custom_margin=&#8220;-16px||||false|false&#8220; global_colors_info=&#8220;{}&#8220;][\/et_pb_wc_title][et_pb_wc_rating _builder_version=&#8220;4.16&#8243; global_colors_info=&#8220;{}&#8220;][\/et_pb_wc_rating][et_pb_wc_price _builder_version=&#8220;4.16&#8243; global_colors_info=&#8220;{}&#8220;][\/et_pb_wc_price][et_pb_wc_description _builder_version=&#8220;4.21.0&#8243; body_font=&#8220;|300|||||||&#8220; body_font_size=&#8220;16px&#8220; custom_margin=&#8220;-12px||||false|false&#8220; global_colors_info=&#8220;{}&#8220;][\/et_pb_wc_description][et_pb_button button_url=&#8220;@ET-DC@eyJkeW5hbWljIjp0cnVlLCJjb250ZW50IjoicG9zdF9saW5rX3VybF9wYWdlIiwic2V0dGluZ3MiOnsicG9zdF9pZCI6IjExODQxIn19@&#8220; button_text=&#8220;Angebot anfordern&#8220; _builder_version=&#8220;4.22.1&#8243; _dynamic_attributes=&#8220;button_url&#8220; _module_preset=&#8220;default&#8220; custom_margin=&#8220;-24px||||false|false&#8220; hover_enabled=&#8220;0&#8243; global_colors_info=&#8220;{}&#8220; sticky_enabled=&#8220;0&#8243;][\/et_pb_button][et_pb_image src=&#8220;https:\/\/caplugs.eu\/wp-content\/uploads\/2023\/07\/Scherm\u00adafbeelding-2023-07-27-om-21.13.52.png&#8220; title_text=&#8220;Schermafbeelding 2023-07-27 om 21.13.52&#8243; show_in_lightbox=&#8220;on&#8220; force_fullwidth=&#8220;on&#8220; _builder_version=&#8220;4.21.0&#8243; _module_preset=&#8220;default&#8220; custom_css_main_element=&#8220;cursor: pointer;&#8220; global_colors_info=&#8220;{}&#8220;][\/et_pb_image][et_pb_wc_add_to_cart _builder_version=&#8220;4.16&#8243; global_colors_info=&#8220;{}&#8220;][\/et_pb_wc_add_to_cart][et_pb_wc_meta _builder_version=&#8220;4.16&#8243; global_colors_info=&#8220;{}&#8220;][\/et_pb_wc_meta][\/et_pb_column][\/et_pb_row][\/et_pb_section]<\/p>\n","protected":false},"excerpt":{"rendered":"<h3>Eine zweifarbige Schlauchschutzspirale mit Verschlei\u00dfanzeige<\/h3>\n<p>DUO Colour spiral ABRA ist eine spezielle Schutzspirale, die dazu beitr\u00e4gt, Abnutzungserscheinungen oder starke St\u00f6\u00dfe fr\u00fchzeitig zu erkennen, so dass ein rechtzeitiger Austausch m\u00f6glich ist. Die schwarze Au\u00dfenseite des Schlauchschutzes bedeckt einen gelben Kern. Wenn sich die schwarze obere Schicht abnutzt, kommt die gelbe Farbe zum Vorschein und zeigt an, dass die Spiralschlauchh\u00fclle ersetzt werden muss. Obwohl die oberste Schicht nur 0,5 mm dick ist, ist der Abrieb der Spirale minimal. Bei einer Fl\u00e4chenpressung von 1,9 MPa (Stift-Scheibe-Pr\u00fcfger\u00e4t) dauert es etwa 1.000 km oder 415 Stunden, bis der Verschlei\u00df erreicht ist. Sie werden in verschiedenen Branchen eingesetzt, u. a. im Baugewerbe, in der Landwirtschaft, im Transportwesen, im Bergbau und in der Forstwirtschaft.<\/p>\n<ul>\n<li>Hergestellt aus hochdichtem Polyethylen (HDPE), das eine robuste und langlebige Spiralh\u00fclle ergibt.<\/li>\n<li>Hergestellt durch Doppelextrusion.<\/li>\n<li>Durch den Spiralschnitt ist die Schlauchumwicklung extrem flexibel und l\u00e4sst sich leicht installieren.<\/li>\n<li>Verringert das Risiko von Arbeitsunterbrechungen aufgrund von Schlauchbr\u00fcchen.<\/li>\n<li>Verl\u00e4ngert die Lebensdauer von Schl\u00e4uchen.<\/li>\n<li>Geeignet f\u00fcr den Einsatz in Ger\u00e4ten, die in extremen Temperaturbereichen betrieben werden.<\/li>\n<li>Er vertr\u00e4gt Frost und Hitze von -50 \u00b0C bis +80 \u00b0C (dauerhaft) und +100 \u00b0C (kurzfristig) und ist best\u00e4ndig gegen S\u00e4uren, \u00d6le und L\u00f6sungsmittel.<\/li>\n<li>Enth\u00e4lt ein antistatisches Additiv.<\/li>\n<li>Die Au\u00dfendurchmesser (OD) sind von 16 mm bis 110 mm erh\u00e4ltlich.<\/li>\n<li>Schwarzes \u00c4u\u00dferes mit gelbem Kern.<\/li>\n<\/ul>\n<p><strong>Hinweis:<\/strong> Dieses Produkt ist nicht auf Lager, sondern wird auf Bestellung hergestellt. Lieferfrist: 4-5 Wochen nach Bestellung.<\/p>\n<ul>\n<li><strong>Material:<\/strong> Polyethylen hoher Dichte (HDPE)<\/li>\n<li><strong>Farbe:<\/strong> Schwarz, gelb<\/li>\n<li><strong>Abmessungen:<\/strong><\/li>\n<\/ul>\n<p>Haben Sie spezielle Anforderungen an ein Schlauchschutzprodukt? Nehmen Sie Kontakt mit unserem Team auf oder fordern Sie ein Angebot an.<\/p>\n","protected":false},"featured_media":66200,"template":"","meta":{"_et_pb_use_builder":"on","_et_pb_old_content":"","_et_gb_content_width":"","om_disable_all_campaigns":false},"product_brand":[],"product_cat":[598,553,552,558],"product_tag":[],"class_list":{"0":"post-157356","1":"product","2":"type-product","3":"status-publish","4":"has-post-thumbnail","6":"product_cat-duo-farbige-spiralschlauchwickel","7":"product_cat-safeplast-de","8":"product_cat-schlauchschutz","9":"product_cat-spiralen","11":"first","12":"instock","13":"taxable","14":"shipping-taxable","15":"product-type-simple"},"_links":{"self":[{"href":"https:\/\/caplugs.eu\/de\/wp-json\/wp\/v2\/product\/157356","targetHints":{"allow":["GET"]}}],"collection":[{"href":"https:\/\/caplugs.eu\/de\/wp-json\/wp\/v2\/product"}],"about":[{"href":"https:\/\/caplugs.eu\/de\/wp-json\/wp\/v2\/types\/product"}],"wp:featuredmedia":[{"embeddable":true,"href":"https:\/\/caplugs.eu\/de\/wp-json\/wp\/v2\/media\/66200"}],"wp:attachment":[{"href":"https:\/\/caplugs.eu\/de\/wp-json\/wp\/v2\/media?parent=157356"}],"wp:term":[{"taxonomy":"product_brand","embeddable":true,"href":"https:\/\/caplugs.eu\/de\/wp-json\/wp\/v2\/product_brand?post=157356"},{"taxonomy":"product_cat","embeddable":true,"href":"https:\/\/caplugs.eu\/de\/wp-json\/wp\/v2\/product_cat?post=157356"},{"taxonomy":"product_tag","embeddable":true,"href":"https:\/\/caplugs.eu\/de\/wp-json\/wp\/v2\/product_tag?post=157356"}],"curies":[{"name":"wp","href":"https:\/\/api.w.org\/{rel}","templated":true}]}}