{"id":146178,"date":"2023-07-27T19:23:46","date_gmt":"2023-07-27T19:23:46","guid":{"rendered":"https:\/\/caplugs.eu\/product\/safe-spiral-mine-spiralschlauchwickel\/"},"modified":"2023-12-18T12:14:41","modified_gmt":"2023-12-18T12:14:41","slug":"safe-spiral-mine-spiralschlauchwickel","status":"publish","type":"product","link":"https:\/\/caplugs.eu\/de\/produkt\/safe-spiral-mine-spiralschlauchwickel\/","title":{"rendered":"Safe-Spiral MINE+ Spiralschlauchwickel"},"content":{"rendered":"<p>[et_pb_section fb_built=&#8220;1&#8243; _builder_version=&#8220;4.21.0&#8243; min_height=&#8220;810.4px&#8220; custom_padding=&#8220;0px||0px||false|false&#8220; global_colors_info=&#8220;{}&#8220;][et_pb_row _builder_version=&#8220;4.16&#8243; background_size=&#8220;initial&#8220; background_position=&#8220;top_left&#8220; background_repeat=&#8220;repeat&#8220; width=&#8220;100%&#8220; custom_padding=&#8220;0px||0px||false|false&#8220; global_colors_info=&#8220;{}&#8220;][et_pb_column type=&#8220;4_4&#8243; _builder_version=&#8220;4.16&#8243; custom_padding=&#8220;|||&#8220; global_colors_info=&#8220;{}&#8220; custom_padding__hover=&#8220;|||&#8220;][et_pb_wc_cart_notice _builder_version=&#8220;4.16&#8243; global_colors_info=&#8220;{}&#8220;][\/et_pb_wc_cart_notice][\/et_pb_column][\/et_pb_row][et_pb_row column_structure=&#8220;2_5,3_5&#8243; _builder_version=&#8220;4.21.0&#8243; background_size=&#8220;initial&#8220; background_position=&#8220;top_left&#8220; background_repeat=&#8220;repeat&#8220; width=&#8220;100%&#8220; custom_padding=&#8220;0px||||false|false&#8220; global_colors_info=&#8220;{}&#8220;][et_pb_column type=&#8220;2_5&#8243; _builder_version=&#8220;4.16&#8243; custom_padding=&#8220;|||&#8220; global_colors_info=&#8220;{}&#8220; custom_padding__hover=&#8220;|||&#8220;][et_pb_wc_images _builder_version=&#8220;4.21.0&#8243; sticky_position=&#8220;top&#8220; sticky_offset_top=&#8220;5px&#8220; sticky_limit_bottom=&#8220;section&#8220; sticky_position_tablet=&#8220;none&#8220; sticky_position_phone=&#8220;none&#8220; sticky_position_last_edited=&#8220;on|desktop&#8220; global_colors_info=&#8220;{}&#8220;][\/et_pb_wc_images][\/et_pb_column][et_pb_column type=&#8220;3_5&#8243; _builder_version=&#8220;4.16&#8243; custom_padding=&#8220;|||&#8220; global_colors_info=&#8220;{}&#8220; custom_padding__hover=&#8220;|||&#8220;][et_pb_wc_breadcrumb _builder_version=&#8220;4.16&#8243; global_colors_info=&#8220;{}&#8220;][\/et_pb_wc_breadcrumb][et_pb_wc_title _builder_version=&#8220;4.21.0&#8243; header_font=&#8220;|700|||||||&#8220; custom_margin=&#8220;-16px||||false|false&#8220; global_colors_info=&#8220;{}&#8220;][\/et_pb_wc_title][et_pb_wc_rating _builder_version=&#8220;4.16&#8243; global_colors_info=&#8220;{}&#8220;][\/et_pb_wc_rating][et_pb_wc_price _builder_version=&#8220;4.16&#8243; global_colors_info=&#8220;{}&#8220;][\/et_pb_wc_price][et_pb_wc_description _builder_version=&#8220;4.21.0&#8243; body_font=&#8220;|300|||||||&#8220; body_font_size=&#8220;16px&#8220; custom_margin=&#8220;-12px||||false|false&#8220; global_colors_info=&#8220;{}&#8220;][\/et_pb_wc_description][et_pb_button button_url=&#8220;@ET-DC@eyJkeW5hbWljIjp0cnVlLCJjb250ZW50IjoicG9zdF9saW5rX3VybF9wYWdlIiwic2V0dGluZ3MiOnsicG9zdF9pZCI6IjExODQxIn19@&#8220; button_text=&#8220;Angebot anfordern&#8220; _builder_version=&#8220;4.22.1&#8243; _dynamic_attributes=&#8220;button_url&#8220; _module_preset=&#8220;default&#8220; custom_margin=&#8220;-24px||||false|false&#8220; global_colors_info=&#8220;{}&#8220;][\/et_pb_button][et_pb_image src=&#8220;https:\/\/caplugs.eu\/wp-content\/uploads\/2023\/07\/Scherm\u00adafbeelding-2023-07-27-om-21.23.37.png&#8220; title_text=&#8220;Schermafbeelding 2023-07-27 om 21.23.37&#8243; show_in_lightbox=&#8220;on&#8220; force_fullwidth=&#8220;on&#8220; _builder_version=&#8220;4.21.0&#8243; _module_preset=&#8220;default&#8220; custom_css_main_element=&#8220;cursor: pointer;&#8220; global_colors_info=&#8220;{}&#8220;][\/et_pb_image][et_pb_wc_add_to_cart _builder_version=&#8220;4.16&#8243; global_colors_info=&#8220;{}&#8220;][\/et_pb_wc_add_to_cart][et_pb_wc_meta _builder_version=&#8220;4.16&#8243; global_colors_info=&#8220;{}&#8220;][\/et_pb_wc_meta][\/et_pb_column][\/et_pb_row][\/et_pb_section]<\/p>\n","protected":false},"excerpt":{"rendered":"<h3>Ein schwer entflammbarer und permanent antistatischer Schutzschlauch f\u00fcr den Bergbau<\/h3>\n<p>Die Safe-Spiral MINE + ist flammhemmend und permanent antistatisch (FRAS), wodurch sie sich bestens f\u00fcr den Schutz vor mechanischem Abrieb von Hydraulikschl\u00e4uchen in Bergbaumaschinen und -ger\u00e4ten unter Tage eignet. Sie wird von der Mine Safety and Health Administration anerkannt.<\/p>\n<ul>\n<li>Hergestellt aus Polyethylen hoher Dichte (HDPE) mit einer leitf\u00e4higen thermoplastischen Verbindung.<\/li>\n<li>Die Flammbest\u00e4ndigkeit wurde durch verschiedene Inhaltsstoffe weiter verbessert, um die Entz\u00fcndbarkeit und das Brennen zu verlangsamen.<\/li>\n<li>Dieser Schlauchschutz wird im Doppelextrusionsverfahren hergestellt.<\/li>\n<li>Es sch\u00fctzt Hydraulik- und Pneumatikschl\u00e4uche vor Abrieb, St\u00f6\u00dfen und allgemeinem Verschlei\u00df und verl\u00e4ngert so die Lebensdauer Ihrer Schl\u00e4uche.<\/li>\n<li>Es ist frost- und hitzebest\u00e4ndig und widersteht S\u00e4uren, \u00d6len und L\u00f6sungsmitteln.<\/li>\n<li>Einfach zu installieren.<\/li>\n<li>Erh\u00e4ltlich in der Farbe grau.<\/li>\n<\/ul>\n<p><strong>Hinweis:<\/strong> Dieses Produkt ist nicht auf Lager, sondern wird auf Bestellung hergestellt. Lieferfrist: 4-5 Wochen ab Bestellung.<\/p>\n<ul>\n<li><strong>Werkstoff:<\/strong> Polyethylen hoher Dichte (HDPE) mit einer leitf\u00e4higen thermoplastischen Verbindung<\/li>\n<li><strong>Farbe:<\/strong> Grau<\/li>\n<li><strong>Abmessungen: <\/strong>Erh\u00e4ltlich in Au\u00dfendurchmessern (OD) von 16mm bis 110mm<\/li>\n<\/ul>\n<p>Haben Sie spezielle Anforderungen an ein Schlauchschutzprodukt? Nehmen Sie Kontakt mit unserem Team auf oder fordern Sie ein Angebot an.<\/p>\n","protected":false},"featured_media":66320,"template":"","meta":{"_et_pb_use_builder":"on","_et_pb_old_content":"","_et_gb_content_width":"","om_disable_all_campaigns":false},"product_brand":[],"product_cat":[560,553,552,558],"product_tag":[],"class_list":{"0":"post-146178","1":"product","2":"type-product","3":"status-publish","4":"has-post-thumbnail","6":"product_cat-andere-spiralschlauchwicklungen","7":"product_cat-safeplast-de","8":"product_cat-schlauchschutz","9":"product_cat-spiralen","11":"first","12":"instock","13":"taxable","14":"shipping-taxable","15":"product-type-simple"},"_links":{"self":[{"href":"https:\/\/caplugs.eu\/de\/wp-json\/wp\/v2\/product\/146178","targetHints":{"allow":["GET"]}}],"collection":[{"href":"https:\/\/caplugs.eu\/de\/wp-json\/wp\/v2\/product"}],"about":[{"href":"https:\/\/caplugs.eu\/de\/wp-json\/wp\/v2\/types\/product"}],"wp:featuredmedia":[{"embeddable":true,"href":"https:\/\/caplugs.eu\/de\/wp-json\/wp\/v2\/media\/66320"}],"wp:attachment":[{"href":"https:\/\/caplugs.eu\/de\/wp-json\/wp\/v2\/media?parent=146178"}],"wp:term":[{"taxonomy":"product_brand","embeddable":true,"href":"https:\/\/caplugs.eu\/de\/wp-json\/wp\/v2\/product_brand?post=146178"},{"taxonomy":"product_cat","embeddable":true,"href":"https:\/\/caplugs.eu\/de\/wp-json\/wp\/v2\/product_cat?post=146178"},{"taxonomy":"product_tag","embeddable":true,"href":"https:\/\/caplugs.eu\/de\/wp-json\/wp\/v2\/product_tag?post=146178"}],"curies":[{"name":"wp","href":"https:\/\/api.w.org\/{rel}","templated":true}]}}