{"id":145373,"date":"2023-08-02T22:13:08","date_gmt":"2023-08-02T22:13:08","guid":{"rendered":"https:\/\/caplugs.eu\/product\/rechteckige-vinyl-endkappen-und-griffe-schwarz\/"},"modified":"2023-12-18T12:26:17","modified_gmt":"2023-12-18T12:26:17","slug":"rechteckige-vinyl-endkappen-und-griffe-schwarz","status":"publish","type":"product","link":"https:\/\/caplugs.eu\/de\/produkt\/rechteckige-vinyl-endkappen-und-griffe-schwarz\/","title":{"rendered":"Rechteckige Vinyl-Endkappen und Griffe &#8211; schwarz"},"content":{"rendered":"<p>[et_pb_section fb_built=&#8220;1&#8243; _builder_version=&#8220;4.19.1&#8243; min_height=&#8220;810.4px&#8220; custom_padding=&#8220;0px||0px||false|false&#8220; global_colors_info=&#8220;{}&#8220;][et_pb_row _builder_version=&#8220;4.16&#8243; background_size=&#8220;initial&#8220; background_position=&#8220;top_left&#8220; background_repeat=&#8220;repeat&#8220; width=&#8220;100%&#8220; custom_padding=&#8220;0px||0px||false|false&#8220; global_colors_info=&#8220;{}&#8220;][et_pb_column type=&#8220;4_4&#8243; _builder_version=&#8220;4.16&#8243; custom_padding=&#8220;|||&#8220; global_colors_info=&#8220;{}&#8220; custom_padding__hover=&#8220;|||&#8220;][et_pb_wc_breadcrumb _builder_version=&#8220;4.16&#8243; global_colors_info=&#8220;{}&#8220;][\/et_pb_wc_breadcrumb][et_pb_wc_cart_notice _builder_version=&#8220;4.16&#8243; global_colors_info=&#8220;{}&#8220;][\/et_pb_wc_cart_notice][\/et_pb_column][\/et_pb_row][et_pb_row column_structure=&#8220;1_2,1_2&#8243; _builder_version=&#8220;4.16&#8243; background_size=&#8220;initial&#8220; background_position=&#8220;top_left&#8220; background_repeat=&#8220;repeat&#8220; width=&#8220;100%&#8220; custom_padding=&#8220;0px||||false|false&#8220; global_colors_info=&#8220;{}&#8220;][et_pb_column type=&#8220;1_2&#8243; _builder_version=&#8220;4.16&#8243; custom_padding=&#8220;|||&#8220; global_colors_info=&#8220;{}&#8220; custom_padding__hover=&#8220;|||&#8220;][et_pb_wc_images _builder_version=&#8220;4.16&#8243; global_colors_info=&#8220;{}&#8220;][\/et_pb_wc_images][\/et_pb_column][et_pb_column type=&#8220;1_2&#8243; _builder_version=&#8220;4.16&#8243; custom_padding=&#8220;|||&#8220; global_colors_info=&#8220;{}&#8220; custom_padding__hover=&#8220;|||&#8220;][et_pb_wc_title _builder_version=&#8220;4.16&#8243; global_colors_info=&#8220;{}&#8220;][\/et_pb_wc_title][et_pb_wc_rating _builder_version=&#8220;4.16&#8243; global_colors_info=&#8220;{}&#8220;][\/et_pb_wc_rating][et_pb_wc_description _builder_version=&#8220;4.16&#8243; global_colors_info=&#8220;{}&#8220;][\/et_pb_wc_description][et_pb_button button_url=&#8220;@ET-DC@eyJkeW5hbWljIjp0cnVlLCJjb250ZW50IjoicG9zdF9saW5rX3VybF9wYWdlIiwic2V0dGluZ3MiOnsicG9zdF9pZCI6IjExODQxIn19@&#8220; button_text=&#8220;Angebot anfordern&#8220; _builder_version=&#8220;4.22.1&#8243; _dynamic_attributes=&#8220;button_url&#8220; _module_preset=&#8220;default&#8220; custom_margin=&#8220;0px||||false|false&#8220; locked=&#8220;off&#8220; global_colors_info=&#8220;{}&#8220;][\/et_pb_button][et_pb_wc_add_to_cart _builder_version=&#8220;4.16&#8243; global_colors_info=&#8220;{}&#8220;][\/et_pb_wc_add_to_cart][et_pb_wc_meta _builder_version=&#8220;4.16&#8243; global_colors_info=&#8220;{}&#8220;][\/et_pb_wc_meta][\/et_pb_column][\/et_pb_row][\/et_pb_section]<\/p>\n","protected":false},"excerpt":{"rendered":"<h3>Eine flexible und vielseitige Vinylkappe mit einem flachen Ende<\/h3>\n<p>Die rechteckigen Finishing-Kappen und -Griffe der VRF-Serie haben ein geschlossenes, flaches Ende, um die fertigen Produkte zu sch\u00fctzen und ihre Lebensdauer zu verl\u00e4ngern. Die Vinylkappen werden in einer Reihe von Branchen und Anwendungen eingesetzt, unter anderem in den Bereichen erneuerbare Energien, Schifffahrt, Landwirtschaft, \u00f6ffentliche Infrastruktur und Robotik.<\/p>\n<ul>\n<li>Die aus hochwertigem Vinyl gefertigten Kappen sind widerstandsf\u00e4hig gegen Verschlei\u00df, UV-Strahlung und die meisten Industriechemikalien.<\/li>\n<li>Die Flexibilit\u00e4t des Materials sorgt daf\u00fcr, dass die Schutzkappe gut \u00fcber das Bauteil passt und geringe Gr\u00f6\u00dfenunterschiede ausgleicht.<\/li>\n<li>Die Kappen sch\u00fctzen das Produkt vor Sch\u00e4den durch Feuchtigkeit oder Staub, die die Leistung und Langlebigkeit des Produkts beeintr\u00e4chtigen k\u00f6nnten.<\/li>\n<li>Die rechteckigen Vinylkappen k\u00f6nnen mit einem Firmennamen oder Logo personalisiert werden.<\/li>\n<li>Betriebstemperatur von -32 bis 176\u00b0C (-26 bis 350\u00b0F).<\/li>\n<li>In der Automobilindustrie werden Vinylkappen verwendet, um freiliegende Klemmen und Stecker zu sch\u00fctzen.<\/li>\n<li>Mit diesen Vinylkappen sch\u00fctzen Sie die Anschl\u00fcsse elektronischer Ger\u00e4te vor Staub und Schmutz.<\/li>\n<li>Im Baugewerbe k\u00f6nnen freiliegende Metallstangen oder -rohre Verletzungen verursachen. Diese rechteckigen Vinylkappen k\u00f6nnen Arbeitnehmer vor Sch\u00e4den sch\u00fctzen.<\/li>\n<li>Sch\u00fctzt die Enden von rechteckigen Metallteilen, die in M\u00f6belst\u00fccken verwendet werden, und sorgt so f\u00fcr eine glatte Oberfl\u00e4che und ein attraktiveres Aussehen.<\/li>\n<li>In \u00f6ffentlichen Verkehrssystemen sind Vinylkappen zum Abdecken von freiliegenden Terminals und Anschl\u00fcssen unerl\u00e4sslich, um die Sicherheit von Mitarbeitern und Fahrg\u00e4sten zu erh\u00f6hen.<\/li>\n<li>Die Standardfarbe ist schwarz und verleiht Ihrer Einrichtung eine ansprechende Optik.<\/li>\n<\/ul>\n<p><strong>Hinweis:<\/strong> Dieses Produkt ist auf Anfrage in weiteren Farben erh\u00e4ltlich.<\/p>\n<ul>\n<li><strong>Material:<\/strong> Vinyl<\/li>\n<li><strong>Farbe:<\/strong> Schwarz<\/li>\n<li><strong>Abmessungen:<\/strong> mm<\/li>\n<\/ul>\n<p>Haben Sie besondere Anforderungen an ein Vinylkappenprodukt? Nehmen Sie Kontakt mit unserem Team auf oder fordern Sie ein Angebot an.<\/p>\n","protected":false},"featured_media":66789,"template":"","meta":{"_et_pb_use_builder":"on","_et_pb_old_content":"","_et_gb_content_width":"","om_disable_all_campaigns":false},"product_brand":[],"product_cat":[590,578],"product_tag":[],"class_list":{"0":"post-145373","1":"product","2":"type-product","3":"status-publish","4":"has-post-thumbnail","6":"product_cat-rechteckige-vinylkappen","7":"product_cat-vinyl-kappen","9":"first","10":"instock","11":"taxable","12":"shipping-taxable","13":"purchasable","14":"product-type-variable"},"_links":{"self":[{"href":"https:\/\/caplugs.eu\/de\/wp-json\/wp\/v2\/product\/145373","targetHints":{"allow":["GET"]}}],"collection":[{"href":"https:\/\/caplugs.eu\/de\/wp-json\/wp\/v2\/product"}],"about":[{"href":"https:\/\/caplugs.eu\/de\/wp-json\/wp\/v2\/types\/product"}],"wp:featuredmedia":[{"embeddable":true,"href":"https:\/\/caplugs.eu\/de\/wp-json\/wp\/v2\/media\/66789"}],"wp:attachment":[{"href":"https:\/\/caplugs.eu\/de\/wp-json\/wp\/v2\/media?parent=145373"}],"wp:term":[{"taxonomy":"product_brand","embeddable":true,"href":"https:\/\/caplugs.eu\/de\/wp-json\/wp\/v2\/product_brand?post=145373"},{"taxonomy":"product_cat","embeddable":true,"href":"https:\/\/caplugs.eu\/de\/wp-json\/wp\/v2\/product_cat?post=145373"},{"taxonomy":"product_tag","embeddable":true,"href":"https:\/\/caplugs.eu\/de\/wp-json\/wp\/v2\/product_tag?post=145373"}],"curies":[{"name":"wp","href":"https:\/\/api.w.org\/{rel}","templated":true}]}}