{"id":145130,"date":"2023-08-02T21:12:14","date_gmt":"2023-08-02T21:12:14","guid":{"rendered":"https:\/\/caplugs.eu\/product\/runde-vinylkappen-gelb\/"},"modified":"2023-12-18T12:44:34","modified_gmt":"2023-12-18T12:44:34","slug":"runde-vinylkappen-gelb","status":"publish","type":"product","link":"https:\/\/caplugs.eu\/de\/produkt\/runde-vinylkappen-gelb\/","title":{"rendered":"Runde Vinylkappen &#8211; gelb"},"content":{"rendered":"<p>[et_pb_section fb_built=&#8220;1&#8243; _builder_version=&#8220;4.16&#8243; custom_padding=&#8220;0px||||false|false&#8220; global_colors_info=&#8220;{}&#8220;][et_pb_row _builder_version=&#8220;4.16&#8243; background_size=&#8220;initial&#8220; background_position=&#8220;top_left&#8220; background_repeat=&#8220;repeat&#8220; width=&#8220;100%&#8220; custom_padding=&#8220;0px||0px||false|false&#8220; global_colors_info=&#8220;{}&#8220;][et_pb_column type=&#8220;4_4&#8243; _builder_version=&#8220;4.16&#8243; custom_padding=&#8220;|||&#8220; global_colors_info=&#8220;{}&#8220; custom_padding__hover=&#8220;|||&#8220;][et_pb_wc_breadcrumb _builder_version=&#8220;4.16&#8243; global_colors_info=&#8220;{}&#8220;][\/et_pb_wc_breadcrumb][et_pb_wc_cart_notice _builder_version=&#8220;4.16&#8243; global_colors_info=&#8220;{}&#8220;][\/et_pb_wc_cart_notice][\/et_pb_column][\/et_pb_row][et_pb_row column_structure=&#8220;1_2,1_2&#8243; _builder_version=&#8220;4.16&#8243; background_size=&#8220;initial&#8220; background_position=&#8220;top_left&#8220; background_repeat=&#8220;repeat&#8220; width=&#8220;100%&#8220; custom_padding=&#8220;0px||||false|false&#8220; global_colors_info=&#8220;{}&#8220;][et_pb_column type=&#8220;1_2&#8243; _builder_version=&#8220;4.16&#8243; custom_padding=&#8220;|||&#8220; global_colors_info=&#8220;{}&#8220; custom_padding__hover=&#8220;|||&#8220;][et_pb_wc_images _builder_version=&#8220;4.16&#8243; global_colors_info=&#8220;{}&#8220;][\/et_pb_wc_images][\/et_pb_column][et_pb_column type=&#8220;1_2&#8243; _builder_version=&#8220;4.16&#8243; custom_padding=&#8220;|||&#8220; global_colors_info=&#8220;{}&#8220; custom_padding__hover=&#8220;|||&#8220;][et_pb_wc_title _builder_version=&#8220;4.16&#8243; global_colors_info=&#8220;{}&#8220;][\/et_pb_wc_title][et_pb_wc_rating _builder_version=&#8220;4.16&#8243; global_colors_info=&#8220;{}&#8220;][\/et_pb_wc_rating][et_pb_wc_price _builder_version=&#8220;4.16&#8243; global_colors_info=&#8220;{}&#8220;][\/et_pb_wc_price][et_pb_wc_description _builder_version=&#8220;4.16&#8243; global_colors_info=&#8220;{}&#8220;][\/et_pb_wc_description][et_pb_button button_url=&#8220;@ET-DC@eyJkeW5hbWljIjp0cnVlLCJjb250ZW50IjoicG9zdF9saW5rX3VybF9wYWdlIiwic2V0dGluZ3MiOnsicG9zdF9pZCI6IjExODQxIn19@&#8220; button_text=&#8220;Angebot anfordern&#8220; _builder_version=&#8220;4.22.1&#8243; _dynamic_attributes=&#8220;button_url&#8220; _module_preset=&#8220;default&#8220; custom_button=&#8220;on&#8220; custom_margin=&#8220;0px||||false|false&#8220; locked=&#8220;off&#8220; global_colors_info=&#8220;{}&#8220;][\/et_pb_button][et_pb_wc_add_to_cart _builder_version=&#8220;4.16&#8243; global_colors_info=&#8220;{}&#8220;][\/et_pb_wc_add_to_cart][et_pb_wc_meta _builder_version=&#8220;4.16&#8243; global_colors_info=&#8220;{}&#8220;][\/et_pb_wc_meta][\/et_pb_column][\/et_pb_row][et_pb_row _builder_version=&#8220;4.16&#8243; background_size=&#8220;initial&#8220; background_position=&#8220;top_left&#8220; background_repeat=&#8220;repeat&#8220; width=&#8220;100%&#8220; global_colors_info=&#8220;{}&#8220;][et_pb_column type=&#8220;4_4&#8243; _builder_version=&#8220;4.16&#8243; custom_padding=&#8220;|||&#8220; global_colors_info=&#8220;{}&#8220; custom_padding__hover=&#8220;|||&#8220;][et_pb_wc_tabs include_tabs=&#8220;|additional_information&#8220; _builder_version=&#8220;4.19.1&#8243; global_colors_info=&#8220;{}&#8220;] [\/et_pb_wc_tabs][et_pb_wc_upsells _builder_version=&#8220;4.19.1&#8243; global_colors_info=&#8220;{}&#8220;][\/et_pb_wc_upsells][\/et_pb_column][\/et_pb_row][\/et_pb_section]<\/p>\n","protected":false},"excerpt":{"rendered":"<h3>Eine flexible und vielseitige Vinylkappe f\u00fcr den Produktschutz<\/h3>\n<p>Die runden Vinylkappen der VC-Serie decken die Produkte ab und sch\u00fctzen sie vor Verschmutzung oder versehentlicher Besch\u00e4digung. Diese runden Vinylkappen sind unverzichtbare Werkzeuge in der Bau-, Automobil-, Elektronik- und Agrarindustrie.<\/p>\n<ul>\n<li>Die runden Vinylkappen sind aus hochwertigem Vinyl gefertigt, flexibel und robust.<\/li>\n<li>Die Vinylkappen lassen sich aufgrund des festen Sitzes nicht so leicht abnehmen.<\/li>\n<li>Neben dem Gewindeschutz kann dieses vielseitige Produkt auch als Rohrendkappe f\u00fcr Stangen und Rohre oder als Schutzkappe zum Schutz der Anwender vor scharfen Kanten verwendet werden.<\/li>\n<li>Sie sind f\u00fcr den Einsatz bei Temperaturen von -32 bis 176 \u00baC (-26 bis 350 \u00baF) geeignet und somit ideal f\u00fcr Innen- und Au\u00dfenanwendungen.<\/li>\n<li>Die runden Vinylkappen werden in der Bauindustrie verwendet, um freiliegende Bewehrungsenden abzudecken und die Verletzungsgefahr f\u00fcr die Mitarbeiter zu verringern.<\/li>\n<li>Ideal f\u00fcr den Schutz von ungenutzten Anschl\u00fcssen oder Klemmen in Kfz-Baugruppen.<\/li>\n<li>In der Elektronikindustrie werden runde Vinylkappen verwendet, um scharfe Klemmen oder Stecker abzudecken und so die Sicherheit beim Transport oder bei der Montage zu gew\u00e4hrleisten.<\/li>\n<li>In der Landwirtschaft und anderen Industriezweigen k\u00f6nnen die runden Vinylkappen zur Abdeckung freiliegender Enden von Stangen oder Rohren in landwirtschaftlichen Ger\u00e4ten verwendet werden, um die Sicherheit der Arbeiter zu erh\u00f6hen.<\/li>\n<li>Die runden Vinylkappen k\u00f6nnen als Endkappen f\u00fcr Rohre w\u00e4hrend der Lagerung oder des Transports verwendet werden und verhindern, dass Schmutz oder Feuchtigkeit in die Produkte eindringen.<\/li>\n<li>Die Standardfarbe der runden Vinylkappen ist gelb, wodurch sie in verschiedenen Umgebungen leicht zu erkennen sind.<\/li>\n<\/ul>\n<p><strong>Hinweis:<\/strong> Dieses Produkt ist auf Anfrage in weiteren Farben erh\u00e4ltlich.<\/p>\n<ul>\n<li><strong>Material:<\/strong> Vinyl<\/li>\n<li><strong>Farbe:<\/strong> Gelb<\/li>\n<li><strong>Abmessungen:<\/strong> mm<\/li>\n<\/ul>\n<p>Haben Sie besondere Anforderungen an ein Vinylkappenprodukt? Nehmen Sie Kontakt mit unserem Team auf oder fordern Sie ein Angebot an.<\/p>\n","protected":false},"featured_media":66771,"template":"","meta":{"_et_pb_use_builder":"on","_et_pb_old_content":"","_et_gb_content_width":"","om_disable_all_campaigns":false},"product_brand":[],"product_cat":[589,578],"product_tag":[],"class_list":{"0":"post-145130","1":"product","2":"type-product","3":"status-publish","4":"has-post-thumbnail","6":"product_cat-runde-vinylkappen","7":"product_cat-vinyl-kappen","9":"first","10":"instock","11":"taxable","12":"shipping-taxable","13":"purchasable","14":"product-type-variable"},"_links":{"self":[{"href":"https:\/\/caplugs.eu\/de\/wp-json\/wp\/v2\/product\/145130","targetHints":{"allow":["GET"]}}],"collection":[{"href":"https:\/\/caplugs.eu\/de\/wp-json\/wp\/v2\/product"}],"about":[{"href":"https:\/\/caplugs.eu\/de\/wp-json\/wp\/v2\/types\/product"}],"wp:featuredmedia":[{"embeddable":true,"href":"https:\/\/caplugs.eu\/de\/wp-json\/wp\/v2\/media\/66771"}],"wp:attachment":[{"href":"https:\/\/caplugs.eu\/de\/wp-json\/wp\/v2\/media?parent=145130"}],"wp:term":[{"taxonomy":"product_brand","embeddable":true,"href":"https:\/\/caplugs.eu\/de\/wp-json\/wp\/v2\/product_brand?post=145130"},{"taxonomy":"product_cat","embeddable":true,"href":"https:\/\/caplugs.eu\/de\/wp-json\/wp\/v2\/product_cat?post=145130"},{"taxonomy":"product_tag","embeddable":true,"href":"https:\/\/caplugs.eu\/de\/wp-json\/wp\/v2\/product_tag?post=145130"}],"curies":[{"name":"wp","href":"https:\/\/api.w.org\/{rel}","templated":true}]}}