{"id":143888,"date":"2023-07-27T20:02:58","date_gmt":"2023-07-27T20:02:58","guid":{"rendered":"https:\/\/caplugs.eu\/product\/kunststoff-schutzkappen\/"},"modified":"2023-12-18T12:12:16","modified_gmt":"2023-12-18T12:12:16","slug":"kunststoff-schutzkappen","status":"publish","type":"product","link":"https:\/\/caplugs.eu\/de\/produkt\/kunststoff-schutzkappen\/","title":{"rendered":"Kunststoff-Schutzkappen"},"content":{"rendered":"<p>[et_pb_section fb_built=&#8220;1&#8243; _builder_version=&#8220;4.21.0&#8243; min_height=&#8220;810.4px&#8220; custom_padding=&#8220;0px||0px||false|false&#8220; global_colors_info=&#8220;{}&#8220;][et_pb_row _builder_version=&#8220;4.16&#8243; background_size=&#8220;initial&#8220; background_position=&#8220;top_left&#8220; background_repeat=&#8220;repeat&#8220; width=&#8220;100%&#8220; custom_padding=&#8220;0px||0px||false|false&#8220; global_colors_info=&#8220;{}&#8220;][et_pb_column type=&#8220;4_4&#8243; _builder_version=&#8220;4.16&#8243; custom_padding=&#8220;|||&#8220; global_colors_info=&#8220;{}&#8220; custom_padding__hover=&#8220;|||&#8220;][et_pb_wc_cart_notice _builder_version=&#8220;4.16&#8243; global_colors_info=&#8220;{}&#8220;][\/et_pb_wc_cart_notice][\/et_pb_column][\/et_pb_row][et_pb_row column_structure=&#8220;2_5,3_5&#8243; _builder_version=&#8220;4.21.0&#8243; background_size=&#8220;initial&#8220; background_position=&#8220;top_left&#8220; background_repeat=&#8220;repeat&#8220; width=&#8220;100%&#8220; custom_padding=&#8220;0px||||false|false&#8220; global_colors_info=&#8220;{}&#8220;][et_pb_column type=&#8220;2_5&#8243; _builder_version=&#8220;4.16&#8243; custom_padding=&#8220;|||&#8220; global_colors_info=&#8220;{}&#8220; custom_padding__hover=&#8220;|||&#8220;][et_pb_wc_images _builder_version=&#8220;4.21.0&#8243; sticky_position=&#8220;top&#8220; sticky_offset_top=&#8220;5px&#8220; sticky_limit_bottom=&#8220;section&#8220; sticky_position_tablet=&#8220;none&#8220; sticky_position_phone=&#8220;none&#8220; sticky_position_last_edited=&#8220;on|desktop&#8220; global_colors_info=&#8220;{}&#8220;][\/et_pb_wc_images][\/et_pb_column][et_pb_column type=&#8220;3_5&#8243; _builder_version=&#8220;4.16&#8243; custom_padding=&#8220;|||&#8220; global_colors_info=&#8220;{}&#8220; custom_padding__hover=&#8220;|||&#8220;][et_pb_wc_breadcrumb _builder_version=&#8220;4.16&#8243; global_colors_info=&#8220;{}&#8220;][\/et_pb_wc_breadcrumb][et_pb_wc_title _builder_version=&#8220;4.21.0&#8243; header_font=&#8220;|700|||||||&#8220; custom_margin=&#8220;-16px||||false|false&#8220; global_colors_info=&#8220;{}&#8220;][\/et_pb_wc_title][et_pb_wc_rating _builder_version=&#8220;4.16&#8243; global_colors_info=&#8220;{}&#8220;][\/et_pb_wc_rating][et_pb_wc_price _builder_version=&#8220;4.16&#8243; global_colors_info=&#8220;{}&#8220;][\/et_pb_wc_price][et_pb_wc_description _builder_version=&#8220;4.21.0&#8243; body_font=&#8220;|300|||||||&#8220; body_font_size=&#8220;16px&#8220; custom_margin=&#8220;-12px||||false|false&#8220; global_colors_info=&#8220;{}&#8220;][\/et_pb_wc_description][et_pb_button button_url=&#8220;@ET-DC@eyJkeW5hbWljIjp0cnVlLCJjb250ZW50IjoicG9zdF9saW5rX3VybF9wYWdlIiwic2V0dGluZ3MiOnsicG9zdF9pZCI6IjExODQxIn19@&#8220; button_text=&#8220;Angebot anfordern&#8220; _builder_version=&#8220;4.22.1&#8243; _dynamic_attributes=&#8220;button_url&#8220; _module_preset=&#8220;default&#8220; custom_margin=&#8220;-24px||||false|false&#8220; hover_enabled=&#8220;0&#8243; global_colors_info=&#8220;{}&#8220; sticky_enabled=&#8220;0&#8243;][\/et_pb_button][et_pb_image src=&#8220;https:\/\/caplugs.eu\/wp-content\/uploads\/2023\/07\/Scherm\u00adafbeelding-2023-07-27-om-22.04.55.png&#8220; title_text=&#8220;Schermafbeelding 2023-07-27 om 22.04.55&#8243; show_in_lightbox=&#8220;on&#8220; force_fullwidth=&#8220;on&#8220; _builder_version=&#8220;4.21.0&#8243; _module_preset=&#8220;default&#8220; custom_css_main_element=&#8220;cursor: pointer;&#8220; global_colors_info=&#8220;{}&#8220;][\/et_pb_image][et_pb_image src=&#8220;https:\/\/caplugs.eu\/wp-content\/uploads\/2023\/07\/Scherm\u00adafbeelding-2023-07-27-om-22.05.15.png&#8220; title_text=&#8220;Schermafbeelding 2023-07-27 om 22.05.15&#8243; show_in_lightbox=&#8220;on&#8220; force_fullwidth=&#8220;on&#8220; _builder_version=&#8220;4.21.0&#8243; _module_preset=&#8220;default&#8220; custom_css_main_element=&#8220;cursor: pointer;&#8220; global_colors_info=&#8220;{}&#8220;][\/et_pb_image][et_pb_wc_add_to_cart _builder_version=&#8220;4.16&#8243; global_colors_info=&#8220;{}&#8220;][\/et_pb_wc_add_to_cart][et_pb_wc_meta _builder_version=&#8220;4.16&#8243; global_colors_info=&#8220;{}&#8220;][\/et_pb_wc_meta][\/et_pb_column][\/et_pb_row][\/et_pb_section]<\/p>\n","protected":false},"excerpt":{"rendered":"<h3>Kunststoffkappen zum Schutz von ISO228- und DIN 2999-Rohrgewinden<\/h3>\n<p>Die Schutzkappe ist eine hochwertige Kunststoffkappe, die sich f\u00fcr eine Vielzahl von Anwendungen eignet, z. B. als Rohrendkappe, Gewindebolzenkappe und Schlauchkupplungsschutz. Die aus hochwertigem Kunststoff gefertigten Kappen sind nicht nur Schutzbarrieren, sondern auch Werkzeuge, die die Effizienz des Montageprozesses erh\u00f6hen und die Lebensdauer der Gewindeteile verl\u00e4ngern.<\/p>\n<ul>\n<li>Die aus hochwertigem, elastischem Kunststoff gefertigten Kunststoffkappen liegen eng an und bieten optimalen Schutz.<\/li>\n<li>Die Kappen sind f\u00fcr den Au\u00dfeneinsatz konzipiert und gew\u00e4hrleisten Langlebigkeit und Widerstandsf\u00e4higkeit gegen\u00fcber Umwelteinfl\u00fcssen.<\/li>\n<li>Erh\u00e4ltlich f\u00fcr ISO228- und DIN 2999-Rohrgewinde, was eine breite Palette von Anwendungsm\u00f6glichkeiten bietet.<\/li>\n<li>Werden als Rohrendkappen verwendet, um das Eindringen von Verunreinigungen in das Rohr zu verhindern.<\/li>\n<li>Wirksamer Schutz f\u00fcr Gewindebolzen vor physischen Sch\u00e4den und Umwelteinfl\u00fcssen.<\/li>\n<li>Verbessert die Sicherheit der Arbeitnehmer.<\/li>\n<li>Sch\u00fctzt Schlauchkupplungen vor m\u00f6glichen Sch\u00e4den bei Lagerung oder Transport.<\/li>\n<li>Erh\u00e4ltlich in der Farbe Rot, um die Sichtbarkeit zu gew\u00e4hrleisten.<\/li>\n<\/ul>\n<p><strong>Hinweis:<\/strong> Dieses Produkt ist auf Anfrage in weiteren Farben erh\u00e4ltlich.<\/p>\n<ul>\n<li><strong>Material:<\/strong> Polyethylen niedriger Dichte (LDPE)<\/li>\n<li><strong>Farbe:<\/strong> Rot<\/li>\n<li><strong>Abmessungen:<\/strong> mm<\/li>\n<\/ul>\n<p>Haben Sie besondere Anforderungen an ein Kunststoffprodukt ohne Gewinde? Nehmen Sie Kontakt mit unserem Team auf oder fordern Sie ein Angebot an.<\/p>\n","protected":false},"featured_media":66560,"template":"","meta":{"_et_pb_use_builder":"on","_et_pb_old_content":"","_et_gb_content_width":"","om_disable_all_campaigns":false},"product_brand":[],"product_cat":[524,547],"product_tag":[],"class_list":{"0":"post-143888","1":"product","2":"type-product","3":"status-publish","4":"has-post-thumbnail","6":"product_cat-kiba-de","7":"product_cat-kunststoffkappen-ohne-gewinde","9":"first","10":"instock","11":"taxable","12":"shipping-taxable","13":"product-type-simple"},"_links":{"self":[{"href":"https:\/\/caplugs.eu\/de\/wp-json\/wp\/v2\/product\/143888","targetHints":{"allow":["GET"]}}],"collection":[{"href":"https:\/\/caplugs.eu\/de\/wp-json\/wp\/v2\/product"}],"about":[{"href":"https:\/\/caplugs.eu\/de\/wp-json\/wp\/v2\/types\/product"}],"wp:featuredmedia":[{"embeddable":true,"href":"https:\/\/caplugs.eu\/de\/wp-json\/wp\/v2\/media\/66560"}],"wp:attachment":[{"href":"https:\/\/caplugs.eu\/de\/wp-json\/wp\/v2\/media?parent=143888"}],"wp:term":[{"taxonomy":"product_brand","embeddable":true,"href":"https:\/\/caplugs.eu\/de\/wp-json\/wp\/v2\/product_brand?post=143888"},{"taxonomy":"product_cat","embeddable":true,"href":"https:\/\/caplugs.eu\/de\/wp-json\/wp\/v2\/product_cat?post=143888"},{"taxonomy":"product_tag","embeddable":true,"href":"https:\/\/caplugs.eu\/de\/wp-json\/wp\/v2\/product_tag?post=143888"}],"curies":[{"name":"wp","href":"https:\/\/api.w.org\/{rel}","templated":true}]}}