{"id":143846,"date":"2023-08-02T23:53:45","date_gmt":"2023-08-02T23:53:45","guid":{"rendered":"https:\/\/caplugs.eu\/product\/lange-flache-ergonomische-vinyl-kappen-mit-zuglasche-gelb\/"},"modified":"2023-12-18T12:13:54","modified_gmt":"2023-12-18T12:13:54","slug":"lange-flache-ergonomische-vinyl-kappen-mit-zuglasche-gelb","status":"publish","type":"product","link":"https:\/\/caplugs.eu\/de\/produkt\/lange-flache-ergonomische-vinyl-kappen-mit-zuglasche-gelb\/","title":{"rendered":"Lange, flache, ergonomische Vinyl-Kappen mit Zuglasche &#8211; gelb"},"content":{"rendered":"<p>[et_pb_section fb_built=&#8220;1&#8243; _builder_version=&#8220;4.16&#8243; custom_padding=&#8220;0px||||false|false&#8220; global_colors_info=&#8220;{}&#8220;][et_pb_row _builder_version=&#8220;4.16&#8243; background_size=&#8220;initial&#8220; background_position=&#8220;top_left&#8220; background_repeat=&#8220;repeat&#8220; width=&#8220;100%&#8220; custom_padding=&#8220;0px||0px||false|false&#8220; global_colors_info=&#8220;{}&#8220;][et_pb_column type=&#8220;4_4&#8243; _builder_version=&#8220;4.16&#8243; custom_padding=&#8220;|||&#8220; global_colors_info=&#8220;{}&#8220; custom_padding__hover=&#8220;|||&#8220;][et_pb_wc_breadcrumb _builder_version=&#8220;4.16&#8243; global_colors_info=&#8220;{}&#8220;][\/et_pb_wc_breadcrumb][et_pb_wc_cart_notice _builder_version=&#8220;4.16&#8243; global_colors_info=&#8220;{}&#8220;][\/et_pb_wc_cart_notice][\/et_pb_column][\/et_pb_row][et_pb_row column_structure=&#8220;1_2,1_2&#8243; _builder_version=&#8220;4.16&#8243; background_size=&#8220;initial&#8220; background_position=&#8220;top_left&#8220; background_repeat=&#8220;repeat&#8220; width=&#8220;100%&#8220; custom_padding=&#8220;0px||||false|false&#8220; global_colors_info=&#8220;{}&#8220;][et_pb_column type=&#8220;1_2&#8243; _builder_version=&#8220;4.16&#8243; custom_padding=&#8220;|||&#8220; global_colors_info=&#8220;{}&#8220; custom_padding__hover=&#8220;|||&#8220;][et_pb_wc_images _builder_version=&#8220;4.16&#8243; global_colors_info=&#8220;{}&#8220;][\/et_pb_wc_images][\/et_pb_column][et_pb_column type=&#8220;1_2&#8243; _builder_version=&#8220;4.16&#8243; custom_padding=&#8220;|||&#8220; global_colors_info=&#8220;{}&#8220; custom_padding__hover=&#8220;|||&#8220;][et_pb_wc_title _builder_version=&#8220;4.16&#8243; global_colors_info=&#8220;{}&#8220;][\/et_pb_wc_title][et_pb_wc_rating _builder_version=&#8220;4.16&#8243; global_colors_info=&#8220;{}&#8220;][\/et_pb_wc_rating][et_pb_wc_price _builder_version=&#8220;4.16&#8243; global_colors_info=&#8220;{}&#8220;][\/et_pb_wc_price][et_pb_wc_description _builder_version=&#8220;4.16&#8243; global_colors_info=&#8220;{}&#8220;][\/et_pb_wc_description][et_pb_button button_url=&#8220;@ET-DC@eyJkeW5hbWljIjp0cnVlLCJjb250ZW50IjoicG9zdF9saW5rX3VybF9wYWdlIiwic2V0dGluZ3MiOnsicG9zdF9pZCI6IjExODQxIn19@&#8220; button_text=&#8220;Angebot anfordern&#8220; admin_label=&#8220;Button&#8220; _builder_version=&#8220;4.22.1&#8243; _dynamic_attributes=&#8220;button_url&#8220; _module_preset=&#8220;default&#8220; custom_margin=&#8220;0px||||false|false&#8220; hover_enabled=&#8220;0&#8243; locked=&#8220;off&#8220; global_colors_info=&#8220;{}&#8220; sticky_enabled=&#8220;0&#8243;][\/et_pb_button][et_pb_wc_add_to_cart _builder_version=&#8220;4.16&#8243; global_colors_info=&#8220;{}&#8220;][\/et_pb_wc_add_to_cart][et_pb_wc_meta _builder_version=&#8220;4.16&#8243; global_colors_info=&#8220;{}&#8220;][\/et_pb_wc_meta][\/et_pb_column][\/et_pb_row][\/et_pb_section]<\/p>\n","protected":false},"excerpt":{"rendered":"<h3>Eine Vinylkappe mit einer langen, flachen, ergonomischen Zuglasche zum einfachen Entfernen<\/h3>\n<p>Die Vinyl-Zuglaschenkappen der VFE-Serie haben einen langen, flachen Griff. Dank ihres ergonomischen Designs lassen sich die Laschen leicht und ohne Werkzeug entfernen. Die Vinylkappen werden in verschiedenen Branchen und Anwendungen eingesetzt, unter anderem in der Bau-, Elektronik- und Automobilindustrie sowie f\u00fcr Hydrauliksysteme.<\/p>\n<ul>\n<li>Hergestellt aus hochwertigem Vinyl, einem Material, das daf\u00fcr sorgt, dass die Kappen fest auf dem Bauteil sitzen.<\/li>\n<li>Der flache Griff an der Oberseite der Kappe erm\u00f6glicht ein einfaches Abnehmen mit der Hand ohne Werkzeug.<\/li>\n<li>Die Vinylkappen sch\u00fctzen die Komponenten vor Feuchtigkeit, Staub und anderen Umweltverschmutzungen.<\/li>\n<li>Das robuste Vinylmaterial verhindert, dass die Kappen splittern, rei\u00dfen oder brechen.<\/li>\n<li>Die Vinylkappen sind hoch temperaturbest\u00e4ndig und widerstehen Temperaturen von -32 bis 176\u00b0C (-26 bis 350\u00b0F).<\/li>\n<li>In der Bauindustrie k\u00f6nnen Vinylkappen als Endkappen verwendet werden, um Metallstangen, Rohre oder andere Komponenten vor m\u00f6glichen Sch\u00e4den und Korrosion zu sch\u00fctzen.<\/li>\n<li>Die Vinylkappen sind eine effektive Abschirmung f\u00fcr Steckverbinder oder Kabelenden in der Elektronikindustrie.<\/li>\n<li>Diese Kappen k\u00f6nnen in der Automobilindustrie verwendet werden, um wichtige Komponenten w\u00e4hrend der Herstellung oder Reparatur zu sch\u00fctzen.<\/li>\n<li>Die Vinylkappen werden zur Abdeckung von Hydraulikverschraubungen verwendet, um Verunreinigungen zu vermeiden.<\/li>\n<li>Die Standardfarbe ist gelb.<\/li>\n<\/ul>\n<p><strong>Hinweis:<\/strong> Dieses Produkt ist auf Anfrage in weiteren Farben erh\u00e4ltlich.<\/p>\n<ul>\n<li><strong>Material:<\/strong> Vinyl<\/li>\n<li><strong>Farbe:<\/strong> Gelb<\/li>\n<li><strong>Abmessungen:<\/strong> mm<\/li>\n<\/ul>\n<p>Haben Sie besondere Anforderungen an ein Vinylkappenprodukt? Nehmen Sie Kontakt mit unserem Team auf oder fordern Sie ein Angebot an.<\/p>\n","protected":false},"featured_media":66808,"template":"","meta":{"_et_pb_use_builder":"on","_et_pb_old_content":"","_et_gb_content_width":"","om_disable_all_campaigns":false},"product_brand":[],"product_cat":[587,578],"product_tag":[],"class_list":{"0":"post-143846","1":"product","2":"type-product","3":"status-publish","4":"has-post-thumbnail","6":"product_cat-pull-tab-vinyl-kappen","7":"product_cat-vinyl-kappen","9":"first","10":"instock","11":"taxable","12":"shipping-taxable","13":"purchasable","14":"product-type-variable"},"_links":{"self":[{"href":"https:\/\/caplugs.eu\/de\/wp-json\/wp\/v2\/product\/143846","targetHints":{"allow":["GET"]}}],"collection":[{"href":"https:\/\/caplugs.eu\/de\/wp-json\/wp\/v2\/product"}],"about":[{"href":"https:\/\/caplugs.eu\/de\/wp-json\/wp\/v2\/types\/product"}],"wp:featuredmedia":[{"embeddable":true,"href":"https:\/\/caplugs.eu\/de\/wp-json\/wp\/v2\/media\/66808"}],"wp:attachment":[{"href":"https:\/\/caplugs.eu\/de\/wp-json\/wp\/v2\/media?parent=143846"}],"wp:term":[{"taxonomy":"product_brand","embeddable":true,"href":"https:\/\/caplugs.eu\/de\/wp-json\/wp\/v2\/product_brand?post=143846"},{"taxonomy":"product_cat","embeddable":true,"href":"https:\/\/caplugs.eu\/de\/wp-json\/wp\/v2\/product_cat?post=143846"},{"taxonomy":"product_tag","embeddable":true,"href":"https:\/\/caplugs.eu\/de\/wp-json\/wp\/v2\/product_tag?post=143846"}],"curies":[{"name":"wp","href":"https:\/\/api.w.org\/{rel}","templated":true}]}}