{"id":143498,"date":"2023-08-02T21:54:15","date_gmt":"2023-08-02T21:54:15","guid":{"rendered":"https:\/\/caplugs.eu\/product\/quadratische-vinylkappen-gelb\/"},"modified":"2023-12-18T12:11:49","modified_gmt":"2023-12-18T12:11:49","slug":"quadratische-vinylkappen-gelb","status":"publish","type":"product","link":"https:\/\/caplugs.eu\/de\/produkt\/quadratische-vinylkappen-gelb\/","title":{"rendered":"Quadratische Vinylkappen &#8211; gelb"},"content":{"rendered":"<p>[et_pb_section fb_built=&#8220;1&#8243; _builder_version=&#8220;4.16&#8243; custom_padding=&#8220;0px||||false|false&#8220; global_colors_info=&#8220;{}&#8220;][et_pb_row _builder_version=&#8220;4.16&#8243; background_size=&#8220;initial&#8220; background_position=&#8220;top_left&#8220; background_repeat=&#8220;repeat&#8220; width=&#8220;100%&#8220; custom_padding=&#8220;0px||0px||false|false&#8220; global_colors_info=&#8220;{}&#8220;][et_pb_column type=&#8220;4_4&#8243; _builder_version=&#8220;4.16&#8243; custom_padding=&#8220;|||&#8220; global_colors_info=&#8220;{}&#8220; custom_padding__hover=&#8220;|||&#8220;][et_pb_wc_breadcrumb _builder_version=&#8220;4.16&#8243; global_colors_info=&#8220;{}&#8220;][\/et_pb_wc_breadcrumb][et_pb_wc_cart_notice _builder_version=&#8220;4.16&#8243; global_colors_info=&#8220;{}&#8220;][\/et_pb_wc_cart_notice][\/et_pb_column][\/et_pb_row][et_pb_row column_structure=&#8220;1_2,1_2&#8243; _builder_version=&#8220;4.16&#8243; background_size=&#8220;initial&#8220; background_position=&#8220;top_left&#8220; background_repeat=&#8220;repeat&#8220; width=&#8220;100%&#8220; custom_padding=&#8220;0px||||false|false&#8220; global_colors_info=&#8220;{}&#8220;][et_pb_column type=&#8220;1_2&#8243; _builder_version=&#8220;4.16&#8243; custom_padding=&#8220;|||&#8220; global_colors_info=&#8220;{}&#8220; custom_padding__hover=&#8220;|||&#8220;][et_pb_wc_images _builder_version=&#8220;4.16&#8243; global_colors_info=&#8220;{}&#8220;][\/et_pb_wc_images][\/et_pb_column][et_pb_column type=&#8220;1_2&#8243; _builder_version=&#8220;4.16&#8243; custom_padding=&#8220;|||&#8220; global_colors_info=&#8220;{}&#8220; custom_padding__hover=&#8220;|||&#8220;][et_pb_wc_title _builder_version=&#8220;4.16&#8243; global_colors_info=&#8220;{}&#8220;][\/et_pb_wc_title][et_pb_wc_rating _builder_version=&#8220;4.16&#8243; global_colors_info=&#8220;{}&#8220;][\/et_pb_wc_rating][et_pb_wc_price _builder_version=&#8220;4.16&#8243; global_colors_info=&#8220;{}&#8220;][\/et_pb_wc_price][et_pb_wc_description _builder_version=&#8220;4.16&#8243; global_colors_info=&#8220;{}&#8220;][\/et_pb_wc_description][et_pb_button button_url=&#8220;@ET-DC@eyJkeW5hbWljIjp0cnVlLCJjb250ZW50IjoicG9zdF9saW5rX3VybF9wYWdlIiwic2V0dGluZ3MiOnsicG9zdF9pZCI6IjExODQxIn19@&#8220; button_text=&#8220;Angebot anfordern&#8220; _builder_version=&#8220;4.22.1&#8243; _dynamic_attributes=&#8220;button_url&#8220; _module_preset=&#8220;default&#8220; custom_margin=&#8220;0px||||false|false&#8220; locked=&#8220;off&#8220; global_colors_info=&#8220;{}&#8220;][\/et_pb_button][et_pb_wc_add_to_cart _builder_version=&#8220;4.16&#8243; global_colors_info=&#8220;{}&#8220;][\/et_pb_wc_add_to_cart][et_pb_wc_meta _builder_version=&#8220;4.16&#8243; global_colors_info=&#8220;{}&#8220;][\/et_pb_wc_meta][\/et_pb_column][\/et_pb_row][\/et_pb_section]<\/p>\n","protected":false},"excerpt":{"rendered":"<h3>Eine flexible und vielseitige Vinylkappe f\u00fcr den Produktschutz<\/h3>\n<p>Die quadratischen Vinylkappen der VC-Serie sch\u00fctzen die Produkte vor Verschmutzung oder versehentlicher Besch\u00e4digung. Sie sind f\u00fcr den Einsatz in einer Reihe von Branchen und Anwendungen konzipiert, unter anderem in den Bereichen erneuerbare Energien, Schifffahrt, Landwirtschaft, \u00f6ffentliche Infrastruktur und Robotik.<\/p>\n<ul>\n<li>Die aus hochwertigem Vinyl gefertigten Kappen sind flexibel und robust.<\/li>\n<li>Sorgen Sie f\u00fcr einen festen Sitz, damit sich das Produkt nicht leicht verschieben l\u00e4sst.<\/li>\n<li>Die vielseitigen Vinylkappen k\u00f6nnen als Rohrendkappe f\u00fcr Stangen und Rohre oder als Schutzabdeckung f\u00fcr scharfe Kanten verwendet werden.<\/li>\n<li>Sie k\u00f6nnen bei Temperaturen von -32 bis 176 \u00baC (-26 bis 350 \u00baF) eingesetzt werden und sind somit ideal f\u00fcr Innen- und Au\u00dfenanwendungen.<\/li>\n<li>Wird bei der Installation von Solarmodulen zur Abdeckung und zum Schutz von Steckern und Anschl\u00fcssen vor Umwelteinfl\u00fcssen verwendet.<\/li>\n<li>Die quadratischen Vinylkappen werden zur Abdeckung freiliegender Teile auf Booten und Yachten verwendet, um Korrosion durch Salzwasser zu verhindern.<\/li>\n<li>Sch\u00fctzt Maschinenteile in Traktoren und anderen landwirtschaftlichen Ger\u00e4ten vor Staub, Schlamm und Schutt.<\/li>\n<li>In \u00f6ffentlichen Verkehrssystemen wie Bussen und Bahnen sorgen die quadratischen Endkappen zur Abdeckung freiliegender Anschl\u00fcsse und Verbindungsst\u00fccke f\u00fcr die Sicherheit der Fahrg\u00e4ste.<\/li>\n<li>In Roboterbaugruppen sch\u00fctzen die quadratischen Vinylkappen empfindliche Verbindungen und Anschl\u00fcsse vor Staub und Schmutz.<\/li>\n<li>Die Standardfarbe ist gelb, wodurch die Vinylkappen in verschiedenen Umgebungen leicht zu erkennen sind.<\/li>\n<\/ul>\n<p><strong>Hinweis:<\/strong> Dieses Produkt ist auf Anfrage in weiteren Farben erh\u00e4ltlich.<\/p>\n<ul>\n<li><strong>Material:<\/strong> Vinyl<\/li>\n<li><strong>Farbe:<\/strong> Gelb<\/li>\n<li><strong>Abmessungen:<\/strong> mm<\/li>\n<\/ul>\n<p>Haben Sie besondere Anforderungen an ein Vinylkappenprodukt? Nehmen Sie Kontakt mit unserem Team auf oder fordern Sie ein Angebot an.<\/p>\n","protected":false},"featured_media":66783,"template":"","meta":{"_et_pb_use_builder":"on","_et_pb_old_content":"","_et_gb_content_width":"","om_disable_all_campaigns":false},"product_brand":[],"product_cat":[583,578],"product_tag":[],"class_list":{"0":"post-143498","1":"product","2":"type-product","3":"status-publish","4":"has-post-thumbnail","6":"product_cat-quadratische-vinylkappen","7":"product_cat-vinyl-kappen","9":"first","10":"instock","11":"taxable","12":"shipping-taxable","13":"purchasable","14":"product-type-variable"},"_links":{"self":[{"href":"https:\/\/caplugs.eu\/de\/wp-json\/wp\/v2\/product\/143498","targetHints":{"allow":["GET"]}}],"collection":[{"href":"https:\/\/caplugs.eu\/de\/wp-json\/wp\/v2\/product"}],"about":[{"href":"https:\/\/caplugs.eu\/de\/wp-json\/wp\/v2\/types\/product"}],"wp:featuredmedia":[{"embeddable":true,"href":"https:\/\/caplugs.eu\/de\/wp-json\/wp\/v2\/media\/66783"}],"wp:attachment":[{"href":"https:\/\/caplugs.eu\/de\/wp-json\/wp\/v2\/media?parent=143498"}],"wp:term":[{"taxonomy":"product_brand","embeddable":true,"href":"https:\/\/caplugs.eu\/de\/wp-json\/wp\/v2\/product_brand?post=143498"},{"taxonomy":"product_cat","embeddable":true,"href":"https:\/\/caplugs.eu\/de\/wp-json\/wp\/v2\/product_cat?post=143498"},{"taxonomy":"product_tag","embeddable":true,"href":"https:\/\/caplugs.eu\/de\/wp-json\/wp\/v2\/product_tag?post=143498"}],"curies":[{"name":"wp","href":"https:\/\/api.w.org\/{rel}","templated":true}]}}