{"id":143344,"date":"2023-08-03T05:57:29","date_gmt":"2023-08-03T05:57:29","guid":{"rendered":"https:\/\/caplugs.eu\/product\/bindegurte\/"},"modified":"2023-12-18T12:10:43","modified_gmt":"2023-12-18T12:10:43","slug":"bindegurte","status":"publish","type":"product","link":"https:\/\/caplugs.eu\/de\/produkt\/bindegurte\/","title":{"rendered":"Bindegurte"},"content":{"rendered":"<p>[et_pb_section fb_built=&#8220;1&#8243; _builder_version=&#8220;4.21.0&#8243; min_height=&#8220;810.4px&#8220; custom_padding=&#8220;0px||0px||false|false&#8220; global_colors_info=&#8220;{}&#8220;][et_pb_row _builder_version=&#8220;4.16&#8243; background_size=&#8220;initial&#8220; background_position=&#8220;top_left&#8220; background_repeat=&#8220;repeat&#8220; width=&#8220;100%&#8220; custom_padding=&#8220;0px||0px||false|false&#8220; global_colors_info=&#8220;{}&#8220;][et_pb_column type=&#8220;4_4&#8243; _builder_version=&#8220;4.16&#8243; custom_padding=&#8220;|||&#8220; global_colors_info=&#8220;{}&#8220; custom_padding__hover=&#8220;|||&#8220;][et_pb_wc_cart_notice _builder_version=&#8220;4.16&#8243; global_colors_info=&#8220;{}&#8220;][\/et_pb_wc_cart_notice][\/et_pb_column][\/et_pb_row][et_pb_row column_structure=&#8220;2_5,3_5&#8243; _builder_version=&#8220;4.21.0&#8243; background_size=&#8220;initial&#8220; background_position=&#8220;top_left&#8220; background_repeat=&#8220;repeat&#8220; width=&#8220;100%&#8220; custom_padding=&#8220;0px||||false|false&#8220; global_colors_info=&#8220;{}&#8220;][et_pb_column type=&#8220;2_5&#8243; _builder_version=&#8220;4.16&#8243; custom_padding=&#8220;|||&#8220; global_colors_info=&#8220;{}&#8220; custom_padding__hover=&#8220;|||&#8220;][et_pb_wc_images _builder_version=&#8220;4.21.0&#8243; sticky_position=&#8220;top&#8220; sticky_offset_top=&#8220;5px&#8220; sticky_limit_bottom=&#8220;section&#8220; sticky_position_tablet=&#8220;none&#8220; sticky_position_phone=&#8220;none&#8220; sticky_position_last_edited=&#8220;on|desktop&#8220; global_colors_info=&#8220;{}&#8220;][\/et_pb_wc_images][\/et_pb_column][et_pb_column type=&#8220;3_5&#8243; _builder_version=&#8220;4.16&#8243; custom_padding=&#8220;|||&#8220; global_colors_info=&#8220;{}&#8220; custom_padding__hover=&#8220;|||&#8220;][et_pb_wc_breadcrumb _builder_version=&#8220;4.16&#8243; global_colors_info=&#8220;{}&#8220;][\/et_pb_wc_breadcrumb][et_pb_wc_title _builder_version=&#8220;4.21.0&#8243; header_font=&#8220;|700|||||||&#8220; custom_margin=&#8220;-16px||||false|false&#8220; global_colors_info=&#8220;{}&#8220;][\/et_pb_wc_title][et_pb_wc_rating _builder_version=&#8220;4.16&#8243; global_colors_info=&#8220;{}&#8220;][\/et_pb_wc_rating][et_pb_wc_price _builder_version=&#8220;4.16&#8243; global_colors_info=&#8220;{}&#8220;][\/et_pb_wc_price][et_pb_wc_description _builder_version=&#8220;4.21.0&#8243; body_font=&#8220;|300|||||||&#8220; body_font_size=&#8220;16px&#8220; custom_margin=&#8220;-12px||||false|false&#8220; global_colors_info=&#8220;{}&#8220;][\/et_pb_wc_description][et_pb_button button_url=&#8220;@ET-DC@eyJkeW5hbWljIjp0cnVlLCJjb250ZW50IjoicG9zdF9saW5rX3VybF9wYWdlIiwic2V0dGluZ3MiOnsicG9zdF9pZCI6IjExODQxIn19@&#8220; button_text=&#8220;Angebot anfordern&#8220; _builder_version=&#8220;4.22.1&#8243; _dynamic_attributes=&#8220;button_url&#8220; _module_preset=&#8220;default&#8220; custom_margin=&#8220;-24px||||false|false&#8220; hover_enabled=&#8220;0&#8243; global_colors_info=&#8220;{}&#8220; sticky_enabled=&#8220;0&#8243;][\/et_pb_button][et_pb_image src=&#8220;https:\/\/caplugs.eu\/wp-content\/uploads\/2023\/08\/Scherm\u00adafbeelding-2023-08-03-om-07.58.20.png&#8220; title_text=&#8220;Schermafbeelding 2023-08-03 om 07.58.20&#8243; show_in_lightbox=&#8220;on&#8220; force_fullwidth=&#8220;on&#8220; _builder_version=&#8220;4.21.0&#8243; _module_preset=&#8220;default&#8220; custom_css_main_element=&#8220;cursor: pointer;&#8220; global_colors_info=&#8220;{}&#8220;][\/et_pb_image][et_pb_wc_add_to_cart _builder_version=&#8220;4.16&#8243; global_colors_info=&#8220;{}&#8220;][\/et_pb_wc_add_to_cart][et_pb_wc_meta _builder_version=&#8220;4.16&#8243; global_colors_info=&#8220;{}&#8220;][\/et_pb_wc_meta][\/et_pb_column][\/et_pb_row][\/et_pb_section]<\/p>\n","protected":false},"excerpt":{"rendered":"<h3>Strapazierf\u00e4hige Gurte zur Erleichterung der Handhabung von schweren Schlauchb\u00fcndeln<\/h3>\n<p>Die Bindegurte sind aus extrem strapazierf\u00e4higem Polyester gefertigt, was sie sehr verschlei\u00dffest macht und ihre Lebensdauer verl\u00e4ngert. Bei der Handhabung von langen und schweren Schlauchb\u00fcndeln kann der Benutzer diese vor der Befestigungsspirale zusammenbinden. Diese B\u00e4nder sind f\u00fcr die Wartung und Organisation von Schl\u00e4uchen unerl\u00e4sslich, insbesondere in Umgebungen, in denen h\u00e4ufig Schlauchb\u00fcndel verwendet werden.<\/p>\n<ul>\n<li>Hergestellt aus sehr strapazierf\u00e4higem Polyester.<\/li>\n<li>Diese B\u00e4nder eignen sich nicht nur f\u00fcr Schlauchb\u00fcndel, sondern auch f\u00fcr die B\u00fcndelung von Elektrokabeln, was sie zu einem vielseitigen Werkzeug f\u00fcr verschiedene Anwendungen macht.<\/li>\n<li>Alle Riemen sind mit Verstelll\u00f6chern versehen, so dass eine individuelle Anpassung m\u00f6glich ist.<\/li>\n<li>Die kleinste Gr\u00f6\u00dfe ist f\u00fcr die B\u00fcndelung von Elektrokabeln gedacht und hat keine Einstelll\u00f6cher.<\/li>\n<li>Die Gurte sind mit einer Dornschlie\u00dfe versehen, die f\u00fcr einen sicheren Sitz sorgt und jede unerw\u00fcnschte Bewegung oder Verschiebung der Schlauchb\u00fcndel verhindert.<\/li>\n<li>Erh\u00e4ltlich in Einheiten von 50 oder 100 St\u00fcck pro Gr\u00f6\u00dfe, um den unterschiedlichen Bed\u00fcrfnissen der Benutzer gerecht zu werden.<\/li>\n<li>Erh\u00e4ltlich in der Farbe Schwarz.<\/li>\n<\/ul>\n<ul>\n<li><strong>Material:<\/strong> Polyester<\/li>\n<li><strong>Farbe:<\/strong> Schwarz<\/li>\n<li><strong>Abmessungen:<\/strong> mm<\/li>\n<\/ul>\n<p>Haben Sie spezielle Anforderungen an ein Schlauchschutzprodukt? Nehmen Sie Kontakt mit unserem Team auf oder fordern Sie ein Angebot an.<\/p>\n","protected":false},"featured_media":66911,"template":"","meta":{"_et_pb_use_builder":"on","_et_pb_old_content":"","_et_gb_content_width":"","om_disable_all_campaigns":false},"product_brand":[],"product_cat":[553,552,572],"product_tag":[],"class_list":{"0":"post-143344","1":"product","2":"type-product","3":"status-publish","4":"has-post-thumbnail","6":"product_cat-safeplast-de","7":"product_cat-schlauchschutz","8":"product_cat-streifen","10":"first","11":"instock","12":"taxable","13":"shipping-taxable","14":"product-type-simple"},"_links":{"self":[{"href":"https:\/\/caplugs.eu\/de\/wp-json\/wp\/v2\/product\/143344","targetHints":{"allow":["GET"]}}],"collection":[{"href":"https:\/\/caplugs.eu\/de\/wp-json\/wp\/v2\/product"}],"about":[{"href":"https:\/\/caplugs.eu\/de\/wp-json\/wp\/v2\/types\/product"}],"wp:featuredmedia":[{"embeddable":true,"href":"https:\/\/caplugs.eu\/de\/wp-json\/wp\/v2\/media\/66911"}],"wp:attachment":[{"href":"https:\/\/caplugs.eu\/de\/wp-json\/wp\/v2\/media?parent=143344"}],"wp:term":[{"taxonomy":"product_brand","embeddable":true,"href":"https:\/\/caplugs.eu\/de\/wp-json\/wp\/v2\/product_brand?post=143344"},{"taxonomy":"product_cat","embeddable":true,"href":"https:\/\/caplugs.eu\/de\/wp-json\/wp\/v2\/product_cat?post=143344"},{"taxonomy":"product_tag","embeddable":true,"href":"https:\/\/caplugs.eu\/de\/wp-json\/wp\/v2\/product_tag?post=143344"}],"curies":[{"name":"wp","href":"https:\/\/api.w.org\/{rel}","templated":true}]}}