{"id":143259,"date":"2023-08-03T05:47:07","date_gmt":"2023-08-03T05:47:07","guid":{"rendered":"https:\/\/caplugs.eu\/product\/safe-fire-schlauchschutzhuelle\/"},"modified":"2023-12-18T12:10:42","modified_gmt":"2023-12-18T12:10:42","slug":"safe-fire-schlauchschutzhuelle","status":"publish","type":"product","link":"https:\/\/caplugs.eu\/de\/produkt\/safe-fire-schlauchschutzhuelle\/","title":{"rendered":"Safe-Fire Schlauchschutzh\u00fclle"},"content":{"rendered":"<p>[et_pb_section fb_built=&#8220;1&#8243; _builder_version=&#8220;4.21.0&#8243; min_height=&#8220;810.4px&#8220; custom_padding=&#8220;0px||0px||false|false&#8220; global_colors_info=&#8220;{}&#8220;][et_pb_row _builder_version=&#8220;4.16&#8243; background_size=&#8220;initial&#8220; background_position=&#8220;top_left&#8220; background_repeat=&#8220;repeat&#8220; width=&#8220;100%&#8220; custom_padding=&#8220;0px||0px||false|false&#8220; global_colors_info=&#8220;{}&#8220;][et_pb_column type=&#8220;4_4&#8243; _builder_version=&#8220;4.16&#8243; custom_padding=&#8220;|||&#8220; global_colors_info=&#8220;{}&#8220; custom_padding__hover=&#8220;|||&#8220;][et_pb_wc_cart_notice _builder_version=&#8220;4.16&#8243; global_colors_info=&#8220;{}&#8220;][\/et_pb_wc_cart_notice][\/et_pb_column][\/et_pb_row][et_pb_row column_structure=&#8220;2_5,3_5&#8243; _builder_version=&#8220;4.21.0&#8243; background_size=&#8220;initial&#8220; background_position=&#8220;top_left&#8220; background_repeat=&#8220;repeat&#8220; width=&#8220;100%&#8220; custom_padding=&#8220;0px||||false|false&#8220; global_colors_info=&#8220;{}&#8220;][et_pb_column type=&#8220;2_5&#8243; _builder_version=&#8220;4.16&#8243; custom_padding=&#8220;|||&#8220; global_colors_info=&#8220;{}&#8220; custom_padding__hover=&#8220;|||&#8220;][et_pb_wc_images _builder_version=&#8220;4.21.0&#8243; sticky_position=&#8220;top&#8220; sticky_offset_top=&#8220;5px&#8220; sticky_limit_bottom=&#8220;section&#8220; sticky_position_tablet=&#8220;none&#8220; sticky_position_phone=&#8220;none&#8220; sticky_position_last_edited=&#8220;on|desktop&#8220; global_colors_info=&#8220;{}&#8220;][\/et_pb_wc_images][\/et_pb_column][et_pb_column type=&#8220;3_5&#8243; _builder_version=&#8220;4.16&#8243; custom_padding=&#8220;|||&#8220; global_colors_info=&#8220;{}&#8220; custom_padding__hover=&#8220;|||&#8220;][et_pb_wc_breadcrumb _builder_version=&#8220;4.16&#8243; global_colors_info=&#8220;{}&#8220;][\/et_pb_wc_breadcrumb][et_pb_wc_title _builder_version=&#8220;4.21.0&#8243; header_font=&#8220;|700|||||||&#8220; custom_margin=&#8220;-16px||||false|false&#8220; global_colors_info=&#8220;{}&#8220;][\/et_pb_wc_title][et_pb_wc_rating _builder_version=&#8220;4.16&#8243; global_colors_info=&#8220;{}&#8220;][\/et_pb_wc_rating][et_pb_wc_price _builder_version=&#8220;4.16&#8243; global_colors_info=&#8220;{}&#8220;][\/et_pb_wc_price][et_pb_wc_description _builder_version=&#8220;4.21.0&#8243; body_font=&#8220;|300|||||||&#8220; body_font_size=&#8220;16px&#8220; custom_margin=&#8220;-12px||||false|false&#8220; global_colors_info=&#8220;{}&#8220;][\/et_pb_wc_description][et_pb_button button_url=&#8220;@ET-DC@eyJkeW5hbWljIjp0cnVlLCJjb250ZW50IjoicG9zdF9saW5rX3VybF9wYWdlIiwic2V0dGluZ3MiOnsicG9zdF9pZCI6IjExODQxIn19@&#8220; button_text=&#8220;Angebot anfordern&#8220; _builder_version=&#8220;4.22.1&#8243; _dynamic_attributes=&#8220;button_url&#8220; _module_preset=&#8220;default&#8220; custom_margin=&#8220;-24px||||false|false&#8220; hover_enabled=&#8220;0&#8243; global_colors_info=&#8220;{}&#8220; sticky_enabled=&#8220;0&#8243;][\/et_pb_button][et_pb_image src=&#8220;https:\/\/caplugs.eu\/wp-content\/uploads\/2023\/08\/Scherm\u00adafbeelding-2023-08-03-om-07.47.36.png&#8220; title_text=&#8220;Schermafbeelding 2023-08-03 om 07.47.36&#8243; show_in_lightbox=&#8220;on&#8220; force_fullwidth=&#8220;on&#8220; _builder_version=&#8220;4.21.0&#8243; _module_preset=&#8220;default&#8220; custom_css_main_element=&#8220;cursor: pointer;&#8220; global_colors_info=&#8220;{}&#8220;][\/et_pb_image][et_pb_wc_add_to_cart _builder_version=&#8220;4.16&#8243; global_colors_info=&#8220;{}&#8220;][\/et_pb_wc_add_to_cart][et_pb_wc_meta _builder_version=&#8220;4.16&#8243; global_colors_info=&#8220;{}&#8220;][\/et_pb_wc_meta][\/et_pb_column][\/et_pb_row][\/et_pb_section]<\/p>\n","protected":false},"excerpt":{"rendered":"<h3>Eine hitzebest\u00e4ndige Schlauchschutzh\u00fclle<\/h3>\n<p>Die Safe-Fire-Schlauchschutzh\u00fclle wurde entwickelt, um Schl\u00e4uche, Dr\u00e4hte und Kabel vor Spritzern geschmolzenen Metalls, gro\u00dfer Hitze und gelegentlicher Flammeneinwirkung zu sch\u00fctzen. Diese Schlauchschutzmanschette wird in Umgebungen eingesetzt, in denen Komponenten hohen Temperaturen ausgesetzt sind, wie z. B. in Stahlwerken, Gie\u00dfereien, Bergbaubetrieben, Offshore-Einrichtungen, in der Luft- und Raumfahrtindustrie sowie in Schneid- und Schwei\u00dfbetrieben.<\/p>\n<ul>\n<li>Er besteht aus Polyamid (PA) mit einer Polyurethan (PUR)-Beschichtung, die f\u00fcr Langlebigkeit und optimalen Schutz vor Hitze sorgt.<\/li>\n<li>Bietet eine Schutzbarriere gegen Spritzer von geschmolzenem Metall oder gegen Flammeneinwirkung.<\/li>\n<li>Die Safe-Fire-Schlauchschutzh\u00fclle gew\u00e4hrleistet die Sicherheit der von ihr abgedeckten Komponenten.<\/li>\n<li>Es bietet eine beeindruckende Hitzebest\u00e4ndigkeit und h\u00e4lt Dauertemperaturen von bis zu 260 \u00b0C sowie kurzen extremen Hitzeausbr\u00fcchen von bis zu 1.000 \u00b0C f\u00fcr 20 Minuten und 1.600 \u00b0C f\u00fcr 30 Sekunden stand.<\/li>\n<li>Erh\u00e4ltlich in der Farbe Rot.<\/li>\n<\/ul>\n<p><strong>Hinweis:<\/strong> F\u00fcr eine zus\u00e4tzliche Abdichtung ist das Safe-Fire-Band (Art.-Nr. SFS-TE3) aus 100 % Silikonkautschuk gefertigt und bietet eine Hitzebest\u00e4ndigkeit von +260\u00b0C bei Dauerbelastung. Dieses Band dient zum Verschlie\u00dfen der Enden der Schlauchschutzh\u00fclle und ist in 3-m-Rollen erh\u00e4ltlich.<\/p>\n<ul>\n<li><strong>Werkstoff:<\/strong> Polyamid (PA) mit einer Beschichtung aus Polyurethan (PUR)<\/li>\n<li><strong>Farbe:<\/strong> Rot<\/li>\n<li><strong>Abmessungen:<\/strong> mm.<\/li>\n<\/ul>\n<p>Haben Sie spezielle Anforderungen an ein Schlauchschutzprodukt? Nehmen Sie Kontakt mit unserem Team auf oder fordern Sie ein Angebot an.<\/p>\n","protected":false},"featured_media":66893,"template":"","meta":{"_et_pb_use_builder":"on","_et_pb_old_content":"","_et_gb_content_width":"","om_disable_all_campaigns":false},"product_brand":[],"product_cat":[553,552,554],"product_tag":[],"class_list":{"0":"post-143259","1":"product","2":"type-product","3":"status-publish","4":"has-post-thumbnail","6":"product_cat-safeplast-de","7":"product_cat-schlauchschutz","8":"product_cat-sleeves-und-wraps","10":"first","11":"instock","12":"taxable","13":"shipping-taxable","14":"product-type-simple"},"_links":{"self":[{"href":"https:\/\/caplugs.eu\/de\/wp-json\/wp\/v2\/product\/143259","targetHints":{"allow":["GET"]}}],"collection":[{"href":"https:\/\/caplugs.eu\/de\/wp-json\/wp\/v2\/product"}],"about":[{"href":"https:\/\/caplugs.eu\/de\/wp-json\/wp\/v2\/types\/product"}],"wp:featuredmedia":[{"embeddable":true,"href":"https:\/\/caplugs.eu\/de\/wp-json\/wp\/v2\/media\/66893"}],"wp:attachment":[{"href":"https:\/\/caplugs.eu\/de\/wp-json\/wp\/v2\/media?parent=143259"}],"wp:term":[{"taxonomy":"product_brand","embeddable":true,"href":"https:\/\/caplugs.eu\/de\/wp-json\/wp\/v2\/product_brand?post=143259"},{"taxonomy":"product_cat","embeddable":true,"href":"https:\/\/caplugs.eu\/de\/wp-json\/wp\/v2\/product_cat?post=143259"},{"taxonomy":"product_tag","embeddable":true,"href":"https:\/\/caplugs.eu\/de\/wp-json\/wp\/v2\/product_tag?post=143259"}],"curies":[{"name":"wp","href":"https:\/\/api.w.org\/{rel}","templated":true}]}}