{"id":143213,"date":"2023-08-03T06:03:44","date_gmt":"2023-08-03T06:03:44","guid":{"rendered":"https:\/\/caplugs.eu\/product\/safe-strip\/"},"modified":"2023-12-18T12:10:41","modified_gmt":"2023-12-18T12:10:41","slug":"safe-strip","status":"publish","type":"product","link":"https:\/\/caplugs.eu\/de\/produkt\/safe-strip\/","title":{"rendered":"Safe-Strip"},"content":{"rendered":"<p>[et_pb_section fb_built=&#8220;1&#8243; _builder_version=&#8220;4.21.0&#8243; min_height=&#8220;810.4px&#8220; custom_padding=&#8220;0px||0px||false|false&#8220; global_colors_info=&#8220;{}&#8220;][et_pb_row _builder_version=&#8220;4.16&#8243; background_size=&#8220;initial&#8220; background_position=&#8220;top_left&#8220; background_repeat=&#8220;repeat&#8220; width=&#8220;100%&#8220; custom_padding=&#8220;0px||0px||false|false&#8220; global_colors_info=&#8220;{}&#8220;][et_pb_column type=&#8220;4_4&#8243; _builder_version=&#8220;4.16&#8243; custom_padding=&#8220;|||&#8220; global_colors_info=&#8220;{}&#8220; custom_padding__hover=&#8220;|||&#8220;][et_pb_wc_cart_notice _builder_version=&#8220;4.16&#8243; global_colors_info=&#8220;{}&#8220;][\/et_pb_wc_cart_notice][\/et_pb_column][\/et_pb_row][et_pb_row column_structure=&#8220;2_5,3_5&#8243; _builder_version=&#8220;4.21.0&#8243; background_size=&#8220;initial&#8220; background_position=&#8220;top_left&#8220; background_repeat=&#8220;repeat&#8220; width=&#8220;100%&#8220; custom_padding=&#8220;0px||||false|false&#8220; global_colors_info=&#8220;{}&#8220;][et_pb_column type=&#8220;2_5&#8243; _builder_version=&#8220;4.16&#8243; custom_padding=&#8220;|||&#8220; global_colors_info=&#8220;{}&#8220; custom_padding__hover=&#8220;|||&#8220;][et_pb_wc_images _builder_version=&#8220;4.21.0&#8243; sticky_position=&#8220;top&#8220; sticky_offset_top=&#8220;5px&#8220; sticky_limit_bottom=&#8220;section&#8220; sticky_position_tablet=&#8220;none&#8220; sticky_position_phone=&#8220;none&#8220; sticky_position_last_edited=&#8220;on|desktop&#8220; global_colors_info=&#8220;{}&#8220;][\/et_pb_wc_images][\/et_pb_column][et_pb_column type=&#8220;3_5&#8243; _builder_version=&#8220;4.16&#8243; custom_padding=&#8220;|||&#8220; global_colors_info=&#8220;{}&#8220; custom_padding__hover=&#8220;|||&#8220;][et_pb_wc_breadcrumb _builder_version=&#8220;4.16&#8243; global_colors_info=&#8220;{}&#8220;][\/et_pb_wc_breadcrumb][et_pb_wc_title _builder_version=&#8220;4.21.0&#8243; header_font=&#8220;|700|||||||&#8220; custom_margin=&#8220;-16px||||false|false&#8220; global_colors_info=&#8220;{}&#8220;][\/et_pb_wc_title][et_pb_wc_rating _builder_version=&#8220;4.16&#8243; global_colors_info=&#8220;{}&#8220;][\/et_pb_wc_rating][et_pb_wc_price _builder_version=&#8220;4.16&#8243; global_colors_info=&#8220;{}&#8220;][\/et_pb_wc_price][et_pb_wc_description _builder_version=&#8220;4.21.0&#8243; body_font=&#8220;|300|||||||&#8220; body_font_size=&#8220;16px&#8220; custom_margin=&#8220;-12px||||false|false&#8220; global_colors_info=&#8220;{}&#8220;][\/et_pb_wc_description][et_pb_button button_url=&#8220;@ET-DC@eyJkeW5hbWljIjp0cnVlLCJjb250ZW50IjoicG9zdF9saW5rX3VybF9wYWdlIiwic2V0dGluZ3MiOnsicG9zdF9pZCI6IjExODQxIn19@&#8220; button_text=&#8220;Angebot anfordern&#8220; _builder_version=&#8220;4.22.1&#8243; _dynamic_attributes=&#8220;button_url&#8220; _module_preset=&#8220;default&#8220; custom_margin=&#8220;-24px||||false|false&#8220; hover_enabled=&#8220;0&#8243; global_colors_info=&#8220;{}&#8220; sticky_enabled=&#8220;0&#8243;][\/et_pb_button][et_pb_image src=&#8220;https:\/\/caplugs.eu\/wp-content\/uploads\/2023\/08\/Scherm\u00adafbeelding-2023-08-03-om-08.04.57.png&#8220; title_text=&#8220;Schermafbeelding 2023-08-03 om 08.04.57&#8243; show_in_lightbox=&#8220;on&#8220; force_fullwidth=&#8220;on&#8220; _builder_version=&#8220;4.21.0&#8243; _module_preset=&#8220;default&#8220; custom_css_main_element=&#8220;cursor: pointer;&#8220; global_colors_info=&#8220;{}&#8220;][\/et_pb_image][et_pb_wc_add_to_cart _builder_version=&#8220;4.16&#8243; global_colors_info=&#8220;{}&#8220;][\/et_pb_wc_add_to_cart][et_pb_wc_meta _builder_version=&#8220;4.16&#8243; global_colors_info=&#8220;{}&#8220;][\/et_pb_wc_meta][\/et_pb_column][\/et_pb_row][\/et_pb_section]<\/p>\n","protected":false},"excerpt":{"rendered":"<h3>Erleichtert die Handhabung von langen und schweren Schl\u00e4uchen<\/h3>\n<p>Der Safe-Strip macht die Handhabung langer und\/oder schwerer Schl\u00e4uche einfacher und sicherer, indem er sie b\u00fcndelt. Das Produkt ist vorteilhaft bei der Montage von Spiralen auf einem Schlauchb\u00fcndel, da es den Vorgang beim Zusammenbinden der Schl\u00e4uche beschleunigt. Safe-Strip-B\u00fcndelungsb\u00e4nder sind praktisch f\u00fcr Mehrschlauchb\u00fcndel und k\u00f6nnen mehrfach verwendet werden.<\/p>\n<ul>\n<li>Hergestellt aus strapazierf\u00e4higem Polypropylen (PP).<\/li>\n<li>Der Safe-Strip-Text ist mit blauem Garn gewebt.<\/li>\n<li>Safe-Strips sind entweder mit Velcro\u00ae-Klettverschluss oder mit Schnellverschluss erh\u00e4ltlich.<\/li>\n<li>Durchschnittliche Bruchfestigkeit von 3.200N.<\/li>\n<li>Temperaturbereich von -40\u00b0C bis +80\u00b0C.<\/li>\n<li>Ma\u00dfgeschneiderte L\u00e4ngen sind auf Anfrage erh\u00e4ltlich.<\/li>\n<li>Auf Anfrage ist eine individuelle Gestaltung m\u00f6glich, z. B. mit einem Kundennamen, einem Logo und\/oder einer Markenfarbe.<\/li>\n<li>Erh\u00e4ltlich in verschiedenen Varianten, mit oder ohne Klettverschluss, Befestigungs\u00f6sen oder Schnellverschluss.<\/li>\n<li>Die Standardfarbe ist mit blauem Text.<\/li>\n<\/ul>\n<p><strong>Die drei Varianten der Safe-Strips:<\/strong><\/p>\n<ul>\n<li>Safe-Strip 1: Mit Velcro\u00ae-Klettverschluss und Befestigungs\u00f6se.<\/li>\n<li>Safe-Strip 2: Mit Velcro\u00ae-Klettverschluss ohne Befestigungs\u00f6se.<\/li>\n<li>Safe-Strip 3: Mit Schnellverschluss aus Edelstahl.<\/li>\n<\/ul>\n<p>Die Versionen Safe-Strip 1 und Safe-Strip 2 mit Klettverschl\u00fcssen haben eine rostfreie<br \/>\nStahlschnalle. Die Breite des Bandes betr\u00e4gt 40 mm. Die Verkaufseinheit f\u00fcr diese Produkte ist<br \/>\n10St\u00fcck\/Gr\u00f6\u00dfe.<\/p>\n<p>Die Version Safe-Strip 2 hat eine Schnellverschlussschnalle. Die Breite des Bandes betr\u00e4gt 25 mm.<br \/>\nDie Gurte haben einen konisch geschnittenen Rand, der das Einf\u00e4deln in die Schnalle erleichtert.<br \/>\neinfacher. Es gibt auch eine Schlaufe, um das Bandende zu halten. Die Verkaufseinheit f\u00fcr Safe-Strip mit einer<br \/>\nSchnellverschluss ist 25 St\u00fcck\/Gr\u00f6\u00dfe.<\/p>\n<p><strong>Hinweis:<\/strong> Kunststoffkabelbinder sollten nicht zum B\u00fcndeln von Hydraulikschl\u00e4uchen verwendet werden, da sie<br \/>\nkann die Schlauchoberfl\u00e4che verschlei\u00dfen.<\/p>\n<ul>\n<li><strong>Material:<\/strong> Polypropylen (PP)<\/li>\n<li><strong>Farbe:<\/strong> Schwarz mit blauem Text<\/li>\n<li><strong>Abmessungen:<\/strong> Safe-Strip mit Velcro\u00ae-Verschl\u00fcssen: 40mm; Safe-Strip mit Schnellverschluss<br \/>\nSchnalle: 25mm<\/li>\n<\/ul>\n<p>Haben Sie spezielle Anforderungen an ein Schlauchschutzprodukt? Nehmen Sie Kontakt mit unserem Team auf oder fordern Sie ein Angebot an.<\/p>\n","protected":false},"featured_media":66953,"template":"","meta":{"_et_pb_use_builder":"on","_et_pb_old_content":"","_et_gb_content_width":"","om_disable_all_campaigns":false},"product_brand":[],"product_cat":[553,552,572],"product_tag":[],"class_list":{"0":"post-143213","1":"product","2":"type-product","3":"status-publish","4":"has-post-thumbnail","6":"product_cat-safeplast-de","7":"product_cat-schlauchschutz","8":"product_cat-streifen","10":"first","11":"instock","12":"taxable","13":"shipping-taxable","14":"product-type-simple"},"_links":{"self":[{"href":"https:\/\/caplugs.eu\/de\/wp-json\/wp\/v2\/product\/143213","targetHints":{"allow":["GET"]}}],"collection":[{"href":"https:\/\/caplugs.eu\/de\/wp-json\/wp\/v2\/product"}],"about":[{"href":"https:\/\/caplugs.eu\/de\/wp-json\/wp\/v2\/types\/product"}],"wp:featuredmedia":[{"embeddable":true,"href":"https:\/\/caplugs.eu\/de\/wp-json\/wp\/v2\/media\/66953"}],"wp:attachment":[{"href":"https:\/\/caplugs.eu\/de\/wp-json\/wp\/v2\/media?parent=143213"}],"wp:term":[{"taxonomy":"product_brand","embeddable":true,"href":"https:\/\/caplugs.eu\/de\/wp-json\/wp\/v2\/product_brand?post=143213"},{"taxonomy":"product_cat","embeddable":true,"href":"https:\/\/caplugs.eu\/de\/wp-json\/wp\/v2\/product_cat?post=143213"},{"taxonomy":"product_tag","embeddable":true,"href":"https:\/\/caplugs.eu\/de\/wp-json\/wp\/v2\/product_tag?post=143213"}],"curies":[{"name":"wp","href":"https:\/\/api.w.org\/{rel}","templated":true}]}}