{"id":143204,"date":"2023-08-04T10:43:01","date_gmt":"2023-08-04T10:43:01","guid":{"rendered":"https:\/\/caplugs.eu\/product\/fire-resistant-anti-static-fras-pigs-tail-spiralschlauchwickel\/"},"modified":"2026-04-15T12:02:05","modified_gmt":"2026-04-15T12:02:05","slug":"fire-resistant-anti-static-fras-pigs-tail-spiralschlauchwickel","status":"publish","type":"product","link":"https:\/\/caplugs.eu\/de\/produkt\/fire-resistant-anti-static-fras-pigs-tail-spiralschlauchwickel\/","title":{"rendered":"Fire Resistant Anti-Static (FRAS) Pig&#8217;s Tail\u2122 Spiralschlauchwickel"},"content":{"rendered":"<p>[et_pb_section fb_built=&#8220;1&#8243; _builder_version=&#8220;4.21.0&#8243; min_height=&#8220;810.4px&#8220; custom_padding=&#8220;0px||0px||false|false&#8220; global_colors_info=&#8220;{}&#8220;][et_pb_row _builder_version=&#8220;4.16&#8243; background_size=&#8220;initial&#8220; background_position=&#8220;top_left&#8220; background_repeat=&#8220;repeat&#8220; width=&#8220;100%&#8220; custom_padding=&#8220;0px||0px||false|false&#8220; global_colors_info=&#8220;{}&#8220;][et_pb_column type=&#8220;4_4&#8243; _builder_version=&#8220;4.16&#8243; custom_padding=&#8220;|||&#8220; global_colors_info=&#8220;{}&#8220; custom_padding__hover=&#8220;|||&#8220;][et_pb_wc_cart_notice _builder_version=&#8220;4.16&#8243; global_colors_info=&#8220;{}&#8220;][\/et_pb_wc_cart_notice][\/et_pb_column][\/et_pb_row][et_pb_row column_structure=&#8220;2_5,3_5&#8243; _builder_version=&#8220;4.21.0&#8243; background_size=&#8220;initial&#8220; background_position=&#8220;top_left&#8220; background_repeat=&#8220;repeat&#8220; width=&#8220;100%&#8220; custom_padding=&#8220;0px||||false|false&#8220; global_colors_info=&#8220;{}&#8220;][et_pb_column type=&#8220;2_5&#8243; _builder_version=&#8220;4.16&#8243; custom_padding=&#8220;|||&#8220; global_colors_info=&#8220;{}&#8220; custom_padding__hover=&#8220;|||&#8220;][et_pb_wc_images _builder_version=&#8220;4.21.0&#8243; sticky_position=&#8220;top&#8220; sticky_offset_top=&#8220;5px&#8220; sticky_limit_bottom=&#8220;section&#8220; sticky_position_tablet=&#8220;none&#8220; sticky_position_phone=&#8220;none&#8220; sticky_position_last_edited=&#8220;on|desktop&#8220; global_colors_info=&#8220;{}&#8220;][\/et_pb_wc_images][\/et_pb_column][et_pb_column type=&#8220;3_5&#8243; _builder_version=&#8220;4.16&#8243; custom_padding=&#8220;|||&#8220; global_colors_info=&#8220;{}&#8220; custom_padding__hover=&#8220;|||&#8220;][et_pb_wc_breadcrumb _builder_version=&#8220;4.16&#8243; global_colors_info=&#8220;{}&#8220;][\/et_pb_wc_breadcrumb][et_pb_wc_title _builder_version=&#8220;4.21.0&#8243; header_font=&#8220;|700|||||||&#8220; custom_margin=&#8220;-16px||||false|false&#8220; global_colors_info=&#8220;{}&#8220;][\/et_pb_wc_title][et_pb_wc_rating _builder_version=&#8220;4.16&#8243; global_colors_info=&#8220;{}&#8220;][\/et_pb_wc_rating][et_pb_wc_price _builder_version=&#8220;4.16&#8243; global_colors_info=&#8220;{}&#8220;][\/et_pb_wc_price][et_pb_wc_description _builder_version=&#8220;4.21.0&#8243; body_font=&#8220;|300|||||||&#8220; body_font_size=&#8220;16px&#8220; custom_margin=&#8220;-12px||||false|false&#8220; global_colors_info=&#8220;{}&#8220;][\/et_pb_wc_description][et_pb_button button_url=&#8220;@ET-DC@eyJkeW5hbWljIjp0cnVlLCJjb250ZW50IjoicG9zdF9saW5rX3VybF9wYWdlIiwic2V0dGluZ3MiOnsicG9zdF9pZCI6IjExODQxIn19@&#8220; button_text=&#8220;Angebot anfordern&#8220; _builder_version=&#8220;4.22.1&#8243; _dynamic_attributes=&#8220;button_url&#8220; _module_preset=&#8220;default&#8220; custom_margin=&#8220;-24px||||false|false&#8220; global_colors_info=&#8220;{}&#8220;][\/et_pb_button][et_pb_image src=&#8220;https:\/\/caplugs.eu\/wp-content\/uploads\/2023\/08\/Scherm\u00adafbeelding-2023-08-04-om-12.43.42.png&#8220; title_text=&#8220;Schermafbeelding 2023-08-04 om 12.43.42&#8243; show_in_lightbox=&#8220;on&#8220; force_fullwidth=&#8220;on&#8220; _builder_version=&#8220;4.21.0&#8243; _module_preset=&#8220;default&#8220; custom_css_main_element=&#8220;cursor: pointer;&#8220; global_colors_info=&#8220;{}&#8220;][\/et_pb_image][et_pb_wc_add_to_cart _builder_version=&#8220;4.16&#8243; global_colors_info=&#8220;{}&#8220;][\/et_pb_wc_add_to_cart][et_pb_wc_meta _builder_version=&#8220;4.16&#8243; global_colors_info=&#8220;{}&#8220;][\/et_pb_wc_meta][\/et_pb_column][\/et_pb_row][\/et_pb_section]<\/p>\n","protected":false},"excerpt":{"rendered":"<h3>Eine flammhemmende Spiralschlauchumwicklung<\/h3>\n<p>Die Fire Resistant Anti-Static (FRAS) Pig&#8217;s Tail\u2122 Wirbels\u00e4ulenumh\u00fcllung wurde entwickelt, um Sch\u00e4den durch statische Entladung oder Feuer in kritischen Umgebungen zu verhindern. Das Produkt besteht aus einer einzigartigen Mischung von Materialien, die feuerbest\u00e4ndig sind und den Aufbau statischer Elektrizit\u00e4t verhindern. Dieses Spiralband wird in verschiedenen Industriezweigen eingesetzt, z. B. im Bergbau, in der Schwei\u00dftechnik, im Bohr- und Tunnelbau, in Steinbr\u00fcchen, in der verarbeitenden Industrie, in der Schifffahrt und im Anlagenbau.<\/p>\n<ul>\n<li>Hergestellt aus Polyethylen niedriger Dichte (LDPE) f\u00fcr Robustheit und Langlebigkeit.<\/li>\n<li>Feuerbest\u00e4ndiges antistatisches Material (FRAS) verhindert versehentliche Flammen und Funken in kritischen Umgebungen.<\/li>\n<li>Leitf\u00e4higer Ru\u00df sorgt f\u00fcr Leitf\u00e4higkeit und verhindert den Aufbau statischer Elektrizit\u00e4t.<\/li>\n<li>Hat einen geringen elektrischen Widerstand, um zu verhindern, dass sich Schl\u00e4uche und Kabelb\u00fcndel elektrisch aufladen.<\/li>\n<li>Streng getestet und erf\u00fcllt die Normen AS 2600, AS 1180.10B, AS 1180.13A und Mine Safety and Health (MSHA) # IC-264\/0 &#8211; zertifiziert und zugelassen f\u00fcr den sicheren Einsatz in Bergwerken und unter Tage.<\/li>\n<li>Die spiralf\u00f6rmige Umwicklung bietet Flexibilit\u00e4t und erm\u00f6glicht eine effiziente Kabelf\u00fchrung in engen R\u00e4umen und Ecken.<\/li>\n<li>Erm\u00f6glicht die B\u00fcndelung von mehreren oder einzelnen Schl\u00e4uchen je nach Bedarf.<\/li>\n<li>Die feuerfeste antistatische (FRAS) Spiralschlauchh\u00fclle ist ideal f\u00fcr den Bergbau, wo ein hohes Risiko von Feuer und statischer Elektrizit\u00e4t besteht.<\/li>\n<li>Gew\u00e4hrleistet den Schutz vor versehentlichen Flammen und Funken bei Schwei\u00dfarbeiten.<\/li>\n<li>In Umgebungen, in denen statische Aufladung gef\u00e4hrlich sein kann, bieten diese Spiralschl\u00e4uche Schutz, z. B. bei Bohrungen und im Tunnelbau.<\/li>\n<li>Wird in verschiedenen Fertigungsprozessen verwendet, bei denen Schl\u00e4uche gegen Feuer und statische Entladungen gesch\u00fctzt werden m\u00fcssen.<\/li>\n<li>Gew\u00e4hrleistet die Sicherheit von Schl\u00e4uchen in Automobilanwendungen, insbesondere bei der Herstellung und Wartung.<\/li>\n<li>Bietet Schutz f\u00fcr Schl\u00e4uche, die in Meeresumgebungen verwendet werden, wo das Risiko statischer Aufladung sch\u00e4dlich sein kann.<\/li>\n<li>Es gew\u00e4hrleistet auch die Langlebigkeit und Sicherheit von Schl\u00e4uchen, die in schweren Maschinen verwendet werden.<\/li>\n<li>Erh\u00e4ltlich in der Farbe Schwar<\/li>\n<\/ul>\n<ul>\n<li><strong>Material:<\/strong> Polyethylen niedriger Dichte (LDPE)<\/li>\n<li><strong>Farbe:<\/strong> Schwarz<\/li>\n<li><strong>Abmessungen:<\/strong> Erh\u00e4ltlich in Au\u00dfendurchmessern (OD) von 12mm bis 110mm<\/li>\n<\/ul>\n<p>Haben Sie spezielle Anforderungen an ein Schlauchschutzprodukt? Nehmen Sie Kontakt mit unserem Team auf oder fordern Sie ein Angebot an.<\/p>\n","protected":false},"featured_media":57746,"template":"","meta":{"_et_pb_use_builder":"on","_et_pb_old_content":"","_et_gb_content_width":"","om_disable_all_campaigns":false},"product_brand":[],"product_cat":[560,552,558],"product_tag":[],"class_list":{"0":"post-143204","1":"product","2":"type-product","3":"status-publish","4":"has-post-thumbnail","6":"product_cat-andere-spiralschlauchwicklungen","7":"product_cat-schlauchschutz","8":"product_cat-spiralen","10":"first","11":"instock","12":"taxable","13":"shipping-taxable","14":"product-type-simple"},"_links":{"self":[{"href":"https:\/\/caplugs.eu\/de\/wp-json\/wp\/v2\/product\/143204","targetHints":{"allow":["GET"]}}],"collection":[{"href":"https:\/\/caplugs.eu\/de\/wp-json\/wp\/v2\/product"}],"about":[{"href":"https:\/\/caplugs.eu\/de\/wp-json\/wp\/v2\/types\/product"}],"wp:featuredmedia":[{"embeddable":true,"href":"https:\/\/caplugs.eu\/de\/wp-json\/wp\/v2\/media\/57746"}],"wp:attachment":[{"href":"https:\/\/caplugs.eu\/de\/wp-json\/wp\/v2\/media?parent=143204"}],"wp:term":[{"taxonomy":"product_brand","embeddable":true,"href":"https:\/\/caplugs.eu\/de\/wp-json\/wp\/v2\/product_brand?post=143204"},{"taxonomy":"product_cat","embeddable":true,"href":"https:\/\/caplugs.eu\/de\/wp-json\/wp\/v2\/product_cat?post=143204"},{"taxonomy":"product_tag","embeddable":true,"href":"https:\/\/caplugs.eu\/de\/wp-json\/wp\/v2\/product_tag?post=143204"}],"curies":[{"name":"wp","href":"https:\/\/api.w.org\/{rel}","templated":true}]}}