{"id":143197,"date":"2023-08-03T06:09:28","date_gmt":"2023-08-03T06:09:28","guid":{"rendered":"https:\/\/caplugs.eu\/product\/safe-stopper\/"},"modified":"2023-12-18T12:09:48","modified_gmt":"2023-12-18T12:09:48","slug":"safe-stopper","status":"publish","type":"product","link":"https:\/\/caplugs.eu\/de\/produkt\/safe-stopper\/","title":{"rendered":"Safe-Stopper"},"content":{"rendered":"<p>[et_pb_section fb_built=&#8220;1&#8243; _builder_version=&#8220;4.21.0&#8243; min_height=&#8220;810.4px&#8220; custom_padding=&#8220;0px||0px||false|false&#8220; global_colors_info=&#8220;{}&#8220;][et_pb_row _builder_version=&#8220;4.16&#8243; background_size=&#8220;initial&#8220; background_position=&#8220;top_left&#8220; background_repeat=&#8220;repeat&#8220; width=&#8220;100%&#8220; custom_padding=&#8220;0px||0px||false|false&#8220; global_colors_info=&#8220;{}&#8220;][et_pb_column type=&#8220;4_4&#8243; _builder_version=&#8220;4.16&#8243; custom_padding=&#8220;|||&#8220; global_colors_info=&#8220;{}&#8220; custom_padding__hover=&#8220;|||&#8220;][et_pb_wc_cart_notice _builder_version=&#8220;4.16&#8243; global_colors_info=&#8220;{}&#8220;][\/et_pb_wc_cart_notice][\/et_pb_column][\/et_pb_row][et_pb_row column_structure=&#8220;2_5,3_5&#8243; _builder_version=&#8220;4.21.0&#8243; background_size=&#8220;initial&#8220; background_position=&#8220;top_left&#8220; background_repeat=&#8220;repeat&#8220; width=&#8220;100%&#8220; custom_padding=&#8220;0px||||false|false&#8220; global_colors_info=&#8220;{}&#8220;][et_pb_column type=&#8220;2_5&#8243; _builder_version=&#8220;4.16&#8243; custom_padding=&#8220;|||&#8220; global_colors_info=&#8220;{}&#8220; custom_padding__hover=&#8220;|||&#8220;][et_pb_wc_images _builder_version=&#8220;4.21.0&#8243; sticky_position=&#8220;top&#8220; sticky_offset_top=&#8220;5px&#8220; sticky_limit_bottom=&#8220;section&#8220; sticky_position_tablet=&#8220;none&#8220; sticky_position_phone=&#8220;none&#8220; sticky_position_last_edited=&#8220;on|desktop&#8220; global_colors_info=&#8220;{}&#8220;][\/et_pb_wc_images][\/et_pb_column][et_pb_column type=&#8220;3_5&#8243; _builder_version=&#8220;4.16&#8243; custom_padding=&#8220;|||&#8220; global_colors_info=&#8220;{}&#8220; custom_padding__hover=&#8220;|||&#8220;][et_pb_wc_breadcrumb _builder_version=&#8220;4.16&#8243; global_colors_info=&#8220;{}&#8220;][\/et_pb_wc_breadcrumb][et_pb_wc_title _builder_version=&#8220;4.21.0&#8243; header_font=&#8220;|700|||||||&#8220; custom_margin=&#8220;-16px||||false|false&#8220; global_colors_info=&#8220;{}&#8220;][\/et_pb_wc_title][et_pb_wc_rating _builder_version=&#8220;4.16&#8243; global_colors_info=&#8220;{}&#8220;][\/et_pb_wc_rating][et_pb_wc_price _builder_version=&#8220;4.16&#8243; global_colors_info=&#8220;{}&#8220;][\/et_pb_wc_price][et_pb_wc_description _builder_version=&#8220;4.21.0&#8243; body_font=&#8220;|300|||||||&#8220; body_font_size=&#8220;16px&#8220; custom_margin=&#8220;-12px||||false|false&#8220; global_colors_info=&#8220;{}&#8220;][\/et_pb_wc_description][et_pb_button button_url=&#8220;@ET-DC@eyJkeW5hbWljIjp0cnVlLCJjb250ZW50IjoicG9zdF9saW5rX3VybF9wYWdlIiwic2V0dGluZ3MiOnsicG9zdF9pZCI6IjExODQxIn19@&#8220; button_text=&#8220;Angebot anfordern&#8220; _builder_version=&#8220;4.22.1&#8243; _dynamic_attributes=&#8220;button_url&#8220; _module_preset=&#8220;default&#8220; custom_margin=&#8220;-24px||||false|false&#8220; hover_enabled=&#8220;0&#8243; global_colors_info=&#8220;{}&#8220; sticky_enabled=&#8220;0&#8243;][\/et_pb_button][et_pb_image src=&#8220;https:\/\/caplugs.eu\/wp-content\/uploads\/2023\/08\/Scherm\u00adafbeelding-2023-08-03-om-08.09.15.png&#8220; title_text=&#8220;Schermafbeelding 2023-08-03 om 08.09.15&#8243; show_in_lightbox=&#8220;on&#8220; force_fullwidth=&#8220;on&#8220; _builder_version=&#8220;4.21.0&#8243; _module_preset=&#8220;default&#8220; custom_css_main_element=&#8220;cursor: pointer;&#8220; global_colors_info=&#8220;{}&#8220;][\/et_pb_image][et_pb_wc_add_to_cart _builder_version=&#8220;4.16&#8243; global_colors_info=&#8220;{}&#8220;][\/et_pb_wc_add_to_cart][et_pb_wc_meta _builder_version=&#8220;4.16&#8243; global_colors_info=&#8220;{}&#8220;][\/et_pb_wc_meta][\/et_pb_column][\/et_pb_row][\/et_pb_section]<\/p>\n","protected":false},"excerpt":{"rendered":"<h3>Ein zuverl\u00e4ssiges Sicherheitsband f\u00fcr Hydraulikschl\u00e4uche<\/h3>\n<p><iframe loading=\"lazy\" src=\"https:\/\/www.youtube.com\/embed\/jMMVL_bGC9Y?feature=oembed\" width=\"640\" height=\"360\" frameborder=\"0\" allowfullscreen=\"allowfullscreen\" data-mce-fragment=\"1\"><\/iframe><\/p>\n<p>Der Safe-Stopper ist ein wichtiges Sicherheitsmerkmal zum Schutz von Personen, wenn sich ein Hydraulikschlauch l\u00f6st. Der Schlauchbinder ist f\u00fcr alle Niederdruck-Hydraulikschl\u00e4uche bis 500 bar geeignet.<\/p>\n<ul>\n<li>Hergestellt aus leichtem Textilmaterial, das die Schl\u00e4uche nicht besch\u00e4digt.<\/li>\n<li>Der leichte und weiche Safe-Stopper erh\u00f6ht das Gewicht des Schlauchs nicht wesentlich, so dass er einfach zu handhaben ist.<\/li>\n<li>Einfach und schnell ohne Werkzeug zu installieren.<\/li>\n<li>Eine Gr\u00f6\u00dfe kann f\u00fcr die meisten Schl\u00e4uche verwendet werden.<\/li>\n<li>Geeignet f\u00fcr alle Niederdruck-Hydraulikschl\u00e4uche bis zu 500 bar.<\/li>\n<li>Wird in der Fertigung verwendet, um die Sicherheit bei der Arbeit mit Hydraulikschl\u00e4uchen zu erh\u00f6hen.<\/li>\n<li>Der Safe-Stopper gew\u00e4hrleistet die Sicherheit der Arbeiter auf Baustellen, wo sich Maschinenschl\u00e4uche l\u00f6sen k\u00f6nnen.<\/li>\n<li>Bei Fahrzeugen und Ger\u00e4ten, die mit hydraulischen Systemen arbeiten, sorgt der Safe-Stopper daf\u00fcr, dass sich der Schlauch nicht l\u00f6st und die Arbeiter verletzt werden.<\/li>\n<li>Erh\u00e4ltlich in der Farbe Schwarz.<\/li>\n<\/ul>\n<p><strong>Hinweis:<\/strong> Der Safe-Stopper sollte ersetzt werden, wenn der Schlauch ausgetauscht wird, um sicherzustellen, dass<br \/>\noptimale Sicherheit.<\/p>\n<ul>\n<li><strong>Material:<\/strong> Leichtes Textil<\/li>\n<li><strong>Farbe:<\/strong> Schwarz<\/li>\n<li><strong>Abmessungen:<\/strong> mm<\/li>\n<\/ul>\n<p>Haben Sie spezielle Anforderungen an ein Schlauchschutzprodukt? Nehmen Sie Kontakt mit unserem Team auf oder fordern Sie ein Angebot an.<\/p>\n","protected":false},"featured_media":66977,"template":"","meta":{"_et_pb_use_builder":"on","_et_pb_old_content":"","_et_gb_content_width":"","om_disable_all_campaigns":false},"product_brand":[],"product_cat":[553,552,572],"product_tag":[],"class_list":{"0":"post-143197","1":"product","2":"type-product","3":"status-publish","4":"has-post-thumbnail","6":"product_cat-safeplast-de","7":"product_cat-schlauchschutz","8":"product_cat-streifen","10":"first","11":"instock","12":"taxable","13":"shipping-taxable","14":"product-type-simple"},"_links":{"self":[{"href":"https:\/\/caplugs.eu\/de\/wp-json\/wp\/v2\/product\/143197","targetHints":{"allow":["GET"]}}],"collection":[{"href":"https:\/\/caplugs.eu\/de\/wp-json\/wp\/v2\/product"}],"about":[{"href":"https:\/\/caplugs.eu\/de\/wp-json\/wp\/v2\/types\/product"}],"wp:featuredmedia":[{"embeddable":true,"href":"https:\/\/caplugs.eu\/de\/wp-json\/wp\/v2\/media\/66977"}],"wp:attachment":[{"href":"https:\/\/caplugs.eu\/de\/wp-json\/wp\/v2\/media?parent=143197"}],"wp:term":[{"taxonomy":"product_brand","embeddable":true,"href":"https:\/\/caplugs.eu\/de\/wp-json\/wp\/v2\/product_brand?post=143197"},{"taxonomy":"product_cat","embeddable":true,"href":"https:\/\/caplugs.eu\/de\/wp-json\/wp\/v2\/product_cat?post=143197"},{"taxonomy":"product_tag","embeddable":true,"href":"https:\/\/caplugs.eu\/de\/wp-json\/wp\/v2\/product_tag?post=143197"}],"curies":[{"name":"wp","href":"https:\/\/api.w.org\/{rel}","templated":true}]}}