{"id":143192,"date":"2023-08-04T11:08:00","date_gmt":"2023-08-04T11:08:00","guid":{"rendered":"https:\/\/caplugs.eu\/product\/safe-bundler-spiralschlauchwickelwerkzeug\/"},"modified":"2023-12-18T12:09:45","modified_gmt":"2023-12-18T12:09:45","slug":"safe-bundler-spiralschlauchwickelwerkzeug","status":"publish","type":"product","link":"https:\/\/caplugs.eu\/de\/produkt\/safe-bundler-spiralschlauchwickelwerkzeug\/","title":{"rendered":"Safe-Bundler Spiralschlauchwickelwerkzeug"},"content":{"rendered":"<p>[et_pb_section fb_built=&#8220;1&#8243; _builder_version=&#8220;4.21.0&#8243; min_height=&#8220;810.4px&#8220; custom_padding=&#8220;0px||0px||false|false&#8220; global_colors_info=&#8220;{}&#8220;][et_pb_row _builder_version=&#8220;4.16&#8243; background_size=&#8220;initial&#8220; background_position=&#8220;top_left&#8220; background_repeat=&#8220;repeat&#8220; width=&#8220;100%&#8220; custom_padding=&#8220;0px||0px||false|false&#8220; global_colors_info=&#8220;{}&#8220;][et_pb_column type=&#8220;4_4&#8243; _builder_version=&#8220;4.16&#8243; custom_padding=&#8220;|||&#8220; global_colors_info=&#8220;{}&#8220; custom_padding__hover=&#8220;|||&#8220;][et_pb_wc_cart_notice _builder_version=&#8220;4.16&#8243; global_colors_info=&#8220;{}&#8220;][\/et_pb_wc_cart_notice][\/et_pb_column][\/et_pb_row][et_pb_row column_structure=&#8220;2_5,3_5&#8243; _builder_version=&#8220;4.21.0&#8243; background_size=&#8220;initial&#8220; background_position=&#8220;top_left&#8220; background_repeat=&#8220;repeat&#8220; width=&#8220;100%&#8220; custom_padding=&#8220;0px||||false|false&#8220; global_colors_info=&#8220;{}&#8220;][et_pb_column type=&#8220;2_5&#8243; _builder_version=&#8220;4.16&#8243; custom_padding=&#8220;|||&#8220; global_colors_info=&#8220;{}&#8220; custom_padding__hover=&#8220;|||&#8220;][et_pb_wc_images _builder_version=&#8220;4.21.0&#8243; sticky_position=&#8220;top&#8220; sticky_offset_top=&#8220;5px&#8220; sticky_limit_bottom=&#8220;section&#8220; sticky_position_tablet=&#8220;none&#8220; sticky_position_phone=&#8220;none&#8220; sticky_position_last_edited=&#8220;on|desktop&#8220; global_colors_info=&#8220;{}&#8220;][\/et_pb_wc_images][\/et_pb_column][et_pb_column type=&#8220;3_5&#8243; _builder_version=&#8220;4.16&#8243; custom_padding=&#8220;|||&#8220; global_colors_info=&#8220;{}&#8220; custom_padding__hover=&#8220;|||&#8220;][et_pb_wc_breadcrumb _builder_version=&#8220;4.16&#8243; global_colors_info=&#8220;{}&#8220;][\/et_pb_wc_breadcrumb][et_pb_wc_title _builder_version=&#8220;4.21.0&#8243; header_font=&#8220;|700|||||||&#8220; custom_margin=&#8220;-16px||||false|false&#8220; global_colors_info=&#8220;{}&#8220;][\/et_pb_wc_title][et_pb_wc_rating _builder_version=&#8220;4.16&#8243; global_colors_info=&#8220;{}&#8220;][\/et_pb_wc_rating][et_pb_wc_price _builder_version=&#8220;4.16&#8243; global_colors_info=&#8220;{}&#8220;][\/et_pb_wc_price][et_pb_wc_description _builder_version=&#8220;4.21.0&#8243; body_font=&#8220;|300|||||||&#8220; body_font_size=&#8220;16px&#8220; custom_margin=&#8220;-12px||||false|false&#8220; global_colors_info=&#8220;{}&#8220;][\/et_pb_wc_description][et_pb_button button_url=&#8220;@ET-DC@eyJkeW5hbWljIjp0cnVlLCJjb250ZW50IjoicG9zdF9saW5rX3VybF9wYWdlIiwic2V0dGluZ3MiOnsicG9zdF9pZCI6IjExODQxIn19@&#8220; button_text=&#8220;Angebot anfordern&#8220; _builder_version=&#8220;4.22.1&#8243; _dynamic_attributes=&#8220;button_url&#8220; _module_preset=&#8220;default&#8220; custom_margin=&#8220;-24px||||false|false&#8220; hover_enabled=&#8220;0&#8243; global_colors_info=&#8220;{}&#8220; sticky_enabled=&#8220;0&#8243;][\/et_pb_button][et_pb_image title_text=&#8220;Schermafbeelding 2023-08-04 om 13.01.43&#8243; show_in_lightbox=&#8220;on&#8220; force_fullwidth=&#8220;on&#8220; _builder_version=&#8220;4.21.0&#8243; _module_preset=&#8220;default&#8220; custom_css_main_element=&#8220;cursor: pointer;&#8220; global_colors_info=&#8220;{}&#8220;][\/et_pb_image][et_pb_wc_add_to_cart _builder_version=&#8220;4.16&#8243; global_colors_info=&#8220;{}&#8220;][\/et_pb_wc_add_to_cart][et_pb_wc_meta _builder_version=&#8220;4.16&#8243; global_colors_info=&#8220;{}&#8220;][\/et_pb_wc_meta][\/et_pb_column][\/et_pb_row][\/et_pb_section]<\/p>\n","protected":false},"excerpt":{"rendered":"<h3>Ein Werkzeug f\u00fcr die Montage von Spiralschl\u00e4uchen<\/h3>\n<p>Das Safe-Bundler Spiralwickel-Installationswerkzeug ist besonders n\u00fctzlich f\u00fcr Schlauchb\u00fcndel. Das Werkzeug vereinfacht den Installationsprozess und gew\u00e4hrleistet eine sichere und korrekte Platzierung der Spiralschlauchschutzvorrichtungen. Er ist besonders vorteilhaft bei beengten Platzverh\u00e4ltnissen, da er wenig Arbeitsfl\u00e4che ben\u00f6tigt und mit einer elektrischen Bohrmaschine betrieben werden kann.<\/p>\n<ul>\n<li>Das Werkzeug \u00f6ffnet die Spirale, so dass sie mit einer elektrischen Bohrmaschine vorw\u00e4rts bewegt werden kann.<\/li>\n<li>Die Montage des Spiralschlauchschutzes ist schnell und sicher.<\/li>\n<li>Das ergonomische Design des Safe-Bundler reduziert die physische Belastung der Handgelenke des Bedieners, beugt Erm\u00fcdung und Verletzungen vor und macht den Prozess bequemer und effizienter.<\/li>\n<li>Erh\u00e4ltlich in zwei Gr\u00f6\u00dfen f\u00fcr eine breite Palette von Spiralschl\u00e4uchen.<\/li>\n<li>Kann zur Installation des Safe-Spiral-Schlauchschutzes an Schlauchb\u00fcndeln mit einem maximalen Durchmesser von 180 mm verwendet werden, wodurch die Verwendung einer Spiralgr\u00f6\u00dfe f\u00fcr eine breite Palette von Anwendungen erm\u00f6glicht wird.<\/li>\n<li>Die kompakte Bauweise des Werkzeugs erm\u00f6glicht den Einsatz auf engstem Raum und ist somit ideal f\u00fcr verschiedene Installationsumgebungen.<\/li>\n<li>In Produktionsanlagen, in denen h\u00e4ufig Hydraulikschl\u00e4uche verwendet werden, sorgt der Safe-Bundler daf\u00fcr, dass Schutzspiralen sicher und effizient installiert werden.<\/li>\n<li>Bei schweren Maschinen, die auf Hydraulikschl\u00e4uche angewiesen sind, sorgt dieses Werkzeug daf\u00fcr, dass die Schutzspiralen korrekt installiert werden, um das Risiko von Schlauchsch\u00e4den zu verringern.<\/li>\n<li>Auf Baustellen hilft das Safe-Bundler-Werkzeug bei der ordnungsgem\u00e4\u00dfen Installation von Schutzspiralen an Hydraulikschl\u00e4uchen.<\/li>\n<li>Bei landwirtschaftlichen Ger\u00e4ten, die Hydraulikschl\u00e4uche verwenden, sorgt dieses Werkzeug daf\u00fcr, dass diese mit Safe-Spirals gut gesch\u00fctzt sind.<\/li>\n<li>In der Automobilherstellung und -wartung hilft das Safe-Bundler-Werkzeug bei der effizienten Installation von Schutzspiralen an Hydraulikschl\u00e4uchen.<\/li>\n<\/ul>\n<p><strong>Erh\u00e4ltlich in zwei Gr\u00f6\u00dfen:<\/strong><\/p>\n<ul>\n<li><strong>Klein<\/strong>: f\u00fcr Spiralen mit einem Au\u00dfendurchmesser (OD) von 32 mm bis 40 mm<\/li>\n<li><strong>Gro\u00df<\/strong>: f\u00fcr Spiralen mit einem Au\u00dfendurchmesser (OD) von 50 mm bis 140 mm.<\/li>\n<\/ul>\n<p class=\"p1\">Bitte kontaktieren Sie unser Team, wenn Sie Fragen zum Safe-Bundler Spiralschlauch-Applikationswerkzeug haben. Wir helfen Ihnen gerne weiter.<\/p>\n<div class=\"row\">\n<div class=\"col col-12 wysiwygimagefix\">\n<p><iframe loading=\"lazy\" src=\"https:\/\/www.youtube.com\/embed\/qNAoGnpJnWA?feature=oembed\" width=\"640\" height=\"360\" frameborder=\"0\" allowfullscreen=\"allowfullscreen\" data-mce-fragment=\"1\"><\/iframe><\/p>\n<\/div>\n<\/div>\n<p>&nbsp;<\/p>\n","protected":false},"featured_media":67220,"template":"","meta":{"_et_pb_use_builder":"on","_et_pb_old_content":"","_et_gb_content_width":"","om_disable_all_campaigns":false},"product_brand":[],"product_cat":[552,558,559],"product_tag":[],"class_list":{"0":"post-143192","1":"product","2":"type-product","3":"status-publish","4":"has-post-thumbnail","6":"product_cat-schlauchschutz","7":"product_cat-spiralen","8":"product_cat-werkzeuge-fur-spiralschlauchschutzprodukte","10":"first","11":"instock","12":"taxable","13":"shipping-taxable","14":"product-type-simple"},"_links":{"self":[{"href":"https:\/\/caplugs.eu\/de\/wp-json\/wp\/v2\/product\/143192","targetHints":{"allow":["GET"]}}],"collection":[{"href":"https:\/\/caplugs.eu\/de\/wp-json\/wp\/v2\/product"}],"about":[{"href":"https:\/\/caplugs.eu\/de\/wp-json\/wp\/v2\/types\/product"}],"wp:featuredmedia":[{"embeddable":true,"href":"https:\/\/caplugs.eu\/de\/wp-json\/wp\/v2\/media\/67220"}],"wp:attachment":[{"href":"https:\/\/caplugs.eu\/de\/wp-json\/wp\/v2\/media?parent=143192"}],"wp:term":[{"taxonomy":"product_brand","embeddable":true,"href":"https:\/\/caplugs.eu\/de\/wp-json\/wp\/v2\/product_brand?post=143192"},{"taxonomy":"product_cat","embeddable":true,"href":"https:\/\/caplugs.eu\/de\/wp-json\/wp\/v2\/product_cat?post=143192"},{"taxonomy":"product_tag","embeddable":true,"href":"https:\/\/caplugs.eu\/de\/wp-json\/wp\/v2\/product_tag?post=143192"}],"curies":[{"name":"wp","href":"https:\/\/api.w.org\/{rel}","templated":true}]}}