{"id":143187,"date":"2023-08-04T11:00:18","date_gmt":"2023-08-04T11:00:18","guid":{"rendered":"https:\/\/caplugs.eu\/product\/abriebfeste-seitenhuelse\/"},"modified":"2023-12-18T12:09:50","modified_gmt":"2023-12-18T12:09:50","slug":"abriebfeste-seitenhuelse","status":"publish","type":"product","link":"https:\/\/caplugs.eu\/de\/produkt\/abriebfeste-seitenhuelse\/","title":{"rendered":"Abriebfeste Seitenh\u00fclse"},"content":{"rendered":"<p>[et_pb_section fb_built=&#8220;1&#8243; _builder_version=&#8220;4.21.0&#8243; min_height=&#8220;810.4px&#8220; custom_padding=&#8220;0px||0px||false|false&#8220; global_colors_info=&#8220;{}&#8220;][et_pb_row _builder_version=&#8220;4.16&#8243; background_size=&#8220;initial&#8220; background_position=&#8220;top_left&#8220; background_repeat=&#8220;repeat&#8220; width=&#8220;100%&#8220; custom_padding=&#8220;0px||0px||false|false&#8220; global_colors_info=&#8220;{}&#8220;][et_pb_column type=&#8220;4_4&#8243; _builder_version=&#8220;4.16&#8243; custom_padding=&#8220;|||&#8220; global_colors_info=&#8220;{}&#8220; custom_padding__hover=&#8220;|||&#8220;][et_pb_wc_cart_notice _builder_version=&#8220;4.16&#8243; global_colors_info=&#8220;{}&#8220;][\/et_pb_wc_cart_notice][\/et_pb_column][\/et_pb_row][et_pb_row column_structure=&#8220;2_5,3_5&#8243; _builder_version=&#8220;4.21.0&#8243; background_size=&#8220;initial&#8220; background_position=&#8220;top_left&#8220; background_repeat=&#8220;repeat&#8220; width=&#8220;100%&#8220; custom_padding=&#8220;0px||||false|false&#8220; global_colors_info=&#8220;{}&#8220;][et_pb_column type=&#8220;2_5&#8243; _builder_version=&#8220;4.16&#8243; custom_padding=&#8220;|||&#8220; global_colors_info=&#8220;{}&#8220; custom_padding__hover=&#8220;|||&#8220;][et_pb_wc_images _builder_version=&#8220;4.21.0&#8243; sticky_position=&#8220;top&#8220; sticky_offset_top=&#8220;5px&#8220; sticky_limit_bottom=&#8220;section&#8220; sticky_position_tablet=&#8220;none&#8220; sticky_position_phone=&#8220;none&#8220; sticky_position_last_edited=&#8220;on|desktop&#8220; global_colors_info=&#8220;{}&#8220;][\/et_pb_wc_images][\/et_pb_column][et_pb_column type=&#8220;3_5&#8243; _builder_version=&#8220;4.16&#8243; custom_padding=&#8220;|||&#8220; global_colors_info=&#8220;{}&#8220; custom_padding__hover=&#8220;|||&#8220;][et_pb_wc_breadcrumb _builder_version=&#8220;4.16&#8243; global_colors_info=&#8220;{}&#8220;][\/et_pb_wc_breadcrumb][et_pb_wc_title _builder_version=&#8220;4.21.0&#8243; header_font=&#8220;|700|||||||&#8220; custom_margin=&#8220;-16px||||false|false&#8220; global_colors_info=&#8220;{}&#8220;][\/et_pb_wc_title][et_pb_wc_rating _builder_version=&#8220;4.16&#8243; global_colors_info=&#8220;{}&#8220;][\/et_pb_wc_rating][et_pb_wc_price _builder_version=&#8220;4.16&#8243; global_colors_info=&#8220;{}&#8220;][\/et_pb_wc_price][et_pb_wc_description _builder_version=&#8220;4.21.0&#8243; body_font=&#8220;|300|||||||&#8220; body_font_size=&#8220;16px&#8220; custom_margin=&#8220;-12px||||false|false&#8220; global_colors_info=&#8220;{}&#8220;][\/et_pb_wc_description][et_pb_button button_url=&#8220;@ET-DC@eyJkeW5hbWljIjp0cnVlLCJjb250ZW50IjoicG9zdF9saW5rX3VybF9wYWdlIiwic2V0dGluZ3MiOnsicG9zdF9pZCI6IjExODQxIn19@&#8220; button_text=&#8220;Angebot anfordern&#8220; _builder_version=&#8220;4.22.1&#8243; _dynamic_attributes=&#8220;button_url&#8220; _module_preset=&#8220;default&#8220; custom_margin=&#8220;-24px||||false|false&#8220; hover_enabled=&#8220;0&#8243; global_colors_info=&#8220;{}&#8220; sticky_enabled=&#8220;0&#8243;][\/et_pb_button][et_pb_image src=&#8220;https:\/\/caplugs.eu\/wp-content\/uploads\/2023\/08\/Scherm\u00adafbeelding-2023-08-04-om-13.01.43.png&#8220; title_text=&#8220;Schermafbeelding 2023-08-04 om 13.01.43&#8243; show_in_lightbox=&#8220;on&#8220; force_fullwidth=&#8220;on&#8220; _builder_version=&#8220;4.21.0&#8243; _module_preset=&#8220;default&#8220; custom_css_main_element=&#8220;cursor: pointer;&#8220; global_colors_info=&#8220;{}&#8220;][\/et_pb_image][et_pb_wc_add_to_cart _builder_version=&#8220;4.16&#8243; global_colors_info=&#8220;{}&#8220;][\/et_pb_wc_add_to_cart][et_pb_wc_meta _builder_version=&#8220;4.16&#8243; global_colors_info=&#8220;{}&#8220;][\/et_pb_wc_meta][\/et_pb_column][\/et_pb_row][\/et_pb_section]<\/p>\n","protected":false},"excerpt":{"rendered":"<h3>Eine abriebfeste H\u00fclse mit einer seitlichen \u00d6ffnung f\u00fcr eine einfache Installation<\/h3>\n<p>Die Scheuerschutzmanschette kann zum Umwickeln oder B\u00fcndeln von Schl\u00e4uchen und Kabeln verwendet werden und sch\u00fctzt diese vor Verschlei\u00df. Sein einzigartiges Design mit einem hochwertigen Klettverschluss erm\u00f6glicht eine einfache Montage und Demontage. Es eignet sich f\u00fcr eine Reihe von Anwendungen und Branchen, darunter Fertigung, Bauwesen, Transport und Landwirtschaft.<\/p>\n<ul>\n<li>Hergestellt aus Polyamid (PA) mit einer Polyurethanbeschichtung (PUR), die eine lange Lebensdauer und Best\u00e4ndigkeit gegen die meisten L\u00f6sungsmittel, \u00d6le, S\u00e4uren und Laugen gew\u00e4hrleistet.<\/li>\n<li>Geringe Schmutzanhaftung.<\/li>\n<li>Die Schlauchschutzmanschette ist so konzipiert, dass sie in einem Temperaturbereich von -20\u00b0C bis zu 200\u00b0C effizient funktioniert.<\/li>\n<li>Dank des hochwertigen Klettverschlusses kann die Abriebschutzh\u00fclle mehrfach wiederverwendet werden, was sie kosteng\u00fcnstig macht.<\/li>\n<li>Die Seitenh\u00fclse l\u00e4sst sich leicht abnehmen, ohne dass Schl\u00e4uche oder Kabel abgetrennt werden m\u00fcssen, und ist daher ideal f\u00fcr Wartungsarbeiten geeignet.<\/li>\n<li>Die Schlauchmanschette franst beim Schneiden nicht aus, so dass der Benutzer sie auf die gew\u00fcnschte L\u00e4nge anpassen kann.<\/li>\n<li>In Produktionslinien, in denen Kabel und Schl\u00e4uche potenziellen Absch\u00fcrfungen ausgesetzt sind, bietet die Schlauchschutzh\u00fclle Schutz und Langlebigkeit.<\/li>\n<li>Kann als Abriebschutz f\u00fcr Hydraulikschl\u00e4uche auf Baustellen verwendet werden, wo Maschinenkabel und Schl\u00e4uche Schmutz ausgesetzt sind.<\/li>\n<li>Sch\u00fctzt Kabel und Schl\u00e4uche vor m\u00f6glichem Verschlei\u00df in Fahrzeugen und Transportger\u00e4ten.<\/li>\n<li>Die Schlauchabriebmanschette ist ein wirksamer Schutz vor Umwelteinfl\u00fcssen in der Landwirtschaft.<\/li>\n<li>Die Abriebschutzh\u00fclse erf\u00fcllt die Anforderungen der EN\/ISO 3457.<\/li>\n<li>Erh\u00e4ltlich in der Farbe Schwarz.<\/li>\n<\/ul>\n<p><strong>Hinweis:<\/strong> Die Abriebschutzh\u00fclse ist auch mit \u00d6sen anstelle der Standard\u00f6sen erh\u00e4ltlich.<br \/>\nHaken und \u00d6se.<\/p>\n<ul>\n<li><strong>Werkstoff:<\/strong> Polyamid (PA) mit einer Beschichtung aus Polyurethan (PUR)<\/li>\n<li><strong>Farbe:<\/strong> Schwarz<\/li>\n<li><strong>Abmessungen:<\/strong> Standardl\u00e4nge 50 m<\/li>\n<\/ul>\n<p>Haben Sie spezielle Anforderungen an einen Schlauch oder ein Kabelschutzprodukt? Nehmen Sie Kontakt mit unserem Team auf oder fordern Sie ein Angebot an.<\/p>\n","protected":false},"featured_media":57630,"template":"","meta":{"_et_pb_use_builder":"on","_et_pb_old_content":"","_et_gb_content_width":"","om_disable_all_campaigns":false},"product_brand":[],"product_cat":[552,554],"product_tag":[],"class_list":{"0":"post-143187","1":"product","2":"type-product","3":"status-publish","4":"has-post-thumbnail","6":"product_cat-schlauchschutz","7":"product_cat-sleeves-und-wraps","9":"first","10":"instock","11":"taxable","12":"shipping-taxable","13":"product-type-simple"},"_links":{"self":[{"href":"https:\/\/caplugs.eu\/de\/wp-json\/wp\/v2\/product\/143187","targetHints":{"allow":["GET"]}}],"collection":[{"href":"https:\/\/caplugs.eu\/de\/wp-json\/wp\/v2\/product"}],"about":[{"href":"https:\/\/caplugs.eu\/de\/wp-json\/wp\/v2\/types\/product"}],"wp:featuredmedia":[{"embeddable":true,"href":"https:\/\/caplugs.eu\/de\/wp-json\/wp\/v2\/media\/57630"}],"wp:attachment":[{"href":"https:\/\/caplugs.eu\/de\/wp-json\/wp\/v2\/media?parent=143187"}],"wp:term":[{"taxonomy":"product_brand","embeddable":true,"href":"https:\/\/caplugs.eu\/de\/wp-json\/wp\/v2\/product_brand?post=143187"},{"taxonomy":"product_cat","embeddable":true,"href":"https:\/\/caplugs.eu\/de\/wp-json\/wp\/v2\/product_cat?post=143187"},{"taxonomy":"product_tag","embeddable":true,"href":"https:\/\/caplugs.eu\/de\/wp-json\/wp\/v2\/product_tag?post=143187"}],"curies":[{"name":"wp","href":"https:\/\/api.w.org\/{rel}","templated":true}]}}