{"id":143175,"date":"2023-08-06T23:33:47","date_gmt":"2023-08-06T23:33:47","guid":{"rendered":"https:\/\/caplugs.eu\/product\/schraubstopfen-sl-mit-gewinde\/"},"modified":"2023-12-18T12:08:56","modified_gmt":"2023-12-18T12:08:56","slug":"schraubstopfen-sl-mit-gewinde","status":"publish","type":"product","link":"https:\/\/caplugs.eu\/de\/produkt\/schraubstopfen-sl-mit-gewinde\/","title":{"rendered":"Schraubstopfen SL mit Gewinde"},"content":{"rendered":"<p>[et_pb_section fb_built=&#8220;1&#8243; _builder_version=&#8220;4.21.0&#8243; min_height=&#8220;810.4px&#8220; custom_padding=&#8220;0px||0px||false|false&#8220; global_colors_info=&#8220;{}&#8220;][et_pb_row _builder_version=&#8220;4.16&#8243; background_size=&#8220;initial&#8220; background_position=&#8220;top_left&#8220; background_repeat=&#8220;repeat&#8220; width=&#8220;100%&#8220; custom_padding=&#8220;0px||0px||false|false&#8220; global_colors_info=&#8220;{}&#8220;][et_pb_column type=&#8220;4_4&#8243; _builder_version=&#8220;4.16&#8243; custom_padding=&#8220;|||&#8220; global_colors_info=&#8220;{}&#8220; custom_padding__hover=&#8220;|||&#8220;][et_pb_wc_cart_notice _builder_version=&#8220;4.16&#8243; global_colors_info=&#8220;{}&#8220;][\/et_pb_wc_cart_notice][\/et_pb_column][\/et_pb_row][et_pb_row column_structure=&#8220;2_5,3_5&#8243; _builder_version=&#8220;4.21.0&#8243; background_size=&#8220;initial&#8220; background_position=&#8220;top_left&#8220; background_repeat=&#8220;repeat&#8220; width=&#8220;100%&#8220; custom_padding=&#8220;0px||||false|false&#8220; global_colors_info=&#8220;{}&#8220;][et_pb_column type=&#8220;2_5&#8243; _builder_version=&#8220;4.16&#8243; custom_padding=&#8220;|||&#8220; global_colors_info=&#8220;{}&#8220; custom_padding__hover=&#8220;|||&#8220;][et_pb_wc_images _builder_version=&#8220;4.21.0&#8243; sticky_limit_bottom=&#8220;section&#8220; sticky_position_tablet=&#8220;none&#8220; sticky_position_phone=&#8220;none&#8220; sticky_position_last_edited=&#8220;on|desktop&#8220; global_colors_info=&#8220;{}&#8220;][\/et_pb_wc_images][\/et_pb_column][et_pb_column type=&#8220;3_5&#8243; _builder_version=&#8220;4.16&#8243; custom_padding=&#8220;|||&#8220; global_colors_info=&#8220;{}&#8220; custom_padding__hover=&#8220;|||&#8220;][et_pb_wc_breadcrumb _builder_version=&#8220;4.16&#8243; global_colors_info=&#8220;{}&#8220;][\/et_pb_wc_breadcrumb][et_pb_wc_title _builder_version=&#8220;4.21.0&#8243; header_font=&#8220;|700|||||||&#8220; custom_margin=&#8220;-16px||||false|false&#8220; global_colors_info=&#8220;{}&#8220;][\/et_pb_wc_title][et_pb_wc_rating _builder_version=&#8220;4.16&#8243; global_colors_info=&#8220;{}&#8220;][\/et_pb_wc_rating][et_pb_wc_price _builder_version=&#8220;4.16&#8243; global_colors_info=&#8220;{}&#8220;][\/et_pb_wc_price][et_pb_wc_description _builder_version=&#8220;4.21.0&#8243; body_font=&#8220;|300|||||||&#8220; body_font_size=&#8220;16px&#8220; custom_margin=&#8220;-12px||||false|false&#8220; global_colors_info=&#8220;{}&#8220;][\/et_pb_wc_description][et_pb_button button_url=&#8220;@ET-DC@eyJkeW5hbWljIjp0cnVlLCJjb250ZW50IjoicG9zdF9saW5rX3VybF9wYWdlIiwic2V0dGluZ3MiOnsicG9zdF9pZCI6IjExODQxIn19@&#8220; button_text=&#8220;Angebot anfordern&#8220; _builder_version=&#8220;4.22.1&#8243; _dynamic_attributes=&#8220;button_url&#8220; _module_preset=&#8220;default&#8220; custom_margin=&#8220;-24px||||false|false&#8220; hover_enabled=&#8220;0&#8243; global_colors_info=&#8220;{}&#8220; sticky_enabled=&#8220;0&#8243;][\/et_pb_button][et_pb_image src=&#8220;https:\/\/caplugs.eu\/wp-content\/uploads\/2023\/08\/SCR-20230807-cjna.png&#8220; title_text=&#8220;SCR-20230807-cjna&#8220; show_in_lightbox=&#8220;on&#8220; force_fullwidth=&#8220;on&#8220; _builder_version=&#8220;4.21.0&#8243; _module_preset=&#8220;default&#8220; custom_css_main_element=&#8220;cursor: pointer;&#8220; global_colors_info=&#8220;{}&#8220;][\/et_pb_image][et_pb_wc_add_to_cart _builder_version=&#8220;4.16&#8243; global_colors_info=&#8220;{}&#8220;][\/et_pb_wc_add_to_cart][et_pb_wc_meta _builder_version=&#8220;4.16&#8243; global_colors_info=&#8220;{}&#8220;][\/et_pb_wc_meta][\/et_pb_column][\/et_pb_row][\/et_pb_section]<\/p>\n","protected":false},"excerpt":{"rendered":"<h3>Pr\u00e4zisionsgefertigter Gewindestopfen<\/h3>\n<p>Der Schraubenstopper SL mit Gewinde ist ein pr\u00e4zisionsgefertigtes Produkt, das f\u00fcr den Schutz von Gewinden in einer Reihe von Anwendungen entwickelt wurde, einschlie\u00dflich des Schutzes von Gewinden und Komponenten in CNC-Maschinen, Automobilmontagelinien, hydraulischen Systemen und der \u00d6l- und Gasproduktion.<\/p>\n<ul>\n<li>Hergestellt aus dem Standardmaterial Polypropylen (PP) und geeignet f\u00fcr den Einsatz in einem breiten Temperaturbereich. F\u00fcr extreme Temperaturen oder wenn besondere chemische Best\u00e4ndigkeiten erforderlich sind, sind Ausf\u00fchrungen aus Polyamid (PA) 6 und Polyamid (PA) 6.6 erh\u00e4ltlich.<\/li>\n<li>In der Automobilindustrie sorgt das Produkt daf\u00fcr, dass die Gewinde vor dem Einbau von Bolzen oder anderen Gewindeteilen bei der Montage des Motorblocks nicht kontaminiert werden.<\/li>\n<li>Kann von Hand oder mit entsprechendem Werkzeug montiert werden und ist auch f\u00fcr die Verwendung mit einem Schlitzschraubendreher oder einem Sechskantschl\u00fcssel geeignet.<\/li>\n<li>Entwickelt zum einfachen Einsetzen in Gewindebohrungen, um einen festen Sitz zu gew\u00e4hrleisten, ohne Besch\u00e4digungen zu verursachen.<\/li>\n<li>Sch\u00fctzt Gewinde an CNC-Maschinenteilen, in hydraulischen Maschinen und Anlagen oder in der \u00d6l- und Gasindustrie bei der Wartung oder beim Austausch von Komponenten.<\/li>\n<li>Auch mit k\u00fcrzerem Gewinde erh\u00e4ltlich, was Zeit in der Produktion spart.<\/li>\n<li>Erh\u00e4ltlich in den Farben rot, wei\u00df oder gelb.<\/li>\n<\/ul>\n<p><strong>Hinweis:<\/strong> Dieses Produkt ist auf Anfrage in weiteren Farben erh\u00e4ltlich.<\/p>\n<ul>\n<li><strong>Material:<\/strong> Polypropylen (PP)<\/li>\n<li><strong>Farbe:<\/strong> Rot, wei\u00df oder gelb<\/li>\n<li><strong>Abmessungen:<\/strong> mm<\/li>\n<\/ul>\n<p>Haben Sie spezielle Anforderungen an ein Kunststoffprodukt mit Gewinde? Nehmen Sie Kontakt mit unserem Team auf oder fordern Sie ein Angebot an.<\/p>\n","protected":false},"featured_media":67268,"template":"","meta":{"_et_pb_use_builder":"on","_et_pb_old_content":"","_et_gb_content_width":"","om_disable_all_campaigns":false},"product_brand":[],"product_cat":[555,524],"product_tag":[],"class_list":{"0":"post-143175","1":"product","2":"type-product","3":"status-publish","4":"has-post-thumbnail","6":"product_cat-gewindekappen-aus-kunststoff","7":"product_cat-kiba-de","9":"first","10":"instock","11":"taxable","12":"shipping-taxable","13":"product-type-simple"},"_links":{"self":[{"href":"https:\/\/caplugs.eu\/de\/wp-json\/wp\/v2\/product\/143175","targetHints":{"allow":["GET"]}}],"collection":[{"href":"https:\/\/caplugs.eu\/de\/wp-json\/wp\/v2\/product"}],"about":[{"href":"https:\/\/caplugs.eu\/de\/wp-json\/wp\/v2\/types\/product"}],"wp:featuredmedia":[{"embeddable":true,"href":"https:\/\/caplugs.eu\/de\/wp-json\/wp\/v2\/media\/67268"}],"wp:attachment":[{"href":"https:\/\/caplugs.eu\/de\/wp-json\/wp\/v2\/media?parent=143175"}],"wp:term":[{"taxonomy":"product_brand","embeddable":true,"href":"https:\/\/caplugs.eu\/de\/wp-json\/wp\/v2\/product_brand?post=143175"},{"taxonomy":"product_cat","embeddable":true,"href":"https:\/\/caplugs.eu\/de\/wp-json\/wp\/v2\/product_cat?post=143175"},{"taxonomy":"product_tag","embeddable":true,"href":"https:\/\/caplugs.eu\/de\/wp-json\/wp\/v2\/product_tag?post=143175"}],"curies":[{"name":"wp","href":"https:\/\/api.w.org\/{rel}","templated":true}]}}