{"id":72809,"date":"2023-07-27T21:31:36","date_gmt":"2023-07-27T21:31:36","guid":{"rendered":"https:\/\/caplugs.eu\/vinylkappen\/"},"modified":"2023-12-20T08:41:56","modified_gmt":"2023-12-20T08:41:56","slug":"vinylkappen","status":"publish","type":"page","link":"https:\/\/caplugs.eu\/de\/vinylkappen\/","title":{"rendered":"Vinylkappen"},"content":{"rendered":"<p>[et_pb_section fb_built=&#8220;1&#8243; fullwidth=&#8220;on&#8220; disabled_on=&#8220;off|off|off&#8220; _builder_version=&#8220;4.21.0&#8243; _module_preset=&#8220;default&#8220; background_color=&#8220;#E02B20&#8243; background_image=&#8220;https:\/\/caplugs.eu\/wp-content\/uploads\/2023\/07\/120-KAP100KAP105-MAX_5338-1.jpg&#8220; background_enable_video_mp4=&#8220;off&#8220; z_index=&#8220;0&#8243; custom_padding=&#8220;64px|12px|64px|12px|false|true&#8220; custom_css_before=&#8220;content:%22%22;||    display: block;||    position: absolute;||    top: 0;||    left: 0;||    width: 100%;||    height: 100%;||    background-color: rgba(0,0,0,0.5);||    z-index: 1;&#8220; locked=&#8220;off&#8220; global_colors_info=&#8220;{}&#8220;][et_pb_fullwidth_header title=&#8220;Vinyl-Kappen&#8220; _builder_version=&#8220;4.22.1&#8243; _module_preset=&#8220;default&#8220; title_font=&#8220;|800|||||||&#8220; title_font_size=&#8220;44px&#8220; content_font=&#8220;|300|||||||&#8220; content_text_color=&#8220;#FFFFFF&#8220; content_font_size=&#8220;18px&#8220; background_enable_color=&#8220;off&#8220; z_index=&#8220;23&#8243; global_colors_info=&#8220;{}&#8220;]<\/p>\n<h3>Vinylkappen zum Schutz des Produkts<\/h3>\n<p>Caplugs bietet eine breite Palette von Kunststoff-Vinylkappen f\u00fcr den Einsatz in Branchen wie \u00d6l und Gas, Automobil, Marine und Landwirtschaft. Diese haltbaren und flexiblen Vinylkappen sind f\u00fcr verschiedene Druckstufen ausgelegt und bieten Widerstand gegen Abnutzung. Sie sch\u00fctzen Ihre Produkte vor Besch\u00e4digungen w\u00e4hrend der Herstellung, des Transports, der Lagerung und der Installation.<\/p>\n<p>Das Caplugs-Sortiment an Vinylkappen ist in verschiedenen Gr\u00f6\u00dfen, Farben und Formen erh\u00e4ltlich und umfasst runde Kappen, quadratische Kappen, rechteckige Kappen und Vinylkappen mit Pulltabs zum einfachen Entfernen. Ma\u00dfgeschneiderte Optionen sind auf Anfrage erh\u00e4ltlich. Mit Produktions- und Vertriebsstandorten in ganz Europa und dar\u00fcber hinaus bietet Caplugs Unterst\u00fctzung bei individuellen Produktempfehlungen, Gro\u00dfbestellungen von Vinylkappen oder anderen Fragen. Setzen Sie sich noch heute mit unserem Team in Verbindung.<\/p>\n<p>[\/et_pb_fullwidth_header][\/et_pb_section][et_pb_section fb_built=&#8220;1&#8243; _builder_version=&#8220;4.21.0&#8243; _module_preset=&#8220;default&#8220; background_color=&#8220;RGBA(255,255,255,0)&#8220; z_index=&#8220;11&#8243; custom_margin=&#8220;-93px||||false|false&#8220; custom_padding=&#8220;0px|0px|20px|0px|false|false&#8220; locked=&#8220;off&#8220; global_colors_info=&#8220;{}&#8220;][et_pb_row column_structure=&#8220;1_4,1_4,1_4,1_4&#8243; use_custom_gutter=&#8220;on&#8220; gutter_width=&#8220;2&#8243; _builder_version=&#8220;4.21.0&#8243; _module_preset=&#8220;default&#8220; z_index=&#8220;17&#8243; hover_enabled=&#8220;0&#8243; global_colors_info=&#8220;{}&#8220; sticky_enabled=&#8220;0&#8243;][et_pb_column type=&#8220;1_4&#8243; admin_label=&#8220;S\u00e4ule&#8220; _builder_version=&#8220;4.22.1&#8243; _module_preset=&#8220;default&#8220; background_color=&#8220;#ffffff&#8220; background_image=&#8220;https:\/\/caplugs.eu\/wp-content\/uploads\/2021\/02\/vc-iso.jpg&#8220; background_size=&#8220;custom&#8220; background_image_width=&#8220;50%&#8220; background_position=&#8220;top_center&#8220; background_vertical_offset=&#8220;31%&#8220; z_index=&#8220;20&#8243; link_option_url=&#8220;https:\/\/caplugs.eu\/de\/produkt-kategorie\/vinyl-kappen\/runde-vinylkappen\/&#8220; custom_css_main_element=&#8220;-webkit-backface-visibility: hidden;&#8220; border_radii=&#8220;on|8px|8px|8px|8px&#8220; box_shadow_style=&#8220;preset3&#8243; box_shadow_spread=&#8220;-9px&#8220; global_colors_info=&#8220;{}&#8220;][et_pb_divider show_divider=&#8220;off&#8220; _builder_version=&#8220;4.21.0&#8243; _module_preset=&#8220;default&#8220; width=&#8220;100%&#8220; height=&#8220;160px&#8220; custom_padding=&#8220;20px||20px||true|false&#8220; global_colors_info=&#8220;{}&#8220;][\/et_pb_divider][et_pb_text admin_label=&#8220;Text&#8220; _builder_version=&#8220;4.21.0&#8243; _module_preset=&#8220;default&#8220; text_font=&#8220;|300|||||||&#8220; text_text_color=&#8220;#c22031&#8243; text_font_size=&#8220;20px&#8220; text_line_height=&#8220;1.1em&#8220; header_3_font=&#8220;|800|||||||&#8220; header_3_text_color=&#8220;#c22031&#8243; header_3_line_height=&#8220;0.3em&#8220; positioning=&#8220;absolute&#8220; position_origin_a=&#8220;bottom_left&#8220; vertical_offset=&#8220;20px&#8220; horizontal_offset=&#8220;0px&#8220; width=&#8220;100%&#8220; custom_margin=&#8220;5px||||false|false&#8220; global_colors_info=&#8220;{}&#8220;]<\/p>\n<h3 style=\"text-align: center;\">Runde Vinylkappen<\/h3>\n<p>[\/et_pb_text][\/et_pb_column][et_pb_column type=&#8220;1_4&#8243; admin_label=&#8220;S\u00e4ule&#8220; _builder_version=&#8220;4.22.1&#8243; _module_preset=&#8220;default&#8220; background_color=&#8220;#FFFFFF&#8220; background_image=&#8220;https:\/\/caplugs.eu\/wp-content\/uploads\/2023\/01\/vsc_iso-1.jpg&#8220; background_size=&#8220;custom&#8220; background_image_width=&#8220;60%&#8220; background_position=&#8220;top_center&#8220; background_vertical_offset=&#8220;31%&#8220; link_option_url=&#8220;https:\/\/caplugs.eu\/de\/produkt-kategorie\/vinyl-kappen\/quadratische-vinylkappen\/&#8220; hover_enabled=&#8220;0&#8243; border_radii=&#8220;on|8px|8px|8px|8px&#8220; box_shadow_style=&#8220;preset3&#8243; box_shadow_spread=&#8220;-9px&#8220; global_colors_info=&#8220;{}&#8220; sticky_enabled=&#8220;0&#8243;][et_pb_divider show_divider=&#8220;off&#8220; _builder_version=&#8220;4.21.0&#8243; _module_preset=&#8220;default&#8220; width=&#8220;100%&#8220; height=&#8220;160px&#8220; custom_padding=&#8220;20px||20px||true|false&#8220; global_colors_info=&#8220;{}&#8220;][\/et_pb_divider][et_pb_text admin_label=&#8220;Text&#8220; _builder_version=&#8220;4.21.0&#8243; _module_preset=&#8220;default&#8220; text_font=&#8220;|300|||||||&#8220; text_text_color=&#8220;#c22031&#8243; text_font_size=&#8220;20px&#8220; text_line_height=&#8220;1.1em&#8220; header_3_font=&#8220;|800|||||||&#8220; header_3_text_color=&#8220;#c22031&#8243; header_3_line_height=&#8220;0.3em&#8220; positioning=&#8220;absolute&#8220; position_origin_a=&#8220;bottom_left&#8220; vertical_offset=&#8220;20px&#8220; horizontal_offset=&#8220;0px&#8220; width=&#8220;100%&#8220; custom_margin=&#8220;5px||||false|false&#8220; global_colors_info=&#8220;{}&#8220;]<\/p>\n<h3 style=\"text-align: center;\">Quadratische Vinylkappen<\/h3>\n<p>[\/et_pb_text][\/et_pb_column][et_pb_column type=&#8220;1_4&#8243; admin_label=&#8220;S\u00e4ule&#8220; _builder_version=&#8220;4.22.1&#8243; _module_preset=&#8220;default&#8220; background_color=&#8220;#FFFFFF&#8220; background_image=&#8220;https:\/\/caplugs.eu\/wp-content\/uploads\/2021\/02\/vrf_iso-1.jpg&#8220; background_size=&#8220;custom&#8220; background_image_width=&#8220;65%&#8220; background_position=&#8220;top_center&#8220; background_vertical_offset=&#8220;31%&#8220; link_option_url=&#8220;https:\/\/caplugs.eu\/de\/produkt-kategorie\/vinyl-kappen\/rechteckige-vinylkappen\/&#8220; hover_enabled=&#8220;0&#8243; border_radii=&#8220;on|8px|8px|8px|8px&#8220; box_shadow_style=&#8220;preset3&#8243; box_shadow_spread=&#8220;-9px&#8220; global_colors_info=&#8220;{}&#8220; sticky_enabled=&#8220;0&#8243;][et_pb_divider show_divider=&#8220;off&#8220; _builder_version=&#8220;4.21.0&#8243; _module_preset=&#8220;default&#8220; width=&#8220;100%&#8220; height=&#8220;160px&#8220; custom_padding=&#8220;20px||20px||true|false&#8220; global_colors_info=&#8220;{}&#8220;][\/et_pb_divider][et_pb_text admin_label=&#8220;Text&#8220; _builder_version=&#8220;4.21.0&#8243; _module_preset=&#8220;default&#8220; text_font=&#8220;|300|||||||&#8220; text_text_color=&#8220;#c22031&#8243; text_font_size=&#8220;20px&#8220; text_line_height=&#8220;1.1em&#8220; header_3_font=&#8220;|800|||||||&#8220; header_3_text_color=&#8220;#c22031&#8243; header_3_font_size=&#8220;18px&#8220; header_3_line_height=&#8220;0.3em&#8220; positioning=&#8220;absolute&#8220; position_origin_a=&#8220;bottom_left&#8220; vertical_offset=&#8220;20px&#8220; horizontal_offset=&#8220;0px&#8220; width=&#8220;100%&#8220; custom_margin=&#8220;5px||||false|false&#8220; global_colors_info=&#8220;{}&#8220;]<\/p>\n<h3 class=\"LC20lb MBeuO DKV0Md\" style=\"text-align: center;\">Rechteckige Vinylkappen<\/h3>\n<p>[\/et_pb_text][\/et_pb_column][et_pb_column type=&#8220;1_4&#8243; admin_label=&#8220;S\u00e4ule&#8220; _builder_version=&#8220;4.22.1&#8243; _module_preset=&#8220;default&#8220; background_color=&#8220;#FFFFFF&#8220; background_image=&#8220;https:\/\/caplugs.eu\/wp-content\/uploads\/2021\/02\/vfe-iso.jpg&#8220; background_size=&#8220;custom&#8220; background_image_width=&#8220;50%&#8220; background_position=&#8220;top_center&#8220; background_vertical_offset=&#8220;31%&#8220; link_option_url=&#8220;https:\/\/caplugs.eu\/de\/produkt-kategorie\/vinyl-kappen\/pull-tab-vinyl-kappen\/&#8220; hover_enabled=&#8220;0&#8243; border_radii=&#8220;on|8px|8px|8px|8px&#8220; box_shadow_style=&#8220;preset3&#8243; box_shadow_spread=&#8220;-9px&#8220; global_colors_info=&#8220;{}&#8220; sticky_enabled=&#8220;0&#8243;][et_pb_divider show_divider=&#8220;off&#8220; _builder_version=&#8220;4.21.0&#8243; _module_preset=&#8220;default&#8220; width=&#8220;100%&#8220; height=&#8220;160px&#8220; custom_padding=&#8220;20px||20px||true|false&#8220; global_colors_info=&#8220;{}&#8220;][\/et_pb_divider][et_pb_text admin_label=&#8220;Text&#8220; _builder_version=&#8220;4.21.0&#8243; _module_preset=&#8220;default&#8220; text_font=&#8220;|300|||||||&#8220; text_text_color=&#8220;#c22031&#8243; text_font_size=&#8220;20px&#8220; text_line_height=&#8220;1.1em&#8220; header_3_font=&#8220;|800|||||||&#8220; header_3_text_color=&#8220;#c22031&#8243; header_3_line_height=&#8220;0.3em&#8220; positioning=&#8220;absolute&#8220; position_origin_a=&#8220;bottom_left&#8220; vertical_offset=&#8220;20px&#8220; horizontal_offset=&#8220;0px&#8220; width=&#8220;100%&#8220; custom_margin=&#8220;5px||||false|false&#8220; global_colors_info=&#8220;{}&#8220;]<\/p>\n<h3 class=\"LC20lb MBeuO DKV0Md\" style=\"text-align: center;\">Zuglasche Vinylkappen<\/h3>\n<p>[\/et_pb_text][\/et_pb_column][\/et_pb_row][\/et_pb_section][et_pb_section fb_built=&#8220;1&#8243; _builder_version=&#8220;4.21.0&#8243; _module_preset=&#8220;default&#8220; background_color=&#8220;RGBA(255,255,255,0)&#8220; z_index=&#8220;11&#8243; custom_margin=&#8220;-24px||||false|false&#8220; custom_padding=&#8220;0px|0px|20px|0px|false|false&#8220; locked=&#8220;off&#8220; global_colors_info=&#8220;{}&#8220;][et_pb_row column_structure=&#8220;1_4,1_4,1_4,1_4&#8243; use_custom_gutter=&#8220;on&#8220; gutter_width=&#8220;2&#8243; _builder_version=&#8220;4.22.1&#8243; _module_preset=&#8220;default&#8220; z_index=&#8220;17&#8243; hover_enabled=&#8220;0&#8243; global_colors_info=&#8220;{}&#8220; sticky_enabled=&#8220;0&#8243;][et_pb_column type=&#8220;1_4&#8243; admin_label=&#8220;S\u00e4ule&#8220; _builder_version=&#8220;4.22.1&#8243; _module_preset=&#8220;default&#8220; background_color=&#8220;#ffffff&#8220; background_image=&#8220;https:\/\/caplugs.eu\/wp-content\/uploads\/2021\/02\/VRR-iso.jpg&#8220; background_size=&#8220;custom&#8220; background_image_width=&#8220;60%&#8220; background_position=&#8220;top_center&#8220; background_vertical_offset=&#8220;31%&#8220; z_index=&#8220;20&#8243; link_option_url=&#8220;https:\/\/caplugs.eu\/de\/produkt-kategorie\/vinyl-hullen\/&#8220; hover_enabled=&#8220;0&#8243; custom_css_main_element=&#8220;-webkit-backface-visibility: hidden;&#8220; border_radii=&#8220;on|8px|8px|8px|8px&#8220; box_shadow_style=&#8220;preset3&#8243; box_shadow_spread=&#8220;-9px&#8220; global_colors_info=&#8220;{}&#8220; sticky_enabled=&#8220;0&#8243;][et_pb_divider show_divider=&#8220;off&#8220; _builder_version=&#8220;4.21.0&#8243; _module_preset=&#8220;default&#8220; width=&#8220;100%&#8220; height=&#8220;160px&#8220; custom_padding=&#8220;20px||20px||true|false&#8220; global_colors_info=&#8220;{}&#8220;][\/et_pb_divider][et_pb_text admin_label=&#8220;Text&#8220; _builder_version=&#8220;4.21.0&#8243; _module_preset=&#8220;default&#8220; text_font=&#8220;|300|||||||&#8220; text_text_color=&#8220;#c22031&#8243; text_font_size=&#8220;20px&#8220; text_line_height=&#8220;1.1em&#8220; header_3_font=&#8220;|800|||||||&#8220; header_3_text_color=&#8220;#c22031&#8243; header_3_line_height=&#8220;0.3em&#8220; positioning=&#8220;absolute&#8220; position_origin_a=&#8220;bottom_left&#8220; vertical_offset=&#8220;20px&#8220; horizontal_offset=&#8220;0px&#8220; width=&#8220;100%&#8220; custom_margin=&#8220;5px||||false|false&#8220; global_colors_info=&#8220;{}&#8220;]<\/p>\n<h3 style=\"text-align: center;\">Vinylh\u00fcllen<\/h3>\n<p>[\/et_pb_text][\/et_pb_column][et_pb_column type=&#8220;1_4&#8243; admin_label=&#8220;S\u00e4ule&#8220; _builder_version=&#8220;4.22.1&#8243; _module_preset=&#8220;default&#8220; background_color=&#8220;#FFFFFF&#8220; background_image=&#8220;https:\/\/caplugs.eu\/wp-content\/uploads\/2021\/02\/ocs_iso-1.jpg&#8220; background_size=&#8220;custom&#8220; background_image_width=&#8220;52%&#8220; background_position=&#8220;top_center&#8220; background_vertical_offset=&#8220;31%&#8220; link_option_url=&#8220;https:\/\/caplugs.eu\/de\/produkt-kategorie\/vinylbezuge\/&#8220; hover_enabled=&#8220;0&#8243; border_radii=&#8220;on|8px|8px|8px|8px&#8220; box_shadow_style=&#8220;preset3&#8243; box_shadow_spread=&#8220;-9px&#8220; global_colors_info=&#8220;{}&#8220; sticky_enabled=&#8220;0&#8243;][et_pb_divider show_divider=&#8220;off&#8220; _builder_version=&#8220;4.21.0&#8243; _module_preset=&#8220;default&#8220; width=&#8220;100%&#8220; height=&#8220;160px&#8220; custom_padding=&#8220;20px||20px||true|false&#8220; global_colors_info=&#8220;{}&#8220;][\/et_pb_divider][et_pb_text admin_label=&#8220;Text&#8220; _builder_version=&#8220;4.21.0&#8243; _module_preset=&#8220;default&#8220; text_font=&#8220;|300|||||||&#8220; text_text_color=&#8220;#c22031&#8243; text_font_size=&#8220;20px&#8220; text_line_height=&#8220;1.1em&#8220; header_3_font=&#8220;|800|||||||&#8220; header_3_text_color=&#8220;#c22031&#8243; header_3_line_height=&#8220;0.3em&#8220; positioning=&#8220;absolute&#8220; position_origin_a=&#8220;bottom_left&#8220; vertical_offset=&#8220;20px&#8220; horizontal_offset=&#8220;0px&#8220; width=&#8220;100%&#8220; custom_margin=&#8220;5px||||false|false&#8220; global_colors_info=&#8220;{}&#8220;]<\/p>\n<h3 style=\"text-align: center;\">Vinyl-Abdeckungen<\/h3>\n<p>[\/et_pb_text][\/et_pb_column][et_pb_column type=&#8220;1_4&#8243; _builder_version=&#8220;4.21.0&#8243; _module_preset=&#8220;default&#8220; global_colors_info=&#8220;{}&#8220;][\/et_pb_column][et_pb_column type=&#8220;1_4&#8243; _builder_version=&#8220;4.21.0&#8243; _module_preset=&#8220;default&#8220; global_colors_info=&#8220;{}&#8220;][\/et_pb_column][\/et_pb_row][\/et_pb_section]<\/p>\n","protected":false},"excerpt":{"rendered":"<p>Vinylkappen zum Schutz des Produkts Caplugs bietet eine breite Palette von Kunststoff-Vinylkappen f\u00fcr den Einsatz in Branchen wie \u00d6l und Gas, Automobil, Marine und Landwirtschaft. Diese haltbaren und flexiblen Vinylkappen sind f\u00fcr verschiedene Druckstufen ausgelegt und bieten Widerstand gegen Abnutzung. Sie sch\u00fctzen Ihre Produkte vor Besch\u00e4digungen w\u00e4hrend der Herstellung, des Transports, der Lagerung und der [&hellip;]<\/p>\n","protected":false},"author":18,"featured_media":0,"parent":0,"menu_order":0,"comment_status":"closed","ping_status":"closed","template":"","meta":{"_et_pb_use_builder":"on","_et_pb_old_content":"","_et_gb_content_width":"","om_disable_all_campaigns":false,"footnotes":""},"class_list":["post-72809","page","type-page","status-publish","hentry"],"_links":{"self":[{"href":"https:\/\/caplugs.eu\/de\/wp-json\/wp\/v2\/pages\/72809","targetHints":{"allow":["GET"]}}],"collection":[{"href":"https:\/\/caplugs.eu\/de\/wp-json\/wp\/v2\/pages"}],"about":[{"href":"https:\/\/caplugs.eu\/de\/wp-json\/wp\/v2\/types\/page"}],"author":[{"embeddable":true,"href":"https:\/\/caplugs.eu\/de\/wp-json\/wp\/v2\/users\/18"}],"replies":[{"embeddable":true,"href":"https:\/\/caplugs.eu\/de\/wp-json\/wp\/v2\/comments?post=72809"}],"version-history":[{"count":0,"href":"https:\/\/caplugs.eu\/de\/wp-json\/wp\/v2\/pages\/72809\/revisions"}],"wp:attachment":[{"href":"https:\/\/caplugs.eu\/de\/wp-json\/wp\/v2\/media?parent=72809"}],"curies":[{"name":"wp","href":"https:\/\/api.w.org\/{rel}","templated":true}]}}