{"id":72596,"date":"2022-08-04T17:29:41","date_gmt":"2022-08-04T17:29:41","guid":{"rendered":"https:\/\/caplugs.eu\/konische-kappen-und-stopfen\/"},"modified":"2023-12-18T09:50:02","modified_gmt":"2023-12-18T09:50:02","slug":"konische-kappen-und-stopfen","status":"publish","type":"page","link":"https:\/\/caplugs.eu\/de\/konische-kappen-und-stopfen\/","title":{"rendered":"Konische Kappen und Stopfen"},"content":{"rendered":"<p>[et_pb_section fb_built=&#8220;1&#8243; fullwidth=&#8220;on&#8220; custom_padding_last_edited=&#8220;on|phone&#8220; disabled_on=&#8220;off|off|off&#8220; _builder_version=&#8220;4.21.0&#8243; _module_preset=&#8220;default&#8220; background_color=&#8220;#E02B20&#8243; background_image=&#8220;https:\/\/caplugs.eu\/wp-content\/uploads\/2023\/08\/Injection-moulding.jpg&#8220; background_position=&#8220;bottom_center&#8220; background_vertical_offset=&#8220;63%&#8220; background_enable_video_mp4=&#8220;off&#8220; z_index=&#8220;0&#8243; custom_padding=&#8220;64px|0px|64px|0px|false|true&#8220; custom_padding_tablet=&#8220;64px|0px|64px|0px|false|true&#8220; custom_padding_phone=&#8220;64px|0px|64px|0px|false|true&#8220; custom_css_before=&#8220;content:%22%22;||    display: block;||    position: absolute;||    top: 0;||    left: 0;||    width: 100%;||    height: 100%;||    background-color: rgba(0,0,0,0.5);||    z-index: 1;&#8220; locked=&#8220;off&#8220; global_colors_info=&#8220;{}&#8220;][et_pb_fullwidth_header title=&#8220;Kegelf\u00f6rmige Kappen und Stopfen&#8220; button_one_url=&#8220;#Maskierungsteile&#8220; content_max_width=&#8220;50%&#8220; content_max_width_tablet=&#8220;100%&#8220; content_max_width_phone=&#8220;100%&#8220; content_max_width_last_edited=&#8220;on|phone&#8220; _builder_version=&#8220;4.22.1&#8243; _module_preset=&#8220;default&#8220; title_font=&#8220;|800|||||||&#8220; title_font_size=&#8220;44px&#8220; content_font=&#8220;|300|||||||&#8220; content_text_color=&#8220;#FFFFFF&#8220; content_font_size=&#8220;17px&#8220; background_enable_color=&#8220;off&#8220; custom_button_one=&#8220;on&#8220; button_one_text_size=&#8220;19px&#8220; button_one_text_color=&#8220;#c02031&#8243; button_one_bg_color=&#8220;#FFFFFF&#8220; button_one_border_width=&#8220;0px&#8220; button_one_border_radius=&#8220;4px&#8220; button_one_font=&#8220;||||||||&#8220; z_index=&#8220;23&#8243; custom_padding=&#8220;||||true|true&#8220; custom_padding_tablet=&#8220;0px|0px|0px|0px|true|true&#8220; custom_padding_phone=&#8220;0px|0px|0px|0px|true|true&#8220; custom_padding_last_edited=&#8220;on|desktop&#8220; hover_enabled=&#8220;0&#8243; title_font_size_tablet=&#8220;44px&#8220; title_font_size_phone=&#8220;32px&#8220; title_font_size_last_edited=&#8220;on|phone&#8220; content_font_size_tablet=&#8220;17px&#8220; content_font_size_phone=&#8220;16px&#8220; content_font_size_last_edited=&#8220;on|phone&#8220; box_shadow_style_button_one=&#8220;preset1&#8243; global_colors_info=&#8220;{}&#8220; sticky_enabled=&#8220;0&#8243;]<\/p>\n<h3>Vielseitige Kunststoffkappen und -stopfen f\u00fcr den Produktschutz<\/h3>\n<p>Die konischen Kappen und Stopfen von Caplugs sind vielseitige Teile, die je nach Anwendungsfall entweder als Kappe oder als Stopfen verwendet werden k\u00f6nnen. Ein einzigartiges, konisch zulaufendes Design sorgt f\u00fcr einen passgenauen Sitz und bietet optimalen Schutz oder Abdichtung. Das Sortiment ist so konzipiert, dass es gleichbleibende, hochwertige Ergebnisse bei verschiedenen Endbearbeitungen gew\u00e4hrleistet.<\/p>\n<p>Die Verwendung hochwertiger und best\u00e4ndiger Materialien, die auch schwierigen Bedingungen standhalten, gew\u00e4hrleistet eine lange Lebensdauer der Caplugs-Produkte. Ideal f\u00fcr den Einsatz in verschiedenen Industriezweigen, einschlie\u00dflich Fertigung, Automobilbau, Elektronik und Luft- und Raumfahrt, sowie f\u00fcr alle Anwendungen, die Pr\u00e4zision bei der Endbearbeitung erfordern.<\/p>\n<p>[\/et_pb_fullwidth_header][\/et_pb_section][et_pb_section fb_built=&#8220;1&#8243; _builder_version=&#8220;4.17.6&#8243; _module_preset=&#8220;default&#8220; background_enable_color=&#8220;off&#8220; background_color_gradient_start=&#8220;#eeeeee&#8220; background_color_gradient_end=&#8220;#ffffff&#8220; custom_padding=&#8220;0px|0px|0px|0px|false|false&#8220; global_colors_info=&#8220;{}&#8220;][et_pb_row _builder_version=&#8220;4.21.0&#8243; _module_preset=&#8220;default&#8220; custom_margin=&#8220;40px||||false|false&#8220; global_colors_info=&#8220;{}&#8220;][et_pb_column type=&#8220;4_4&#8243; _builder_version=&#8220;4.16&#8243; _module_preset=&#8220;default&#8220; global_colors_info=&#8220;{}&#8220;][et_pb_shop type=&#8220;product_category&#8220; posts_number=&#8220;100&#8243; include_categories=&#8220;49&#8243; columns_number=&#8220;5&#8243; show_price=&#8220;off&#8220; show_rating=&#8220;off&#8220; show_sale_badge=&#8220;off&#8220; _builder_version=&#8220;4.21.0&#8243; _module_preset=&#8220;default&#8220; custom_css_product=&#8220;pointer-events: none;&#8220; global_colors_info=&#8220;{}&#8220;][\/et_pb_shop][\/et_pb_column][\/et_pb_row][\/et_pb_section]<\/p>\n","protected":false},"excerpt":{"rendered":"<p>Vielseitige Kunststoffkappen und -stopfen f\u00fcr den Produktschutz Die konischen Kappen und Stopfen von Caplugs sind vielseitige Teile, die je nach Anwendungsfall entweder als Kappe oder als Stopfen verwendet werden k\u00f6nnen. Ein einzigartiges, konisch zulaufendes Design sorgt f\u00fcr einen passgenauen Sitz und bietet optimalen Schutz oder Abdichtung. Das Sortiment ist so konzipiert, dass es gleichbleibende, hochwertige [&hellip;]<\/p>\n","protected":false},"author":11,"featured_media":0,"parent":0,"menu_order":0,"comment_status":"closed","ping_status":"closed","template":"","meta":{"_et_pb_use_builder":"on","_et_pb_old_content":"","_et_gb_content_width":"","om_disable_all_campaigns":false,"footnotes":""},"class_list":["post-72596","page","type-page","status-publish","hentry"],"_links":{"self":[{"href":"https:\/\/caplugs.eu\/de\/wp-json\/wp\/v2\/pages\/72596","targetHints":{"allow":["GET"]}}],"collection":[{"href":"https:\/\/caplugs.eu\/de\/wp-json\/wp\/v2\/pages"}],"about":[{"href":"https:\/\/caplugs.eu\/de\/wp-json\/wp\/v2\/types\/page"}],"author":[{"embeddable":true,"href":"https:\/\/caplugs.eu\/de\/wp-json\/wp\/v2\/users\/11"}],"replies":[{"embeddable":true,"href":"https:\/\/caplugs.eu\/de\/wp-json\/wp\/v2\/comments?post=72596"}],"version-history":[{"count":0,"href":"https:\/\/caplugs.eu\/de\/wp-json\/wp\/v2\/pages\/72596\/revisions"}],"wp:attachment":[{"href":"https:\/\/caplugs.eu\/de\/wp-json\/wp\/v2\/media?parent=72596"}],"curies":[{"name":"wp","href":"https:\/\/api.w.org\/{rel}","templated":true}]}}