{"id":72590,"date":"2023-08-03T09:55:52","date_gmt":"2023-08-03T09:55:52","guid":{"rendered":"https:\/\/caplugs.eu\/spiralen\/"},"modified":"2024-07-29T07:23:14","modified_gmt":"2024-07-29T07:23:14","slug":"spiralen","status":"publish","type":"page","link":"https:\/\/caplugs.eu\/de\/spiralen\/","title":{"rendered":"Spiralen1"},"content":{"rendered":"<p>[et_pb_section fb_built=&#8220;1&#8243; fullwidth=&#8220;on&#8220; disabled_on=&#8220;off|off|off&#8220; _builder_version=&#8220;4.21.0&#8243; _module_preset=&#8220;default&#8220; background_color=&#8220;#E02B20&#8243; background_image=&#8220;https:\/\/caplugs.eu\/wp-content\/uploads\/2023\/08\/Safeplast_30092020-219-2.jpg&#8220; background_enable_video_mp4=&#8220;off&#8220; z_index=&#8220;0&#8243; custom_padding=&#8220;64px|12px|64px|12px|false|true&#8220; custom_css_before=&#8220;content:%22%22;||    display: block;||    position: absolute;||    top: 0;||    left: 0;||    width: 100%;||    height: 100%;||    background-color: rgba(0,0,0,0.5);||    z-index: 1;&#8220; locked=&#8220;off&#8220; global_colors_info=&#8220;{}&#8220;][et_pb_fullwidth_header title=&#8220;Spiralen&#8220; _builder_version=&#8220;4.22.1&#8243; _module_preset=&#8220;default&#8220; title_font=&#8220;|800|||||||&#8220; title_font_size=&#8220;44px&#8220; content_font=&#8220;|300|||||||&#8220; content_text_color=&#8220;#FFFFFF&#8220; content_font_size=&#8220;18px&#8220; background_enable_color=&#8220;off&#8220; z_index=&#8220;23&#8243; hover_enabled=&#8220;0&#8243; global_colors_info=&#8220;{}&#8220; sticky_enabled=&#8220;0&#8243;]<\/p>\n<h3>Spiralf\u00f6rmige Schutzprodukte f\u00fcr Schl\u00e4uche, Dr\u00e4hte und Kabel<\/h3>\n<p>  Spiralschlauchumh\u00fcllungen sind unverzichtbare Schutzprodukte f\u00fcr einen sicheren und zuverl\u00e4ssigen Betrieb. Sie sorgen daf\u00fcr, dass die Komponenten vor versehentlichen St\u00f6\u00dfen, Abrieb und \u00e4u\u00dferen Kr\u00e4ften gesch\u00fctzt sind. Wir bieten eine Reihe von hochwertigen Spiralschlauchschutzprodukten an, darunter Standard-Spiralschlauchumh\u00fcllungen, zweifarbige Spiralschlauchumh\u00fcllungen, umweltfreundliche Spiralschlauchumh\u00fcllungen und ma\u00dfgeschneiderte Spiralschlauchumh\u00fcllungen. Mit dem Schwerpunkt auf Materialqualit\u00e4t sind diese Schlauchschutzprodukte langlebig und zuverl\u00e4ssig.[\/et_pb_fullwidth_header][\/et_pb_section][et_pb_section fb_built=&#8220;1&#8243; _builder_version=&#8220;4.21.0&#8243; _module_preset=&#8220;default&#8220; background_color=&#8220;RGBA(255,255,255,0)&#8220; z_index=&#8220;11&#8243; custom_margin=&#8220;-93px||||false|false&#8220; custom_padding=&#8220;0px|0px|20px|0px|false|false&#8220; locked=&#8220;off&#8220; global_colors_info=&#8220;{}&#8220;][et_pb_row column_structure=&#8220;1_4,1_4,1_4,1_4&#8243; use_custom_gutter=&#8220;on&#8220; gutter_width=&#8220;2&#8243; _builder_version=&#8220;4.21.0&#8243; _module_preset=&#8220;default&#8220; z_index=&#8220;17&#8243; global_colors_info=&#8220;{}&#8220;][et_pb_column type=&#8220;1_4&#8243; admin_label=&#8220;S\u00e4ule&#8220; _builder_version=&#8220;4.21.0&#8243; _module_preset=&#8220;default&#8220; background_color=&#8220;#FFFFFF&#8220; background_image=&#8220;https:\/\/caplugs.eu\/wp-content\/uploads\/2023\/07\/Safe-Spiral-yellow.jpg&#8220; background_size=&#8220;custom&#8220; background_image_width=&#8220;65%&#8220; background_position=&#8220;top_center&#8220; background_vertical_offset=&#8220;31%&#8220; link_option_url=&#8220;https:\/\/caplugs.eu\/de\/standard-spiralen\/&#8220; border_radii=&#8220;on|8px|8px|8px|8px&#8220; box_shadow_style=&#8220;preset3&#8243; box_shadow_spread=&#8220;-9px&#8220; global_colors_info=&#8220;{}&#8220;][et_pb_divider show_divider=&#8220;off&#8220; _builder_version=&#8220;4.21.0&#8243; _module_preset=&#8220;default&#8220; width=&#8220;100%&#8220; height=&#8220;160px&#8220; custom_padding=&#8220;20px||20px||true|false&#8220; global_colors_info=&#8220;{}&#8220;][\/et_pb_divider][et_pb_text admin_label=&#8220;Text&#8220; _builder_version=&#8220;4.21.0&#8243; _module_preset=&#8220;default&#8220; text_font=&#8220;|300|||||||&#8220; text_text_color=&#8220;#c22031&#8243; text_font_size=&#8220;20px&#8220; text_line_height=&#8220;1.1em&#8220; header_3_font=&#8220;|800|||||||&#8220; header_3_text_color=&#8220;#c22031&#8243; header_3_line_height=&#8220;0.3em&#8220; positioning=&#8220;absolute&#8220; position_origin_a=&#8220;bottom_left&#8220; vertical_offset=&#8220;20px&#8220; horizontal_offset=&#8220;0px&#8220; width=&#8220;100%&#8220; custom_margin=&#8220;5px||||false|false&#8220; global_colors_info=&#8220;{}&#8220;]<\/p>\n<h3 style=\"text-align: center;\">Standard-Spiralen<\/h3>\n<p>[\/et_pb_text][\/et_pb_column][et_pb_column type=&#8220;1_4&#8243; admin_label=&#8220;S\u00e4ule&#8220; _builder_version=&#8220;4.21.0&#8243; _module_preset=&#8220;default&#8220; background_color=&#8220;#ffffff&#8220; background_image=&#8220;https:\/\/caplugs.eu\/wp-content\/uploads\/2023\/07\/Safe-Spiral-DUO-5-1.jpg&#8220; background_size=&#8220;custom&#8220; background_image_width=&#8220;55%&#8220; background_position=&#8220;top_center&#8220; background_vertical_offset=&#8220;31%&#8220; z_index=&#8220;20&#8243; link_option_url=&#8220;https:\/\/caplugs.eu\/de\/produkt-kategorie\/schlauchschutz\/spiralen\/duo-farbige-spiralschlauchwickel\/&#8220; custom_css_main_element=&#8220;-webkit-backface-visibility: hidden;&#8220; border_radii=&#8220;on|8px|8px|8px|8px&#8220; box_shadow_style=&#8220;preset3&#8243; box_shadow_spread=&#8220;-9px&#8220; global_colors_info=&#8220;{}&#8220;][et_pb_divider show_divider=&#8220;off&#8220; _builder_version=&#8220;4.21.0&#8243; _module_preset=&#8220;default&#8220; width=&#8220;100%&#8220; height=&#8220;160px&#8220; custom_padding=&#8220;20px||20px||true|false&#8220; global_colors_info=&#8220;{}&#8220;][\/et_pb_divider][et_pb_text admin_label=&#8220;Text&#8220; _builder_version=&#8220;4.21.0&#8243; _module_preset=&#8220;default&#8220; text_font=&#8220;|300|||||||&#8220; text_text_color=&#8220;#c22031&#8243; text_font_size=&#8220;20px&#8220; text_line_height=&#8220;1.1em&#8220; header_3_font=&#8220;|800|||||||&#8220; header_3_text_color=&#8220;#c22031&#8243; header_3_line_height=&#8220;0.3em&#8220; positioning=&#8220;absolute&#8220; position_origin_a=&#8220;bottom_left&#8220; vertical_offset=&#8220;20px&#8220; horizontal_offset=&#8220;0px&#8220; width=&#8220;100%&#8220; custom_margin=&#8220;5px||||false|false&#8220; global_colors_info=&#8220;{}&#8220;]<\/p>\n<h3 style=\"text-align: center;\">Duo Color Spiralen<\/h3>\n<p>[\/et_pb_text][\/et_pb_column][et_pb_column type=&#8220;1_4&#8243; admin_label=&#8220;S\u00e4ule&#8220; _builder_version=&#8220;4.21.0&#8243; _module_preset=&#8220;default&#8220; background_color=&#8220;#FFFFFF&#8220; background_image=&#8220;https:\/\/caplugs.eu\/wp-content\/uploads\/2023\/08\/Safeplast-Safe-Spiral-Bio.jpg&#8220; background_size=&#8220;custom&#8220; background_image_width=&#8220;100%&#8220; background_position=&#8220;top_center&#8220; background_vertical_offset=&#8220;31%&#8220; link_option_url=&#8220;https:\/\/caplugs.eu\/de\/produkt-kategorie\/schlauchschutz\/spiralen\/recycelte-spiralschlauchwickel\/&#8220; border_radii=&#8220;on|8px|8px|8px|8px&#8220; box_shadow_style=&#8220;preset3&#8243; box_shadow_spread=&#8220;-9px&#8220; global_colors_info=&#8220;{}&#8220;][et_pb_divider show_divider=&#8220;off&#8220; _builder_version=&#8220;4.21.0&#8243; _module_preset=&#8220;default&#8220; width=&#8220;100%&#8220; height=&#8220;160px&#8220; custom_padding=&#8220;20px||20px||true|false&#8220; global_colors_info=&#8220;{}&#8220;][\/et_pb_divider][et_pb_text admin_label=&#8220;Text&#8220; _builder_version=&#8220;4.21.0&#8243; _module_preset=&#8220;default&#8220; text_font=&#8220;|300|||||||&#8220; text_text_color=&#8220;#c22031&#8243; text_font_size=&#8220;20px&#8220; text_line_height=&#8220;1.1em&#8220; header_3_font=&#8220;|800|||||||&#8220; header_3_text_color=&#8220;#c22031&#8243; header_3_line_height=&#8220;0.3em&#8220; positioning=&#8220;absolute&#8220; position_origin_a=&#8220;bottom_left&#8220; vertical_offset=&#8220;20px&#8220; horizontal_offset=&#8220;0px&#8220; width=&#8220;100%&#8220; custom_margin=&#8220;5px||||false|false&#8220; global_colors_info=&#8220;{}&#8220;]<\/p>\n<h3 class=\"LC20lb MBeuO DKV0Md\" style=\"text-align: center;\">Recycelte Spiralen<\/h3>\n<p>[\/et_pb_text][\/et_pb_column][et_pb_column type=&#8220;1_4&#8243; admin_label=&#8220;S\u00e4ule&#8220; _builder_version=&#8220;4.21.0&#8243; _module_preset=&#8220;default&#8220; background_color=&#8220;#FFFFFF&#8220; background_image=&#8220;https:\/\/caplugs.eu\/wp-content\/uploads\/2023\/08\/Safeplast-Safe-Spiral-Your-Brand.jpg&#8220; background_size=&#8220;custom&#8220; background_image_width=&#8220;85%&#8220; background_position=&#8220;top_center&#8220; background_vertical_offset=&#8220;31%&#8220; link_option_url=&#8220;https:\/\/caplugs.eu\/de\/produkt-kategorie\/schlauchschutz\/spiralen\/kundenspezifische-spiralschlauchwicklungen\/&#8220; border_radii=&#8220;on|8px|8px|8px|8px&#8220; box_shadow_style=&#8220;preset3&#8243; box_shadow_spread=&#8220;-9px&#8220; global_colors_info=&#8220;{}&#8220;][et_pb_divider show_divider=&#8220;off&#8220; _builder_version=&#8220;4.21.0&#8243; _module_preset=&#8220;default&#8220; width=&#8220;100%&#8220; height=&#8220;160px&#8220; custom_padding=&#8220;20px||20px||true|false&#8220; global_colors_info=&#8220;{}&#8220;][\/et_pb_divider][et_pb_text admin_label=&#8220;Text&#8220; _builder_version=&#8220;4.21.0&#8243; _module_preset=&#8220;default&#8220; text_font=&#8220;|300|||||||&#8220; text_text_color=&#8220;#c22031&#8243; text_font_size=&#8220;20px&#8220; text_line_height=&#8220;1.1em&#8220; header_3_font=&#8220;|800|||||||&#8220; header_3_text_color=&#8220;#c22031&#8243; header_3_line_height=&#8220;0.3em&#8220; positioning=&#8220;absolute&#8220; position_origin_a=&#8220;bottom_left&#8220; vertical_offset=&#8220;20px&#8220; horizontal_offset=&#8220;0px&#8220; width=&#8220;100%&#8220; custom_margin=&#8220;5px||||false|false&#8220; global_colors_info=&#8220;{}&#8220;]<\/p>\n<h3 class=\"LC20lb MBeuO DKV0Md\" style=\"text-align: center;\">Benutzerdefinierte Spiralen<\/h3>\n<p>[\/et_pb_text][\/et_pb_column][\/et_pb_row][\/et_pb_section][et_pb_section fb_built=&#8220;1&#8243; _builder_version=&#8220;4.21.0&#8243; _module_preset=&#8220;default&#8220; background_color=&#8220;RGBA(255,255,255,0)&#8220; z_index=&#8220;11&#8243; custom_margin=&#8220;-24px||||false|false&#8220; custom_padding=&#8220;0px|0px|20px|0px|false|false&#8220; locked=&#8220;off&#8220; global_colors_info=&#8220;{}&#8220;][et_pb_row column_structure=&#8220;1_4,1_4,1_4,1_4&#8243; use_custom_gutter=&#8220;on&#8220; gutter_width=&#8220;2&#8243; _builder_version=&#8220;4.21.0&#8243; _module_preset=&#8220;default&#8220; z_index=&#8220;17&#8243; global_colors_info=&#8220;{}&#8220;][et_pb_column type=&#8220;1_4&#8243; admin_label=&#8220;S\u00e4ule&#8220; _builder_version=&#8220;4.21.0&#8243; _module_preset=&#8220;default&#8220; background_color=&#8220;#ffffff&#8220; background_image=&#8220;https:\/\/caplugs.eu\/wp-content\/uploads\/2023\/08\/Safeplast-Safe-spiral-Glow.jpg&#8220; background_size=&#8220;custom&#8220; background_image_width=&#8220;95%&#8220; background_position=&#8220;top_center&#8220; background_vertical_offset=&#8220;31%&#8220; z_index=&#8220;20&#8243; link_option_url=&#8220;https:\/\/caplugs.eu\/de\/produkt-kategorie\/schlauchschutz\/spiralen\/andere-spiralschlauchwicklungen\/&#8220; custom_css_main_element=&#8220;-webkit-backface-visibility: hidden;&#8220; border_radii=&#8220;on|8px|8px|8px|8px&#8220; box_shadow_style=&#8220;preset3&#8243; box_shadow_spread=&#8220;-9px&#8220; global_colors_info=&#8220;{}&#8220;][et_pb_divider show_divider=&#8220;off&#8220; _builder_version=&#8220;4.21.0&#8243; _module_preset=&#8220;default&#8220; width=&#8220;100%&#8220; height=&#8220;160px&#8220; custom_padding=&#8220;20px||20px||true|false&#8220; global_colors_info=&#8220;{}&#8220;][\/et_pb_divider][et_pb_text admin_label=&#8220;Text&#8220; _builder_version=&#8220;4.21.0&#8243; _module_preset=&#8220;default&#8220; text_font=&#8220;|300|||||||&#8220; text_text_color=&#8220;#c22031&#8243; text_font_size=&#8220;20px&#8220; text_line_height=&#8220;1.1em&#8220; header_3_font=&#8220;|800|||||||&#8220; header_3_text_color=&#8220;#c22031&#8243; header_3_line_height=&#8220;0.3em&#8220; positioning=&#8220;absolute&#8220; position_origin_a=&#8220;bottom_left&#8220; vertical_offset=&#8220;20px&#8220; horizontal_offset=&#8220;0px&#8220; width=&#8220;100%&#8220; custom_margin=&#8220;5px||||false|false&#8220; global_colors_info=&#8220;{}&#8220;]<\/p>\n<h3 style=\"text-align: center;\">Andere Spiralen<\/h3>\n<p>[\/et_pb_text][\/et_pb_column][et_pb_column type=&#8220;1_4&#8243; admin_label=&#8220;S\u00e4ule&#8220; _builder_version=&#8220;4.21.0&#8243; _module_preset=&#8220;default&#8220; background_color=&#8220;#FFFFFF&#8220; background_image=&#8220;https:\/\/caplugs.eu\/wp-content\/uploads\/2021\/09\/Wrap-Man_600sq.jpg&#8220; background_size=&#8220;custom&#8220; background_image_width=&#8220;45%&#8220; background_position=&#8220;top_center&#8220; background_vertical_offset=&#8220;31%&#8220; link_option_url=&#8220;https:\/\/caplugs.eu\/de\/produkt-kategorie\/schlauchschutz\/spiralen\/werkzeuge-fur-spiralschlauchschutzprodukte\/&#8220; border_radii=&#8220;on|8px|8px|8px|8px&#8220; box_shadow_style=&#8220;preset3&#8243; box_shadow_spread=&#8220;-9px&#8220; global_colors_info=&#8220;{}&#8220;][et_pb_divider show_divider=&#8220;off&#8220; _builder_version=&#8220;4.21.0&#8243; _module_preset=&#8220;default&#8220; width=&#8220;100%&#8220; height=&#8220;160px&#8220; custom_padding=&#8220;20px||20px||true|false&#8220; global_colors_info=&#8220;{}&#8220;][\/et_pb_divider][et_pb_text admin_label=&#8220;Text&#8220; _builder_version=&#8220;4.21.0&#8243; _module_preset=&#8220;default&#8220; text_font=&#8220;|300|||||||&#8220; text_text_color=&#8220;#c22031&#8243; text_font_size=&#8220;20px&#8220; text_line_height=&#8220;1.1em&#8220; header_3_font=&#8220;|800|||||||&#8220; header_3_text_color=&#8220;#c22031&#8243; header_3_line_height=&#8220;0.3em&#8220; positioning=&#8220;absolute&#8220; position_origin_a=&#8220;bottom_left&#8220; vertical_offset=&#8220;20px&#8220; horizontal_offset=&#8220;0px&#8220; width=&#8220;100%&#8220; custom_margin=&#8220;5px||||false|false&#8220; global_colors_info=&#8220;{}&#8220;]<\/p>\n<h3 style=\"text-align: center;\">Werkzeuge<\/h3>\n<p>[\/et_pb_text][\/et_pb_column][et_pb_column type=&#8220;1_4&#8243; _builder_version=&#8220;4.21.0&#8243; _module_preset=&#8220;default&#8220; global_colors_info=&#8220;{}&#8220;][\/et_pb_column][et_pb_column type=&#8220;1_4&#8243; _builder_version=&#8220;4.21.0&#8243; _module_preset=&#8220;default&#8220; global_colors_info=&#8220;{}&#8220;][\/et_pb_column][\/et_pb_row][\/et_pb_section]<\/p>\n","protected":false},"excerpt":{"rendered":"<p>Spiralf\u00f6rmige Schutzprodukte f\u00fcr Schl\u00e4uche, Dr\u00e4hte und Kabel Spiralschlauchumh\u00fcllungen sind unverzichtbare Schutzprodukte f\u00fcr einen sicheren und zuverl\u00e4ssigen Betrieb. Sie sorgen daf\u00fcr, dass die Komponenten vor versehentlichen St\u00f6\u00dfen, Abrieb und \u00e4u\u00dferen Kr\u00e4ften gesch\u00fctzt sind. Wir bieten eine Reihe von hochwertigen Spiralschlauchschutzprodukten an, darunter Standard-Spiralschlauchumh\u00fcllungen, zweifarbige Spiralschlauchumh\u00fcllungen, umweltfreundliche Spiralschlauchumh\u00fcllungen und ma\u00dfgeschneiderte Spiralschlauchumh\u00fcllungen. Mit dem Schwerpunkt auf Materialqualit\u00e4t sind [&hellip;]<\/p>\n","protected":false},"author":18,"featured_media":0,"parent":0,"menu_order":0,"comment_status":"closed","ping_status":"closed","template":"","meta":{"_et_pb_use_builder":"on","_et_pb_old_content":"","_et_gb_content_width":"","om_disable_all_campaigns":false,"footnotes":""},"class_list":["post-72590","page","type-page","status-publish","hentry"],"_links":{"self":[{"href":"https:\/\/caplugs.eu\/de\/wp-json\/wp\/v2\/pages\/72590","targetHints":{"allow":["GET"]}}],"collection":[{"href":"https:\/\/caplugs.eu\/de\/wp-json\/wp\/v2\/pages"}],"about":[{"href":"https:\/\/caplugs.eu\/de\/wp-json\/wp\/v2\/types\/page"}],"author":[{"embeddable":true,"href":"https:\/\/caplugs.eu\/de\/wp-json\/wp\/v2\/users\/18"}],"replies":[{"embeddable":true,"href":"https:\/\/caplugs.eu\/de\/wp-json\/wp\/v2\/comments?post=72590"}],"version-history":[{"count":0,"href":"https:\/\/caplugs.eu\/de\/wp-json\/wp\/v2\/pages\/72590\/revisions"}],"wp:attachment":[{"href":"https:\/\/caplugs.eu\/de\/wp-json\/wp\/v2\/media?parent=72590"}],"curies":[{"name":"wp","href":"https:\/\/api.w.org\/{rel}","templated":true}]}}