{"id":72473,"date":"2020-10-09T19:50:19","date_gmt":"2020-10-09T19:50:19","guid":{"rendered":"https:\/\/caplugs.eu\/besondere-produkte\/materialien-fuer-die-tauchformung\/"},"modified":"2023-12-18T09:47:20","modified_gmt":"2023-12-18T09:47:20","slug":"materialien-fuer-die-tauchformung","status":"publish","type":"page","link":"https:\/\/caplugs.eu\/de\/besondere-produkte\/materialien-fuer-die-tauchformung\/","title":{"rendered":"Materialien f\u00fcr die Tauchformung"},"content":{"rendered":"<p>[et_pb_section fb_built=&#8220;1&#8243; _builder_version=&#8220;4.17.6&#8243; _module_preset=&#8220;default&#8220; background_enable_image=&#8220;off&#8220; background_size=&#8220;contain&#8220; background_position=&#8220;bottom_center&#8220; custom_padding=&#8220;40px||0px||false|false&#8220; global_colors_info=&#8220;{}&#8220;][et_pb_row column_structure=&#8220;1_2,1_2&#8243; make_equal=&#8220;on&#8220; _builder_version=&#8220;4.21.0&#8243; _module_preset=&#8220;default&#8220; custom_css_main_element=&#8220;align-items:center;&#8220; global_colors_info=&#8220;{}&#8220;][et_pb_column type=&#8220;1_2&#8243; _builder_version=&#8220;4.21.0&#8243; _module_preset=&#8220;default&#8220; global_colors_info=&#8220;{}&#8220;][et_pb_text _builder_version=&#8220;4.22.1&#8243; _module_preset=&#8220;default&#8220; text_font=&#8220;|300|||||||&#8220; text_text_color=&#8220;#000000&#8243; text_font_size=&#8220;16px&#8220; header_font_size=&#8220;32px&#8220; header_line_height=&#8220;1.2em&#8220; global_colors_info=&#8220;{}&#8220;]<\/p>\n<header>\n<h1><span>Materialien f\u00fcr die Tauchformung<\/span><\/h1>\n<\/header>\n<p><span>Nach der Genehmigung des Entwurfs und des Produktprototyps ist es an der Zeit, die Rohstoffe auszuw\u00e4hlen.  <\/p>\n<p>Caplugs ist auf die Plastisol-Tauchbeschichtung und das Tauchformen spezialisiert. Ein Plastisol ist eine Dispersion von Polyvinylchloridk\u00fcgelchen (auch bekannt als Vinyl oder PVC) in einem fl\u00fcssigen Weichmacher. Beim Erhitzen absorbiert das Vinylgranulat den Weichmacher, quillt auf und verschmilzt zu einer fl\u00fcssigen Substanz, die dem Harz \u00e4hnelt. Das Plastisol kann dann mit Pigmenten eingef\u00e4rbt werden. Unsere Standardfarben sind Schwarz, Gelb und Rot. Sobald die Fl\u00fcssigkeit auf unter 60\u00b0C (140\u00b0F) abgek\u00fchlt ist, h\u00e4rtet sie zu einer flexiblen gummiartigen Kappe aus.<\/span>[\/et_pb_text][\/et_pb_column][et_pb_column type=&#8220;1_2&#8243; _builder_version=&#8220;4.21.0&#8243; _module_preset=&#8220;default&#8220; global_colors_info=&#8220;{}&#8220;][et_pb_image src=&#8220;https:\/\/caplugs.eu\/wp-content\/uploads\/2023\/08\/Caplugs-NLBE-V1-33-2.jpg&#8220; title_text=&#8220;Verschlussstopfen NL&amp;BE V1-33-2&#8243; _builder_version=&#8220;4.21.0&#8243; _module_preset=&#8220;default&#8220; border_radii=&#8220;on|6px|6px|6px|6px&#8220; global_colors_info=&#8220;{}&#8220;][\/et_pb_image][\/et_pb_column][\/et_pb_row][et_pb_row column_structure=&#8220;1_2,1_2&#8243; _builder_version=&#8220;4.21.0&#8243; _module_preset=&#8220;default&#8220; global_colors_info=&#8220;{}&#8220;][et_pb_column type=&#8220;1_2&#8243; _builder_version=&#8220;4.21.0&#8243; _module_preset=&#8220;default&#8220; global_colors_info=&#8220;{}&#8220;][et_pb_text _builder_version=&#8220;4.22.1&#8243; _module_preset=&#8220;default&#8220; text_font=&#8220;|300|||||||&#8220; text_text_color=&#8220;#000000&#8243; text_font_size=&#8220;16px&#8220; header_font_size=&#8220;32px&#8220; header_line_height=&#8220;1.2em&#8220; header_2_line_height=&#8220;1.3em&#8220; locked=&#8220;off&#8220; global_colors_info=&#8220;{}&#8220;]<\/p>\n<header>\n<h2><span>H\u00e4rte oder Shore<\/span><\/h2>\n<\/header>\n<p><span>PVC ist unglaublich vielseitig. Es kann dick oder d\u00fcnn, starr oder flexibel sein und in praktisch jeder Farbe hergestellt werden. Die Menge des verwendeten Weichmachers bestimmt die H\u00e4rte des Vinyls, wobei mehr Weichmacher zu einem flexibleren Kunststoff f\u00fchrt. Die Shore-A-Skala, mit der die PVC-H\u00e4rte gemessen wird, reicht von 40 Shore A (flexibel) bis 95 Shore A (hart).<\/span>[\/et_pb_text][\/et_pb_column][et_pb_column type=&#8220;1_2&#8243; _builder_version=&#8220;4.21.0&#8243; _module_preset=&#8220;default&#8220; global_colors_info=&#8220;{}&#8220;][et_pb_text _builder_version=&#8220;4.22.1&#8243; _module_preset=&#8220;default&#8220; text_font=&#8220;|300|||||||&#8220; text_text_color=&#8220;#000000&#8243; text_font_size=&#8220;16px&#8220; header_font_size=&#8220;32px&#8220; header_line_height=&#8220;1.2em&#8220; header_2_line_height=&#8220;1.3em&#8220; locked=&#8220;off&#8220; global_colors_info=&#8220;{}&#8220;]<\/p>\n<header>\n<h2><span>Anwendungen<\/span><\/h2>\n<\/header>\n<p><span>Je nach Zusammensetzung und dem daraus resultierenden Produkt kann Plastisol getaucht, gespritzt oder gegossen werden. Es kann auch als Fl\u00fcssigkeit f\u00fcr den Siebdruck verwendet werden. Neben dem Weichmacher k\u00f6nnen dem Vinylplastisol auch andere Inhaltsstoffe zugesetzt werden, z. B. W\u00e4rme- und UV-Lichtstabilisatoren, Flammschutzmittel und Additive, die die Oberfl\u00e4che beeinflussen (matt\/gl\u00e4nzend).<\/span>[\/et_pb_text][\/et_pb_column][\/et_pb_row][et_pb_row column_structure=&#8220;1_2,1_2&#8243; make_equal=&#8220;on&#8220; _builder_version=&#8220;4.21.0&#8243; _module_preset=&#8220;default&#8220; custom_css_main_element=&#8220;align-items:center;&#8220; global_colors_info=&#8220;{}&#8220;][et_pb_column type=&#8220;1_2&#8243; _builder_version=&#8220;4.21.0&#8243; _module_preset=&#8220;default&#8220; global_colors_info=&#8220;{}&#8220;][et_pb_image src=&#8220;https:\/\/caplugs.eu\/wp-content\/uploads\/2023\/08\/Caplugs-NLBE-V1-432.jpg&#8220; title_text=&#8220;Verschlussstopfen NL&amp;BE V1-432&#8243; _builder_version=&#8220;4.21.0&#8243; _module_preset=&#8220;default&#8220; border_radii=&#8220;on|6px|6px|6px|6px&#8220; global_colors_info=&#8220;{}&#8220;][\/et_pb_image][\/et_pb_column][et_pb_column type=&#8220;1_2&#8243; _builder_version=&#8220;4.21.0&#8243; _module_preset=&#8220;default&#8220; global_colors_info=&#8220;{}&#8220;][et_pb_text _builder_version=&#8220;4.22.1&#8243; _module_preset=&#8220;default&#8220; text_font=&#8220;|300|||||||&#8220; text_text_color=&#8220;#000000&#8243; text_font_size=&#8220;16px&#8220; header_font_size=&#8220;32px&#8220; header_line_height=&#8220;1.2em&#8220; header_2_line_height=&#8220;1.3em&#8220; global_colors_info=&#8220;{}&#8220;]<\/p>\n<header>\n<h2>Plastisol-Qualit\u00e4ten<\/h2>\n<\/header>\n<p>Die Eigenschaften von Vinylplastisol machen es zu einem perfekten Material f\u00fcr den Produktschutz:<\/p>\n<ul>\n<li>Elektrischer Widerstand &#8211; PVC leitet weder W\u00e4rme noch Elektrizit\u00e4t und wird in der Elektroindustrie h\u00e4ufig als Isolator f\u00fcr Elektrowerkzeuge, Ummantelungen und Verbindungsst\u00fccke an Kabeln und Schienen verwendet.<\/li>\n<li>Flammhemmend &#8211; wirksames Flammschutzmittel mit speziell angepassten Eigenschaften nach UL94 \/ V0.<\/li>\n<li>Griffigkeit &#8211; Vinyl f\u00fchlt sich angenehm und komfortabel an. Es wird f\u00fcr Werkzeuggriffe, Fahrradlenker und M\u00f6bel verwendet.<\/li>\n<li>Ger\u00e4uschreduzierend &#8211; weiche, sto\u00dffeste Oberfl\u00e4che, die den L\u00e4rm reduziert. Ideal, um Quietschger\u00e4usche oder das Klappern von Metall auf Metall zu verhindern.<\/li>\n<li>Chemikalienbest\u00e4ndig &#8211; Die Best\u00e4ndigkeit von Plastisol gegen Laugen und S\u00e4uren macht es zum idealen Material f\u00fcr Gestelle und Werkzeuge, die Chemikalien ausgesetzt sind.<\/li>\n<li>Sto\u00dffest und abriebfest &#8211; Plastisol ist robust und langlebig. Ideal f\u00fcr Schl\u00f6sser und Ziehgriffe.<\/li>\n<li>Korrosions- und UV-best\u00e4ndig &#8211; hervorragend geeignet f\u00fcr Au\u00dfenanwendungen, z. B. an Landmaschinen.<\/li>\n<li>Breiter Temperaturbereich &#8211; Plastisol widersteht Temperaturen von -50\u00b0C bis +120\u00b0C.<\/li>\n<li>\u00d6lbest\u00e4ndig &#8211; ideal f\u00fcr den Einsatz in der \u00d6l- und Gasindustrie.<\/li>\n<\/ul>\n<p>[\/et_pb_text][\/et_pb_column][\/et_pb_row][et_pb_row column_structure=&#8220;1_2,1_2&#8243; make_equal=&#8220;on&#8220; _builder_version=&#8220;4.21.0&#8243; _module_preset=&#8220;default&#8220; custom_css_main_element=&#8220;align-items:center;&#8220; global_colors_info=&#8220;{}&#8220;][et_pb_column type=&#8220;1_2&#8243; _builder_version=&#8220;4.21.0&#8243; _module_preset=&#8220;default&#8220; global_colors_info=&#8220;{}&#8220;][et_pb_text _builder_version=&#8220;4.22.1&#8243; _module_preset=&#8220;default&#8220; text_font=&#8220;|300|||||||&#8220; text_text_color=&#8220;#000000&#8243; text_font_size=&#8220;16px&#8220; header_font_size=&#8220;32px&#8220; header_line_height=&#8220;1.2em&#8220; header_2_line_height=&#8220;1.3em&#8220; hover_enabled=&#8220;0&#8243; global_colors_info=&#8220;{}&#8220; sticky_enabled=&#8220;0&#8243;]<\/p>\n<header>\n<h2>Farbe und Ausf\u00fchrung<\/h2>\n<\/header>\n<p>Die Einf\u00e4rbung von Plastisol ist einfach, so dass PVC in jeder Farbe individuell gestaltet werden kann. Caplugs bietet ein komplettes Produktsortiment in den Standardfarben Rot, Gelb und Schwarz an, kann aber auf Wunsch auch eine exakte Farbe liefern. Unsere Standardoberfl\u00e4che f\u00fcr tauchgeformte Produkte ist hochgl\u00e4nzend, aber auf Anfrage sind auch seidenmatte, matte, strukturierte (Schaum) und fluoreszierende Materialien erh\u00e4ltlich.<\/p>\n<p>Nachdem die Rohstoffe bestimmt wurden und die Produkteigenschaften feststehen, ist der n\u00e4chste Schritt die Herstellung des Vinyl-Tauchformteils.[\/et_pb_text][\/et_pb_column][et_pb_column type=&#8220;1_2&#8243; _builder_version=&#8220;4.21.0&#8243; _module_preset=&#8220;default&#8220; global_colors_info=&#8220;{}&#8220;][et_pb_image src=&#8220;https:\/\/caplugs.eu\/wp-content\/uploads\/2023\/02\/Caplugs-NLBE-V1-172.jpg&#8220; title_text=&#8220;Verschlussstopfen NL&amp;BE V1-172&#8243; _builder_version=&#8220;4.21.0&#8243; _module_preset=&#8220;default&#8220; border_radii=&#8220;on|6px|6px|6px|6px&#8220; global_colors_info=&#8220;{}&#8220;][\/et_pb_image][\/et_pb_column][\/et_pb_row][\/et_pb_section]<\/p>\n","protected":false},"excerpt":{"rendered":"<p>Materialien f\u00fcr die Tauchformung Nach der Genehmigung des Entwurfs und des Produktprototyps ist es an der Zeit, die Rohstoffe auszuw\u00e4hlen. Caplugs ist auf die Plastisol-Tauchbeschichtung und das Tauchformen spezialisiert. Ein Plastisol ist eine Dispersion von Polyvinylchloridk\u00fcgelchen (auch bekannt als Vinyl oder PVC) in einem fl\u00fcssigen Weichmacher. Beim Erhitzen absorbiert das Vinylgranulat den Weichmacher, quillt auf [&hellip;]<\/p>\n","protected":false},"author":6,"featured_media":0,"parent":72368,"menu_order":0,"comment_status":"closed","ping_status":"closed","template":"","meta":{"_et_pb_use_builder":"on","_et_pb_old_content":"","_et_gb_content_width":"","om_disable_all_campaigns":false,"footnotes":""},"class_list":["post-72473","page","type-page","status-publish","hentry"],"_links":{"self":[{"href":"https:\/\/caplugs.eu\/de\/wp-json\/wp\/v2\/pages\/72473","targetHints":{"allow":["GET"]}}],"collection":[{"href":"https:\/\/caplugs.eu\/de\/wp-json\/wp\/v2\/pages"}],"about":[{"href":"https:\/\/caplugs.eu\/de\/wp-json\/wp\/v2\/types\/page"}],"author":[{"embeddable":true,"href":"https:\/\/caplugs.eu\/de\/wp-json\/wp\/v2\/users\/6"}],"replies":[{"embeddable":true,"href":"https:\/\/caplugs.eu\/de\/wp-json\/wp\/v2\/comments?post=72473"}],"version-history":[{"count":0,"href":"https:\/\/caplugs.eu\/de\/wp-json\/wp\/v2\/pages\/72473\/revisions"}],"up":[{"embeddable":true,"href":"https:\/\/caplugs.eu\/de\/wp-json\/wp\/v2\/pages\/72368"}],"wp:attachment":[{"href":"https:\/\/caplugs.eu\/de\/wp-json\/wp\/v2\/media?parent=72473"}],"curies":[{"name":"wp","href":"https:\/\/api.w.org\/{rel}","templated":true}]}}