{"id":69386,"date":"2022-08-04T17:38:40","date_gmt":"2022-08-04T17:38:40","guid":{"rendered":"https:\/\/caplugs.eu\/schutzkappen\/"},"modified":"2023-12-18T09:40:28","modified_gmt":"2023-12-18T09:40:28","slug":"schutzkappen","status":"publish","type":"page","link":"https:\/\/caplugs.eu\/de\/schutzkappen\/","title":{"rendered":"Schutzkappen"},"content":{"rendered":"<p>[et_pb_section fb_built=&#8220;1&#8243; custom_padding_last_edited=&#8220;on|tablet&#8220; _builder_version=&#8220;4.21.0&#8243; _module_preset=&#8220;default&#8220; background_color=&#8220;#f0efee&#8220; custom_padding=&#8220;0px|0px|0px|0px|false|false&#8220; custom_padding_tablet=&#8220;48px|0px|0px|0px|false|false&#8220; custom_padding_phone=&#8220;48px|0px|0px|0px|false|false&#8220; locked=&#8220;off&#8220; global_colors_info=&#8220;{}&#8220;][et_pb_row column_structure=&#8220;1_2,1_2&#8243; make_equal=&#8220;on&#8220; _builder_version=&#8220;4.22.1&#8243; _module_preset=&#8220;default&#8220; custom_padding=&#8220;120px||||false|false&#8220; hover_enabled=&#8220;0&#8243; custom_css_main_element=&#8220;align-items: center&#8220; global_colors_info=&#8220;{}&#8220; sticky_enabled=&#8220;0&#8243;][et_pb_column type=&#8220;1_2&#8243; _builder_version=&#8220;4.21.0&#8243; _module_preset=&#8220;default&#8220; global_colors_info=&#8220;{}&#8220;][et_pb_text _builder_version=&#8220;4.22.1&#8243; _module_preset=&#8220;default&#8220; header_font=&#8220;|700|||||||&#8220; header_font_size=&#8220;38px&#8220; header_font_size_tablet=&#8220;38px&#8220; header_font_size_phone=&#8220;38px&#8220; header_font_size_last_edited=&#8220;on|desktop&#8220; global_colors_info=&#8220;{}&#8220;]<\/p>\n<h1>Kunststoff-Schutzkappen<\/h1>\n<p>[\/et_pb_text][et_pb_text _builder_version=&#8220;4.22.1&#8243; _module_preset=&#8220;default&#8220; text_font=&#8220;|300|||||||&#8220; text_font_size=&#8220;16px&#8220; header_font=&#8220;|800|||||||&#8220; header_font_size=&#8220;38px&#8220; custom_margin=&#8220;-18px||||false|false&#8220; global_colors_info=&#8220;{}&#8220;]<\/p>\n<h3 class=\"p1\">Kunststoffkappen zum Schutz des Produkts<\/h3>\n<p class=\"p1\">Caplugs verf\u00fcgt \u00fcber ein umfassendes Sortiment an Kunststoffkappen, die entwickelt wurden, um Besch\u00e4digungen, Verunreinigungen und Verschlei\u00df von Produkten und Komponenten zu verhindern. Die Kappen sind mit und ohne Gewinde erh\u00e4ltlich und sch\u00fctzen die Produkte beim Abdecken und Veredeln, beim Versand und bei der Lagerung.<\/p>\n<p class=\"p1\">Caplugs deckt mit Produkten wie den Kappen der EC-Serie f\u00fcr Gewindeverbindungen oder glatte Anschl\u00fcsse und den versenkten Rohrkappen der EPN-240-Serie eine breite Palette von Industrieanforderungen ab.<\/p>\n<p class=\"p1\">Die vielf\u00e4ltige Produktpalette umfasst Produkte wie die T-Serie mit konischem K\u00f6rper, die TV-Serie mit flexiblen, spritzgegossenen Vinylkappen und -stopfen sowie die W-Serie mit breitem Flansch.<\/p>\n<p class=\"p1\">Im Bereich der Sonderanfertigungen bietet Caplugs beispielsweise die WW-Serie mit breitem, dickem Flansch, die WWX-Serie mit extra breitem, dickem Flansch und die Staubschutzkappen f\u00fcr elektrische Steckverbinder der AS138-Serie an.<\/p>\n<p class=\"p1\">Die Kunststoffkappen sind aus robusten und langlebigen Materialien gefertigt, die auch unter schwierigen Bedingungen gut funktionieren. Die Kunststoffkappen eignen sich f\u00fcr den Einsatz in der Produktion, beim Abdecken, beim Versand oder bei der Lagerung und k\u00f6nnen in verschiedenen Branchen und Anwendungen eingesetzt werden, z. B. im verarbeitenden Gewerbe, in der Automobil-, Elektronik- und Luftfahrtindustrie.<\/p>\n<h3 class=\"p1\">Branchen und Anwendungsf\u00e4lle:<\/h3>\n<p class=\"p1\"><strong>Herstellung:<\/strong> Die Kunststoffkappen sind unverzichtbar f\u00fcr Unternehmen, die bei ihren Endbearbeitungsprozessen Pr\u00e4zision ben\u00f6tigen.<\/p>\n<p class=\"p1\"><strong>Automobilindustrie:<\/strong> Pr\u00e4zisionsgefertigte Kunststoffkappen sch\u00fctzen Fahrzeugkomponenten w\u00e4hrend der Endbearbeitung.<\/p>\n<p class=\"p1\"><strong>Elektronik:<\/strong> Elektronische Bauteile erfordern oft spezielle Maskierungsl\u00f6sungen, um empfindliche Teile w\u00e4hrend der Beschichtung zu sch\u00fctzen.<\/p>\n<p class=\"p1\"><strong>Luft- und Raumfahrt:<\/strong> Flugzeugbauteile erfordern eine akribische Detailarbeit, und diese Schutzkappen aus Kunststoff sorgen daf\u00fcr, dass sie fehlerfrei beschichtet werden.<\/p>\n<p>[\/et_pb_text][\/et_pb_column][et_pb_column type=&#8220;1_2&#8243; _builder_version=&#8220;4.21.0&#8243; _module_preset=&#8220;default&#8220; global_colors_info=&#8220;{}&#8220;][et_pb_image src=&#8220;https:\/\/caplugs.eu\/wp-content\/uploads\/2023\/08\/tappered-caps.png&#8220; title_text=&#8220;Zapfenkappen&#8220; _builder_version=&#8220;4.21.0&#8243; _module_preset=&#8220;default&#8220; global_colors_info=&#8220;{}&#8220;][\/et_pb_image][\/et_pb_column][\/et_pb_row][\/et_pb_section][et_pb_section fb_built=&#8220;1&#8243; _builder_version=&#8220;4.17.6&#8243; _module_preset=&#8220;default&#8220; background_enable_color=&#8220;off&#8220; background_color_gradient_start=&#8220;#eeeeee&#8220; background_color_gradient_end=&#8220;#ffffff&#8220; custom_padding=&#8220;0px|0px|0px|0px|false|false&#8220; global_colors_info=&#8220;{}&#8220;][et_pb_row _builder_version=&#8220;4.21.0&#8243; _module_preset=&#8220;default&#8220; custom_margin=&#8220;40px||||false|false&#8220; global_colors_info=&#8220;{}&#8220;][et_pb_column type=&#8220;4_4&#8243; _builder_version=&#8220;4.16&#8243; _module_preset=&#8220;default&#8220; global_colors_info=&#8220;{}&#8220;][et_pb_text _builder_version=&#8220;4.16&#8243; _module_preset=&#8220;default&#8220; header_3_text_color=&#8220;#b23237&#8243; header_3_font_size=&#8220;28px&#8220; header_4_text_color=&#8220;#000000&#8243; header_4_font_size=&#8220;21px&#8220; global_colors_info=&#8220;{}&#8220;]<\/p>\n<h4>Nicht geschraubt<\/h4>\n<p>[\/et_pb_text][et_pb_shop type=&#8220;product_category&#8220; posts_number=&#8220;100&#8243; include_categories=&#8220;34&#8243; columns_number=&#8220;5&#8243; show_price=&#8220;off&#8220; show_rating=&#8220;off&#8220; show_sale_badge=&#8220;off&#8220; _builder_version=&#8220;4.21.0&#8243; _module_preset=&#8220;default&#8220; custom_css_product=&#8220;pointer-events: none;&#8220; global_colors_info=&#8220;{}&#8220;][\/et_pb_shop][et_pb_divider _builder_version=&#8220;4.17.6&#8243; _module_preset=&#8220;default&#8220; global_colors_info=&#8220;{}&#8220;][\/et_pb_divider][et_pb_text _builder_version=&#8220;4.16&#8243; _module_preset=&#8220;default&#8220; header_3_text_color=&#8220;#b23237&#8243; header_3_font_size=&#8220;28px&#8220; header_4_text_color=&#8220;#000000&#8243; header_4_font_size=&#8220;21px&#8220; global_colors_info=&#8220;{}&#8220;]<\/p>\n<h4>Gewindekappen<\/h4>\n<p>[\/et_pb_text][et_pb_shop type=&#8220;product_category&#8220; posts_number=&#8220;100&#8243; include_categories=&#8220;35&#8243; columns_number=&#8220;5&#8243; show_price=&#8220;off&#8220; show_rating=&#8220;off&#8220; show_sale_badge=&#8220;off&#8220; _builder_version=&#8220;4.21.0&#8243; _module_preset=&#8220;default&#8220; custom_css_product=&#8220;pointer-events: none;&#8220; global_colors_info=&#8220;{}&#8220;][\/et_pb_shop][\/et_pb_column][\/et_pb_row][\/et_pb_section]<\/p>\n","protected":false},"excerpt":{"rendered":"<p>Kunststoff-SchutzkappenKunststoffkappen zum Schutz des Produkts Caplugs verf\u00fcgt \u00fcber ein umfassendes Sortiment an Kunststoffkappen, die entwickelt wurden, um Besch\u00e4digungen, Verunreinigungen und Verschlei\u00df von Produkten und Komponenten zu verhindern. Die Kappen sind mit und ohne Gewinde erh\u00e4ltlich und sch\u00fctzen die Produkte beim Abdecken und Veredeln, beim Versand und bei der Lagerung. Caplugs deckt mit Produkten wie den [&hellip;]<\/p>\n","protected":false},"author":11,"featured_media":0,"parent":0,"menu_order":0,"comment_status":"closed","ping_status":"closed","template":"","meta":{"_et_pb_use_builder":"on","_et_pb_old_content":"","_et_gb_content_width":"","om_disable_all_campaigns":false,"footnotes":""},"class_list":["post-69386","page","type-page","status-publish","hentry"],"_links":{"self":[{"href":"https:\/\/caplugs.eu\/de\/wp-json\/wp\/v2\/pages\/69386","targetHints":{"allow":["GET"]}}],"collection":[{"href":"https:\/\/caplugs.eu\/de\/wp-json\/wp\/v2\/pages"}],"about":[{"href":"https:\/\/caplugs.eu\/de\/wp-json\/wp\/v2\/types\/page"}],"author":[{"embeddable":true,"href":"https:\/\/caplugs.eu\/de\/wp-json\/wp\/v2\/users\/11"}],"replies":[{"embeddable":true,"href":"https:\/\/caplugs.eu\/de\/wp-json\/wp\/v2\/comments?post=69386"}],"version-history":[{"count":0,"href":"https:\/\/caplugs.eu\/de\/wp-json\/wp\/v2\/pages\/69386\/revisions"}],"wp:attachment":[{"href":"https:\/\/caplugs.eu\/de\/wp-json\/wp\/v2\/media?parent=69386"}],"curies":[{"name":"wp","href":"https:\/\/api.w.org\/{rel}","templated":true}]}}