{"id":67214,"date":"2022-07-18T21:11:35","date_gmt":"2022-07-18T21:11:35","guid":{"rendered":"https:\/\/caplugs.eu\/produkte-seite\/"},"modified":"2023-12-18T09:31:35","modified_gmt":"2023-12-18T09:31:35","slug":"produkte-seite","status":"publish","type":"page","link":"https:\/\/caplugs.eu\/de\/produkte-seite\/","title":{"rendered":"Produkte Seite"},"content":{"rendered":"<p>[et_pb_section fb_built=&#8220;1&#8243; _builder_version=&#8220;4.17.6&#8243; _module_preset=&#8220;default&#8220; custom_padding=&#8220;32px||0px||false|false&#8220; global_colors_info=&#8220;{}&#8220;][et_pb_row column_structure=&#8220;1_2,1_2&#8243; _builder_version=&#8220;4.17.6&#8243; _module_preset=&#8220;default&#8220; custom_margin=&#8220;||0px||false|false&#8220; custom_padding=&#8220;0px||0px||false|false&#8220; global_colors_info=&#8220;{}&#8220;][et_pb_column type=&#8220;1_2&#8243; _builder_version=&#8220;4.16&#8243; _module_preset=&#8220;default&#8220; global_colors_info=&#8220;{}&#8220;][et_pb_code _builder_version=&#8220;4.16&#8243; _module_preset=&#8220;default&#8220; custom_margin=&#8220;||0px||false|false&#8220; custom_padding=&#8220;||0px||false|false&#8220; global_colors_info=&#8220;{}&#8220;][wpseo_breadcrumb][\/et_pb_code][\/et_pb_column][et_pb_column type=&#8220;1_2&#8243; _builder_version=&#8220;4.16&#8243; _module_preset=&#8220;default&#8220; global_colors_info=&#8220;{}&#8220;][\/et_pb_column][\/et_pb_row][\/et_pb_section][et_pb_section fb_built=&#8220;1&#8243; admin_label=&#8220;Section&#8220; _builder_version=&#8220;4.17.6&#8243; _module_preset=&#8220;default&#8220; background_enable_color=&#8220;off&#8220; background_color_gradient_start=&#8220;#eeeeee&#8220; background_color_gradient_end=&#8220;#ffffff&#8220; custom_margin=&#8220;0px||||false|false&#8220; custom_padding=&#8220;0px||0px||false|false&#8220; global_colors_info=&#8220;{}&#8220;][et_pb_row _builder_version=&#8220;4.17.6&#8243; _module_preset=&#8220;default&#8220; custom_padding=&#8220;||0px|||&#8220; global_colors_info=&#8220;{}&#8220;][et_pb_column type=&#8220;4_4&#8243; _builder_version=&#8220;4.16&#8243; _module_preset=&#8220;default&#8220; global_colors_info=&#8220;{}&#8220;][et_pb_text _builder_version=&#8220;4.22.1&#8243; _module_preset=&#8220;default&#8220; header_3_text_color=&#8220;#b23237&#8243; header_3_font_size=&#8220;28px&#8220; custom_margin=&#8220;-14px||||false|false&#8220; global_colors_info=&#8220;{}&#8220;]<\/p>\n<h1>Produkte<\/h1>\n<p>[\/et_pb_text][et_pb_text _builder_version=&#8220;4.22.1&#8243; _module_preset=&#8220;default&#8220; hover_enabled=&#8220;0&#8243; global_colors_info=&#8220;{}&#8220; sticky_enabled=&#8220;0&#8243;]<\/p>\n<p class=\"p1\">Unsere vielf\u00e4ltigen Produktschutzl\u00f6sungen bieten unseren Kunden hochwertige, langlebige und vielseitige Kunststoffkappen, Vinylkappen, Schlauchschutz und Abdeckl\u00f6sungen.<\/p>\n<h3 class=\"p1\"><b>Kunststoffkappen<\/b><\/h3>\n<p class=\"p1\">Unser Angebot an Kunststoffkappen umfasst Gewindekappen, gewindelose Kappen, Druckkappen und Stopfen f\u00fcr verschiedene Branchen, wie z. B. die Automobilindustrie, die Medizintechnik, die Industrie und mehr.<\/p>\n<h3 class=\"p1\"><b>Vinyl-Kappen<\/b><\/h3>\n<p class=\"p1\">Caplugs bietet eine breite Palette an haltbaren und flexiblen Vinylkappen in verschiedenen Gr\u00f6\u00dfen, Farben und Formen, darunter runde, quadratische und rechteckige Kappen sowie Kappen mit Zuglasche zum einfachen Entfernen.<\/p>\n<h3 class=\"p1\"><b>Schlauchschutz<\/b><\/h3>\n<p class=\"p1\">Mit Caplugs Schlauchschutzl\u00f6sungen k\u00f6nnen Sie Schl\u00e4uche oder Kabel vor versehentlicher Besch\u00e4digung sch\u00fctzen und teure Ausfallzeiten verhindern. Unser Sortiment umfasst Schlauchspiralen, Manschetten und Umschl\u00e4ge sowie Bindestreifen.<\/p>\n<h3 class=\"p1\"><b>Maskierung<\/b><\/h3>\n<p class=\"p1\">Caplugs bietet Standard- und kundenspezifische Abdeckl\u00f6sungen an, darunter Klebebandrollen, gestanzte Formen und ein umfangreiches Sortiment an Kappen und Stopfen. Entwickelt zum sicheren Abdecken oder Sch\u00fctzen Ihres Produkts w\u00e4hrend aller Endbearbeitungsprozesse, einschlie\u00dflich Lackieren, Pulverbeschichten, Eloxieren, Flechten und E-Beschichten.<\/p>\n<h3 class=\"p1\"><b>USA Produktlinie<\/b><\/h3>\n<p class=\"p1\">Zus\u00e4tzlich zu unserer EU-Produktpalette haben unsere Kunden Zugang zu unserer USA-Produktlinie, einschlie\u00dflich konischer Kappen und Stopfen, die je nach Anwendungsfall als Kappe oder Stopfen verwendet werden k\u00f6nnen.<\/p>\n<h3 class=\"p1\"><b>Kontakt<\/b><\/h3>\n<p class=\"p1\">Wenn Sie mehr \u00fcber unsere Produkte erfahren <span class=\"s1\">m\u00f6chten<\/span>, setzen Sie sich mit uns in Verbindung.<\/p>\n<p>[\/et_pb_text][et_pb_button button_url=&#8220;@ET-DC@eyJkeW5hbWljIjp0cnVlLCJjb250ZW50IjoicG9zdF9saW5rX3VybF9wYWdlIiwic2V0dGluZ3MiOnsicG9zdF9pZCI6IjE5NyJ9fQ==@&#8220; button_text=&#8220;Kontakt&#8220; _builder_version=&#8220;4.22.1&#8243; _dynamic_attributes=&#8220;button_url&#8220; _module_preset=&#8220;default&#8220; global_colors_info=&#8220;{}&#8220;][\/et_pb_button][et_pb_shop type=&#8220;product_category&#8220; include_categories=&#8220;24,26,25,22,23,21&#8243; icon_hover_color=&#8220;RGBA(255,255,255,0)&#8220; hover_overlay_color=&#8220;RGBA(255,255,255,0)&#8220; show_price=&#8220;off&#8220; show_rating=&#8220;off&#8220; show_sale_badge=&#8220;off&#8220; _builder_version=&#8220;4.17.6&#8243; _module_preset=&#8220;default&#8220; custom_margin=&#8220;-24px||||false|false&#8220; global_colors_info=&#8220;{}&#8220;][\/et_pb_shop][\/et_pb_column][\/et_pb_row][\/et_pb_section]<\/p>\n","protected":false},"excerpt":{"rendered":"<p>[wpseo_breadcrumb]ProdukteUnsere vielf\u00e4ltigen Produktschutzl\u00f6sungen bieten unseren Kunden hochwertige, langlebige und vielseitige Kunststoffkappen, Vinylkappen, Schlauchschutz und Abdeckl\u00f6sungen. Kunststoffkappen Unser Angebot an Kunststoffkappen umfasst Gewindekappen, gewindelose Kappen, Druckkappen und Stopfen f\u00fcr verschiedene Branchen, wie z. B. die Automobilindustrie, die Medizintechnik, die Industrie und mehr. Vinyl-Kappen Caplugs bietet eine breite Palette an haltbaren und flexiblen Vinylkappen in verschiedenen Gr\u00f6\u00dfen, [&hellip;]<\/p>\n","protected":false},"author":11,"featured_media":0,"parent":0,"menu_order":0,"comment_status":"closed","ping_status":"closed","template":"","meta":{"_et_pb_use_builder":"on","_et_pb_old_content":"","_et_gb_content_width":"","om_disable_all_campaigns":false,"footnotes":""},"class_list":["post-67214","page","type-page","status-publish","hentry"],"_links":{"self":[{"href":"https:\/\/caplugs.eu\/de\/wp-json\/wp\/v2\/pages\/67214","targetHints":{"allow":["GET"]}}],"collection":[{"href":"https:\/\/caplugs.eu\/de\/wp-json\/wp\/v2\/pages"}],"about":[{"href":"https:\/\/caplugs.eu\/de\/wp-json\/wp\/v2\/types\/page"}],"author":[{"embeddable":true,"href":"https:\/\/caplugs.eu\/de\/wp-json\/wp\/v2\/users\/11"}],"replies":[{"embeddable":true,"href":"https:\/\/caplugs.eu\/de\/wp-json\/wp\/v2\/comments?post=67214"}],"version-history":[{"count":0,"href":"https:\/\/caplugs.eu\/de\/wp-json\/wp\/v2\/pages\/67214\/revisions"}],"wp:attachment":[{"href":"https:\/\/caplugs.eu\/de\/wp-json\/wp\/v2\/media?parent=67214"}],"curies":[{"name":"wp","href":"https:\/\/api.w.org\/{rel}","templated":true}]}}