{"id":65231,"date":"2022-08-08T12:39:25","date_gmt":"2022-08-08T12:39:25","guid":{"rendered":"https:\/\/caplugs.eu\/maskierung\/"},"modified":"2023-12-18T09:22:42","modified_gmt":"2023-12-18T09:22:42","slug":"maskierung","status":"publish","type":"page","link":"https:\/\/caplugs.eu\/de\/maskierung\/","title":{"rendered":"Maskierung"},"content":{"rendered":"<p>[et_pb_section fb_built=&#8220;1&#8243; fullwidth=&#8220;on&#8220; custom_padding_last_edited=&#8220;on|phone&#8220; disabled_on=&#8220;off|off|off&#8220; _builder_version=&#8220;4.21.0&#8243; _module_preset=&#8220;default&#8220; background_color=&#8220;#E02B20&#8243; background_image=&#8220;https:\/\/caplugs.eu\/wp-content\/uploads\/2023\/08\/Caplugs-NLBE-V1-89-3.jpg&#8220; background_position=&#8220;bottom_center&#8220; background_vertical_offset=&#8220;29%&#8220; background_enable_video_mp4=&#8220;off&#8220; z_index=&#8220;0&#8243; custom_padding=&#8220;64px|0px|64px|0px|false|true&#8220; custom_padding_tablet=&#8220;64px|0px|64px|0px|false|true&#8220; custom_padding_phone=&#8220;64px|0px|64px|0px|false|true&#8220; custom_css_before=&#8220;content:%22%22;||    display: block;||    position: absolute;||    top: 0;||    left: 0;||    width: 100%;||    height: 100%;||    background-color: rgba(0,0,0,0.5);||    z-index: 1;&#8220; locked=&#8220;off&#8220; global_colors_info=&#8220;{}&#8220;][et_pb_fullwidth_header title=&#8220;Produkte zum Abdecken&#8220; button_one_text=&#8220;Alle Maskierungen erkunden&#8220; button_one_url=&#8220;#Maskierungsteile&#8220; content_max_width=&#8220;50%&#8220; content_max_width_tablet=&#8220;100%&#8220; content_max_width_phone=&#8220;100%&#8220; content_max_width_last_edited=&#8220;on|phone&#8220; _builder_version=&#8220;4.21.0&#8243; _module_preset=&#8220;default&#8220; title_font=&#8220;|800|||||||&#8220; title_font_size=&#8220;44px&#8220; content_font=&#8220;|300|||||||&#8220; content_text_color=&#8220;#FFFFFF&#8220; content_font_size=&#8220;17px&#8220; background_enable_color=&#8220;off&#8220; custom_button_one=&#8220;on&#8220; button_one_text_size=&#8220;19px&#8220; button_one_text_color=&#8220;#c02031&#8243; button_one_bg_color=&#8220;#FFFFFF&#8220; button_one_border_width=&#8220;0px&#8220; button_one_border_radius=&#8220;4px&#8220; button_one_font=&#8220;||||||||&#8220; z_index=&#8220;23&#8243; custom_padding=&#8220;||||true|true&#8220; custom_padding_tablet=&#8220;0px|0px|0px|0px|true|true&#8220; custom_padding_phone=&#8220;0px|0px|0px|0px|true|true&#8220; custom_padding_last_edited=&#8220;on|desktop&#8220; title_font_size_tablet=&#8220;44px&#8220; title_font_size_phone=&#8220;32px&#8220; title_font_size_last_edited=&#8220;on|phone&#8220; content_font_size_tablet=&#8220;17px&#8220; content_font_size_phone=&#8220;16px&#8220; content_font_size_last_edited=&#8220;on|phone&#8220; box_shadow_style_button_one=&#8220;preset1&#8243; global_colors_info=&#8220;{}&#8220;]<\/p>\n<p>Caplugs Europe bietet ein umfassendes Sortiment an Abdeckprodukten an, darunter Rollen mit Abdeckband, Hochtemperatur-Abdeckscheiben, gestanzte Formen und eine gro\u00dfe Auswahl an Kappen und Stopfen sowie hauseigene kundenspezifische Abdeckprodukte und das Shercon-Abdeckproduktsortiment.<\/p>\n<p>[\/et_pb_fullwidth_header][\/et_pb_section][et_pb_section fb_built=&#8220;1&#8243; _builder_version=&#8220;4.21.0&#8243; _module_preset=&#8220;default&#8220; background_enable_color=&#8220;off&#8220; global_colors_info=&#8220;{}&#8220;][et_pb_row _builder_version=&#8220;4.17.6&#8243; _module_preset=&#8220;default&#8220; global_colors_info=&#8220;{}&#8220;][et_pb_column type=&#8220;4_4&#8243; _builder_version=&#8220;4.17.6&#8243; _module_preset=&#8220;default&#8220; global_colors_info=&#8220;{}&#8220;][et_pb_text _builder_version=&#8220;4.22.1&#8243; _module_preset=&#8220;default&#8220; text_font=&#8220;|300|||||||&#8220; text_text_color=&#8220;#000000&#8243; text_font_size=&#8220;16px&#8220; header_3_text_color=&#8220;#000000&#8243; hover_enabled=&#8220;0&#8243; global_colors_info=&#8220;{}&#8220; sticky_enabled=&#8220;0&#8243;]<\/p>\n<p>Caplugs Europe bietet ein umfassendes Sortiment an Abdeckprodukten an, darunter Rollen mit Abdeckband, Hochtemperatur-Abdeckscheiben, gestanzte Formen und eine gro\u00dfe Auswahl an Kappen und Stopfen sowie hauseigene kundenspezifische Abdeckprodukte und das Shercon-Abdeckproduktsortiment.<\/p>\n<p>Die Verwendung hochwertiger Materialien und ein sorgf\u00e4ltiger Produktionsprozess gew\u00e4hrleisten Pr\u00e4zision bei Veredelungsprozessen wie Lackieren, Pulverbeschichten, Eloxieren, Galvanisieren und E-Beschichten. Neben unseren Standard-Maskierungsprodukten bietet Caplugs hausintern kundenspezifische Maskierungsm\u00f6glichkeiten an, die auf spezifische Veredelungsanwendungen zugeschnitten sind.<\/p>\n<h2><strong>Branchen und Anwendungsf\u00e4lle:<\/strong><\/h2>\n<p><strong>Fertigung:<\/strong> Ideal f\u00fcr Fertigungsbetriebe, bei denen es auf pr\u00e4zise Endbearbeitung ankommt.<\/p>\n<p><strong>Automobilindustrie:<\/strong> Wird in der Automobilindustrie zum Lackieren und Beschichten von Fahrzeugteilen verwendet.<\/p>\n<p><strong>Elektronik:<\/strong> Unverzichtbar f\u00fcr die Beschichtung elektronischer Komponenten, um Schutz und Langlebigkeit zu gew\u00e4hrleisten.<\/p>\n<p><strong>Luft- und Raumfahrt:<\/strong> Wird in der Luft- und Raumfahrtindustrie f\u00fcr die Endbearbeitung von Flugzeugteilen verwendet, um strenge Qualit\u00e4tsstandards zu erf\u00fcllen.<\/p>\n<p>Als Experte f\u00fcr Pr\u00e4zisionsmaskierungsl\u00f6sungen bietet Caplugs Standard- und kundenspezifische L\u00f6sungen f\u00fcr die unterschiedlichsten Anforderungen. Informieren Sie sich \u00fcber das Angebot an Katalogabdeckungsprodukten oder nehmen Sie noch heute <a href=\"https:\/\/caplugs.eu\/de\/kontakt\/\">Kontakt mit Caplugs<\/a> auf, um mehr zu erfahren.<\/p>\n<p>[\/et_pb_text][\/et_pb_column][\/et_pb_row][\/et_pb_section][et_pb_section fb_built=&#8220;1&#8243; admin_label=&#8220;Section&#8220; module_id=&#8220;Abdeckteile&#8220; _builder_version=&#8220;4.21.0&#8243; _module_preset=&#8220;default&#8220; background_enable_color=&#8220;off&#8220; background_color_gradient_start=&#8220;#eeeeee&#8220; background_color_gradient_end=&#8220;#ffffff&#8220; custom_padding=&#8220;||96px||false|false&#8220; global_colors_info=&#8220;{}&#8220;][et_pb_row module_id=&#8220;masking&#8220; _builder_version=&#8220;4.17.6&#8243; _module_preset=&#8220;default&#8220; global_colors_info=&#8220;{}&#8220;][et_pb_column type=&#8220;4_4&#8243; _builder_version=&#8220;4.16&#8243; _module_preset=&#8220;default&#8220; global_colors_info=&#8220;{}&#8220;][et_pb_shop type=&#8220;product_category&#8220; posts_number=&#8220;15&#8243; show_pagination=&#8220;on&#8220; include_categories=&#8220;40&#8243; columns_number=&#8220;5&#8243; orderby=&#8220;menu_order&#8220; show_price=&#8220;off&#8220; show_rating=&#8220;off&#8220; show_sale_badge=&#8220;off&#8220; _builder_version=&#8220;4.21.0&#8243; _module_preset=&#8220;default&#8220; custom_css_product=&#8220;pointer-events: none;&#8220; global_colors_info=&#8220;{}&#8220;][\/et_pb_shop][\/et_pb_column][\/et_pb_row][\/et_pb_section][et_pb_section fb_built=&#8220;1&#8243; disabled_on=&#8220;off|on|off&#8220; _builder_version=&#8220;4.17.6&#8243; _module_preset=&#8220;default&#8220; background_color=&#8220;#eeeeee&#8220; global_colors_info=&#8220;{}&#8220;][et_pb_row column_structure=&#8220;3_5,2_5&#8243; _builder_version=&#8220;4.17.6&#8243; _module_preset=&#8220;default&#8220; global_colors_info=&#8220;{}&#8220;][et_pb_column type=&#8220;3_5&#8243; _builder_version=&#8220;4.17.6&#8243; _module_preset=&#8220;default&#8220; global_colors_info=&#8220;{}&#8220;][et_pb_text _builder_version=&#8220;4.21.0&#8243; _module_preset=&#8220;default&#8220; text_font=&#8220;|300|||||||&#8220; text_text_color=&#8220;#000000&#8243; text_font_size=&#8220;16px&#8220; header_3_text_color=&#8220;#000000&#8243; header_3_font_size=&#8220;32px&#8220; global_colors_info=&#8220;{}&#8220;]<\/p>\n<h3>Download der Maskierungsbrosch\u00fcre<\/h3>\n<p>Entdecken Sie einige unserer Abdeckungsprodukte in unserer internationalen Abdeckungsbrosch\u00fcre.<\/p>\n<p>[\/et_pb_text][et_pb_button button_url=&#8220;https:\/\/caplugs.eu\/wp-content\/uploads\/2022\/07\/International_Masking.pdf&#8220; url_new_window=&#8220;on&#8220; button_text=&#8220;Brosch\u00fcre herunterladen&#8220; button_alignment=&#8220;left&#8220; _builder_version=&#8220;4.21.0&#8243; _module_preset=&#8220;default&#8220; custom_button=&#8220;on&#8220; button_text_size=&#8220;16px&#8220; button_letter_spacing=&#8220;2px&#8220; button_font=&#8220;|||on|||||&#8220; transform_translate_linked=&#8220;off&#8220; custom_padding=&#8220;8px|20px|8px|20px|true|true&#8220; global_colors_info=&#8220;{}&#8220;][\/et_pb_button][\/et_pb_column][et_pb_column type=&#8220;2_5&#8243; _builder_version=&#8220;4.17.6&#8243; _module_preset=&#8220;default&#8220; global_colors_info=&#8220;{}&#8220;][et_pb_image src=&#8220;https:\/\/caplugs.eu\/wp-content\/uploads\/2022\/07\/International_Masking.jpg&#8220; title_text=&#8220;Internationale_Maskierung&#8220; url=&#8220;https:\/\/caplugs.eu\/wp-content\/uploads\/2022\/07\/International_Masking.pdf&#8220; url_new_window=&#8220;on&#8220; _builder_version=&#8220;4.21.0&#8243; _module_preset=&#8220;default&#8220; transform_translate_linked=&#8220;off&#8220; width=&#8220;50%&#8220; custom_margin=&#8220;-110px||-110px||true|false&#8220; custom_margin_tablet=&#8220;-110px||-110px||true|false&#8220; custom_margin_phone=&#8220;10px||10px||true|false&#8220; custom_margin_last_edited=&#8220;on|phone&#8220; box_shadow_style=&#8220;preset1&#8243; global_colors_info=&#8220;{}&#8220; transform_styles__hover_enabled=&#8220;on|hover&#8220; transform_scale__hover_enabled=&#8220;on|hover&#8220; transform_translate__hover_enabled=&#8220;on|desktop&#8220; transform_rotate__hover_enabled=&#8220;on|desktop&#8220; transform_skew__hover_enabled=&#8220;on|desktop&#8220; transform_origin__hover_enabled=&#8220;on|desktop&#8220; transform_scale__hover=&#8220;108%|108%&#8220;][\/et_pb_image][\/et_pb_column][\/et_pb_row][\/et_pb_section][et_pb_section fb_built=&#8220;1&#8243; _builder_version=&#8220;4.17.6&#8243; _module_preset=&#8220;default&#8220; global_colors_info=&#8220;{}&#8220;][\/et_pb_section]<\/p>\n","protected":false},"excerpt":{"rendered":"<p>Caplugs Europe bietet ein umfassendes Sortiment an Abdeckprodukten an, darunter Rollen mit Abdeckband, Hochtemperatur-Abdeckscheiben, gestanzte Formen und eine gro\u00dfe Auswahl an Kappen und Stopfen sowie hauseigene kundenspezifische Abdeckprodukte und das Shercon-Abdeckproduktsortiment.Caplugs Europe bietet ein umfassendes Sortiment an Abdeckprodukten an, darunter Rollen mit Abdeckband, Hochtemperatur-Abdeckscheiben, gestanzte Formen und eine gro\u00dfe Auswahl an Kappen und Stopfen sowie [&hellip;]<\/p>\n","protected":false},"author":11,"featured_media":0,"parent":0,"menu_order":0,"comment_status":"closed","ping_status":"closed","template":"","meta":{"_et_pb_use_builder":"on","_et_pb_old_content":"","_et_gb_content_width":"","om_disable_all_campaigns":false,"footnotes":""},"class_list":["post-65231","page","type-page","status-publish","hentry"],"_links":{"self":[{"href":"https:\/\/caplugs.eu\/de\/wp-json\/wp\/v2\/pages\/65231","targetHints":{"allow":["GET"]}}],"collection":[{"href":"https:\/\/caplugs.eu\/de\/wp-json\/wp\/v2\/pages"}],"about":[{"href":"https:\/\/caplugs.eu\/de\/wp-json\/wp\/v2\/types\/page"}],"author":[{"embeddable":true,"href":"https:\/\/caplugs.eu\/de\/wp-json\/wp\/v2\/users\/11"}],"replies":[{"embeddable":true,"href":"https:\/\/caplugs.eu\/de\/wp-json\/wp\/v2\/comments?post=65231"}],"version-history":[{"count":0,"href":"https:\/\/caplugs.eu\/de\/wp-json\/wp\/v2\/pages\/65231\/revisions"}],"wp:attachment":[{"href":"https:\/\/caplugs.eu\/de\/wp-json\/wp\/v2\/media?parent=65231"}],"curies":[{"name":"wp","href":"https:\/\/api.w.org\/{rel}","templated":true}]}}