{"id":58173,"date":"2022-08-15T13:37:17","date_gmt":"2022-08-15T13:37:17","guid":{"rendered":"https:\/\/caplugs.eu\/stanzteile\/"},"modified":"2023-12-18T09:09:06","modified_gmt":"2023-12-18T09:09:06","slug":"stanzteile","status":"publish","type":"page","link":"https:\/\/caplugs.eu\/de\/stanzteile\/","title":{"rendered":"Stanzteile"},"content":{"rendered":"<p>[et_pb_section fb_built=&#8220;1&#8243; fullwidth=&#8220;on&#8220; custom_padding_last_edited=&#8220;on|phone&#8220; disabled_on=&#8220;off|off|off&#8220; _builder_version=&#8220;4.21.0&#8243; _module_preset=&#8220;default&#8220; background_color=&#8220;#E02B20&#8243; background_image=&#8220;https:\/\/caplugs.eu\/wp-content\/uploads\/2023\/08\/Caplugs-NLBE-V1-89-3.jpg&#8220; background_position=&#8220;bottom_center&#8220; background_vertical_offset=&#8220;29%&#8220; background_enable_video_mp4=&#8220;off&#8220; z_index=&#8220;0&#8243; custom_padding=&#8220;64px|0px|64px|0px|false|true&#8220; custom_padding_tablet=&#8220;64px|0px|64px|0px|false|true&#8220; custom_padding_phone=&#8220;64px|0px|64px|0px|false|true&#8220; custom_css_before=&#8220;content:%22%22;||    display: block;||    position: absolute;||    top: 0;||    left: 0;||    width: 100%;||    height: 100%;||    background-color: rgba(0,0,0,0.5);||    z-index: 1;&#8220; locked=&#8220;off&#8220; global_colors_info=&#8220;{}&#8220;][et_pb_fullwidth_header title=&#8220;Gestanzte Produkte&#8220; button_one_url=&#8220;#Maskierungsteile&#8220; content_max_width_tablet=&#8220;100%&#8220; content_max_width_phone=&#8220;100%&#8220; content_max_width_last_edited=&#8220;on|phone&#8220; _builder_version=&#8220;4.22.1&#8243; _module_preset=&#8220;default&#8220; title_font=&#8220;|800|||||||&#8220; title_font_size=&#8220;44px&#8220; content_font=&#8220;|300|||||||&#8220; content_text_color=&#8220;#FFFFFF&#8220; content_font_size=&#8220;17px&#8220; background_enable_color=&#8220;off&#8220; custom_button_one=&#8220;on&#8220; button_one_text_size=&#8220;19px&#8220; button_one_text_color=&#8220;#c02031&#8243; button_one_bg_color=&#8220;#FFFFFF&#8220; button_one_border_width=&#8220;0px&#8220; button_one_border_radius=&#8220;4px&#8220; button_one_font=&#8220;||||||||&#8220; z_index=&#8220;23&#8243; custom_padding=&#8220;||||true|true&#8220; custom_padding_tablet=&#8220;0px|0px|0px|0px|true|true&#8220; custom_padding_phone=&#8220;0px|0px|0px|0px|true|true&#8220; custom_padding_last_edited=&#8220;on|desktop&#8220; hover_enabled=&#8220;0&#8243; title_font_size_tablet=&#8220;44px&#8220; title_font_size_phone=&#8220;32px&#8220; title_font_size_last_edited=&#8220;on|phone&#8220; content_font_size_tablet=&#8220;17px&#8220; content_font_size_phone=&#8220;16px&#8220; content_font_size_last_edited=&#8220;on|phone&#8220; box_shadow_style_button_one=&#8220;preset1&#8243; global_colors_info=&#8220;{}&#8220; sticky_enabled=&#8220;0&#8243;]<\/p>\n<p>Caplugs Europe bietet ein umfassendes Sortiment an Stanzteilen, darunter metrische und z\u00f6llige Abdeckscheiben, Doughnuts, Quadrate und andere g\u00e4ngige Formen, zum Abdecken von Produkten oder Komponenten w\u00e4hrend des Endbearbeitungsprozesses. Diese Pr\u00e4zisionsmaskierungsl\u00f6sungen stellen sicher, dass die Produkte w\u00e4hrend der Lackier-, Pulverbeschichtungs-, Eloxierungs-, Galvanisierungs- und E-Beschichtungsprozesse gesch\u00fctzt sind. Die Stanzteile sind in verschiedenen Materialien erh\u00e4ltlich, darunter Vinyl, Aluminiumfolie, Glasgewebe, Krepppapier, Polymid, Bleifolie und Polyester, um den unterschiedlichen industriellen Anforderungen gerecht zu werden.<\/p>\n<p>[\/et_pb_fullwidth_header][\/et_pb_section][et_pb_section fb_built=&#8220;1&#8243; _builder_version=&#8220;4.21.0&#8243; _module_preset=&#8220;default&#8220; background_enable_color=&#8220;off&#8220; global_colors_info=&#8220;{}&#8220;][et_pb_row _builder_version=&#8220;4.17.6&#8243; _module_preset=&#8220;default&#8220; global_colors_info=&#8220;{}&#8220;][et_pb_column type=&#8220;4_4&#8243; _builder_version=&#8220;4.17.6&#8243; _module_preset=&#8220;default&#8220; global_colors_info=&#8220;{}&#8220;][et_pb_text _builder_version=&#8220;4.22.1&#8243; _module_preset=&#8220;default&#8220; text_font=&#8220;|300|||||||&#8220; text_text_color=&#8220;#000000&#8243; text_font_size=&#8220;16px&#8220; header_3_text_color=&#8220;#000000&#8243; hover_enabled=&#8220;0&#8243; global_colors_info=&#8220;{}&#8220; sticky_enabled=&#8220;0&#8243;]<\/p>\n<p>Neben dem Schutz von Produkten w\u00e4hrend der Oberfl\u00e4chenveredelung k\u00f6nnen Stanzungen auch zum Schutz von Strichcodes, Seriennummern oder anderen Identifikationsmerkmalen w\u00e4hrend des Herstellungs- oder Veredelungsprozesses verwendet werden. Die Hochtemperatur-Abdeckscheiben sind f\u00fcr den Einsatz bei extremen Temperaturen \u00fcber einen l\u00e4ngeren Zeitraum geeignet. Egal, ob Sie gr\u00fcne Abdeckscheiben, rote Kennzeichnungspfeile oder Querlenkerscheiben zum einfachen Entfernen ben\u00f6tigen, wir haben die perfekte L\u00f6sung f\u00fcr Ihre Bed\u00fcrfnisse.<\/p>\n<p>Als f\u00fchrender Anbieter von Pr\u00e4zisionsabdeckungsl\u00f6sungen verf\u00fcgt Caplugs \u00fcber ein umfangreiches Angebot an Standardabdeckungsprodukten sowie \u00fcber eigene, kundenspezifische Kapazit\u00e4ten. Das kundenspezifische Sortiment umfasst einzigartige Gr\u00f6\u00dfen und Formen, Stanzungen mit Laschen zum leichteren Entfernen und aufgedruckte Ausrichtungsmarkierungen f\u00fcr eine einfachere Installation. Mit Produktionsst\u00e4tten in ganz Europa und dar\u00fcber hinaus gew\u00e4hrleistet Caplugs kurze Vorlaufzeiten und p\u00fcnktliche Lieferung.<\/p>\n<p>Entdecken Sie unten die gesamte Palette der Maskierungsprodukte und Stanzteile. <a href=\"https:\/\/caplugs.eu\/de\/kontakt\/\">Kontaktieren Sie unser Team<\/a> f\u00fcr weitere Informationen oder um Muster zu bestellen.<\/p>\n<p>[\/et_pb_text][\/et_pb_column][\/et_pb_row][\/et_pb_section][et_pb_section fb_built=&#8220;1&#8243; _builder_version=&#8220;4.21.0&#8243; _module_preset=&#8220;default&#8220; background_enable_color=&#8220;off&#8220; background_color_gradient_start=&#8220;#eeeeee&#8220; background_color_gradient_end=&#8220;#ffffff&#8220; custom_padding=&#8220;||0px||false|false&#8220; global_colors_info=&#8220;{}&#8220;][et_pb_row module_id=&#8220;masking&#8220; _builder_version=&#8220;4.21.0&#8243; _module_preset=&#8220;default&#8220; custom_padding=&#8220;||0px||false|false&#8220; global_colors_info=&#8220;{}&#8220;][et_pb_column type=&#8220;4_4&#8243; _builder_version=&#8220;4.16&#8243; _module_preset=&#8220;default&#8220; global_colors_info=&#8220;{}&#8220;][et_pb_shop type=&#8220;product_category&#8220; posts_number=&#8220;50&#8243; show_pagination=&#8220;on&#8220; include_categories=&#8220;50&#8243; columns_number=&#8220;5&#8243; orderby=&#8220;menu_order&#8220; show_price=&#8220;off&#8220; show_rating=&#8220;off&#8220; show_sale_badge=&#8220;off&#8220; _builder_version=&#8220;4.21.0&#8243; _module_preset=&#8220;default&#8220; custom_css_product=&#8220;pointer-events: none;&#8220; global_colors_info=&#8220;{}&#8220;][\/et_pb_shop][\/et_pb_column][\/et_pb_row][\/et_pb_section]<\/p>\n","protected":false},"excerpt":{"rendered":"<p>Caplugs Europe bietet ein umfassendes Sortiment an Stanzteilen, darunter metrische und z\u00f6llige Abdeckscheiben, Doughnuts, Quadrate und andere g\u00e4ngige Formen, zum Abdecken von Produkten oder Komponenten w\u00e4hrend des Endbearbeitungsprozesses. Diese Pr\u00e4zisionsmaskierungsl\u00f6sungen stellen sicher, dass die Produkte w\u00e4hrend der Lackier-, Pulverbeschichtungs-, Eloxierungs-, Galvanisierungs- und E-Beschichtungsprozesse gesch\u00fctzt sind. Die Stanzteile sind in verschiedenen Materialien erh\u00e4ltlich, darunter Vinyl, Aluminiumfolie, [&hellip;]<\/p>\n","protected":false},"author":11,"featured_media":0,"parent":0,"menu_order":0,"comment_status":"closed","ping_status":"closed","template":"","meta":{"_et_pb_use_builder":"on","_et_pb_old_content":"","_et_gb_content_width":"","om_disable_all_campaigns":false,"footnotes":""},"class_list":["post-58173","page","type-page","status-publish","hentry"],"_links":{"self":[{"href":"https:\/\/caplugs.eu\/de\/wp-json\/wp\/v2\/pages\/58173","targetHints":{"allow":["GET"]}}],"collection":[{"href":"https:\/\/caplugs.eu\/de\/wp-json\/wp\/v2\/pages"}],"about":[{"href":"https:\/\/caplugs.eu\/de\/wp-json\/wp\/v2\/types\/page"}],"author":[{"embeddable":true,"href":"https:\/\/caplugs.eu\/de\/wp-json\/wp\/v2\/users\/11"}],"replies":[{"embeddable":true,"href":"https:\/\/caplugs.eu\/de\/wp-json\/wp\/v2\/comments?post=58173"}],"version-history":[{"count":0,"href":"https:\/\/caplugs.eu\/de\/wp-json\/wp\/v2\/pages\/58173\/revisions"}],"wp:attachment":[{"href":"https:\/\/caplugs.eu\/de\/wp-json\/wp\/v2\/media?parent=58173"}],"curies":[{"name":"wp","href":"https:\/\/api.w.org\/{rel}","templated":true}]}}